{"id":2919,"date":"2025-10-15T11:44:33","date_gmt":"2025-10-15T09:44:33","guid":{"rendered":"https:\/\/www.woezonbyessi.com\/mentions-legales\/"},"modified":"2026-04-27T11:19:37","modified_gmt":"2026-04-27T09:19:37","slug":"aviso-legal","status":"publish","type":"page","link":"https:\/\/www.woezonbyessi.com\/es\/aviso-legal\/","title":{"rendered":"Aviso legal"},"content":{"rendered":"<p><div class=\"fusion-fullwidth fullwidth-box fusion-builder-row-1 fusion-flex-container has-pattern-background has-mask-background nonhundred-percent-fullwidth non-hundred-percent-height-scrolling\" style=\"--awb-border-radius-top-left:0px;--awb-border-radius-top-right:0px;--awb-border-radius-bottom-right:0px;--awb-border-radius-bottom-left:0px;--awb-padding-top:72px;--awb-padding-bottom:72px;--awb-padding-top-medium:48px;--awb-padding-bottom-medium:48px;--awb-padding-top-small:24px;--awb-padding-bottom-small:24px;--awb-background-color:var(--awb-color2);--awb-flex-wrap:wrap;\" ><div class=\"fusion-builder-row fusion-row fusion-flex-align-items-center fusion-flex-justify-content-center fusion-flex-content-wrap\" style=\"max-width:1456px;margin-left: calc(-4% \/ 2 );margin-right: calc(-4% \/ 2 );\"><div class=\"fusion-layout-column fusion_builder_column fusion-builder-column-0 fusion-flex-column\" style=\"--awb-bg-size:cover;--awb-width-large:768px;--awb-margin-top-large:0px;--awb-spacing-right-large:2%;--awb-margin-bottom-large:0px;--awb-spacing-left-large:2%;--awb-width-medium:768px;--awb-order-medium:0;--awb-spacing-right-medium:2%;--awb-spacing-left-medium:2%;--awb-width-small:100%;--awb-order-small:0;--awb-spacing-right-small:1.92%;--awb-spacing-left-small:1.92%;\"><div class=\"fusion-column-wrapper fusion-column-has-shadow fusion-flex-justify-content-flex-start fusion-content-layout-column\"><nav class=\"fusion-breadcrumbs awb-yoast-breadcrumbs fusion-breadcrumbs-1\" style=\"--awb-alignment:center;--awb-breadcrumb-sep:&#039;&gt;&#039;;text-align:center;\" aria-label=\"Breadcrumb\"><span><span><a href=\"https:\/\/www.woezonbyessi.com\/es\/\">Inicio<\/a><\/span><\/span><\/nav><div class=\"fusion-title title fusion-title-1 fusion-sep-none fusion-title-center fusion-title-text fusion-title-size-one\" style=\"--awb-margin-bottom:24px;--awb-margin-top-small:10px;--awb-margin-right-small:0px;--awb-margin-bottom-small:20px;--awb-margin-left-small:0px;--awb-margin-bottom-medium:20px;\"><h1 class=\"fusion-title-heading title-heading-center fusion-responsive-typography-calculated\" style=\"margin:0;--fontSize:64;line-height:var(--awb-typography1-line-height);\">Aviso legal<\/h1><\/div><\/div><\/div><\/div><\/div><div class=\"fusion-fullwidth fullwidth-box fusion-builder-row-2 fusion-flex-container has-pattern-background has-mask-background nonhundred-percent-fullwidth non-hundred-percent-height-scrolling\" style=\"--awb-border-radius-top-left:0px;--awb-border-radius-top-right:0px;--awb-border-radius-bottom-right:0px;--awb-border-radius-bottom-left:0px;--awb-margin-top:72px;--awb-margin-bottom:72px;--awb-margin-top-medium:48px;--awb-margin-bottom-medium:48px;--awb-margin-top-small:32px;--awb-margin-bottom-small:32px;--awb-flex-wrap:wrap;\" ><div class=\"fusion-builder-row fusion-row fusion-flex-align-items-center fusion-flex-justify-content-center fusion-flex-content-wrap\" style=\"max-width:1456px;margin-left: calc(-4% \/ 2 );margin-right: calc(-4% \/ 2 );\"><div class=\"fusion-layout-column fusion_builder_column fusion-builder-column-1 fusion-flex-column\" style=\"--awb-bg-size:cover;--awb-width-large:768px;--awb-margin-top-large:0px;--awb-spacing-right-large:2%;--awb-margin-bottom-large:0px;--awb-spacing-left-large:2%;--awb-width-medium:768px;--awb-order-medium:0;--awb-spacing-right-medium:2%;--awb-spacing-left-medium:2%;--awb-width-small:100%;--awb-order-small:0;--awb-spacing-right-small:1.92%;--awb-spacing-left-small:1.92%;\" data-scroll-devices=\"small-visibility,medium-visibility,large-visibility\"><div class=\"fusion-column-wrapper fusion-column-has-shadow fusion-flex-justify-content-flex-start fusion-content-layout-column\"><div class=\"fusion-title title fusion-title-2 fusion-sep-none fusion-title-text fusion-title-size-three\" style=\"--awb-margin-top-small:10px;--awb-margin-right-small:0px;--awb-margin-bottom-small:10px;--awb-margin-left-small:0px;\"><h3 class=\"fusion-title-heading title-heading-left fusion-responsive-typography-calculated\" style=\"margin:0;--fontSize:32;line-height:var(--awb-typography1-line-height);\">Sobre el sitio<\/h3><\/div><div class=\"fusion-text fusion-text-1\"><p>Actualmente est\u00e1 conectado al sitio web de www.woezonbyessi.com. <br \/>Todos los datos e informaci\u00f3n del sitio web www.woezonbyessi.com est\u00e1n disponibles al p\u00fablico por Woezon mediante Essi.By consulta la web de www.woezonbyessi.com, acepta los t\u00e9rminos y condiciones contenidos en este aviso.<\/p>\n<\/div><div class=\"fusion-title title fusion-title-3 fusion-sep-none fusion-title-text fusion-title-size-three\" style=\"--awb-margin-top-small:10px;--awb-margin-right-small:0px;--awb-margin-bottom-small:10px;--awb-margin-left-small:0px;\"><h3 class=\"fusion-title-heading title-heading-left fusion-responsive-typography-calculated\" style=\"margin:0;--fontSize:32;line-height:var(--awb-typography1-line-height);\">Editorial<\/h3><\/div><div class=\"fusion-text fusion-text-2\"><p><strong>Woezon by Essi<\/strong><br \/>\nSede central : 17 route de Strasbourg &#8211; 68000 Colmar &#8211; France<br \/>\nT\u00e9l.: +33 (0)7 46 26 11 54<br \/>\ncontact@woezonbyessi.com<\/p>\n<p><strong>Director de publicaci\u00f3n<\/strong> : Essi AMEMAKA<\/p>\n<\/div><div class=\"fusion-title title fusion-title-4 fusion-sep-none fusion-title-text fusion-title-size-three\" style=\"--awb-margin-top-small:10px;--awb-margin-right-small:0px;--awb-margin-bottom-small:10px;--awb-margin-left-small:0px;\"><h3 class=\"fusion-title-heading title-heading-left fusion-responsive-typography-calculated\" style=\"margin:0;--fontSize:32;line-height:var(--awb-typography1-line-height);\">Alojamiento<\/h3><\/div><div class=\"fusion-text fusion-text-3\"><p><b>1&amp;1 IONOS SARL<br \/><\/b>RCS Sarreguemines 431 303 775<br \/>Code APE 6311Z<br \/>N\u00b0 TVA : FR 13 431 303 775<br \/>Sede central : 7 place de la Gare &#8211; BP 70109 &#8211; 57200 Sarreguemines Cedex<\/p>\n<\/div><div class=\"fusion-title title fusion-title-5 fusion-sep-none fusion-title-text fusion-title-size-three\" style=\"--awb-margin-top-small:10px;--awb-margin-right-small:0px;--awb-margin-bottom-small:10px;--awb-margin-left-small:0px;\"><h3 class=\"fusion-title-heading title-heading-left fusion-responsive-typography-calculated\" style=\"margin:0;--fontSize:32;line-height:var(--awb-typography1-line-height);\">Dise\u00f1o y referencias web<\/h3><\/div><div class=\"fusion-text fusion-text-4\"><p><strong>Gilles Muess<\/strong><br \/>Sede central : 1 C rue Saint Jean &#8211; 68610 Lautenbach &#8211; France<br \/>SIRET : 794 346 106 00022<br \/>contact@gillesmuess.com<\/p>\n<\/div><div class=\"fusion-title title fusion-title-6 fusion-sep-none fusion-title-text fusion-title-size-three\" style=\"--awb-margin-top-small:10px;--awb-margin-right-small:0px;--awb-margin-bottom-small:10px;--awb-margin-left-small:0px;\"><h3 class=\"fusion-title-heading title-heading-left fusion-responsive-typography-calculated\" style=\"margin:0;--fontSize:32;line-height:var(--awb-typography1-line-height);\">Protecci\u00f3n de los datos personales<\/h3><\/div><div class=\"fusion-text fusion-text-5\"><p>Woezon by Essi otorga especial importancia al derecho a la privacidad de los usuarios de Internet y se compromete a proteger sus datos personales conforme a la legislaci\u00f3n francesa y europea vigente. No se solicitan datos personales a los visitantes para permitirles visitar la web<strong> www.woezonbyessi.com<\/strong>.<\/p>\n<p>Cada formulario en el sitio restringe la recopilaci\u00f3n de datos personales a lo estrictamente necesario e indica sistem\u00e1ticamente:<\/p>\n<ul>\n<li>Los fines para los cuales se recopilan los datos personales<\/li>\n<li>La naturaleza obligatoria u opcional de los datos<\/li>\n<li>el\/los destinatario(s) de los datos recogidos<\/li>\n<li>El periodo de conservaci\u00f3n de los datos recogidos<\/li>\n<li>tus derechos bajo la Ley de Protecci\u00f3n de Datos y c\u00f3mo ejercerlos<\/li>\n<\/ul>\n<p>En cada formulario de la web www.woezonbyessi.com, una o m\u00e1s casillas te permiten dar tu consentimiento expl\u00edcito para la recopilaci\u00f3n y el tratamiento de los datos personales solicitados. Esto permite a Woezon by Essi garantizar que los datos personales transmitidos puedan ser utilizados para el(los) prop\u00f3sito(s) expl\u00edcitamente anunciados en el formulario y aceptados por el usuario de Internet. Cada casilla marcada corresponde a un prop\u00f3sito particular para el procesamiento de datos personales y servir\u00e1 como prueba legal del consentimiento del usuario.<\/p>\n<p>Bajo ninguna circunstancia Woezon by Essi puede utilizar estos datos personales para un prop\u00f3sito distinto al o los expl\u00edcitamente anunciados en el formulario y aceptados por el usuario de Internet. Asimismo, estos datos personales no pueden transmitirse ni transferirse a terceros sin una menci\u00f3n expl\u00edcita de esta posibilidad en el formulario.<\/p>\n<p>De acuerdo con el Reglamento General de Protecci\u00f3n de Datos de 27 de abril de 2016 y la Ley francesa de Protecci\u00f3n de Datos modificada de 6 de enero de 1978, tienes derecho a acceder, rectificar y oponerte a los datos que te afecten por las razones leg\u00edtimas. Para ejercer este derecho, puede contactar con Woezon by Essi a trav\u00e9s del formulario de contacto en la p\u00e1gina web, o por correo postal en la siguiente direcci\u00f3n:<\/p>\n<p>Woezon por Essi17 route de Strasbourg68610 Colmar \u2013 Francia<\/p>\n<p>Los datos personales recogidos en el sitio www.woezonbyessi.com se procesan seg\u00fan protocolos seguros que limitan considerablemente el riesgo de interceptaci\u00f3n o recuperaci\u00f3n por terceros. Sin embargo, por favor, ten cuidado, no reveles informaci\u00f3n personal innecesaria o sensible al utilizar nuestros formularios. Si desea proporcionarnos dicha informaci\u00f3n, por favor prefiera enviarnos por correo postal.<\/p>\n<p>Cualquier queja relacionada con el uso de sus datos personales debe presentarse a la CNIL, www.cnil.fr o 3 place de Fontenoy TSA 80715 75334 Paris cedex 07.<\/p>\n<\/div><div class=\"fusion-title title fusion-title-7 fusion-sep-none fusion-title-text fusion-title-size-three\" style=\"--awb-margin-top-small:10px;--awb-margin-right-small:0px;--awb-margin-bottom-small:10px;--awb-margin-left-small:0px;\"><h3 class=\"fusion-title-heading title-heading-left fusion-responsive-typography-calculated\" style=\"margin:0;--fontSize:32;line-height:var(--awb-typography1-line-height);\">Cookies<\/h3><\/div><div class=\"fusion-text fusion-text-6\"><p>El sitio www.woezonbyessi.com utiliza cookies. Son peque\u00f1os archivos que se descargan en tu ordenador y que permiten que el sitio funcione de forma fluida y segura (cookies de sesi\u00f3n y seguridad) y que registran informaci\u00f3n sobre c\u00f3mo nuestros visitantes visitan nuestro sitio (cookies de seguimiento). Esto nos permite, por ejemplo, saber qu\u00e9 p\u00e1ginas son las m\u00e1s visitadas por nuestros visitantes y cu\u00e1nto tiempo pasan en nuestro sitio.<\/p>\n<p>Al configurar tu navegador, tienes la opci\u00f3n de desactivar las cookies o recibir una alerta cuando las cookies est\u00e9n a punto de descargarse en tu ordenador. Sin embargo, desactivar todas las cookies puede impedirte utilizar correctamente todas las funciones de este sitio. Por ello, te ofrecemos la opci\u00f3n de desactivar solo las cookies de seguimiento, lo que no interferir\u00e1 con tu navegaci\u00f3n.<\/p>\n<\/div><div class=\"fusion-title title fusion-title-8 fusion-sep-none fusion-title-text fusion-title-size-three\" style=\"--awb-margin-top-small:10px;--awb-margin-right-small:0px;--awb-margin-bottom-small:10px;--awb-margin-left-small:0px;\"><h3 class=\"fusion-title-heading title-heading-left fusion-responsive-typography-calculated\" style=\"margin:0;--fontSize:32;line-height:var(--awb-typography1-line-height);\">Google Analytics<\/h3><\/div><div class=\"fusion-text fusion-text-7\"><p>Este sitio web utiliza el servicio de an\u00e1lisis web Google Analytics. Esto nos permite analizar c\u00f3mo los usuarios utilizan nuestro sitio para ofrecerles una mejor experiencia de navegaci\u00f3n. Para ello, Google Analytics utiliza cookies de seguimiento para rastrear el recorrido del usuario a trav\u00e9s del sitio. Estas cookies se conservan durante un periodo de 13 meses.<\/p>\n<p>Hemos habilitado la anonimizaci\u00f3n por IP para este sitio. Esto significa que las direcciones IP recogidas por Google Analytics se acortan sistem\u00e1ticamente para hacer imposible identificar a los usuarios de Internet. En casos excepcionales, la direcci\u00f3n IP completa puede transferirse a un servidor de Google en Estados Unidos y acortarse inmediatamente all\u00ed. Google utiliza la informaci\u00f3n recopilada a trav\u00e9s de cookies en nombre de Woezon by Essi, con el fin de analizar los h\u00e1bitos de navegaci\u00f3n de los usuarios de Internet y proporcionar informes sobre la actividad del sitio web.<\/p>\n<p>Google ofrece a los usuarios un complemento para navegador que les permite evitar la recopilaci\u00f3n de datos relacionados con su navegaci\u00f3n en sitios web usando Google Analytics. Este complemento est\u00e1 disponible en esta direcci\u00f3n:oogle ofrece a los usuarios un complemento para navegador que les permite evitar la recopilaci\u00f3n de datos relacionados con su navegaci\u00f3n en sitios web usando Google Analytics. Este complemento est\u00e1 disponible en esta direcci\u00f3n:Google ofrece a los usuarios un complemento para navegador que les permite evitar la recopilaci\u00f3n de datos relacionados con su navegaci\u00f3n en sitios web usando Google Analytics. Este complemento est\u00e1 disponible en esta direcci\u00f3n:\u00a0\u00a0<a href=\"https:\/\/tools.google.com\/dlpage\/gaoptout?hl=fr\" target=\"_blank\" rel=\"noopener\">tools.google.com\/dlpage\/gaoptout<\/a><\/p>\n<\/div><div class=\"fusion-title title fusion-title-9 fusion-sep-none fusion-title-text fusion-title-size-three\" style=\"--awb-margin-top-small:10px;--awb-margin-right-small:0px;--awb-margin-bottom-small:10px;--awb-margin-left-small:0px;\"><h3 class=\"fusion-title-heading title-heading-left fusion-responsive-typography-calculated\" style=\"margin:0;--fontSize:32;line-height:var(--awb-typography1-line-height);\">Propiedad intelectual<\/h3><\/div><div class=\"fusion-text fusion-text-8\"><p>Todo este sitio est\u00e1 sujeto a la legislaci\u00f3n francesa e internacional sobre derechos de autor y propiedad intelectual. Se reservan todos los derechos de reproducci\u00f3n, incluyendo documentos descargables y representaciones iconogr\u00e1ficas y fotogr\u00e1ficas, as\u00ed como secuencias animadas.<\/p>\n<p>Cualquier reproducci\u00f3n o representaci\u00f3n, total o parcialmente, por cualquier medio, del contenido del sitio www.woezonbyessi.com, realizada sin la autorizaci\u00f3n expresa de Woezon por parte de Essi, es ilegal y constituye una infracci\u00f3n.<\/p>\n<p>Cualquier uso de informaci\u00f3n del sitio www.woezonbyessi.com debe mencionar la fuente de la informaci\u00f3n. La direcci\u00f3n de internet del sitio www.woezonbyessi.com debe incluirse en la referencia.<\/p>\n<p>Las marcas mencionadas en este sitio est\u00e1n registradas por las empresas que las poseen.<\/p>\n<\/div><div class=\"fusion-title title fusion-title-10 fusion-sep-none fusion-title-text fusion-title-size-three\" style=\"--awb-margin-top-small:10px;--awb-margin-right-small:0px;--awb-margin-bottom-small:10px;--awb-margin-left-small:0px;\"><h3 class=\"fusion-title-heading title-heading-left fusion-responsive-typography-calculated\" style=\"margin:0;--fontSize:32;line-height:var(--awb-typography1-line-height);\">Responsabilidad<\/h3><\/div><div class=\"fusion-text fusion-text-9\"><p>Woezon by Essi no se hace responsable del contenido ni del entorno de los sitios externos a los que el sitio www.woezonbyessi.com pueda referirse (en particular a trav\u00e9s de enlaces de hipertexto).<\/p>\n<p>La instalaci\u00f3n de enlaces hipertextuales por terceros a p\u00e1ginas o documentos del sitio web del www.woezonbyessi.com est\u00e1 autorizada siempre que los enlaces no contravengan los intereses de Woezon por parte de Essi y que garanticen la posibilidad de que el usuario identifique el origen y autor del documento.<\/p>\n<p>Woezon by Essi no puede ser responsable de ninguna manera por el contenido de la informaci\u00f3n que aparece en este sitio ni por las consecuencias que puedan derivar de su uso o interpretaci\u00f3n.<\/p>\n<p>Consultar el sitio www.woezonbyessi.com presupone que el usuario de Internet acepta los t\u00e9rminos y condiciones especificados anteriormente.<\/p>\n<\/div><\/div><\/div><\/div><\/div><\/p>\n","protected":false},"excerpt":{"rendered":"","protected":false},"author":1,"featured_media":0,"parent":0,"menu_order":600,"comment_status":"closed","ping_status":"closed","template":"100-width.php","meta":{"footnotes":""},"class_list":["post-2919","page","type-page","status-publish","hentry"],"yoast_head":"<!-- This site is optimized with the Yoast SEO plugin v27.5 - https:\/\/yoast.com\/product\/yoast-seo-wordpress\/ -->\n<title>Aviso legal | Woezon by Essi<\/title>\n<meta name=\"robots\" content=\"index, follow, max-snippet:-1, max-image-preview:large, max-video-preview:-1\" \/>\n<link rel=\"canonical\" href=\"https:\/\/www.woezonbyessi.com\/es\/aviso-legal\/\" \/>\n<meta property=\"og:locale\" content=\"es_ES\" \/>\n<meta property=\"og:type\" content=\"article\" \/>\n<meta property=\"og:title\" content=\"Aviso legal | Woezon by Essi\" \/>\n<meta property=\"og:url\" content=\"https:\/\/www.woezonbyessi.com\/es\/aviso-legal\/\" \/>\n<meta property=\"og:site_name\" content=\"Woezon by Essi\" \/>\n<meta property=\"article:publisher\" content=\"https:\/\/www.facebook.com\/profile.php?id=61583006293803\" \/>\n<meta property=\"article:modified_time\" content=\"2026-04-27T09:19:37+00:00\" \/>\n<meta property=\"og:image\" content=\"https:\/\/www.woezonbyessi.com\/wp-content\/uploads\/2025\/11\/logo-woezonbyessi.jpg\" \/>\n\t<meta property=\"og:image:width\" content=\"1200\" \/>\n\t<meta property=\"og:image:height\" content=\"675\" \/>\n\t<meta property=\"og:image:type\" content=\"image\/jpeg\" \/>\n<meta name=\"twitter:card\" content=\"summary_large_image\" \/>\n<script type=\"application\/ld+json\" class=\"yoast-schema-graph\">{\"@context\":\"https:\\\/\\\/schema.org\",\"@graph\":[{\"@type\":\"WebPage\",\"@id\":\"https:\\\/\\\/www.woezonbyessi.com\\\/es\\\/aviso-legal\\\/\",\"url\":\"https:\\\/\\\/www.woezonbyessi.com\\\/es\\\/aviso-legal\\\/\",\"name\":\"Aviso legal | Woezon by Essi\",\"isPartOf\":{\"@id\":\"https:\\\/\\\/www.woezonbyessi.com\\\/es\\\/#website\"},\"datePublished\":\"2025-10-15T09:44:33+00:00\",\"dateModified\":\"2026-04-27T09:19:37+00:00\",\"breadcrumb\":{\"@id\":\"https:\\\/\\\/www.woezonbyessi.com\\\/es\\\/aviso-legal\\\/#breadcrumb\"},\"inLanguage\":\"es\",\"potentialAction\":[{\"@type\":\"ReadAction\",\"target\":[\"https:\\\/\\\/www.woezonbyessi.com\\\/es\\\/aviso-legal\\\/\"]}]},{\"@type\":\"BreadcrumbList\",\"@id\":\"https:\\\/\\\/www.woezonbyessi.com\\\/es\\\/aviso-legal\\\/#breadcrumb\",\"itemListElement\":[{\"@type\":\"ListItem\",\"position\":1,\"name\":\"Inicio\",\"item\":\"https:\\\/\\\/www.woezonbyessi.com\\\/es\\\/\"},{\"@type\":\"ListItem\",\"position\":2,\"name\":\"Aviso legal\"}]},{\"@type\":\"WebSite\",\"@id\":\"https:\\\/\\\/www.woezonbyessi.com\\\/es\\\/#website\",\"url\":\"https:\\\/\\\/www.woezonbyessi.com\\\/es\\\/\",\"name\":\"Woezon by Essi\",\"description\":\"\",\"publisher\":{\"@id\":\"https:\\\/\\\/www.woezonbyessi.com\\\/es\\\/#organization\"},\"potentialAction\":[{\"@type\":\"SearchAction\",\"target\":{\"@type\":\"EntryPoint\",\"urlTemplate\":\"https:\\\/\\\/www.woezonbyessi.com\\\/es\\\/?s={search_term_string}\"},\"query-input\":{\"@type\":\"PropertyValueSpecification\",\"valueRequired\":true,\"valueName\":\"search_term_string\"}}],\"inLanguage\":\"es\"},{\"@type\":\"Organization\",\"@id\":\"https:\\\/\\\/www.woezonbyessi.com\\\/es\\\/#organization\",\"name\":\"Woezon by Essi\",\"url\":\"https:\\\/\\\/www.woezonbyessi.com\\\/es\\\/\",\"logo\":{\"@type\":\"ImageObject\",\"inLanguage\":\"es\",\"@id\":\"https:\\\/\\\/www.woezonbyessi.com\\\/es\\\/#\\\/schema\\\/logo\\\/image\\\/\",\"url\":\"https:\\\/\\\/www.woezonbyessi.com\\\/wp-content\\\/uploads\\\/2025\\\/11\\\/logo-blackpng.png\",\"contentUrl\":\"https:\\\/\\\/www.woezonbyessi.com\\\/wp-content\\\/uploads\\\/2025\\\/11\\\/logo-blackpng.png\",\"width\":600,\"height\":576,\"caption\":\"Woezon by Essi\"},\"image\":{\"@id\":\"https:\\\/\\\/www.woezonbyessi.com\\\/es\\\/#\\\/schema\\\/logo\\\/image\\\/\"},\"sameAs\":[\"https:\\\/\\\/www.facebook.com\\\/profile.php?id=61583006293803\",\"https:\\\/\\\/www.instagram.com\\\/woezon_by_essi\\\/\",\"https:\\\/\\\/www.tiktok.com\\\/@woezon.by.essi\"]}]}<\/script>\n<!-- \/ Yoast SEO plugin. -->","yoast_head_json":{"title":"Aviso legal | Woezon by Essi","robots":{"index":"index","follow":"follow","max-snippet":"max-snippet:-1","max-image-preview":"max-image-preview:large","max-video-preview":"max-video-preview:-1"},"canonical":"https:\/\/www.woezonbyessi.com\/es\/aviso-legal\/","og_locale":"es_ES","og_type":"article","og_title":"Aviso legal | Woezon by Essi","og_url":"https:\/\/www.woezonbyessi.com\/es\/aviso-legal\/","og_site_name":"Woezon by Essi","article_publisher":"https:\/\/www.facebook.com\/profile.php?id=61583006293803","article_modified_time":"2026-04-27T09:19:37+00:00","og_image":[{"width":1200,"height":675,"url":"https:\/\/www.woezonbyessi.com\/wp-content\/uploads\/2025\/11\/logo-woezonbyessi.jpg","type":"image\/jpeg"}],"twitter_card":"summary_large_image","schema":{"@context":"https:\/\/schema.org","@graph":[{"@type":"WebPage","@id":"https:\/\/www.woezonbyessi.com\/es\/aviso-legal\/","url":"https:\/\/www.woezonbyessi.com\/es\/aviso-legal\/","name":"Aviso legal | Woezon by Essi","isPartOf":{"@id":"https:\/\/www.woezonbyessi.com\/es\/#website"},"datePublished":"2025-10-15T09:44:33+00:00","dateModified":"2026-04-27T09:19:37+00:00","breadcrumb":{"@id":"https:\/\/www.woezonbyessi.com\/es\/aviso-legal\/#breadcrumb"},"inLanguage":"es","potentialAction":[{"@type":"ReadAction","target":["https:\/\/www.woezonbyessi.com\/es\/aviso-legal\/"]}]},{"@type":"BreadcrumbList","@id":"https:\/\/www.woezonbyessi.com\/es\/aviso-legal\/#breadcrumb","itemListElement":[{"@type":"ListItem","position":1,"name":"Inicio","item":"https:\/\/www.woezonbyessi.com\/es\/"},{"@type":"ListItem","position":2,"name":"Aviso legal"}]},{"@type":"WebSite","@id":"https:\/\/www.woezonbyessi.com\/es\/#website","url":"https:\/\/www.woezonbyessi.com\/es\/","name":"Woezon by Essi","description":"","publisher":{"@id":"https:\/\/www.woezonbyessi.com\/es\/#organization"},"potentialAction":[{"@type":"SearchAction","target":{"@type":"EntryPoint","urlTemplate":"https:\/\/www.woezonbyessi.com\/es\/?s={search_term_string}"},"query-input":{"@type":"PropertyValueSpecification","valueRequired":true,"valueName":"search_term_string"}}],"inLanguage":"es"},{"@type":"Organization","@id":"https:\/\/www.woezonbyessi.com\/es\/#organization","name":"Woezon by Essi","url":"https:\/\/www.woezonbyessi.com\/es\/","logo":{"@type":"ImageObject","inLanguage":"es","@id":"https:\/\/www.woezonbyessi.com\/es\/#\/schema\/logo\/image\/","url":"https:\/\/www.woezonbyessi.com\/wp-content\/uploads\/2025\/11\/logo-blackpng.png","contentUrl":"https:\/\/www.woezonbyessi.com\/wp-content\/uploads\/2025\/11\/logo-blackpng.png","width":600,"height":576,"caption":"Woezon by Essi"},"image":{"@id":"https:\/\/www.woezonbyessi.com\/es\/#\/schema\/logo\/image\/"},"sameAs":["https:\/\/www.facebook.com\/profile.php?id=61583006293803","https:\/\/www.instagram.com\/woezon_by_essi\/","https:\/\/www.tiktok.com\/@woezon.by.essi"]}]}},"_links":{"self":[{"href":"https:\/\/www.woezonbyessi.com\/es\/wp-json\/wp\/v2\/pages\/2919","targetHints":{"allow":["GET"]}}],"collection":[{"href":"https:\/\/www.woezonbyessi.com\/es\/wp-json\/wp\/v2\/pages"}],"about":[{"href":"https:\/\/www.woezonbyessi.com\/es\/wp-json\/wp\/v2\/types\/page"}],"author":[{"embeddable":true,"href":"https:\/\/www.woezonbyessi.com\/es\/wp-json\/wp\/v2\/users\/1"}],"replies":[{"embeddable":true,"href":"https:\/\/www.woezonbyessi.com\/es\/wp-json\/wp\/v2\/comments?post=2919"}],"version-history":[{"count":3,"href":"https:\/\/www.woezonbyessi.com\/es\/wp-json\/wp\/v2\/pages\/2919\/revisions"}],"predecessor-version":[{"id":6485,"href":"https:\/\/www.woezonbyessi.com\/es\/wp-json\/wp\/v2\/pages\/2919\/revisions\/6485"}],"wp:attachment":[{"href":"https:\/\/www.woezonbyessi.com\/es\/wp-json\/wp\/v2\/media?parent=2919"}],"curies":[{"name":"wp","href":"https:\/\/api.w.org\/{rel}","templated":true}]}}