{"id":2906,"date":"2026-01-07T14:19:42","date_gmt":"2026-01-07T13:19:42","guid":{"rendered":"https:\/\/www.woezonbyessi.com\/boutique\/sin categor\u00eda\/collier-kilimandjaro\/"},"modified":"2026-01-07T14:19:42","modified_gmt":"2026-01-07T13:19:42","slug":"collier-kilimandjaro","status":"publish","type":"product","link":"https:\/\/www.woezonbyessi.com\/es\/shop\/coleccion-2026\/collier-kilimandjaro\/","title":{"rendered":"Collier Kilimandjaro"},"content":{"rendered":"<p>Sublimez vos tenues avec ce collier africain artisanal en perles multicolores, une pi\u00e8ce forte qui incarne l\u2019\u00e9l\u00e9gance et le savoir-faire traditionnel. R\u00e9alis\u00e9 \u00e0 la main, ce collier se distingue par ses multiples rangs de perles fines aux couleurs vibrantes (bleu, jaune, rouge, vert, blanc\u2026), offrant un rendu riche et harmonieux.<\/p>\n<p>Le collier est magnifi\u00e9 par un m\u00e9daillon central rond, \u00e0 l\u2019aspect nacr\u00e9, qui apporte une touche ethnique chic et authentique. Sa conception en cascade de perles cr\u00e9e un effet plastron \u00e9l\u00e9gant, id\u00e9al pour rehausser une robe africaine, une tenue de c\u00e9r\u00e9monie ou un look moderne sophistiqu\u00e9.<\/p>\n","protected":false},"excerpt":{"rendered":"<p>Type : Collier africain \/ collier plastron<br \/>\nFabrication : Artisanale, fait main<br \/>\nMati\u00e8re : Perles fines multicolores<br \/>\nM\u00e9daillon : Rond, finition nacr\u00e9e<br \/>\nCouleurs : Multicolore<br \/>\nStyle : Africain, ethnique, boh\u00e8me chic<br \/>\nFermeture : Ajustable (selon montage)<br \/>\nPort : Ras-de-cou \u00e0 plastron<\/p>\n","protected":false},"featured_media":2908,"template":"","meta":[],"product_brand":[],"product_cat":[224,223,225],"product_tag":[],"class_list":{"0":"post-2906","1":"product","2":"type-product","3":"status-publish","4":"has-post-thumbnail","6":"product_cat-accesorios","7":"product_cat-coleccion-2026","8":"product_cat-mujer","10":"first","11":"instock","12":"shipping-taxable","13":"purchasable","14":"product-type-variable"},"yoast_head":"<!-- This site is optimized with the Yoast SEO plugin v27.5 - https:\/\/yoast.com\/product\/yoast-seo-wordpress\/ -->\n<title>Collier Kilimandjaro | Woezon by Essi<\/title>\n<meta name=\"description\" content=\"Sac bandouli\u00e8re simili cuir noir tissu imprim\u00e9 jaune vert blanc. Compact, styl\u00e9 et pratique pour le quotidien. Confort maximal, design original \u2013 adoptez-le d\u00e8s maintenant !\" \/>\n<meta name=\"robots\" content=\"index, follow, max-snippet:-1, max-image-preview:large, max-video-preview:-1\" \/>\n<link rel=\"canonical\" href=\"https:\/\/www.woezonbyessi.com\/es\/shop\/coleccion-2026\/collier-kilimandjaro\/\" \/>\n<meta property=\"og:locale\" content=\"es_ES\" \/>\n<meta property=\"og:type\" content=\"article\" \/>\n<meta property=\"og:title\" content=\"Collier Kilimandjaro | Woezon by Essi\" \/>\n<meta property=\"og:description\" content=\"Sac bandouli\u00e8re simili cuir noir tissu imprim\u00e9 jaune vert blanc. Compact, styl\u00e9 et pratique pour le quotidien. Confort maximal, design original \u2013 adoptez-le d\u00e8s maintenant !\" \/>\n<meta property=\"og:url\" content=\"https:\/\/www.woezonbyessi.com\/es\/shop\/coleccion-2026\/collier-kilimandjaro\/\" \/>\n<meta property=\"og:site_name\" content=\"Woezon by Essi\" \/>\n<meta property=\"article:publisher\" content=\"https:\/\/www.facebook.com\/profile.php?id=61583006293803\" \/>\n<meta property=\"og:image\" content=\"https:\/\/www.woezonbyessi.com\/wp-content\/uploads\/2026\/01\/colier-en-perle-3-1-rotated.jpg\" \/>\n\t<meta property=\"og:image:width\" content=\"554\" \/>\n\t<meta property=\"og:image:height\" content=\"1200\" \/>\n\t<meta property=\"og:image:type\" content=\"image\/jpeg\" \/>\n<meta name=\"twitter:card\" content=\"summary_large_image\" \/>\n<script type=\"application\/ld+json\" class=\"yoast-schema-graph\">{\"@context\":\"https:\\\/\\\/schema.org\",\"@graph\":[{\"@type\":\"WebPage\",\"@id\":\"https:\\\/\\\/www.woezonbyessi.com\\\/es\\\/shop\\\/coleccion-2026\\\/collier-kilimandjaro\\\/\",\"url\":\"https:\\\/\\\/www.woezonbyessi.com\\\/es\\\/shop\\\/coleccion-2026\\\/collier-kilimandjaro\\\/\",\"name\":\"Collier Kilimandjaro | Woezon by Essi\",\"isPartOf\":{\"@id\":\"https:\\\/\\\/www.woezonbyessi.com\\\/es\\\/#website\"},\"primaryImageOfPage\":{\"@id\":\"https:\\\/\\\/www.woezonbyessi.com\\\/es\\\/shop\\\/coleccion-2026\\\/collier-kilimandjaro\\\/#primaryimage\"},\"image\":{\"@id\":\"https:\\\/\\\/www.woezonbyessi.com\\\/es\\\/shop\\\/coleccion-2026\\\/collier-kilimandjaro\\\/#primaryimage\"},\"thumbnailUrl\":\"https:\\\/\\\/www.woezonbyessi.com\\\/wp-content\\\/uploads\\\/2026\\\/01\\\/colier-en-perle-3-1-rotated.jpg\",\"datePublished\":\"2026-01-07T13:19:42+00:00\",\"description\":\"Sac bandouli\u00e8re simili cuir noir tissu imprim\u00e9 jaune vert blanc. Compact, styl\u00e9 et pratique pour le quotidien. Confort maximal, design original \u2013 adoptez-le d\u00e8s maintenant !\",\"breadcrumb\":{\"@id\":\"https:\\\/\\\/www.woezonbyessi.com\\\/es\\\/shop\\\/coleccion-2026\\\/collier-kilimandjaro\\\/#breadcrumb\"},\"inLanguage\":\"es\",\"potentialAction\":[{\"@type\":\"ReadAction\",\"target\":[\"https:\\\/\\\/www.woezonbyessi.com\\\/es\\\/shop\\\/coleccion-2026\\\/collier-kilimandjaro\\\/\"]}]},{\"@type\":\"ImageObject\",\"inLanguage\":\"es\",\"@id\":\"https:\\\/\\\/www.woezonbyessi.com\\\/es\\\/shop\\\/coleccion-2026\\\/collier-kilimandjaro\\\/#primaryimage\",\"url\":\"https:\\\/\\\/www.woezonbyessi.com\\\/wp-content\\\/uploads\\\/2026\\\/01\\\/colier-en-perle-3-1-rotated.jpg\",\"contentUrl\":\"https:\\\/\\\/www.woezonbyessi.com\\\/wp-content\\\/uploads\\\/2026\\\/01\\\/colier-en-perle-3-1-rotated.jpg\",\"width\":554,\"height\":1200},{\"@type\":\"BreadcrumbList\",\"@id\":\"https:\\\/\\\/www.woezonbyessi.com\\\/es\\\/shop\\\/coleccion-2026\\\/collier-kilimandjaro\\\/#breadcrumb\",\"itemListElement\":[{\"@type\":\"ListItem\",\"position\":1,\"name\":\"Inicio\",\"item\":\"https:\\\/\\\/www.woezonbyessi.com\\\/es\\\/\"},{\"@type\":\"ListItem\",\"position\":2,\"name\":\"Tienda\",\"item\":\"https:\\\/\\\/www.woezonbyessi.com\\\/es\\\/tienda\\\/\"},{\"@type\":\"ListItem\",\"position\":3,\"name\":\"Accesorios\",\"item\":\"https:\\\/\\\/www.woezonbyessi.com\\\/es\\\/categoria-producto\\\/accesorios\\\/\"},{\"@type\":\"ListItem\",\"position\":4,\"name\":\"Collier Kilimandjaro\"}]},{\"@type\":\"WebSite\",\"@id\":\"https:\\\/\\\/www.woezonbyessi.com\\\/es\\\/#website\",\"url\":\"https:\\\/\\\/www.woezonbyessi.com\\\/es\\\/\",\"name\":\"Woezon by Essi\",\"description\":\"\",\"publisher\":{\"@id\":\"https:\\\/\\\/www.woezonbyessi.com\\\/es\\\/#organization\"},\"potentialAction\":[{\"@type\":\"SearchAction\",\"target\":{\"@type\":\"EntryPoint\",\"urlTemplate\":\"https:\\\/\\\/www.woezonbyessi.com\\\/es\\\/?s={search_term_string}\"},\"query-input\":{\"@type\":\"PropertyValueSpecification\",\"valueRequired\":true,\"valueName\":\"search_term_string\"}}],\"inLanguage\":\"es\"},{\"@type\":\"Organization\",\"@id\":\"https:\\\/\\\/www.woezonbyessi.com\\\/es\\\/#organization\",\"name\":\"Woezon by Essi\",\"url\":\"https:\\\/\\\/www.woezonbyessi.com\\\/es\\\/\",\"logo\":{\"@type\":\"ImageObject\",\"inLanguage\":\"es\",\"@id\":\"https:\\\/\\\/www.woezonbyessi.com\\\/es\\\/#\\\/schema\\\/logo\\\/image\\\/\",\"url\":\"https:\\\/\\\/www.woezonbyessi.com\\\/wp-content\\\/uploads\\\/2025\\\/11\\\/logo-blackpng.png\",\"contentUrl\":\"https:\\\/\\\/www.woezonbyessi.com\\\/wp-content\\\/uploads\\\/2025\\\/11\\\/logo-blackpng.png\",\"width\":600,\"height\":576,\"caption\":\"Woezon by Essi\"},\"image\":{\"@id\":\"https:\\\/\\\/www.woezonbyessi.com\\\/es\\\/#\\\/schema\\\/logo\\\/image\\\/\"},\"sameAs\":[\"https:\\\/\\\/www.facebook.com\\\/profile.php?id=61583006293803\",\"https:\\\/\\\/www.instagram.com\\\/woezon_by_essi\\\/\",\"https:\\\/\\\/www.tiktok.com\\\/@woezon.by.essi\"]}]}<\/script>\n<!-- \/ Yoast SEO plugin. -->","yoast_head_json":{"title":"Collier Kilimandjaro | Woezon by Essi","description":"Sac bandouli\u00e8re simili cuir noir tissu imprim\u00e9 jaune vert blanc. Compact, styl\u00e9 et pratique pour le quotidien. Confort maximal, design original \u2013 adoptez-le d\u00e8s maintenant !","robots":{"index":"index","follow":"follow","max-snippet":"max-snippet:-1","max-image-preview":"max-image-preview:large","max-video-preview":"max-video-preview:-1"},"canonical":"https:\/\/www.woezonbyessi.com\/es\/shop\/coleccion-2026\/collier-kilimandjaro\/","og_locale":"es_ES","og_type":"article","og_title":"Collier Kilimandjaro | Woezon by Essi","og_description":"Sac bandouli\u00e8re simili cuir noir tissu imprim\u00e9 jaune vert blanc. Compact, styl\u00e9 et pratique pour le quotidien. Confort maximal, design original \u2013 adoptez-le d\u00e8s maintenant !","og_url":"https:\/\/www.woezonbyessi.com\/es\/shop\/coleccion-2026\/collier-kilimandjaro\/","og_site_name":"Woezon by Essi","article_publisher":"https:\/\/www.facebook.com\/profile.php?id=61583006293803","og_image":[{"width":554,"height":1200,"url":"https:\/\/www.woezonbyessi.com\/wp-content\/uploads\/2026\/01\/colier-en-perle-3-1-rotated.jpg","type":"image\/jpeg"}],"twitter_card":"summary_large_image","schema":{"@context":"https:\/\/schema.org","@graph":[{"@type":"WebPage","@id":"https:\/\/www.woezonbyessi.com\/es\/shop\/coleccion-2026\/collier-kilimandjaro\/","url":"https:\/\/www.woezonbyessi.com\/es\/shop\/coleccion-2026\/collier-kilimandjaro\/","name":"Collier Kilimandjaro | Woezon by Essi","isPartOf":{"@id":"https:\/\/www.woezonbyessi.com\/es\/#website"},"primaryImageOfPage":{"@id":"https:\/\/www.woezonbyessi.com\/es\/shop\/coleccion-2026\/collier-kilimandjaro\/#primaryimage"},"image":{"@id":"https:\/\/www.woezonbyessi.com\/es\/shop\/coleccion-2026\/collier-kilimandjaro\/#primaryimage"},"thumbnailUrl":"https:\/\/www.woezonbyessi.com\/wp-content\/uploads\/2026\/01\/colier-en-perle-3-1-rotated.jpg","datePublished":"2026-01-07T13:19:42+00:00","description":"Sac bandouli\u00e8re simili cuir noir tissu imprim\u00e9 jaune vert blanc. Compact, styl\u00e9 et pratique pour le quotidien. Confort maximal, design original \u2013 adoptez-le d\u00e8s maintenant !","breadcrumb":{"@id":"https:\/\/www.woezonbyessi.com\/es\/shop\/coleccion-2026\/collier-kilimandjaro\/#breadcrumb"},"inLanguage":"es","potentialAction":[{"@type":"ReadAction","target":["https:\/\/www.woezonbyessi.com\/es\/shop\/coleccion-2026\/collier-kilimandjaro\/"]}]},{"@type":"ImageObject","inLanguage":"es","@id":"https:\/\/www.woezonbyessi.com\/es\/shop\/coleccion-2026\/collier-kilimandjaro\/#primaryimage","url":"https:\/\/www.woezonbyessi.com\/wp-content\/uploads\/2026\/01\/colier-en-perle-3-1-rotated.jpg","contentUrl":"https:\/\/www.woezonbyessi.com\/wp-content\/uploads\/2026\/01\/colier-en-perle-3-1-rotated.jpg","width":554,"height":1200},{"@type":"BreadcrumbList","@id":"https:\/\/www.woezonbyessi.com\/es\/shop\/coleccion-2026\/collier-kilimandjaro\/#breadcrumb","itemListElement":[{"@type":"ListItem","position":1,"name":"Inicio","item":"https:\/\/www.woezonbyessi.com\/es\/"},{"@type":"ListItem","position":2,"name":"Tienda","item":"https:\/\/www.woezonbyessi.com\/es\/tienda\/"},{"@type":"ListItem","position":3,"name":"Accesorios","item":"https:\/\/www.woezonbyessi.com\/es\/categoria-producto\/accesorios\/"},{"@type":"ListItem","position":4,"name":"Collier Kilimandjaro"}]},{"@type":"WebSite","@id":"https:\/\/www.woezonbyessi.com\/es\/#website","url":"https:\/\/www.woezonbyessi.com\/es\/","name":"Woezon by Essi","description":"","publisher":{"@id":"https:\/\/www.woezonbyessi.com\/es\/#organization"},"potentialAction":[{"@type":"SearchAction","target":{"@type":"EntryPoint","urlTemplate":"https:\/\/www.woezonbyessi.com\/es\/?s={search_term_string}"},"query-input":{"@type":"PropertyValueSpecification","valueRequired":true,"valueName":"search_term_string"}}],"inLanguage":"es"},{"@type":"Organization","@id":"https:\/\/www.woezonbyessi.com\/es\/#organization","name":"Woezon by Essi","url":"https:\/\/www.woezonbyessi.com\/es\/","logo":{"@type":"ImageObject","inLanguage":"es","@id":"https:\/\/www.woezonbyessi.com\/es\/#\/schema\/logo\/image\/","url":"https:\/\/www.woezonbyessi.com\/wp-content\/uploads\/2025\/11\/logo-blackpng.png","contentUrl":"https:\/\/www.woezonbyessi.com\/wp-content\/uploads\/2025\/11\/logo-blackpng.png","width":600,"height":576,"caption":"Woezon by Essi"},"image":{"@id":"https:\/\/www.woezonbyessi.com\/es\/#\/schema\/logo\/image\/"},"sameAs":["https:\/\/www.facebook.com\/profile.php?id=61583006293803","https:\/\/www.instagram.com\/woezon_by_essi\/","https:\/\/www.tiktok.com\/@woezon.by.essi"]}]}},"_links":{"self":[{"href":"https:\/\/www.woezonbyessi.com\/es\/wp-json\/wp\/v2\/product\/2906","targetHints":{"allow":["GET"]}}],"collection":[{"href":"https:\/\/www.woezonbyessi.com\/es\/wp-json\/wp\/v2\/product"}],"about":[{"href":"https:\/\/www.woezonbyessi.com\/es\/wp-json\/wp\/v2\/types\/product"}],"wp:featuredmedia":[{"embeddable":true,"href":"https:\/\/www.woezonbyessi.com\/es\/wp-json\/wp\/v2\/media\/2908"}],"wp:attachment":[{"href":"https:\/\/www.woezonbyessi.com\/es\/wp-json\/wp\/v2\/media?parent=2906"}],"wp:term":[{"taxonomy":"product_brand","embeddable":true,"href":"https:\/\/www.woezonbyessi.com\/es\/wp-json\/wp\/v2\/product_brand?post=2906"},{"taxonomy":"product_cat","embeddable":true,"href":"https:\/\/www.woezonbyessi.com\/es\/wp-json\/wp\/v2\/product_cat?post=2906"},{"taxonomy":"product_tag","embeddable":true,"href":"https:\/\/www.woezonbyessi.com\/es\/wp-json\/wp\/v2\/product_tag?post=2906"}],"curies":[{"name":"wp","href":"https:\/\/api.w.org\/{rel}","templated":true}]}}