{"id":2960,"date":"2026-02-03T16:33:16","date_gmt":"2026-02-03T15:33:16","guid":{"rendered":"https:\/\/www.woezonbyessi.com\/?post_type=product&#038;p=2960"},"modified":"2026-02-03T17:13:58","modified_gmt":"2026-02-03T16:13:58","slug":"collar-kilimandjaro","status":"publish","type":"product","link":"https:\/\/www.woezonbyessi.com\/es\/shop\/coleccion-2026\/collar-kilimandjaro\/","title":{"rendered":"Collar Kilimandjaro"},"content":{"rendered":"<p>Realza tus atuendos con este collar africano artesanal de perlas multicolores, una pieza llamativa que encarna la elegancia y la artesan\u00eda tradicional. Hecho a mano, este collar se distingue por sus m\u00faltiples hileras de finas perlas de colores vibrantes (azul, amarillo, rojo, verde, blanco&#8230;), que le dan un aspecto rico y armonioso.<\/p>\n<p>El collar se ve realzado por un medall\u00f3n central redondo, con aspecto nacarado, que le da un toque \u00e9tnico chic y aut\u00e9ntico. Su dise\u00f1o en cascada de perlas crea un elegante efecto plastr\u00f3n, ideal para realzar un vestido africano, un atuendo de ceremonia o un look moderno y sofisticado.<\/p>\n","protected":false},"excerpt":{"rendered":"<p>Tipo: Collar africano \/ collar plastr\u00f3n.<br \/>\nFabricaci\u00f3n: Artesanal, hecho a mano.<br \/>\nMaterial: Cuentas finas multicolores.<br \/>\nMedall\u00f3n: Redondo, acabado nacarado.<br \/>\nColores: Multicolor.<br \/>\nEstilo: Africano, \u00e9tnico, bohemio chic.<br \/>\nCierre: Ajustable (seg\u00fan el montaje).<br \/>\nLlevado: Gargantilla con plastr\u00f3n.<\/p>\n","protected":false},"featured_media":2908,"template":"","meta":[],"product_brand":[],"product_cat":[224,223,225],"product_tag":[],"class_list":{"0":"post-2960","1":"product","2":"type-product","3":"status-publish","4":"has-post-thumbnail","6":"product_cat-accesorios","7":"product_cat-coleccion-2026","8":"product_cat-mujer","10":"first","11":"instock","12":"shipping-taxable","13":"purchasable","14":"product-type-variable"},"yoast_head":"<!-- This site is optimized with the Yoast SEO plugin v27.5 - https:\/\/yoast.com\/product\/yoast-seo-wordpress\/ -->\n<title>Collar Kilimandjaro | Woezon by Essi<\/title>\n<meta name=\"description\" content=\"Collar artesanal con perlas multicolores y colgante dorado. Una elegante joya \u00e9tnica para realzar todos tus conjuntos.\" \/>\n<meta name=\"robots\" content=\"index, follow, max-snippet:-1, max-image-preview:large, max-video-preview:-1\" \/>\n<link rel=\"canonical\" href=\"https:\/\/www.woezonbyessi.com\/es\/shop\/coleccion-2026\/collar-kilimandjaro\/\" \/>\n<meta property=\"og:locale\" content=\"es_ES\" \/>\n<meta property=\"og:type\" content=\"article\" \/>\n<meta property=\"og:title\" content=\"Collar Kilimandjaro | Woezon by Essi\" \/>\n<meta property=\"og:description\" content=\"Collar artesanal con perlas multicolores y colgante dorado. Una elegante joya \u00e9tnica para realzar todos tus conjuntos.\" \/>\n<meta property=\"og:url\" content=\"https:\/\/www.woezonbyessi.com\/es\/shop\/coleccion-2026\/collar-kilimandjaro\/\" \/>\n<meta property=\"og:site_name\" content=\"Woezon by Essi\" \/>\n<meta property=\"article:publisher\" content=\"https:\/\/www.facebook.com\/profile.php?id=61583006293803\" \/>\n<meta property=\"article:modified_time\" content=\"2026-02-03T16:13:58+00:00\" \/>\n<meta property=\"og:image\" content=\"https:\/\/www.woezonbyessi.com\/wp-content\/uploads\/2026\/01\/colier-en-perle-3-1-rotated.jpg\" \/>\n\t<meta property=\"og:image:width\" content=\"554\" \/>\n\t<meta property=\"og:image:height\" content=\"1200\" \/>\n\t<meta property=\"og:image:type\" content=\"image\/jpeg\" \/>\n<meta name=\"twitter:card\" content=\"summary_large_image\" \/>\n<script type=\"application\/ld+json\" class=\"yoast-schema-graph\">{\"@context\":\"https:\\\/\\\/schema.org\",\"@graph\":[{\"@type\":\"WebPage\",\"@id\":\"https:\\\/\\\/www.woezonbyessi.com\\\/es\\\/shop\\\/coleccion-2026\\\/collar-kilimandjaro\\\/\",\"url\":\"https:\\\/\\\/www.woezonbyessi.com\\\/es\\\/shop\\\/coleccion-2026\\\/collar-kilimandjaro\\\/\",\"name\":\"Collar Kilimandjaro | Woezon by Essi\",\"isPartOf\":{\"@id\":\"https:\\\/\\\/www.woezonbyessi.com\\\/es\\\/#website\"},\"primaryImageOfPage\":{\"@id\":\"https:\\\/\\\/www.woezonbyessi.com\\\/es\\\/shop\\\/coleccion-2026\\\/collar-kilimandjaro\\\/#primaryimage\"},\"image\":{\"@id\":\"https:\\\/\\\/www.woezonbyessi.com\\\/es\\\/shop\\\/coleccion-2026\\\/collar-kilimandjaro\\\/#primaryimage\"},\"thumbnailUrl\":\"https:\\\/\\\/www.woezonbyessi.com\\\/wp-content\\\/uploads\\\/2026\\\/01\\\/colier-en-perle-3-1-rotated.jpg\",\"datePublished\":\"2026-02-03T15:33:16+00:00\",\"dateModified\":\"2026-02-03T16:13:58+00:00\",\"description\":\"Collar artesanal con perlas multicolores y colgante dorado. Una elegante joya \u00e9tnica para realzar todos tus conjuntos.\",\"breadcrumb\":{\"@id\":\"https:\\\/\\\/www.woezonbyessi.com\\\/es\\\/shop\\\/coleccion-2026\\\/collar-kilimandjaro\\\/#breadcrumb\"},\"inLanguage\":\"es\",\"potentialAction\":[{\"@type\":\"ReadAction\",\"target\":[\"https:\\\/\\\/www.woezonbyessi.com\\\/es\\\/shop\\\/coleccion-2026\\\/collar-kilimandjaro\\\/\"]}]},{\"@type\":\"ImageObject\",\"inLanguage\":\"es\",\"@id\":\"https:\\\/\\\/www.woezonbyessi.com\\\/es\\\/shop\\\/coleccion-2026\\\/collar-kilimandjaro\\\/#primaryimage\",\"url\":\"https:\\\/\\\/www.woezonbyessi.com\\\/wp-content\\\/uploads\\\/2026\\\/01\\\/colier-en-perle-3-1-rotated.jpg\",\"contentUrl\":\"https:\\\/\\\/www.woezonbyessi.com\\\/wp-content\\\/uploads\\\/2026\\\/01\\\/colier-en-perle-3-1-rotated.jpg\",\"width\":554,\"height\":1200},{\"@type\":\"BreadcrumbList\",\"@id\":\"https:\\\/\\\/www.woezonbyessi.com\\\/es\\\/shop\\\/coleccion-2026\\\/collar-kilimandjaro\\\/#breadcrumb\",\"itemListElement\":[{\"@type\":\"ListItem\",\"position\":1,\"name\":\"Inicio\",\"item\":\"https:\\\/\\\/www.woezonbyessi.com\\\/es\\\/\"},{\"@type\":\"ListItem\",\"position\":2,\"name\":\"Tienda\",\"item\":\"https:\\\/\\\/www.woezonbyessi.com\\\/es\\\/tienda\\\/\"},{\"@type\":\"ListItem\",\"position\":3,\"name\":\"Accesorios\",\"item\":\"https:\\\/\\\/www.woezonbyessi.com\\\/es\\\/categoria-producto\\\/accesorios\\\/\"},{\"@type\":\"ListItem\",\"position\":4,\"name\":\"Collar Kilimandjaro\"}]},{\"@type\":\"WebSite\",\"@id\":\"https:\\\/\\\/www.woezonbyessi.com\\\/es\\\/#website\",\"url\":\"https:\\\/\\\/www.woezonbyessi.com\\\/es\\\/\",\"name\":\"Woezon by Essi\",\"description\":\"\",\"publisher\":{\"@id\":\"https:\\\/\\\/www.woezonbyessi.com\\\/es\\\/#organization\"},\"potentialAction\":[{\"@type\":\"SearchAction\",\"target\":{\"@type\":\"EntryPoint\",\"urlTemplate\":\"https:\\\/\\\/www.woezonbyessi.com\\\/es\\\/?s={search_term_string}\"},\"query-input\":{\"@type\":\"PropertyValueSpecification\",\"valueRequired\":true,\"valueName\":\"search_term_string\"}}],\"inLanguage\":\"es\"},{\"@type\":\"Organization\",\"@id\":\"https:\\\/\\\/www.woezonbyessi.com\\\/es\\\/#organization\",\"name\":\"Woezon by Essi\",\"url\":\"https:\\\/\\\/www.woezonbyessi.com\\\/es\\\/\",\"logo\":{\"@type\":\"ImageObject\",\"inLanguage\":\"es\",\"@id\":\"https:\\\/\\\/www.woezonbyessi.com\\\/es\\\/#\\\/schema\\\/logo\\\/image\\\/\",\"url\":\"https:\\\/\\\/www.woezonbyessi.com\\\/wp-content\\\/uploads\\\/2025\\\/11\\\/logo-blackpng.png\",\"contentUrl\":\"https:\\\/\\\/www.woezonbyessi.com\\\/wp-content\\\/uploads\\\/2025\\\/11\\\/logo-blackpng.png\",\"width\":600,\"height\":576,\"caption\":\"Woezon by Essi\"},\"image\":{\"@id\":\"https:\\\/\\\/www.woezonbyessi.com\\\/es\\\/#\\\/schema\\\/logo\\\/image\\\/\"},\"sameAs\":[\"https:\\\/\\\/www.facebook.com\\\/profile.php?id=61583006293803\",\"https:\\\/\\\/www.instagram.com\\\/woezon_by_essi\\\/\",\"https:\\\/\\\/www.tiktok.com\\\/@woezon.by.essi\"]}]}<\/script>\n<!-- \/ Yoast SEO plugin. -->","yoast_head_json":{"title":"Collar Kilimandjaro | Woezon by Essi","description":"Collar artesanal con perlas multicolores y colgante dorado. Una elegante joya \u00e9tnica para realzar todos tus conjuntos.","robots":{"index":"index","follow":"follow","max-snippet":"max-snippet:-1","max-image-preview":"max-image-preview:large","max-video-preview":"max-video-preview:-1"},"canonical":"https:\/\/www.woezonbyessi.com\/es\/shop\/coleccion-2026\/collar-kilimandjaro\/","og_locale":"es_ES","og_type":"article","og_title":"Collar Kilimandjaro | Woezon by Essi","og_description":"Collar artesanal con perlas multicolores y colgante dorado. Una elegante joya \u00e9tnica para realzar todos tus conjuntos.","og_url":"https:\/\/www.woezonbyessi.com\/es\/shop\/coleccion-2026\/collar-kilimandjaro\/","og_site_name":"Woezon by Essi","article_publisher":"https:\/\/www.facebook.com\/profile.php?id=61583006293803","article_modified_time":"2026-02-03T16:13:58+00:00","og_image":[{"width":554,"height":1200,"url":"https:\/\/www.woezonbyessi.com\/wp-content\/uploads\/2026\/01\/colier-en-perle-3-1-rotated.jpg","type":"image\/jpeg"}],"twitter_card":"summary_large_image","schema":{"@context":"https:\/\/schema.org","@graph":[{"@type":"WebPage","@id":"https:\/\/www.woezonbyessi.com\/es\/shop\/coleccion-2026\/collar-kilimandjaro\/","url":"https:\/\/www.woezonbyessi.com\/es\/shop\/coleccion-2026\/collar-kilimandjaro\/","name":"Collar Kilimandjaro | Woezon by Essi","isPartOf":{"@id":"https:\/\/www.woezonbyessi.com\/es\/#website"},"primaryImageOfPage":{"@id":"https:\/\/www.woezonbyessi.com\/es\/shop\/coleccion-2026\/collar-kilimandjaro\/#primaryimage"},"image":{"@id":"https:\/\/www.woezonbyessi.com\/es\/shop\/coleccion-2026\/collar-kilimandjaro\/#primaryimage"},"thumbnailUrl":"https:\/\/www.woezonbyessi.com\/wp-content\/uploads\/2026\/01\/colier-en-perle-3-1-rotated.jpg","datePublished":"2026-02-03T15:33:16+00:00","dateModified":"2026-02-03T16:13:58+00:00","description":"Collar artesanal con perlas multicolores y colgante dorado. Una elegante joya \u00e9tnica para realzar todos tus conjuntos.","breadcrumb":{"@id":"https:\/\/www.woezonbyessi.com\/es\/shop\/coleccion-2026\/collar-kilimandjaro\/#breadcrumb"},"inLanguage":"es","potentialAction":[{"@type":"ReadAction","target":["https:\/\/www.woezonbyessi.com\/es\/shop\/coleccion-2026\/collar-kilimandjaro\/"]}]},{"@type":"ImageObject","inLanguage":"es","@id":"https:\/\/www.woezonbyessi.com\/es\/shop\/coleccion-2026\/collar-kilimandjaro\/#primaryimage","url":"https:\/\/www.woezonbyessi.com\/wp-content\/uploads\/2026\/01\/colier-en-perle-3-1-rotated.jpg","contentUrl":"https:\/\/www.woezonbyessi.com\/wp-content\/uploads\/2026\/01\/colier-en-perle-3-1-rotated.jpg","width":554,"height":1200},{"@type":"BreadcrumbList","@id":"https:\/\/www.woezonbyessi.com\/es\/shop\/coleccion-2026\/collar-kilimandjaro\/#breadcrumb","itemListElement":[{"@type":"ListItem","position":1,"name":"Inicio","item":"https:\/\/www.woezonbyessi.com\/es\/"},{"@type":"ListItem","position":2,"name":"Tienda","item":"https:\/\/www.woezonbyessi.com\/es\/tienda\/"},{"@type":"ListItem","position":3,"name":"Accesorios","item":"https:\/\/www.woezonbyessi.com\/es\/categoria-producto\/accesorios\/"},{"@type":"ListItem","position":4,"name":"Collar Kilimandjaro"}]},{"@type":"WebSite","@id":"https:\/\/www.woezonbyessi.com\/es\/#website","url":"https:\/\/www.woezonbyessi.com\/es\/","name":"Woezon by Essi","description":"","publisher":{"@id":"https:\/\/www.woezonbyessi.com\/es\/#organization"},"potentialAction":[{"@type":"SearchAction","target":{"@type":"EntryPoint","urlTemplate":"https:\/\/www.woezonbyessi.com\/es\/?s={search_term_string}"},"query-input":{"@type":"PropertyValueSpecification","valueRequired":true,"valueName":"search_term_string"}}],"inLanguage":"es"},{"@type":"Organization","@id":"https:\/\/www.woezonbyessi.com\/es\/#organization","name":"Woezon by Essi","url":"https:\/\/www.woezonbyessi.com\/es\/","logo":{"@type":"ImageObject","inLanguage":"es","@id":"https:\/\/www.woezonbyessi.com\/es\/#\/schema\/logo\/image\/","url":"https:\/\/www.woezonbyessi.com\/wp-content\/uploads\/2025\/11\/logo-blackpng.png","contentUrl":"https:\/\/www.woezonbyessi.com\/wp-content\/uploads\/2025\/11\/logo-blackpng.png","width":600,"height":576,"caption":"Woezon by Essi"},"image":{"@id":"https:\/\/www.woezonbyessi.com\/es\/#\/schema\/logo\/image\/"},"sameAs":["https:\/\/www.facebook.com\/profile.php?id=61583006293803","https:\/\/www.instagram.com\/woezon_by_essi\/","https:\/\/www.tiktok.com\/@woezon.by.essi"]}]}},"_links":{"self":[{"href":"https:\/\/www.woezonbyessi.com\/es\/wp-json\/wp\/v2\/product\/2960","targetHints":{"allow":["GET"]}}],"collection":[{"href":"https:\/\/www.woezonbyessi.com\/es\/wp-json\/wp\/v2\/product"}],"about":[{"href":"https:\/\/www.woezonbyessi.com\/es\/wp-json\/wp\/v2\/types\/product"}],"wp:featuredmedia":[{"embeddable":true,"href":"https:\/\/www.woezonbyessi.com\/es\/wp-json\/wp\/v2\/media\/2908"}],"wp:attachment":[{"href":"https:\/\/www.woezonbyessi.com\/es\/wp-json\/wp\/v2\/media?parent=2960"}],"wp:term":[{"taxonomy":"product_brand","embeddable":true,"href":"https:\/\/www.woezonbyessi.com\/es\/wp-json\/wp\/v2\/product_brand?post=2960"},{"taxonomy":"product_cat","embeddable":true,"href":"https:\/\/www.woezonbyessi.com\/es\/wp-json\/wp\/v2\/product_cat?post=2960"},{"taxonomy":"product_tag","embeddable":true,"href":"https:\/\/www.woezonbyessi.com\/es\/wp-json\/wp\/v2\/product_tag?post=2960"}],"curies":[{"name":"wp","href":"https:\/\/api.w.org\/{rel}","templated":true}]}}