{"id":2981,"date":"2025-12-21T09:16:25","date_gmt":"2025-12-21T08:16:25","guid":{"rendered":"https:\/\/www.woezonbyessi.com\/boutique\/sin%20categor\u00eda\/robe-merveille-dafrique-vert\/"},"modified":"2026-02-09T17:26:58","modified_gmt":"2026-02-09T16:26:58","slug":"vestido-maravilla-de-africa-verde","status":"publish","type":"product","link":"https:\/\/www.woezonbyessi.com\/es\/shop\/mujer\/vestidos\/vestido-maravilla-de-africa-verde\/","title":{"rendered":"Vestido Maravilla de \u00c1frica verde"},"content":{"rendered":"<p>Realza tu estilo con este elegante vestido afro-chic, dise\u00f1ado para combinar la sofisticaci\u00f3n moderna con la inspiraci\u00f3n africana. Confeccionado en un tejido con motivos marmolados en verde, destaca por una banda central en azul intenso realzada con ribetes amarillos, que le aportan un toque gr\u00e1fico y sofisticado.<\/p>\n<p>Los botones decorativos en la parte delantera a\u00f1aden car\u00e1cter a la prenda, mientras que el corte recto de longitud media realza la silueta con elegancia. Las mangas tres cuartos ofrecen un equilibrio perfecto entre comodidad y estilo, ideales para ocasiones profesionales o eventos.<\/p>\n<p>El acabado con flecos en la parte inferior del vestido aporta un toque original y moderno, lo que convierte a esta prenda en una opci\u00f3n \u00fanica para las mujeres que buscan autenticidad y distinci\u00f3n.<\/p>\n","protected":false},"excerpt":{"rendered":"<p>Afro-chic: elegante, contempor\u00e1neo.<br \/>\nColores: verde marmolado, azul real, toques de amarillo.<br \/>\nLongitud: media.<br \/>\nMangas: tres cuartos.<br \/>\nDetalles de estilo: botones decorativos, banda central en contraste, dobladillo con flecos.<br \/>\nOcasiones: ceremonias, eventos profesionales, veladas, atuendos elegantes para la oficina.<br \/>\nEste moderno vestido africano para mujer es perfecto para afirmar tu identidad con clase y originalidad, sin dejar de ser elegante y profesional.<\/p>\n","protected":false},"featured_media":2982,"template":"","meta":[],"product_brand":[],"product_cat":[223,225,287],"product_tag":[],"class_list":{"0":"post-2981","1":"product","2":"type-product","3":"status-publish","4":"has-post-thumbnail","6":"product_cat-coleccion-2026","7":"product_cat-mujer","8":"product_cat-vestidos","10":"first","11":"instock","12":"shipping-taxable","13":"purchasable","14":"product-type-variable"},"yoast_head":"<!-- This site is optimized with the Yoast SEO plugin v27.5 - https:\/\/yoast.com\/product\/yoast-seo-wordpress\/ -->\n<title>Vestido Maravilla de \u00c1frica verde | Woezon by Essi<\/title>\n<meta name=\"description\" content=\"Robe Merveil d&#039;Afrique vert aux motifs \u00e9l\u00e9gants et inspir\u00e9s des tradition africaines.Une pi\u00e8ce chic et confortable pour un style authentique.\" \/>\n<meta name=\"robots\" content=\"index, follow, max-snippet:-1, max-image-preview:large, max-video-preview:-1\" \/>\n<link rel=\"canonical\" href=\"https:\/\/www.woezonbyessi.com\/es\/shop\/mujer\/vestidos\/vestido-maravilla-de-africa-verde\/\" \/>\n<meta property=\"og:locale\" content=\"es_ES\" \/>\n<meta property=\"og:type\" content=\"article\" \/>\n<meta property=\"og:title\" content=\"Vestido Maravilla de \u00c1frica verde | Woezon by Essi\" \/>\n<meta property=\"og:description\" content=\"Robe Merveil d&#039;Afrique vert aux motifs \u00e9l\u00e9gants et inspir\u00e9s des tradition africaines.Une pi\u00e8ce chic et confortable pour un style authentique.\" \/>\n<meta property=\"og:url\" content=\"https:\/\/www.woezonbyessi.com\/es\/shop\/mujer\/vestidos\/vestido-maravilla-de-africa-verde\/\" \/>\n<meta property=\"og:site_name\" content=\"Woezon by Essi\" \/>\n<meta property=\"article:publisher\" content=\"https:\/\/www.facebook.com\/profile.php?id=61583006293803\" \/>\n<meta property=\"article:modified_time\" content=\"2026-02-09T16:26:58+00:00\" \/>\n<meta property=\"og:image\" content=\"https:\/\/www.woezonbyessi.com\/wp-content\/uploads\/2025\/12\/merveil-d-afrique-v-5-rotated.jpg\" \/>\n\t<meta property=\"og:image:width\" content=\"554\" \/>\n\t<meta property=\"og:image:height\" content=\"1200\" \/>\n\t<meta property=\"og:image:type\" content=\"image\/jpeg\" \/>\n<meta name=\"twitter:card\" content=\"summary_large_image\" \/>\n<script type=\"application\/ld+json\" class=\"yoast-schema-graph\">{\"@context\":\"https:\\\/\\\/schema.org\",\"@graph\":[{\"@type\":\"WebPage\",\"@id\":\"https:\\\/\\\/www.woezonbyessi.com\\\/es\\\/shop\\\/mujer\\\/vestidos\\\/vestido-maravilla-de-africa-verde\\\/\",\"url\":\"https:\\\/\\\/www.woezonbyessi.com\\\/es\\\/shop\\\/mujer\\\/vestidos\\\/vestido-maravilla-de-africa-verde\\\/\",\"name\":\"Vestido Maravilla de \u00c1frica verde | Woezon by Essi\",\"isPartOf\":{\"@id\":\"https:\\\/\\\/www.woezonbyessi.com\\\/es\\\/#website\"},\"primaryImageOfPage\":{\"@id\":\"https:\\\/\\\/www.woezonbyessi.com\\\/es\\\/shop\\\/mujer\\\/vestidos\\\/vestido-maravilla-de-africa-verde\\\/#primaryimage\"},\"image\":{\"@id\":\"https:\\\/\\\/www.woezonbyessi.com\\\/es\\\/shop\\\/mujer\\\/vestidos\\\/vestido-maravilla-de-africa-verde\\\/#primaryimage\"},\"thumbnailUrl\":\"https:\\\/\\\/www.woezonbyessi.com\\\/wp-content\\\/uploads\\\/2025\\\/12\\\/merveil-d-afrique-v-5-rotated.jpg\",\"datePublished\":\"2025-12-21T08:16:25+00:00\",\"dateModified\":\"2026-02-09T16:26:58+00:00\",\"description\":\"Robe Merveil d'Afrique vert aux motifs \u00e9l\u00e9gants et inspir\u00e9s des tradition africaines.Une pi\u00e8ce chic et confortable pour un style authentique.\",\"breadcrumb\":{\"@id\":\"https:\\\/\\\/www.woezonbyessi.com\\\/es\\\/shop\\\/mujer\\\/vestidos\\\/vestido-maravilla-de-africa-verde\\\/#breadcrumb\"},\"inLanguage\":\"es\",\"potentialAction\":[{\"@type\":\"ReadAction\",\"target\":[\"https:\\\/\\\/www.woezonbyessi.com\\\/es\\\/shop\\\/mujer\\\/vestidos\\\/vestido-maravilla-de-africa-verde\\\/\"]}]},{\"@type\":\"ImageObject\",\"inLanguage\":\"es\",\"@id\":\"https:\\\/\\\/www.woezonbyessi.com\\\/es\\\/shop\\\/mujer\\\/vestidos\\\/vestido-maravilla-de-africa-verde\\\/#primaryimage\",\"url\":\"https:\\\/\\\/www.woezonbyessi.com\\\/wp-content\\\/uploads\\\/2025\\\/12\\\/merveil-d-afrique-v-5-rotated.jpg\",\"contentUrl\":\"https:\\\/\\\/www.woezonbyessi.com\\\/wp-content\\\/uploads\\\/2025\\\/12\\\/merveil-d-afrique-v-5-rotated.jpg\",\"width\":554,\"height\":1200},{\"@type\":\"BreadcrumbList\",\"@id\":\"https:\\\/\\\/www.woezonbyessi.com\\\/es\\\/shop\\\/mujer\\\/vestidos\\\/vestido-maravilla-de-africa-verde\\\/#breadcrumb\",\"itemListElement\":[{\"@type\":\"ListItem\",\"position\":1,\"name\":\"Inicio\",\"item\":\"https:\\\/\\\/www.woezonbyessi.com\\\/es\\\/\"},{\"@type\":\"ListItem\",\"position\":2,\"name\":\"Tienda\",\"item\":\"https:\\\/\\\/www.woezonbyessi.com\\\/es\\\/tienda\\\/\"},{\"@type\":\"ListItem\",\"position\":3,\"name\":\"Mujer\",\"item\":\"https:\\\/\\\/www.woezonbyessi.com\\\/es\\\/categoria-producto\\\/mujer\\\/\"},{\"@type\":\"ListItem\",\"position\":4,\"name\":\"Vestidos\",\"item\":\"https:\\\/\\\/www.woezonbyessi.com\\\/es\\\/categoria-producto\\\/mujer\\\/vestidos\\\/\"},{\"@type\":\"ListItem\",\"position\":5,\"name\":\"Vestido Maravilla de \u00c1frica verde\"}]},{\"@type\":\"WebSite\",\"@id\":\"https:\\\/\\\/www.woezonbyessi.com\\\/es\\\/#website\",\"url\":\"https:\\\/\\\/www.woezonbyessi.com\\\/es\\\/\",\"name\":\"Woezon by Essi\",\"description\":\"\",\"publisher\":{\"@id\":\"https:\\\/\\\/www.woezonbyessi.com\\\/es\\\/#organization\"},\"potentialAction\":[{\"@type\":\"SearchAction\",\"target\":{\"@type\":\"EntryPoint\",\"urlTemplate\":\"https:\\\/\\\/www.woezonbyessi.com\\\/es\\\/?s={search_term_string}\"},\"query-input\":{\"@type\":\"PropertyValueSpecification\",\"valueRequired\":true,\"valueName\":\"search_term_string\"}}],\"inLanguage\":\"es\"},{\"@type\":\"Organization\",\"@id\":\"https:\\\/\\\/www.woezonbyessi.com\\\/es\\\/#organization\",\"name\":\"Woezon by Essi\",\"url\":\"https:\\\/\\\/www.woezonbyessi.com\\\/es\\\/\",\"logo\":{\"@type\":\"ImageObject\",\"inLanguage\":\"es\",\"@id\":\"https:\\\/\\\/www.woezonbyessi.com\\\/es\\\/#\\\/schema\\\/logo\\\/image\\\/\",\"url\":\"https:\\\/\\\/www.woezonbyessi.com\\\/wp-content\\\/uploads\\\/2025\\\/11\\\/logo-blackpng.png\",\"contentUrl\":\"https:\\\/\\\/www.woezonbyessi.com\\\/wp-content\\\/uploads\\\/2025\\\/11\\\/logo-blackpng.png\",\"width\":600,\"height\":576,\"caption\":\"Woezon by Essi\"},\"image\":{\"@id\":\"https:\\\/\\\/www.woezonbyessi.com\\\/es\\\/#\\\/schema\\\/logo\\\/image\\\/\"},\"sameAs\":[\"https:\\\/\\\/www.facebook.com\\\/profile.php?id=61583006293803\",\"https:\\\/\\\/www.instagram.com\\\/woezon_by_essi\\\/\",\"https:\\\/\\\/www.tiktok.com\\\/@woezon.by.essi\"]}]}<\/script>\n<!-- \/ Yoast SEO plugin. -->","yoast_head_json":{"title":"Vestido Maravilla de \u00c1frica verde | Woezon by Essi","description":"Robe Merveil d'Afrique vert aux motifs \u00e9l\u00e9gants et inspir\u00e9s des tradition africaines.Une pi\u00e8ce chic et confortable pour un style authentique.","robots":{"index":"index","follow":"follow","max-snippet":"max-snippet:-1","max-image-preview":"max-image-preview:large","max-video-preview":"max-video-preview:-1"},"canonical":"https:\/\/www.woezonbyessi.com\/es\/shop\/mujer\/vestidos\/vestido-maravilla-de-africa-verde\/","og_locale":"es_ES","og_type":"article","og_title":"Vestido Maravilla de \u00c1frica verde | Woezon by Essi","og_description":"Robe Merveil d'Afrique vert aux motifs \u00e9l\u00e9gants et inspir\u00e9s des tradition africaines.Une pi\u00e8ce chic et confortable pour un style authentique.","og_url":"https:\/\/www.woezonbyessi.com\/es\/shop\/mujer\/vestidos\/vestido-maravilla-de-africa-verde\/","og_site_name":"Woezon by Essi","article_publisher":"https:\/\/www.facebook.com\/profile.php?id=61583006293803","article_modified_time":"2026-02-09T16:26:58+00:00","og_image":[{"width":554,"height":1200,"url":"https:\/\/www.woezonbyessi.com\/wp-content\/uploads\/2025\/12\/merveil-d-afrique-v-5-rotated.jpg","type":"image\/jpeg"}],"twitter_card":"summary_large_image","schema":{"@context":"https:\/\/schema.org","@graph":[{"@type":"WebPage","@id":"https:\/\/www.woezonbyessi.com\/es\/shop\/mujer\/vestidos\/vestido-maravilla-de-africa-verde\/","url":"https:\/\/www.woezonbyessi.com\/es\/shop\/mujer\/vestidos\/vestido-maravilla-de-africa-verde\/","name":"Vestido Maravilla de \u00c1frica verde | Woezon by Essi","isPartOf":{"@id":"https:\/\/www.woezonbyessi.com\/es\/#website"},"primaryImageOfPage":{"@id":"https:\/\/www.woezonbyessi.com\/es\/shop\/mujer\/vestidos\/vestido-maravilla-de-africa-verde\/#primaryimage"},"image":{"@id":"https:\/\/www.woezonbyessi.com\/es\/shop\/mujer\/vestidos\/vestido-maravilla-de-africa-verde\/#primaryimage"},"thumbnailUrl":"https:\/\/www.woezonbyessi.com\/wp-content\/uploads\/2025\/12\/merveil-d-afrique-v-5-rotated.jpg","datePublished":"2025-12-21T08:16:25+00:00","dateModified":"2026-02-09T16:26:58+00:00","description":"Robe Merveil d'Afrique vert aux motifs \u00e9l\u00e9gants et inspir\u00e9s des tradition africaines.Une pi\u00e8ce chic et confortable pour un style authentique.","breadcrumb":{"@id":"https:\/\/www.woezonbyessi.com\/es\/shop\/mujer\/vestidos\/vestido-maravilla-de-africa-verde\/#breadcrumb"},"inLanguage":"es","potentialAction":[{"@type":"ReadAction","target":["https:\/\/www.woezonbyessi.com\/es\/shop\/mujer\/vestidos\/vestido-maravilla-de-africa-verde\/"]}]},{"@type":"ImageObject","inLanguage":"es","@id":"https:\/\/www.woezonbyessi.com\/es\/shop\/mujer\/vestidos\/vestido-maravilla-de-africa-verde\/#primaryimage","url":"https:\/\/www.woezonbyessi.com\/wp-content\/uploads\/2025\/12\/merveil-d-afrique-v-5-rotated.jpg","contentUrl":"https:\/\/www.woezonbyessi.com\/wp-content\/uploads\/2025\/12\/merveil-d-afrique-v-5-rotated.jpg","width":554,"height":1200},{"@type":"BreadcrumbList","@id":"https:\/\/www.woezonbyessi.com\/es\/shop\/mujer\/vestidos\/vestido-maravilla-de-africa-verde\/#breadcrumb","itemListElement":[{"@type":"ListItem","position":1,"name":"Inicio","item":"https:\/\/www.woezonbyessi.com\/es\/"},{"@type":"ListItem","position":2,"name":"Tienda","item":"https:\/\/www.woezonbyessi.com\/es\/tienda\/"},{"@type":"ListItem","position":3,"name":"Mujer","item":"https:\/\/www.woezonbyessi.com\/es\/categoria-producto\/mujer\/"},{"@type":"ListItem","position":4,"name":"Vestidos","item":"https:\/\/www.woezonbyessi.com\/es\/categoria-producto\/mujer\/vestidos\/"},{"@type":"ListItem","position":5,"name":"Vestido Maravilla de \u00c1frica verde"}]},{"@type":"WebSite","@id":"https:\/\/www.woezonbyessi.com\/es\/#website","url":"https:\/\/www.woezonbyessi.com\/es\/","name":"Woezon by Essi","description":"","publisher":{"@id":"https:\/\/www.woezonbyessi.com\/es\/#organization"},"potentialAction":[{"@type":"SearchAction","target":{"@type":"EntryPoint","urlTemplate":"https:\/\/www.woezonbyessi.com\/es\/?s={search_term_string}"},"query-input":{"@type":"PropertyValueSpecification","valueRequired":true,"valueName":"search_term_string"}}],"inLanguage":"es"},{"@type":"Organization","@id":"https:\/\/www.woezonbyessi.com\/es\/#organization","name":"Woezon by Essi","url":"https:\/\/www.woezonbyessi.com\/es\/","logo":{"@type":"ImageObject","inLanguage":"es","@id":"https:\/\/www.woezonbyessi.com\/es\/#\/schema\/logo\/image\/","url":"https:\/\/www.woezonbyessi.com\/wp-content\/uploads\/2025\/11\/logo-blackpng.png","contentUrl":"https:\/\/www.woezonbyessi.com\/wp-content\/uploads\/2025\/11\/logo-blackpng.png","width":600,"height":576,"caption":"Woezon by Essi"},"image":{"@id":"https:\/\/www.woezonbyessi.com\/es\/#\/schema\/logo\/image\/"},"sameAs":["https:\/\/www.facebook.com\/profile.php?id=61583006293803","https:\/\/www.instagram.com\/woezon_by_essi\/","https:\/\/www.tiktok.com\/@woezon.by.essi"]}]}},"_links":{"self":[{"href":"https:\/\/www.woezonbyessi.com\/es\/wp-json\/wp\/v2\/product\/2981","targetHints":{"allow":["GET"]}}],"collection":[{"href":"https:\/\/www.woezonbyessi.com\/es\/wp-json\/wp\/v2\/product"}],"about":[{"href":"https:\/\/www.woezonbyessi.com\/es\/wp-json\/wp\/v2\/types\/product"}],"wp:featuredmedia":[{"embeddable":true,"href":"https:\/\/www.woezonbyessi.com\/es\/wp-json\/wp\/v2\/media\/2982"}],"wp:attachment":[{"href":"https:\/\/www.woezonbyessi.com\/es\/wp-json\/wp\/v2\/media?parent=2981"}],"wp:term":[{"taxonomy":"product_brand","embeddable":true,"href":"https:\/\/www.woezonbyessi.com\/es\/wp-json\/wp\/v2\/product_brand?post=2981"},{"taxonomy":"product_cat","embeddable":true,"href":"https:\/\/www.woezonbyessi.com\/es\/wp-json\/wp\/v2\/product_cat?post=2981"},{"taxonomy":"product_tag","embeddable":true,"href":"https:\/\/www.woezonbyessi.com\/es\/wp-json\/wp\/v2\/product_tag?post=2981"}],"curies":[{"name":"wp","href":"https:\/\/api.w.org\/{rel}","templated":true}]}}