{"id":2997,"date":"2025-12-20T10:34:15","date_gmt":"2025-12-20T09:34:15","guid":{"rendered":"https:\/\/www.woezonbyessi.com\/boutique\/sin%20categor\u00eda\/robe-natue-chic\/"},"modified":"2026-02-04T11:47:37","modified_gmt":"2026-02-04T10:47:37","slug":"vestido-nature-chic","status":"publish","type":"product","link":"https:\/\/www.woezonbyessi.com\/es\/shop\/nino\/vestidos-para-ninas\/vestido-nature-chic\/","title":{"rendered":"Vestido Nature Chic"},"content":{"rendered":"<p>Reafirme su elegancia con este vestido africano confeccionado en tela wax, dise\u00f1ado para realzar todas las siluetas. Su estampado tradicional en verde y blanco, realzado con bandas turquesas estructurantes, ofrece un equilibrio perfecto entre tradici\u00f3n y modernidad.<\/p>\n<p>Confeccionado en algod\u00f3n wax de alta calidad, este vestido es transpirable, c\u00f3modo y resistente, ideal para el uso diario o para ocasiones especiales.<\/p>\n","protected":false},"excerpt":{"rendered":"<p>Tipo de prenda: Vestido recto de largo medio.<br \/>\nMaterial: Tejido wax 100 % algod\u00f3n.<br \/>\nMotivos: Estampados africanos florales y geom\u00e9tricos.<br \/>\nColores predominantes: Verde, blanco y toques de azul turquesa.<br \/>\nCorte: Liso y ajustado para una silueta elegante.<br \/>\nMangas: Mangas cortas.<br \/>\nDetalles: Banda decorativa turquesa vertical y horizontal en la parte delantera, botones visibles.<br \/>\nEscote: Cuello redondo discreto.<br \/>\nEstilo: Tradicional africano moderno, elegante y atemporal.<\/p>\n","protected":false},"featured_media":2998,"template":"","meta":[],"product_brand":[],"product_cat":[223,243,244],"product_tag":[],"class_list":{"0":"post-2997","1":"product","2":"type-product","3":"status-publish","4":"has-post-thumbnail","6":"product_cat-coleccion-2026","7":"product_cat-nino","8":"product_cat-vestidos-para-ninas","10":"first","11":"instock","12":"shipping-taxable","13":"purchasable","14":"product-type-variable"},"yoast_head":"<!-- This site is optimized with the Yoast SEO plugin v27.5 - https:\/\/yoast.com\/product\/yoast-seo-wordpress\/ -->\n<title>Vestido Nature Chic | Woezon by Essi<\/title>\n<meta name=\"description\" content=\"Elegante vestido infantil con estampado vegetal verde y detalles turquesa, corte femenino y c\u00f3modo. Ideal para un look chic y natural para el d\u00eda a d\u00eda.\" \/>\n<meta name=\"robots\" content=\"index, follow, max-snippet:-1, max-image-preview:large, max-video-preview:-1\" \/>\n<link rel=\"canonical\" href=\"https:\/\/www.woezonbyessi.com\/es\/shop\/nino\/vestidos-para-ninas\/vestido-nature-chic\/\" \/>\n<meta property=\"og:locale\" content=\"es_ES\" \/>\n<meta property=\"og:type\" content=\"article\" \/>\n<meta property=\"og:title\" content=\"Vestido Nature Chic | Woezon by Essi\" \/>\n<meta property=\"og:description\" content=\"Elegante vestido infantil con estampado vegetal verde y detalles turquesa, corte femenino y c\u00f3modo. Ideal para un look chic y natural para el d\u00eda a d\u00eda.\" \/>\n<meta property=\"og:url\" content=\"https:\/\/www.woezonbyessi.com\/es\/shop\/nino\/vestidos-para-ninas\/vestido-nature-chic\/\" \/>\n<meta property=\"og:site_name\" content=\"Woezon by Essi\" \/>\n<meta property=\"article:publisher\" content=\"https:\/\/www.facebook.com\/profile.php?id=61583006293803\" \/>\n<meta property=\"article:modified_time\" content=\"2026-02-04T10:47:37+00:00\" \/>\n<meta property=\"og:image\" content=\"https:\/\/www.woezonbyessi.com\/wp-content\/uploads\/2025\/12\/robe-nature-chic-1.jpg\" \/>\n\t<meta property=\"og:image:width\" content=\"960\" \/>\n\t<meta property=\"og:image:height\" content=\"1200\" \/>\n\t<meta property=\"og:image:type\" content=\"image\/jpeg\" \/>\n<meta name=\"twitter:card\" content=\"summary_large_image\" \/>\n<script type=\"application\/ld+json\" class=\"yoast-schema-graph\">{\"@context\":\"https:\\\/\\\/schema.org\",\"@graph\":[{\"@type\":\"WebPage\",\"@id\":\"https:\\\/\\\/www.woezonbyessi.com\\\/es\\\/shop\\\/nino\\\/vestidos-para-ninas\\\/vestido-nature-chic\\\/\",\"url\":\"https:\\\/\\\/www.woezonbyessi.com\\\/es\\\/shop\\\/nino\\\/vestidos-para-ninas\\\/vestido-nature-chic\\\/\",\"name\":\"Vestido Nature Chic | Woezon by Essi\",\"isPartOf\":{\"@id\":\"https:\\\/\\\/www.woezonbyessi.com\\\/es\\\/#website\"},\"primaryImageOfPage\":{\"@id\":\"https:\\\/\\\/www.woezonbyessi.com\\\/es\\\/shop\\\/nino\\\/vestidos-para-ninas\\\/vestido-nature-chic\\\/#primaryimage\"},\"image\":{\"@id\":\"https:\\\/\\\/www.woezonbyessi.com\\\/es\\\/shop\\\/nino\\\/vestidos-para-ninas\\\/vestido-nature-chic\\\/#primaryimage\"},\"thumbnailUrl\":\"https:\\\/\\\/www.woezonbyessi.com\\\/wp-content\\\/uploads\\\/2025\\\/12\\\/robe-nature-chic-1.jpg\",\"datePublished\":\"2025-12-20T09:34:15+00:00\",\"dateModified\":\"2026-02-04T10:47:37+00:00\",\"description\":\"Elegante vestido infantil con estampado vegetal verde y detalles turquesa, corte femenino y c\u00f3modo. Ideal para un look chic y natural para el d\u00eda a d\u00eda.\",\"breadcrumb\":{\"@id\":\"https:\\\/\\\/www.woezonbyessi.com\\\/es\\\/shop\\\/nino\\\/vestidos-para-ninas\\\/vestido-nature-chic\\\/#breadcrumb\"},\"inLanguage\":\"es\",\"potentialAction\":[{\"@type\":\"ReadAction\",\"target\":[\"https:\\\/\\\/www.woezonbyessi.com\\\/es\\\/shop\\\/nino\\\/vestidos-para-ninas\\\/vestido-nature-chic\\\/\"]}]},{\"@type\":\"ImageObject\",\"inLanguage\":\"es\",\"@id\":\"https:\\\/\\\/www.woezonbyessi.com\\\/es\\\/shop\\\/nino\\\/vestidos-para-ninas\\\/vestido-nature-chic\\\/#primaryimage\",\"url\":\"https:\\\/\\\/www.woezonbyessi.com\\\/wp-content\\\/uploads\\\/2025\\\/12\\\/robe-nature-chic-1.jpg\",\"contentUrl\":\"https:\\\/\\\/www.woezonbyessi.com\\\/wp-content\\\/uploads\\\/2025\\\/12\\\/robe-nature-chic-1.jpg\",\"width\":960,\"height\":1200},{\"@type\":\"BreadcrumbList\",\"@id\":\"https:\\\/\\\/www.woezonbyessi.com\\\/es\\\/shop\\\/nino\\\/vestidos-para-ninas\\\/vestido-nature-chic\\\/#breadcrumb\",\"itemListElement\":[{\"@type\":\"ListItem\",\"position\":1,\"name\":\"Inicio\",\"item\":\"https:\\\/\\\/www.woezonbyessi.com\\\/es\\\/\"},{\"@type\":\"ListItem\",\"position\":2,\"name\":\"Tienda\",\"item\":\"https:\\\/\\\/www.woezonbyessi.com\\\/es\\\/tienda\\\/\"},{\"@type\":\"ListItem\",\"position\":3,\"name\":\"Ni\u00f1o\",\"item\":\"https:\\\/\\\/www.woezonbyessi.com\\\/es\\\/categoria-producto\\\/nino\\\/\"},{\"@type\":\"ListItem\",\"position\":4,\"name\":\"Vestidos\",\"item\":\"https:\\\/\\\/www.woezonbyessi.com\\\/es\\\/categoria-producto\\\/nino\\\/vestidos-para-ninas\\\/\"},{\"@type\":\"ListItem\",\"position\":5,\"name\":\"Vestido Nature Chic\"}]},{\"@type\":\"WebSite\",\"@id\":\"https:\\\/\\\/www.woezonbyessi.com\\\/es\\\/#website\",\"url\":\"https:\\\/\\\/www.woezonbyessi.com\\\/es\\\/\",\"name\":\"Woezon by Essi\",\"description\":\"\",\"publisher\":{\"@id\":\"https:\\\/\\\/www.woezonbyessi.com\\\/es\\\/#organization\"},\"potentialAction\":[{\"@type\":\"SearchAction\",\"target\":{\"@type\":\"EntryPoint\",\"urlTemplate\":\"https:\\\/\\\/www.woezonbyessi.com\\\/es\\\/?s={search_term_string}\"},\"query-input\":{\"@type\":\"PropertyValueSpecification\",\"valueRequired\":true,\"valueName\":\"search_term_string\"}}],\"inLanguage\":\"es\"},{\"@type\":\"Organization\",\"@id\":\"https:\\\/\\\/www.woezonbyessi.com\\\/es\\\/#organization\",\"name\":\"Woezon by Essi\",\"url\":\"https:\\\/\\\/www.woezonbyessi.com\\\/es\\\/\",\"logo\":{\"@type\":\"ImageObject\",\"inLanguage\":\"es\",\"@id\":\"https:\\\/\\\/www.woezonbyessi.com\\\/es\\\/#\\\/schema\\\/logo\\\/image\\\/\",\"url\":\"https:\\\/\\\/www.woezonbyessi.com\\\/wp-content\\\/uploads\\\/2025\\\/11\\\/logo-blackpng.png\",\"contentUrl\":\"https:\\\/\\\/www.woezonbyessi.com\\\/wp-content\\\/uploads\\\/2025\\\/11\\\/logo-blackpng.png\",\"width\":600,\"height\":576,\"caption\":\"Woezon by Essi\"},\"image\":{\"@id\":\"https:\\\/\\\/www.woezonbyessi.com\\\/es\\\/#\\\/schema\\\/logo\\\/image\\\/\"},\"sameAs\":[\"https:\\\/\\\/www.facebook.com\\\/profile.php?id=61583006293803\",\"https:\\\/\\\/www.instagram.com\\\/woezon_by_essi\\\/\",\"https:\\\/\\\/www.tiktok.com\\\/@woezon.by.essi\"]}]}<\/script>\n<!-- \/ Yoast SEO plugin. -->","yoast_head_json":{"title":"Vestido Nature Chic | Woezon by Essi","description":"Elegante vestido infantil con estampado vegetal verde y detalles turquesa, corte femenino y c\u00f3modo. Ideal para un look chic y natural para el d\u00eda a d\u00eda.","robots":{"index":"index","follow":"follow","max-snippet":"max-snippet:-1","max-image-preview":"max-image-preview:large","max-video-preview":"max-video-preview:-1"},"canonical":"https:\/\/www.woezonbyessi.com\/es\/shop\/nino\/vestidos-para-ninas\/vestido-nature-chic\/","og_locale":"es_ES","og_type":"article","og_title":"Vestido Nature Chic | Woezon by Essi","og_description":"Elegante vestido infantil con estampado vegetal verde y detalles turquesa, corte femenino y c\u00f3modo. Ideal para un look chic y natural para el d\u00eda a d\u00eda.","og_url":"https:\/\/www.woezonbyessi.com\/es\/shop\/nino\/vestidos-para-ninas\/vestido-nature-chic\/","og_site_name":"Woezon by Essi","article_publisher":"https:\/\/www.facebook.com\/profile.php?id=61583006293803","article_modified_time":"2026-02-04T10:47:37+00:00","og_image":[{"width":960,"height":1200,"url":"https:\/\/www.woezonbyessi.com\/wp-content\/uploads\/2025\/12\/robe-nature-chic-1.jpg","type":"image\/jpeg"}],"twitter_card":"summary_large_image","schema":{"@context":"https:\/\/schema.org","@graph":[{"@type":"WebPage","@id":"https:\/\/www.woezonbyessi.com\/es\/shop\/nino\/vestidos-para-ninas\/vestido-nature-chic\/","url":"https:\/\/www.woezonbyessi.com\/es\/shop\/nino\/vestidos-para-ninas\/vestido-nature-chic\/","name":"Vestido Nature Chic | Woezon by Essi","isPartOf":{"@id":"https:\/\/www.woezonbyessi.com\/es\/#website"},"primaryImageOfPage":{"@id":"https:\/\/www.woezonbyessi.com\/es\/shop\/nino\/vestidos-para-ninas\/vestido-nature-chic\/#primaryimage"},"image":{"@id":"https:\/\/www.woezonbyessi.com\/es\/shop\/nino\/vestidos-para-ninas\/vestido-nature-chic\/#primaryimage"},"thumbnailUrl":"https:\/\/www.woezonbyessi.com\/wp-content\/uploads\/2025\/12\/robe-nature-chic-1.jpg","datePublished":"2025-12-20T09:34:15+00:00","dateModified":"2026-02-04T10:47:37+00:00","description":"Elegante vestido infantil con estampado vegetal verde y detalles turquesa, corte femenino y c\u00f3modo. Ideal para un look chic y natural para el d\u00eda a d\u00eda.","breadcrumb":{"@id":"https:\/\/www.woezonbyessi.com\/es\/shop\/nino\/vestidos-para-ninas\/vestido-nature-chic\/#breadcrumb"},"inLanguage":"es","potentialAction":[{"@type":"ReadAction","target":["https:\/\/www.woezonbyessi.com\/es\/shop\/nino\/vestidos-para-ninas\/vestido-nature-chic\/"]}]},{"@type":"ImageObject","inLanguage":"es","@id":"https:\/\/www.woezonbyessi.com\/es\/shop\/nino\/vestidos-para-ninas\/vestido-nature-chic\/#primaryimage","url":"https:\/\/www.woezonbyessi.com\/wp-content\/uploads\/2025\/12\/robe-nature-chic-1.jpg","contentUrl":"https:\/\/www.woezonbyessi.com\/wp-content\/uploads\/2025\/12\/robe-nature-chic-1.jpg","width":960,"height":1200},{"@type":"BreadcrumbList","@id":"https:\/\/www.woezonbyessi.com\/es\/shop\/nino\/vestidos-para-ninas\/vestido-nature-chic\/#breadcrumb","itemListElement":[{"@type":"ListItem","position":1,"name":"Inicio","item":"https:\/\/www.woezonbyessi.com\/es\/"},{"@type":"ListItem","position":2,"name":"Tienda","item":"https:\/\/www.woezonbyessi.com\/es\/tienda\/"},{"@type":"ListItem","position":3,"name":"Ni\u00f1o","item":"https:\/\/www.woezonbyessi.com\/es\/categoria-producto\/nino\/"},{"@type":"ListItem","position":4,"name":"Vestidos","item":"https:\/\/www.woezonbyessi.com\/es\/categoria-producto\/nino\/vestidos-para-ninas\/"},{"@type":"ListItem","position":5,"name":"Vestido Nature Chic"}]},{"@type":"WebSite","@id":"https:\/\/www.woezonbyessi.com\/es\/#website","url":"https:\/\/www.woezonbyessi.com\/es\/","name":"Woezon by Essi","description":"","publisher":{"@id":"https:\/\/www.woezonbyessi.com\/es\/#organization"},"potentialAction":[{"@type":"SearchAction","target":{"@type":"EntryPoint","urlTemplate":"https:\/\/www.woezonbyessi.com\/es\/?s={search_term_string}"},"query-input":{"@type":"PropertyValueSpecification","valueRequired":true,"valueName":"search_term_string"}}],"inLanguage":"es"},{"@type":"Organization","@id":"https:\/\/www.woezonbyessi.com\/es\/#organization","name":"Woezon by Essi","url":"https:\/\/www.woezonbyessi.com\/es\/","logo":{"@type":"ImageObject","inLanguage":"es","@id":"https:\/\/www.woezonbyessi.com\/es\/#\/schema\/logo\/image\/","url":"https:\/\/www.woezonbyessi.com\/wp-content\/uploads\/2025\/11\/logo-blackpng.png","contentUrl":"https:\/\/www.woezonbyessi.com\/wp-content\/uploads\/2025\/11\/logo-blackpng.png","width":600,"height":576,"caption":"Woezon by Essi"},"image":{"@id":"https:\/\/www.woezonbyessi.com\/es\/#\/schema\/logo\/image\/"},"sameAs":["https:\/\/www.facebook.com\/profile.php?id=61583006293803","https:\/\/www.instagram.com\/woezon_by_essi\/","https:\/\/www.tiktok.com\/@woezon.by.essi"]}]}},"_links":{"self":[{"href":"https:\/\/www.woezonbyessi.com\/es\/wp-json\/wp\/v2\/product\/2997","targetHints":{"allow":["GET"]}}],"collection":[{"href":"https:\/\/www.woezonbyessi.com\/es\/wp-json\/wp\/v2\/product"}],"about":[{"href":"https:\/\/www.woezonbyessi.com\/es\/wp-json\/wp\/v2\/types\/product"}],"wp:featuredmedia":[{"embeddable":true,"href":"https:\/\/www.woezonbyessi.com\/es\/wp-json\/wp\/v2\/media\/2998"}],"wp:attachment":[{"href":"https:\/\/www.woezonbyessi.com\/es\/wp-json\/wp\/v2\/media?parent=2997"}],"wp:term":[{"taxonomy":"product_brand","embeddable":true,"href":"https:\/\/www.woezonbyessi.com\/es\/wp-json\/wp\/v2\/product_brand?post=2997"},{"taxonomy":"product_cat","embeddable":true,"href":"https:\/\/www.woezonbyessi.com\/es\/wp-json\/wp\/v2\/product_cat?post=2997"},{"taxonomy":"product_tag","embeddable":true,"href":"https:\/\/www.woezonbyessi.com\/es\/wp-json\/wp\/v2\/product_tag?post=2997"}],"curies":[{"name":"wp","href":"https:\/\/api.w.org\/{rel}","templated":true}]}}