{"id":3145,"date":"2025-12-04T16:39:22","date_gmt":"2025-12-04T15:39:22","guid":{"rendered":"https:\/\/www.woezonbyessi.com\/boutique\/sin%20categor\u00eda\/ensemble-petit-prince-d-afrique\/"},"modified":"2026-02-05T10:16:45","modified_gmt":"2026-02-05T09:16:45","slug":"ensemble-petit-prince-d-afrique","status":"publish","type":"product","link":"https:\/\/www.woezonbyessi.com\/es\/shop\/nino\/conjuntos\/ensemble-petit-prince-d-afrique\/","title":{"rendered":"Conjunto El Principito de \u00c1frica"},"content":{"rendered":"<p>Descubra este elegante conjunto infantil confeccionado en tela wax africana, perfecto tanto para ocasiones especiales como para el uso diario. El conjunto se compone de una camisa de manga corta y unos pantalones a juego, confeccionados en tejido 100 % algod\u00f3n que ofrece comodidad, ligereza y transpirabilidad.<\/p>\n<p>El vibrante estampado geom\u00e9trico combina armoniosamente tonos verdes, amarillos y marrones. Cada cuadrado alterna rayas, motivos florales y formas gr\u00e1ficas, creando un dise\u00f1o moderno y din\u00e1mico t\u00edpico del wax africano. Las l\u00edneas verticales burdeos estructuran visualmente el conjunto y aportan un toque de elegancia adicional.<\/p>\n<p>Gracias a su corte recto y c\u00f3modo, este conjunto permite una gran libertad de movimiento, ideal para ni\u00f1os activos. La camisa abotonada con cuello cl\u00e1sico garantiza un look estructurado, mientras que los pantalones a juego aseguran una silueta perfectamente armonizada.<\/p>\n","protected":false},"excerpt":{"rendered":"<p>Conjunto infantil de tela wax africana.<br \/>\nMotivos geom\u00e9tricos verdes, amarillos y marrones.<br \/>\nCamisa de manga corta con cuello cl\u00e1sico.<br \/>\nPantalones a juego de corte recto.<br \/>\nTejido 100 % algod\u00f3n: c\u00f3modo, suave y transpirable.<br \/>\nIdeal para ceremonias, fiestas, eventos culturales o para el d\u00eda a d\u00eda.<br \/>\nEstilo tradicional africano revisitado para ni\u00f1os.<\/p>\n<p>Cuidados: lavado suave, colores resistentes.<\/p>\n","protected":false},"featured_media":3147,"template":"","meta":[],"product_brand":[],"product_cat":[223,294,243],"product_tag":[],"class_list":{"0":"post-3145","1":"product","2":"type-product","3":"status-publish","4":"has-post-thumbnail","6":"product_cat-coleccion-2026","7":"product_cat-conjuntos","8":"product_cat-nino","10":"first","11":"instock","12":"shipping-taxable","13":"purchasable","14":"product-type-variable"},"yoast_head":"<!-- This site is optimized with the Yoast SEO plugin v27.5 - https:\/\/yoast.com\/product\/yoast-seo-wordpress\/ -->\n<title>Conjunto El Principito de \u00c1frica | Woezon by Essi<\/title>\n<meta name=\"description\" content=\"Robe enfant wax Vague \u00c9meraude en tissu wax premium aux motifs oiseaux stylis\u00e9s et vagues blanches \u00e9meraude. L\u00e9g\u00e8re et confortable, id\u00e9ale sorties, c\u00e9r\u00e9monies, anniversaires et s\u00e9ances photo.\" \/>\n<meta name=\"robots\" content=\"index, follow, max-snippet:-1, max-image-preview:large, max-video-preview:-1\" \/>\n<link rel=\"canonical\" href=\"https:\/\/www.woezonbyessi.com\/es\/shop\/nino\/conjuntos\/ensemble-petit-prince-d-afrique\/\" \/>\n<meta property=\"og:locale\" content=\"es_ES\" \/>\n<meta property=\"og:type\" content=\"article\" \/>\n<meta property=\"og:title\" content=\"Conjunto El Principito de \u00c1frica | Woezon by Essi\" \/>\n<meta property=\"og:description\" content=\"Robe enfant wax Vague \u00c9meraude en tissu wax premium aux motifs oiseaux stylis\u00e9s et vagues blanches \u00e9meraude. L\u00e9g\u00e8re et confortable, id\u00e9ale sorties, c\u00e9r\u00e9monies, anniversaires et s\u00e9ances photo.\" \/>\n<meta property=\"og:url\" content=\"https:\/\/www.woezonbyessi.com\/es\/shop\/nino\/conjuntos\/ensemble-petit-prince-d-afrique\/\" \/>\n<meta property=\"og:site_name\" content=\"Woezon by Essi\" \/>\n<meta property=\"article:publisher\" content=\"https:\/\/www.facebook.com\/profile.php?id=61583006293803\" \/>\n<meta property=\"article:modified_time\" content=\"2026-02-05T09:16:45+00:00\" \/>\n<meta property=\"og:image\" content=\"https:\/\/www.woezonbyessi.com\/wp-content\/uploads\/2025\/12\/20251011_172835-scaled.jpg\" \/>\n\t<meta property=\"og:image:width\" content=\"1183\" \/>\n\t<meta property=\"og:image:height\" content=\"2560\" \/>\n\t<meta property=\"og:image:type\" content=\"image\/jpeg\" \/>\n<meta name=\"twitter:card\" content=\"summary_large_image\" \/>\n<script type=\"application\/ld+json\" class=\"yoast-schema-graph\">{\"@context\":\"https:\\\/\\\/schema.org\",\"@graph\":[{\"@type\":\"WebPage\",\"@id\":\"https:\\\/\\\/www.woezonbyessi.com\\\/es\\\/shop\\\/nino\\\/conjuntos\\\/ensemble-petit-prince-d-afrique\\\/\",\"url\":\"https:\\\/\\\/www.woezonbyessi.com\\\/es\\\/shop\\\/nino\\\/conjuntos\\\/ensemble-petit-prince-d-afrique\\\/\",\"name\":\"Conjunto El Principito de \u00c1frica | Woezon by Essi\",\"isPartOf\":{\"@id\":\"https:\\\/\\\/www.woezonbyessi.com\\\/es\\\/#website\"},\"primaryImageOfPage\":{\"@id\":\"https:\\\/\\\/www.woezonbyessi.com\\\/es\\\/shop\\\/nino\\\/conjuntos\\\/ensemble-petit-prince-d-afrique\\\/#primaryimage\"},\"image\":{\"@id\":\"https:\\\/\\\/www.woezonbyessi.com\\\/es\\\/shop\\\/nino\\\/conjuntos\\\/ensemble-petit-prince-d-afrique\\\/#primaryimage\"},\"thumbnailUrl\":\"https:\\\/\\\/www.woezonbyessi.com\\\/wp-content\\\/uploads\\\/2025\\\/12\\\/20251011_172835-scaled.jpg\",\"datePublished\":\"2025-12-04T15:39:22+00:00\",\"dateModified\":\"2026-02-05T09:16:45+00:00\",\"description\":\"Robe enfant wax Vague \u00c9meraude en tissu wax premium aux motifs oiseaux stylis\u00e9s et vagues blanches \u00e9meraude. L\u00e9g\u00e8re et confortable, id\u00e9ale sorties, c\u00e9r\u00e9monies, anniversaires et s\u00e9ances photo.\",\"breadcrumb\":{\"@id\":\"https:\\\/\\\/www.woezonbyessi.com\\\/es\\\/shop\\\/nino\\\/conjuntos\\\/ensemble-petit-prince-d-afrique\\\/#breadcrumb\"},\"inLanguage\":\"es\",\"potentialAction\":[{\"@type\":\"ReadAction\",\"target\":[\"https:\\\/\\\/www.woezonbyessi.com\\\/es\\\/shop\\\/nino\\\/conjuntos\\\/ensemble-petit-prince-d-afrique\\\/\"]}]},{\"@type\":\"ImageObject\",\"inLanguage\":\"es\",\"@id\":\"https:\\\/\\\/www.woezonbyessi.com\\\/es\\\/shop\\\/nino\\\/conjuntos\\\/ensemble-petit-prince-d-afrique\\\/#primaryimage\",\"url\":\"https:\\\/\\\/www.woezonbyessi.com\\\/wp-content\\\/uploads\\\/2025\\\/12\\\/20251011_172835-scaled.jpg\",\"contentUrl\":\"https:\\\/\\\/www.woezonbyessi.com\\\/wp-content\\\/uploads\\\/2025\\\/12\\\/20251011_172835-scaled.jpg\",\"width\":1183,\"height\":2560},{\"@type\":\"BreadcrumbList\",\"@id\":\"https:\\\/\\\/www.woezonbyessi.com\\\/es\\\/shop\\\/nino\\\/conjuntos\\\/ensemble-petit-prince-d-afrique\\\/#breadcrumb\",\"itemListElement\":[{\"@type\":\"ListItem\",\"position\":1,\"name\":\"Inicio\",\"item\":\"https:\\\/\\\/www.woezonbyessi.com\\\/es\\\/\"},{\"@type\":\"ListItem\",\"position\":2,\"name\":\"Tienda\",\"item\":\"https:\\\/\\\/www.woezonbyessi.com\\\/es\\\/tienda\\\/\"},{\"@type\":\"ListItem\",\"position\":3,\"name\":\"Colecci\u00f3n 2026\",\"item\":\"https:\\\/\\\/www.woezonbyessi.com\\\/es\\\/categoria-producto\\\/coleccion-2026\\\/\"},{\"@type\":\"ListItem\",\"position\":4,\"name\":\"Conjunto El Principito de \u00c1frica\"}]},{\"@type\":\"WebSite\",\"@id\":\"https:\\\/\\\/www.woezonbyessi.com\\\/es\\\/#website\",\"url\":\"https:\\\/\\\/www.woezonbyessi.com\\\/es\\\/\",\"name\":\"Woezon by Essi\",\"description\":\"\",\"publisher\":{\"@id\":\"https:\\\/\\\/www.woezonbyessi.com\\\/es\\\/#organization\"},\"potentialAction\":[{\"@type\":\"SearchAction\",\"target\":{\"@type\":\"EntryPoint\",\"urlTemplate\":\"https:\\\/\\\/www.woezonbyessi.com\\\/es\\\/?s={search_term_string}\"},\"query-input\":{\"@type\":\"PropertyValueSpecification\",\"valueRequired\":true,\"valueName\":\"search_term_string\"}}],\"inLanguage\":\"es\"},{\"@type\":\"Organization\",\"@id\":\"https:\\\/\\\/www.woezonbyessi.com\\\/es\\\/#organization\",\"name\":\"Woezon by Essi\",\"url\":\"https:\\\/\\\/www.woezonbyessi.com\\\/es\\\/\",\"logo\":{\"@type\":\"ImageObject\",\"inLanguage\":\"es\",\"@id\":\"https:\\\/\\\/www.woezonbyessi.com\\\/es\\\/#\\\/schema\\\/logo\\\/image\\\/\",\"url\":\"https:\\\/\\\/www.woezonbyessi.com\\\/wp-content\\\/uploads\\\/2025\\\/11\\\/logo-blackpng.png\",\"contentUrl\":\"https:\\\/\\\/www.woezonbyessi.com\\\/wp-content\\\/uploads\\\/2025\\\/11\\\/logo-blackpng.png\",\"width\":600,\"height\":576,\"caption\":\"Woezon by Essi\"},\"image\":{\"@id\":\"https:\\\/\\\/www.woezonbyessi.com\\\/es\\\/#\\\/schema\\\/logo\\\/image\\\/\"},\"sameAs\":[\"https:\\\/\\\/www.facebook.com\\\/profile.php?id=61583006293803\",\"https:\\\/\\\/www.instagram.com\\\/woezon_by_essi\\\/\",\"https:\\\/\\\/www.tiktok.com\\\/@woezon.by.essi\"]}]}<\/script>\n<!-- \/ Yoast SEO plugin. -->","yoast_head_json":{"title":"Conjunto El Principito de \u00c1frica | Woezon by Essi","description":"Robe enfant wax Vague \u00c9meraude en tissu wax premium aux motifs oiseaux stylis\u00e9s et vagues blanches \u00e9meraude. L\u00e9g\u00e8re et confortable, id\u00e9ale sorties, c\u00e9r\u00e9monies, anniversaires et s\u00e9ances photo.","robots":{"index":"index","follow":"follow","max-snippet":"max-snippet:-1","max-image-preview":"max-image-preview:large","max-video-preview":"max-video-preview:-1"},"canonical":"https:\/\/www.woezonbyessi.com\/es\/shop\/nino\/conjuntos\/ensemble-petit-prince-d-afrique\/","og_locale":"es_ES","og_type":"article","og_title":"Conjunto El Principito de \u00c1frica | Woezon by Essi","og_description":"Robe enfant wax Vague \u00c9meraude en tissu wax premium aux motifs oiseaux stylis\u00e9s et vagues blanches \u00e9meraude. L\u00e9g\u00e8re et confortable, id\u00e9ale sorties, c\u00e9r\u00e9monies, anniversaires et s\u00e9ances photo.","og_url":"https:\/\/www.woezonbyessi.com\/es\/shop\/nino\/conjuntos\/ensemble-petit-prince-d-afrique\/","og_site_name":"Woezon by Essi","article_publisher":"https:\/\/www.facebook.com\/profile.php?id=61583006293803","article_modified_time":"2026-02-05T09:16:45+00:00","og_image":[{"width":1183,"height":2560,"url":"https:\/\/www.woezonbyessi.com\/wp-content\/uploads\/2025\/12\/20251011_172835-scaled.jpg","type":"image\/jpeg"}],"twitter_card":"summary_large_image","schema":{"@context":"https:\/\/schema.org","@graph":[{"@type":"WebPage","@id":"https:\/\/www.woezonbyessi.com\/es\/shop\/nino\/conjuntos\/ensemble-petit-prince-d-afrique\/","url":"https:\/\/www.woezonbyessi.com\/es\/shop\/nino\/conjuntos\/ensemble-petit-prince-d-afrique\/","name":"Conjunto El Principito de \u00c1frica | Woezon by Essi","isPartOf":{"@id":"https:\/\/www.woezonbyessi.com\/es\/#website"},"primaryImageOfPage":{"@id":"https:\/\/www.woezonbyessi.com\/es\/shop\/nino\/conjuntos\/ensemble-petit-prince-d-afrique\/#primaryimage"},"image":{"@id":"https:\/\/www.woezonbyessi.com\/es\/shop\/nino\/conjuntos\/ensemble-petit-prince-d-afrique\/#primaryimage"},"thumbnailUrl":"https:\/\/www.woezonbyessi.com\/wp-content\/uploads\/2025\/12\/20251011_172835-scaled.jpg","datePublished":"2025-12-04T15:39:22+00:00","dateModified":"2026-02-05T09:16:45+00:00","description":"Robe enfant wax Vague \u00c9meraude en tissu wax premium aux motifs oiseaux stylis\u00e9s et vagues blanches \u00e9meraude. L\u00e9g\u00e8re et confortable, id\u00e9ale sorties, c\u00e9r\u00e9monies, anniversaires et s\u00e9ances photo.","breadcrumb":{"@id":"https:\/\/www.woezonbyessi.com\/es\/shop\/nino\/conjuntos\/ensemble-petit-prince-d-afrique\/#breadcrumb"},"inLanguage":"es","potentialAction":[{"@type":"ReadAction","target":["https:\/\/www.woezonbyessi.com\/es\/shop\/nino\/conjuntos\/ensemble-petit-prince-d-afrique\/"]}]},{"@type":"ImageObject","inLanguage":"es","@id":"https:\/\/www.woezonbyessi.com\/es\/shop\/nino\/conjuntos\/ensemble-petit-prince-d-afrique\/#primaryimage","url":"https:\/\/www.woezonbyessi.com\/wp-content\/uploads\/2025\/12\/20251011_172835-scaled.jpg","contentUrl":"https:\/\/www.woezonbyessi.com\/wp-content\/uploads\/2025\/12\/20251011_172835-scaled.jpg","width":1183,"height":2560},{"@type":"BreadcrumbList","@id":"https:\/\/www.woezonbyessi.com\/es\/shop\/nino\/conjuntos\/ensemble-petit-prince-d-afrique\/#breadcrumb","itemListElement":[{"@type":"ListItem","position":1,"name":"Inicio","item":"https:\/\/www.woezonbyessi.com\/es\/"},{"@type":"ListItem","position":2,"name":"Tienda","item":"https:\/\/www.woezonbyessi.com\/es\/tienda\/"},{"@type":"ListItem","position":3,"name":"Colecci\u00f3n 2026","item":"https:\/\/www.woezonbyessi.com\/es\/categoria-producto\/coleccion-2026\/"},{"@type":"ListItem","position":4,"name":"Conjunto El Principito de \u00c1frica"}]},{"@type":"WebSite","@id":"https:\/\/www.woezonbyessi.com\/es\/#website","url":"https:\/\/www.woezonbyessi.com\/es\/","name":"Woezon by Essi","description":"","publisher":{"@id":"https:\/\/www.woezonbyessi.com\/es\/#organization"},"potentialAction":[{"@type":"SearchAction","target":{"@type":"EntryPoint","urlTemplate":"https:\/\/www.woezonbyessi.com\/es\/?s={search_term_string}"},"query-input":{"@type":"PropertyValueSpecification","valueRequired":true,"valueName":"search_term_string"}}],"inLanguage":"es"},{"@type":"Organization","@id":"https:\/\/www.woezonbyessi.com\/es\/#organization","name":"Woezon by Essi","url":"https:\/\/www.woezonbyessi.com\/es\/","logo":{"@type":"ImageObject","inLanguage":"es","@id":"https:\/\/www.woezonbyessi.com\/es\/#\/schema\/logo\/image\/","url":"https:\/\/www.woezonbyessi.com\/wp-content\/uploads\/2025\/11\/logo-blackpng.png","contentUrl":"https:\/\/www.woezonbyessi.com\/wp-content\/uploads\/2025\/11\/logo-blackpng.png","width":600,"height":576,"caption":"Woezon by Essi"},"image":{"@id":"https:\/\/www.woezonbyessi.com\/es\/#\/schema\/logo\/image\/"},"sameAs":["https:\/\/www.facebook.com\/profile.php?id=61583006293803","https:\/\/www.instagram.com\/woezon_by_essi\/","https:\/\/www.tiktok.com\/@woezon.by.essi"]}]}},"_links":{"self":[{"href":"https:\/\/www.woezonbyessi.com\/es\/wp-json\/wp\/v2\/product\/3145","targetHints":{"allow":["GET"]}}],"collection":[{"href":"https:\/\/www.woezonbyessi.com\/es\/wp-json\/wp\/v2\/product"}],"about":[{"href":"https:\/\/www.woezonbyessi.com\/es\/wp-json\/wp\/v2\/types\/product"}],"wp:featuredmedia":[{"embeddable":true,"href":"https:\/\/www.woezonbyessi.com\/es\/wp-json\/wp\/v2\/media\/3147"}],"wp:attachment":[{"href":"https:\/\/www.woezonbyessi.com\/es\/wp-json\/wp\/v2\/media?parent=3145"}],"wp:term":[{"taxonomy":"product_brand","embeddable":true,"href":"https:\/\/www.woezonbyessi.com\/es\/wp-json\/wp\/v2\/product_brand?post=3145"},{"taxonomy":"product_cat","embeddable":true,"href":"https:\/\/www.woezonbyessi.com\/es\/wp-json\/wp\/v2\/product_cat?post=3145"},{"taxonomy":"product_tag","embeddable":true,"href":"https:\/\/www.woezonbyessi.com\/es\/wp-json\/wp\/v2\/product_tag?post=3145"}],"curies":[{"name":"wp","href":"https:\/\/api.w.org\/{rel}","templated":true}]}}