{"id":3206,"date":"2025-12-02T21:57:15","date_gmt":"2025-12-02T20:57:15","guid":{"rendered":"https:\/\/www.woezonbyessi.com\/boutique\/sin%20categor\u00eda\/sac-a-dos-voyage-evasion-naturelle\/"},"modified":"2026-02-09T14:57:45","modified_gmt":"2026-02-09T13:57:45","slug":"bolsa-mochila","status":"publish","type":"product","link":"https:\/\/www.woezonbyessi.com\/es\/shop\/coleccion-2026\/bolsa-mochila\/","title":{"rendered":"bolsa-mochila"},"content":{"rendered":"<p>Esta mochila de viaje \u00abEvasion Naturelle\u00bb combina dise\u00f1o art\u00edstico y funcionalidad. Fabricada con un tejido resistente y un revestimiento impermeable, protege eficazmente tus efectos personales en cualquier condici\u00f3n. Su exclusivo dise\u00f1o multicolor, que combina tonos verdes, negros y rojos, le confiere un estilo moderno y original. Dotada de m\u00faltiples bolsillos, una correa reforzada y cierres seguros, ofrece una gran comodidad de uso para los desplazamientos diarios, los viajes o las actividades al aire libre. Ideal para usuarios que buscan una mochila pr\u00e1ctica, duradera y est\u00e9tica.<\/p>\n<p>&nbsp;<\/p>\n","protected":false},"excerpt":{"rendered":"<p>Tipo: Mochila.<br \/>\nDise\u00f1o: Estampado tie dye artesanal.<br \/>\nColores principales: verde, gris y negro.<br \/>\nMaterial: Tejido ligero y c\u00f3modo (probablemente algod\u00f3n o mezcla de algod\u00f3n y poli\u00e9ster).<br \/>\nEstilo: Urbano, moderno, streetwear, veraniego.<br \/>\nTemporada: Ideal para primavera y verano.<br \/>\nUso: Accesorio de viaje, ropa informal o elegante.<br \/>\nCuidados: Se recomienda lavado suave.<br \/>\nParticularidad: Cada estampado tie &amp; dye es \u00fanico gracias a su t\u00e9cnica de te\u00f1ido irregular.<\/p>\n","protected":false},"featured_media":3207,"template":"","meta":[],"product_brand":[],"product_cat":[224,223],"product_tag":[],"class_list":{"0":"post-3206","1":"product","2":"type-product","3":"status-publish","4":"has-post-thumbnail","6":"product_cat-accesorios","7":"product_cat-coleccion-2026","9":"first","10":"instock","11":"shipping-taxable","12":"purchasable","13":"product-type-variable"},"yoast_head":"<!-- This site is optimized with the Yoast SEO plugin v27.5 - https:\/\/yoast.com\/product\/yoast-seo-wordpress\/ -->\n<title>bolsa-mochila | Woezon by Essi<\/title>\n<meta name=\"description\" content=\"Sac \u00e0 dos au desing inspir\u00e9 de la nature,tissu artisanal imprim\u00e9 vert et noiravec d\u00e9tail soign\u00e9s. Un accessoire moderne, fonctionnel et styl\u00e9.\" \/>\n<meta name=\"robots\" content=\"index, follow, max-snippet:-1, max-image-preview:large, max-video-preview:-1\" \/>\n<link rel=\"canonical\" href=\"https:\/\/www.woezonbyessi.com\/es\/shop\/coleccion-2026\/bolsa-mochila\/\" \/>\n<meta property=\"og:locale\" content=\"es_ES\" \/>\n<meta property=\"og:type\" content=\"article\" \/>\n<meta property=\"og:title\" content=\"bolsa-mochila | Woezon by Essi\" \/>\n<meta property=\"og:description\" content=\"Sac \u00e0 dos au desing inspir\u00e9 de la nature,tissu artisanal imprim\u00e9 vert et noiravec d\u00e9tail soign\u00e9s. Un accessoire moderne, fonctionnel et styl\u00e9.\" \/>\n<meta property=\"og:url\" content=\"https:\/\/www.woezonbyessi.com\/es\/shop\/coleccion-2026\/bolsa-mochila\/\" \/>\n<meta property=\"og:site_name\" content=\"Woezon by Essi\" \/>\n<meta property=\"article:publisher\" content=\"https:\/\/www.facebook.com\/profile.php?id=61583006293803\" \/>\n<meta property=\"article:modified_time\" content=\"2026-02-09T13:57:45+00:00\" \/>\n<meta property=\"og:image\" content=\"https:\/\/www.woezonbyessi.com\/wp-content\/uploads\/2025\/12\/sac-a-dos-3-rotated.jpg\" \/>\n\t<meta property=\"og:image:width\" content=\"554\" \/>\n\t<meta property=\"og:image:height\" content=\"1200\" \/>\n\t<meta property=\"og:image:type\" content=\"image\/jpeg\" \/>\n<meta name=\"twitter:card\" content=\"summary_large_image\" \/>\n<script type=\"application\/ld+json\" class=\"yoast-schema-graph\">{\"@context\":\"https:\\\/\\\/schema.org\",\"@graph\":[{\"@type\":\"WebPage\",\"@id\":\"https:\\\/\\\/www.woezonbyessi.com\\\/es\\\/shop\\\/coleccion-2026\\\/bolsa-mochila\\\/\",\"url\":\"https:\\\/\\\/www.woezonbyessi.com\\\/es\\\/shop\\\/coleccion-2026\\\/bolsa-mochila\\\/\",\"name\":\"bolsa-mochila | Woezon by Essi\",\"isPartOf\":{\"@id\":\"https:\\\/\\\/www.woezonbyessi.com\\\/es\\\/#website\"},\"primaryImageOfPage\":{\"@id\":\"https:\\\/\\\/www.woezonbyessi.com\\\/es\\\/shop\\\/coleccion-2026\\\/bolsa-mochila\\\/#primaryimage\"},\"image\":{\"@id\":\"https:\\\/\\\/www.woezonbyessi.com\\\/es\\\/shop\\\/coleccion-2026\\\/bolsa-mochila\\\/#primaryimage\"},\"thumbnailUrl\":\"https:\\\/\\\/www.woezonbyessi.com\\\/wp-content\\\/uploads\\\/2025\\\/12\\\/sac-a-dos-3-rotated.jpg\",\"datePublished\":\"2025-12-02T20:57:15+00:00\",\"dateModified\":\"2026-02-09T13:57:45+00:00\",\"description\":\"Sac \u00e0 dos au desing inspir\u00e9 de la nature,tissu artisanal imprim\u00e9 vert et noiravec d\u00e9tail soign\u00e9s. Un accessoire moderne, fonctionnel et styl\u00e9.\",\"breadcrumb\":{\"@id\":\"https:\\\/\\\/www.woezonbyessi.com\\\/es\\\/shop\\\/coleccion-2026\\\/bolsa-mochila\\\/#breadcrumb\"},\"inLanguage\":\"es\",\"potentialAction\":[{\"@type\":\"ReadAction\",\"target\":[\"https:\\\/\\\/www.woezonbyessi.com\\\/es\\\/shop\\\/coleccion-2026\\\/bolsa-mochila\\\/\"]}]},{\"@type\":\"ImageObject\",\"inLanguage\":\"es\",\"@id\":\"https:\\\/\\\/www.woezonbyessi.com\\\/es\\\/shop\\\/coleccion-2026\\\/bolsa-mochila\\\/#primaryimage\",\"url\":\"https:\\\/\\\/www.woezonbyessi.com\\\/wp-content\\\/uploads\\\/2025\\\/12\\\/sac-a-dos-3-rotated.jpg\",\"contentUrl\":\"https:\\\/\\\/www.woezonbyessi.com\\\/wp-content\\\/uploads\\\/2025\\\/12\\\/sac-a-dos-3-rotated.jpg\",\"width\":554,\"height\":1200},{\"@type\":\"BreadcrumbList\",\"@id\":\"https:\\\/\\\/www.woezonbyessi.com\\\/es\\\/shop\\\/coleccion-2026\\\/bolsa-mochila\\\/#breadcrumb\",\"itemListElement\":[{\"@type\":\"ListItem\",\"position\":1,\"name\":\"Inicio\",\"item\":\"https:\\\/\\\/www.woezonbyessi.com\\\/es\\\/\"},{\"@type\":\"ListItem\",\"position\":2,\"name\":\"Tienda\",\"item\":\"https:\\\/\\\/www.woezonbyessi.com\\\/es\\\/tienda\\\/\"},{\"@type\":\"ListItem\",\"position\":3,\"name\":\"Accesorios\",\"item\":\"https:\\\/\\\/www.woezonbyessi.com\\\/es\\\/categoria-producto\\\/accesorios\\\/\"},{\"@type\":\"ListItem\",\"position\":4,\"name\":\"bolsa-mochila\"}]},{\"@type\":\"WebSite\",\"@id\":\"https:\\\/\\\/www.woezonbyessi.com\\\/es\\\/#website\",\"url\":\"https:\\\/\\\/www.woezonbyessi.com\\\/es\\\/\",\"name\":\"Woezon by Essi\",\"description\":\"\",\"publisher\":{\"@id\":\"https:\\\/\\\/www.woezonbyessi.com\\\/es\\\/#organization\"},\"potentialAction\":[{\"@type\":\"SearchAction\",\"target\":{\"@type\":\"EntryPoint\",\"urlTemplate\":\"https:\\\/\\\/www.woezonbyessi.com\\\/es\\\/?s={search_term_string}\"},\"query-input\":{\"@type\":\"PropertyValueSpecification\",\"valueRequired\":true,\"valueName\":\"search_term_string\"}}],\"inLanguage\":\"es\"},{\"@type\":\"Organization\",\"@id\":\"https:\\\/\\\/www.woezonbyessi.com\\\/es\\\/#organization\",\"name\":\"Woezon by Essi\",\"url\":\"https:\\\/\\\/www.woezonbyessi.com\\\/es\\\/\",\"logo\":{\"@type\":\"ImageObject\",\"inLanguage\":\"es\",\"@id\":\"https:\\\/\\\/www.woezonbyessi.com\\\/es\\\/#\\\/schema\\\/logo\\\/image\\\/\",\"url\":\"https:\\\/\\\/www.woezonbyessi.com\\\/wp-content\\\/uploads\\\/2025\\\/11\\\/logo-blackpng.png\",\"contentUrl\":\"https:\\\/\\\/www.woezonbyessi.com\\\/wp-content\\\/uploads\\\/2025\\\/11\\\/logo-blackpng.png\",\"width\":600,\"height\":576,\"caption\":\"Woezon by Essi\"},\"image\":{\"@id\":\"https:\\\/\\\/www.woezonbyessi.com\\\/es\\\/#\\\/schema\\\/logo\\\/image\\\/\"},\"sameAs\":[\"https:\\\/\\\/www.facebook.com\\\/profile.php?id=61583006293803\",\"https:\\\/\\\/www.instagram.com\\\/woezon_by_essi\\\/\",\"https:\\\/\\\/www.tiktok.com\\\/@woezon.by.essi\"]}]}<\/script>\n<!-- \/ Yoast SEO plugin. -->","yoast_head_json":{"title":"bolsa-mochila | Woezon by Essi","description":"Sac \u00e0 dos au desing inspir\u00e9 de la nature,tissu artisanal imprim\u00e9 vert et noiravec d\u00e9tail soign\u00e9s. Un accessoire moderne, fonctionnel et styl\u00e9.","robots":{"index":"index","follow":"follow","max-snippet":"max-snippet:-1","max-image-preview":"max-image-preview:large","max-video-preview":"max-video-preview:-1"},"canonical":"https:\/\/www.woezonbyessi.com\/es\/shop\/coleccion-2026\/bolsa-mochila\/","og_locale":"es_ES","og_type":"article","og_title":"bolsa-mochila | Woezon by Essi","og_description":"Sac \u00e0 dos au desing inspir\u00e9 de la nature,tissu artisanal imprim\u00e9 vert et noiravec d\u00e9tail soign\u00e9s. Un accessoire moderne, fonctionnel et styl\u00e9.","og_url":"https:\/\/www.woezonbyessi.com\/es\/shop\/coleccion-2026\/bolsa-mochila\/","og_site_name":"Woezon by Essi","article_publisher":"https:\/\/www.facebook.com\/profile.php?id=61583006293803","article_modified_time":"2026-02-09T13:57:45+00:00","og_image":[{"width":554,"height":1200,"url":"https:\/\/www.woezonbyessi.com\/wp-content\/uploads\/2025\/12\/sac-a-dos-3-rotated.jpg","type":"image\/jpeg"}],"twitter_card":"summary_large_image","schema":{"@context":"https:\/\/schema.org","@graph":[{"@type":"WebPage","@id":"https:\/\/www.woezonbyessi.com\/es\/shop\/coleccion-2026\/bolsa-mochila\/","url":"https:\/\/www.woezonbyessi.com\/es\/shop\/coleccion-2026\/bolsa-mochila\/","name":"bolsa-mochila | Woezon by Essi","isPartOf":{"@id":"https:\/\/www.woezonbyessi.com\/es\/#website"},"primaryImageOfPage":{"@id":"https:\/\/www.woezonbyessi.com\/es\/shop\/coleccion-2026\/bolsa-mochila\/#primaryimage"},"image":{"@id":"https:\/\/www.woezonbyessi.com\/es\/shop\/coleccion-2026\/bolsa-mochila\/#primaryimage"},"thumbnailUrl":"https:\/\/www.woezonbyessi.com\/wp-content\/uploads\/2025\/12\/sac-a-dos-3-rotated.jpg","datePublished":"2025-12-02T20:57:15+00:00","dateModified":"2026-02-09T13:57:45+00:00","description":"Sac \u00e0 dos au desing inspir\u00e9 de la nature,tissu artisanal imprim\u00e9 vert et noiravec d\u00e9tail soign\u00e9s. Un accessoire moderne, fonctionnel et styl\u00e9.","breadcrumb":{"@id":"https:\/\/www.woezonbyessi.com\/es\/shop\/coleccion-2026\/bolsa-mochila\/#breadcrumb"},"inLanguage":"es","potentialAction":[{"@type":"ReadAction","target":["https:\/\/www.woezonbyessi.com\/es\/shop\/coleccion-2026\/bolsa-mochila\/"]}]},{"@type":"ImageObject","inLanguage":"es","@id":"https:\/\/www.woezonbyessi.com\/es\/shop\/coleccion-2026\/bolsa-mochila\/#primaryimage","url":"https:\/\/www.woezonbyessi.com\/wp-content\/uploads\/2025\/12\/sac-a-dos-3-rotated.jpg","contentUrl":"https:\/\/www.woezonbyessi.com\/wp-content\/uploads\/2025\/12\/sac-a-dos-3-rotated.jpg","width":554,"height":1200},{"@type":"BreadcrumbList","@id":"https:\/\/www.woezonbyessi.com\/es\/shop\/coleccion-2026\/bolsa-mochila\/#breadcrumb","itemListElement":[{"@type":"ListItem","position":1,"name":"Inicio","item":"https:\/\/www.woezonbyessi.com\/es\/"},{"@type":"ListItem","position":2,"name":"Tienda","item":"https:\/\/www.woezonbyessi.com\/es\/tienda\/"},{"@type":"ListItem","position":3,"name":"Accesorios","item":"https:\/\/www.woezonbyessi.com\/es\/categoria-producto\/accesorios\/"},{"@type":"ListItem","position":4,"name":"bolsa-mochila"}]},{"@type":"WebSite","@id":"https:\/\/www.woezonbyessi.com\/es\/#website","url":"https:\/\/www.woezonbyessi.com\/es\/","name":"Woezon by Essi","description":"","publisher":{"@id":"https:\/\/www.woezonbyessi.com\/es\/#organization"},"potentialAction":[{"@type":"SearchAction","target":{"@type":"EntryPoint","urlTemplate":"https:\/\/www.woezonbyessi.com\/es\/?s={search_term_string}"},"query-input":{"@type":"PropertyValueSpecification","valueRequired":true,"valueName":"search_term_string"}}],"inLanguage":"es"},{"@type":"Organization","@id":"https:\/\/www.woezonbyessi.com\/es\/#organization","name":"Woezon by Essi","url":"https:\/\/www.woezonbyessi.com\/es\/","logo":{"@type":"ImageObject","inLanguage":"es","@id":"https:\/\/www.woezonbyessi.com\/es\/#\/schema\/logo\/image\/","url":"https:\/\/www.woezonbyessi.com\/wp-content\/uploads\/2025\/11\/logo-blackpng.png","contentUrl":"https:\/\/www.woezonbyessi.com\/wp-content\/uploads\/2025\/11\/logo-blackpng.png","width":600,"height":576,"caption":"Woezon by Essi"},"image":{"@id":"https:\/\/www.woezonbyessi.com\/es\/#\/schema\/logo\/image\/"},"sameAs":["https:\/\/www.facebook.com\/profile.php?id=61583006293803","https:\/\/www.instagram.com\/woezon_by_essi\/","https:\/\/www.tiktok.com\/@woezon.by.essi"]}]}},"_links":{"self":[{"href":"https:\/\/www.woezonbyessi.com\/es\/wp-json\/wp\/v2\/product\/3206","targetHints":{"allow":["GET"]}}],"collection":[{"href":"https:\/\/www.woezonbyessi.com\/es\/wp-json\/wp\/v2\/product"}],"about":[{"href":"https:\/\/www.woezonbyessi.com\/es\/wp-json\/wp\/v2\/types\/product"}],"wp:featuredmedia":[{"embeddable":true,"href":"https:\/\/www.woezonbyessi.com\/es\/wp-json\/wp\/v2\/media\/3207"}],"wp:attachment":[{"href":"https:\/\/www.woezonbyessi.com\/es\/wp-json\/wp\/v2\/media?parent=3206"}],"wp:term":[{"taxonomy":"product_brand","embeddable":true,"href":"https:\/\/www.woezonbyessi.com\/es\/wp-json\/wp\/v2\/product_brand?post=3206"},{"taxonomy":"product_cat","embeddable":true,"href":"https:\/\/www.woezonbyessi.com\/es\/wp-json\/wp\/v2\/product_cat?post=3206"},{"taxonomy":"product_tag","embeddable":true,"href":"https:\/\/www.woezonbyessi.com\/es\/wp-json\/wp\/v2\/product_tag?post=3206"}],"curies":[{"name":"wp","href":"https:\/\/api.w.org\/{rel}","templated":true}]}}