{"id":3361,"date":"2026-02-12T12:50:29","date_gmt":"2026-02-12T11:50:29","guid":{"rendered":"https:\/\/www.woezonbyessi.com\/?post_type=product&#038;p=3361"},"modified":"2026-03-09T12:14:24","modified_gmt":"2026-03-09T11:14:24","slug":"vestido-de-algodon","status":"publish","type":"product","link":"https:\/\/www.woezonbyessi.com\/es\/shop\/mujer\/vestidos\/vestido-de-algodon\/","title":{"rendered":"Vestido de algod\u00f3n"},"content":{"rendered":"<p><span class=\"knownFragmentElementNode\">Descubre este vestido largo de verano de estilo chic y desenfadado, perfecto para realzar tus d\u00edas soleados. <\/span><span class=\"knownFragmentElementNode\">Confeccionada en un tejido ligero de algod\u00f3n, esta prenda ofrece una ca\u00edda fluida y una comodidad incomparable, ideal para climas c\u00e1lidos. <\/span><span class=\"knownFragmentElementNode\">Su corte acampanado realza todas las siluetas, mientras que su estampado floral sobre un fondo marr\u00f3n claro aporta un toque suave y femenino. <\/span><span class=\"knownFragmentElementNode\">La parte superior con tirantes anudados alrededor del cuello revela sutilmente los hombros, a\u00f1adiendo una nota sensual y elegante. <\/span><span class=\"knownFragmentElementNode\">Una discreta abertura en la parte delantera completa el look, combinando refinamiento y modernidad. <\/span><span class=\"knownFragmentElementNode\">Este vestido es la elecci\u00f3n perfecta para tus salidas de verano, vacaciones, noches junto al mar o brunchs informales. <\/span><span class=\"knownFragmentElementNode\">Comb\u00ednalo con sandalias planas o de tac\u00f3n para un estilo natural y moderno.<\/span><\/p>\n<p>&nbsp;<\/p>\n<div class=\"Xx7Mif E5eFb CTOaxb zLSRge\">\n<div id=\"searchform\" class=\"CvDJxb YNk70c\">\n<div class=\"NDnoQ P3mIxe\">\n<form id=\"tsf\" class=\"tsf\" role=\"search\" action=\"https:\/\/www.google.com\/search\" autocomplete=\"off\" method=\"GET\" name=\"f\" data-submitfalse=\"q\">\n<div>\n<div class=\"A8SBwf\" data-alt=\"true\" data-biboe=\"false\" data-hp=\"false\">\n<div class=\"RNNXgb\" data-ved=\"0ahUKEwjX5_ag6tSSAxUbdqQEHfYhGx4Q3tUDCAw\">\n<div class=\"SDkEP\">\n<div class=\"fM33ce dRYYxd\">\n<div class=\"BKRPef\"><\/div>\n<div class=\"WC2Die\">\n<div class=\"XDyW0e\" tabindex=\"0\" role=\"button\" aria-label=\"Utiliser la recherche vocale\" data-ved=\"0ahUKEwjX5_ag6tSSAxUbdqQEHfYhGx4Qvs8DCBE\"><\/div>\n<div class=\"nDcEnd\" tabindex=\"0\" role=\"button\" data-base-lens-url=\"https:\/\/lens.google.com\" data-is-images-mode=\"false\" data-propagated-experiment-ids=\"\" aria-label=\"Rechercher par image\" data-ved=\"0ahUKEwjX5_ag6tSSAxUbdqQEHfYhGx4QhqEICBI\"><\/div>\n<\/div>\n<\/div>\n<\/div>\n<div class=\"zgAlFc\"><\/div>\n<div class=\"M8H8pb\" data-ved=\"0ahUKEwjX5_ag6tSSAxUbdqQEHfYhGx4Q4d8ICBQ\"><\/div>\n<\/div>\n<div id=\"_Hj2OadfgKpvskdUP9sPs8AE_3\"><\/div>\n<\/div>\n<div><\/div>\n<\/div>\n<div id=\"tophf\"><\/div>\n<\/form>\n<div class=\"Q3DXx Efnghe\">\n<div class=\"uZkjhb\" data-ved=\"0ahUKEwjX5_ag6tSSAxUbdqQEHfYhGx4QnJQPCB8\">\n<header id=\"gb\" class=\"gb_y gb_Dd\" role=\"none\">\n<div id=\"gbwa\" class=\"gb_J gb_vd gb_1\" data-ogsr-fb=\"true\" data-ogsr-alt=\"\">\n<div class=\"gb_D\"><\/div>\n<\/div>\n<div class=\"gb_z\" data-ogsr-up=\"\">\n<div class=\"gb_P\"><\/div>\n<\/div>\n<\/header>\n<\/div>\n<\/div>\n<\/div>\n<\/div>\n<\/div>\n","protected":false},"excerpt":{"rendered":"<p><span class=\"knownFragmentElementNode\"><b><strong class=\"\ud83d\udc3c-fw_bold\">\u2714\ufe0f <\/strong><\/b>Vestido largo estampado<br \/>\n<\/span><span class=\"knownFragmentElementNode\"><b><strong class=\"\ud83d\udc3c-fw_bold\">\u2714\ufe0f <\/strong><\/b>100\u00a0\u200b% algod\u00f3n suave y transpirable<br \/>\n<\/span><span class=\"knownFragmentElementNode\"><b><strong class=\"\ud83d\udc3c-fw_bold\">\u2714\ufe0f\u00a0\u200b\u200b<\/strong><\/b>Estampado floral blanco sobre fondo marr\u00f3n claro<br \/>\n<\/span><span class=\"knownFragmentElementNode\"><b><strong class=\"\ud83d\udc3c-fw_bold\">\u2714\ufe0f\u00a0\u200bCorte:<\/strong><\/b> ajustado a la cintura y acampanado<br \/>\n<\/span><span class=\"knownFragmentElementNode\">\u2714\ufe0f\u00a0\u200b\u200b<b><strong class=\"\ud83d\udc3c-fw_bold\">Escote:<\/strong><\/b> Halter (tirantes alrededor del cuello)<br \/>\n<\/span><span class=\"knownFragmentElementNode\"><b><strong class=\"\ud83d\udc3c-fw_bold\">\u2714\ufe0f\u00a0\u200bLargo:<\/strong><\/b> tobillo<br \/>\n<b><strong class=\"\ud83d\udc3c-fw_bold\"> \u2714\ufe0f\u00a0\u200bEstilo:<\/strong><\/b> informal, bohemio chic, veraniego<br \/>\n<\/span><span class=\"knownFragmentElementNode\"><b><strong class=\"\ud83d\udc3c-fw_bold\">\u2714\ufe0f\u00a0\u200bOcasiones:<\/strong><\/b> salidas, playa, vacaciones, paseos, eventos informales<\/span><\/p>\n<p data-start=\"1049\" data-end=\"1094\">\n","protected":false},"featured_media":3351,"template":"","meta":[],"product_brand":[],"product_cat":[223,287],"product_tag":[],"class_list":{"0":"post-3361","1":"product","2":"type-product","3":"status-publish","4":"has-post-thumbnail","6":"product_cat-coleccion-2026","7":"product_cat-vestidos","9":"first","10":"instock","11":"purchasable","12":"product-type-variable"},"yoast_head":"<!-- This site is optimized with the Yoast SEO plugin v27.5 - https:\/\/yoast.com\/product\/yoast-seo-wordpress\/ -->\n<title>Vestido de algod\u00f3n | Woezon by Essi<\/title>\n<meta name=\"description\" content=\"Vestido largo de verano de mujer en algod\u00f3n ligero, estampado floral sobre fondo marr\u00f3n claro, corte acampanado con tirantes. Estilo chic y desenfadado.\" \/>\n<meta name=\"robots\" content=\"index, follow, max-snippet:-1, max-image-preview:large, max-video-preview:-1\" \/>\n<link rel=\"canonical\" href=\"https:\/\/www.woezonbyessi.com\/es\/shop\/mujer\/vestidos\/vestido-de-algodon\/\" \/>\n<meta property=\"og:locale\" content=\"es_ES\" \/>\n<meta property=\"og:type\" content=\"article\" \/>\n<meta property=\"og:title\" content=\"Vestido de algod\u00f3n | Woezon by Essi\" \/>\n<meta property=\"og:description\" content=\"Vestido largo de verano de mujer en algod\u00f3n ligero, estampado floral sobre fondo marr\u00f3n claro, corte acampanado con tirantes. Estilo chic y desenfadado.\" \/>\n<meta property=\"og:url\" content=\"https:\/\/www.woezonbyessi.com\/es\/shop\/mujer\/vestidos\/vestido-de-algodon\/\" \/>\n<meta property=\"og:site_name\" content=\"Woezon by Essi\" \/>\n<meta property=\"article:publisher\" content=\"https:\/\/www.facebook.com\/profile.php?id=61583006293803\" \/>\n<meta property=\"article:modified_time\" content=\"2026-03-09T11:14:24+00:00\" \/>\n<meta property=\"og:image\" content=\"https:\/\/www.woezonbyessi.com\/wp-content\/uploads\/2025\/11\/robe-le-cotonier-1.jpg\" \/>\n\t<meta property=\"og:image:width\" content=\"960\" \/>\n\t<meta property=\"og:image:height\" content=\"1200\" \/>\n\t<meta property=\"og:image:type\" content=\"image\/jpeg\" \/>\n<meta name=\"twitter:card\" content=\"summary_large_image\" \/>\n<script type=\"application\/ld+json\" class=\"yoast-schema-graph\">{\"@context\":\"https:\\\/\\\/schema.org\",\"@graph\":[{\"@type\":\"WebPage\",\"@id\":\"https:\\\/\\\/www.woezonbyessi.com\\\/es\\\/shop\\\/mujer\\\/vestidos\\\/vestido-de-algodon\\\/\",\"url\":\"https:\\\/\\\/www.woezonbyessi.com\\\/es\\\/shop\\\/mujer\\\/vestidos\\\/vestido-de-algodon\\\/\",\"name\":\"Vestido de algod\u00f3n | Woezon by Essi\",\"isPartOf\":{\"@id\":\"https:\\\/\\\/www.woezonbyessi.com\\\/es\\\/#website\"},\"primaryImageOfPage\":{\"@id\":\"https:\\\/\\\/www.woezonbyessi.com\\\/es\\\/shop\\\/mujer\\\/vestidos\\\/vestido-de-algodon\\\/#primaryimage\"},\"image\":{\"@id\":\"https:\\\/\\\/www.woezonbyessi.com\\\/es\\\/shop\\\/mujer\\\/vestidos\\\/vestido-de-algodon\\\/#primaryimage\"},\"thumbnailUrl\":\"https:\\\/\\\/www.woezonbyessi.com\\\/wp-content\\\/uploads\\\/2025\\\/11\\\/robe-le-cotonier-1.jpg\",\"datePublished\":\"2026-02-12T11:50:29+00:00\",\"dateModified\":\"2026-03-09T11:14:24+00:00\",\"description\":\"Vestido largo de verano de mujer en algod\u00f3n ligero, estampado floral sobre fondo marr\u00f3n claro, corte acampanado con tirantes. Estilo chic y desenfadado.\",\"breadcrumb\":{\"@id\":\"https:\\\/\\\/www.woezonbyessi.com\\\/es\\\/shop\\\/mujer\\\/vestidos\\\/vestido-de-algodon\\\/#breadcrumb\"},\"inLanguage\":\"es\",\"potentialAction\":[{\"@type\":\"ReadAction\",\"target\":[\"https:\\\/\\\/www.woezonbyessi.com\\\/es\\\/shop\\\/mujer\\\/vestidos\\\/vestido-de-algodon\\\/\"]}]},{\"@type\":\"ImageObject\",\"inLanguage\":\"es\",\"@id\":\"https:\\\/\\\/www.woezonbyessi.com\\\/es\\\/shop\\\/mujer\\\/vestidos\\\/vestido-de-algodon\\\/#primaryimage\",\"url\":\"https:\\\/\\\/www.woezonbyessi.com\\\/wp-content\\\/uploads\\\/2025\\\/11\\\/robe-le-cotonier-1.jpg\",\"contentUrl\":\"https:\\\/\\\/www.woezonbyessi.com\\\/wp-content\\\/uploads\\\/2025\\\/11\\\/robe-le-cotonier-1.jpg\",\"width\":960,\"height\":1200,\"caption\":\"Robe Cotonier\"},{\"@type\":\"BreadcrumbList\",\"@id\":\"https:\\\/\\\/www.woezonbyessi.com\\\/es\\\/shop\\\/mujer\\\/vestidos\\\/vestido-de-algodon\\\/#breadcrumb\",\"itemListElement\":[{\"@type\":\"ListItem\",\"position\":1,\"name\":\"Inicio\",\"item\":\"https:\\\/\\\/www.woezonbyessi.com\\\/es\\\/\"},{\"@type\":\"ListItem\",\"position\":2,\"name\":\"Tienda\",\"item\":\"https:\\\/\\\/www.woezonbyessi.com\\\/es\\\/tienda\\\/\"},{\"@type\":\"ListItem\",\"position\":3,\"name\":\"Mujer\",\"item\":\"https:\\\/\\\/www.woezonbyessi.com\\\/es\\\/categoria-producto\\\/mujer\\\/\"},{\"@type\":\"ListItem\",\"position\":4,\"name\":\"Vestidos\",\"item\":\"https:\\\/\\\/www.woezonbyessi.com\\\/es\\\/categoria-producto\\\/mujer\\\/vestidos\\\/\"},{\"@type\":\"ListItem\",\"position\":5,\"name\":\"Vestido de algod\u00f3n\"}]},{\"@type\":\"WebSite\",\"@id\":\"https:\\\/\\\/www.woezonbyessi.com\\\/es\\\/#website\",\"url\":\"https:\\\/\\\/www.woezonbyessi.com\\\/es\\\/\",\"name\":\"Woezon by Essi\",\"description\":\"\",\"publisher\":{\"@id\":\"https:\\\/\\\/www.woezonbyessi.com\\\/es\\\/#organization\"},\"potentialAction\":[{\"@type\":\"SearchAction\",\"target\":{\"@type\":\"EntryPoint\",\"urlTemplate\":\"https:\\\/\\\/www.woezonbyessi.com\\\/es\\\/?s={search_term_string}\"},\"query-input\":{\"@type\":\"PropertyValueSpecification\",\"valueRequired\":true,\"valueName\":\"search_term_string\"}}],\"inLanguage\":\"es\"},{\"@type\":\"Organization\",\"@id\":\"https:\\\/\\\/www.woezonbyessi.com\\\/es\\\/#organization\",\"name\":\"Woezon by Essi\",\"url\":\"https:\\\/\\\/www.woezonbyessi.com\\\/es\\\/\",\"logo\":{\"@type\":\"ImageObject\",\"inLanguage\":\"es\",\"@id\":\"https:\\\/\\\/www.woezonbyessi.com\\\/es\\\/#\\\/schema\\\/logo\\\/image\\\/\",\"url\":\"https:\\\/\\\/www.woezonbyessi.com\\\/wp-content\\\/uploads\\\/2025\\\/11\\\/logo-blackpng.png\",\"contentUrl\":\"https:\\\/\\\/www.woezonbyessi.com\\\/wp-content\\\/uploads\\\/2025\\\/11\\\/logo-blackpng.png\",\"width\":600,\"height\":576,\"caption\":\"Woezon by Essi\"},\"image\":{\"@id\":\"https:\\\/\\\/www.woezonbyessi.com\\\/es\\\/#\\\/schema\\\/logo\\\/image\\\/\"},\"sameAs\":[\"https:\\\/\\\/www.facebook.com\\\/profile.php?id=61583006293803\",\"https:\\\/\\\/www.instagram.com\\\/woezon_by_essi\\\/\",\"https:\\\/\\\/www.tiktok.com\\\/@woezon.by.essi\"]}]}<\/script>\n<!-- \/ Yoast SEO plugin. -->","yoast_head_json":{"title":"Vestido de algod\u00f3n | Woezon by Essi","description":"Vestido largo de verano de mujer en algod\u00f3n ligero, estampado floral sobre fondo marr\u00f3n claro, corte acampanado con tirantes. Estilo chic y desenfadado.","robots":{"index":"index","follow":"follow","max-snippet":"max-snippet:-1","max-image-preview":"max-image-preview:large","max-video-preview":"max-video-preview:-1"},"canonical":"https:\/\/www.woezonbyessi.com\/es\/shop\/mujer\/vestidos\/vestido-de-algodon\/","og_locale":"es_ES","og_type":"article","og_title":"Vestido de algod\u00f3n | Woezon by Essi","og_description":"Vestido largo de verano de mujer en algod\u00f3n ligero, estampado floral sobre fondo marr\u00f3n claro, corte acampanado con tirantes. Estilo chic y desenfadado.","og_url":"https:\/\/www.woezonbyessi.com\/es\/shop\/mujer\/vestidos\/vestido-de-algodon\/","og_site_name":"Woezon by Essi","article_publisher":"https:\/\/www.facebook.com\/profile.php?id=61583006293803","article_modified_time":"2026-03-09T11:14:24+00:00","og_image":[{"width":960,"height":1200,"url":"https:\/\/www.woezonbyessi.com\/wp-content\/uploads\/2025\/11\/robe-le-cotonier-1.jpg","type":"image\/jpeg"}],"twitter_card":"summary_large_image","schema":{"@context":"https:\/\/schema.org","@graph":[{"@type":"WebPage","@id":"https:\/\/www.woezonbyessi.com\/es\/shop\/mujer\/vestidos\/vestido-de-algodon\/","url":"https:\/\/www.woezonbyessi.com\/es\/shop\/mujer\/vestidos\/vestido-de-algodon\/","name":"Vestido de algod\u00f3n | Woezon by Essi","isPartOf":{"@id":"https:\/\/www.woezonbyessi.com\/es\/#website"},"primaryImageOfPage":{"@id":"https:\/\/www.woezonbyessi.com\/es\/shop\/mujer\/vestidos\/vestido-de-algodon\/#primaryimage"},"image":{"@id":"https:\/\/www.woezonbyessi.com\/es\/shop\/mujer\/vestidos\/vestido-de-algodon\/#primaryimage"},"thumbnailUrl":"https:\/\/www.woezonbyessi.com\/wp-content\/uploads\/2025\/11\/robe-le-cotonier-1.jpg","datePublished":"2026-02-12T11:50:29+00:00","dateModified":"2026-03-09T11:14:24+00:00","description":"Vestido largo de verano de mujer en algod\u00f3n ligero, estampado floral sobre fondo marr\u00f3n claro, corte acampanado con tirantes. Estilo chic y desenfadado.","breadcrumb":{"@id":"https:\/\/www.woezonbyessi.com\/es\/shop\/mujer\/vestidos\/vestido-de-algodon\/#breadcrumb"},"inLanguage":"es","potentialAction":[{"@type":"ReadAction","target":["https:\/\/www.woezonbyessi.com\/es\/shop\/mujer\/vestidos\/vestido-de-algodon\/"]}]},{"@type":"ImageObject","inLanguage":"es","@id":"https:\/\/www.woezonbyessi.com\/es\/shop\/mujer\/vestidos\/vestido-de-algodon\/#primaryimage","url":"https:\/\/www.woezonbyessi.com\/wp-content\/uploads\/2025\/11\/robe-le-cotonier-1.jpg","contentUrl":"https:\/\/www.woezonbyessi.com\/wp-content\/uploads\/2025\/11\/robe-le-cotonier-1.jpg","width":960,"height":1200,"caption":"Robe Cotonier"},{"@type":"BreadcrumbList","@id":"https:\/\/www.woezonbyessi.com\/es\/shop\/mujer\/vestidos\/vestido-de-algodon\/#breadcrumb","itemListElement":[{"@type":"ListItem","position":1,"name":"Inicio","item":"https:\/\/www.woezonbyessi.com\/es\/"},{"@type":"ListItem","position":2,"name":"Tienda","item":"https:\/\/www.woezonbyessi.com\/es\/tienda\/"},{"@type":"ListItem","position":3,"name":"Mujer","item":"https:\/\/www.woezonbyessi.com\/es\/categoria-producto\/mujer\/"},{"@type":"ListItem","position":4,"name":"Vestidos","item":"https:\/\/www.woezonbyessi.com\/es\/categoria-producto\/mujer\/vestidos\/"},{"@type":"ListItem","position":5,"name":"Vestido de algod\u00f3n"}]},{"@type":"WebSite","@id":"https:\/\/www.woezonbyessi.com\/es\/#website","url":"https:\/\/www.woezonbyessi.com\/es\/","name":"Woezon by Essi","description":"","publisher":{"@id":"https:\/\/www.woezonbyessi.com\/es\/#organization"},"potentialAction":[{"@type":"SearchAction","target":{"@type":"EntryPoint","urlTemplate":"https:\/\/www.woezonbyessi.com\/es\/?s={search_term_string}"},"query-input":{"@type":"PropertyValueSpecification","valueRequired":true,"valueName":"search_term_string"}}],"inLanguage":"es"},{"@type":"Organization","@id":"https:\/\/www.woezonbyessi.com\/es\/#organization","name":"Woezon by Essi","url":"https:\/\/www.woezonbyessi.com\/es\/","logo":{"@type":"ImageObject","inLanguage":"es","@id":"https:\/\/www.woezonbyessi.com\/es\/#\/schema\/logo\/image\/","url":"https:\/\/www.woezonbyessi.com\/wp-content\/uploads\/2025\/11\/logo-blackpng.png","contentUrl":"https:\/\/www.woezonbyessi.com\/wp-content\/uploads\/2025\/11\/logo-blackpng.png","width":600,"height":576,"caption":"Woezon by Essi"},"image":{"@id":"https:\/\/www.woezonbyessi.com\/es\/#\/schema\/logo\/image\/"},"sameAs":["https:\/\/www.facebook.com\/profile.php?id=61583006293803","https:\/\/www.instagram.com\/woezon_by_essi\/","https:\/\/www.tiktok.com\/@woezon.by.essi"]}]}},"_links":{"self":[{"href":"https:\/\/www.woezonbyessi.com\/es\/wp-json\/wp\/v2\/product\/3361","targetHints":{"allow":["GET"]}}],"collection":[{"href":"https:\/\/www.woezonbyessi.com\/es\/wp-json\/wp\/v2\/product"}],"about":[{"href":"https:\/\/www.woezonbyessi.com\/es\/wp-json\/wp\/v2\/types\/product"}],"wp:featuredmedia":[{"embeddable":true,"href":"https:\/\/www.woezonbyessi.com\/es\/wp-json\/wp\/v2\/media\/3351"}],"wp:attachment":[{"href":"https:\/\/www.woezonbyessi.com\/es\/wp-json\/wp\/v2\/media?parent=3361"}],"wp:term":[{"taxonomy":"product_brand","embeddable":true,"href":"https:\/\/www.woezonbyessi.com\/es\/wp-json\/wp\/v2\/product_brand?post=3361"},{"taxonomy":"product_cat","embeddable":true,"href":"https:\/\/www.woezonbyessi.com\/es\/wp-json\/wp\/v2\/product_cat?post=3361"},{"taxonomy":"product_tag","embeddable":true,"href":"https:\/\/www.woezonbyessi.com\/es\/wp-json\/wp\/v2\/product_tag?post=3361"}],"curies":[{"name":"wp","href":"https:\/\/api.w.org\/{rel}","templated":true}]}}