{"id":3436,"date":"2025-11-26T15:30:43","date_gmt":"2025-11-26T14:30:43","guid":{"rendered":"https:\/\/www.woezonbyessi.com\/boutique\/sin%20categor\u00eda\/veste-opale-nocturne\/"},"modified":"2026-02-15T22:28:32","modified_gmt":"2026-02-15T21:28:32","slug":"chaqueta-opale-nocturne","status":"publish","type":"product","link":"https:\/\/www.woezonbyessi.com\/es\/shop\/hombre\/chaqueta-2\/chaqueta-opale-nocturne\/","title":{"rendered":"Chaqueta Opale Nocturne"},"content":{"rendered":"<p>Descubra esta moderna chaqueta para hombre con motivos art\u00edsticos, perfecta para aquellos que desean combinar elegancia, originalidad y comodidad. Confeccionada en un tejido de primera calidad, esta prenda destaca por su exclusivo estampado multicolor, que combina vibrantes tonos azules, violetas y rosas para crear un efecto visual din\u00e1mico y contempor\u00e1neo.<\/p>\n<p>La chaqueta presenta un corte recto y estructurado, con cremallera completa en la parte delantera, ideal para el uso diario o profesional. El cuello alto a\u00f1ade un toque de sofisticaci\u00f3n, mientras que los pu\u00f1os el\u00e1sticos garantizan una sujeci\u00f3n c\u00f3moda. Un bolsillo con cremallera en el pecho, resaltado por un ribete en contraste, ofrece funcionalidad y estilo.<\/p>\n<p>Esta prenda es perfecta para los amantes de la moda que buscan una prenda vers\u00e1til, atrevida y perfectamente adaptada a entornos creativos o eventos casuales y elegantes.<\/p>\n","protected":false},"excerpt":{"rendered":"<p>Chaqueta moderna para hombre con motivos abstractos.<\/p>\n<p>Dise\u00f1o multicolor en azul, morado y rosa.<br \/>\nCierre con cremallera y cuello alto.<br \/>\nBolsillo funcional con cremallera.<br \/>\nEstilo casual chic \/ streetwear elegante.<br \/>\nTejido c\u00f3modo y de calidad.<br \/>\nPerfecta para un look moderno y original.<\/p>\n<p>Cuidados: se recomienda lavado delicado.<\/p>\n","protected":false},"featured_media":3437,"template":"","meta":[],"product_brand":[],"product_cat":[314,223],"product_tag":[],"class_list":{"0":"post-3436","1":"product","2":"type-product","3":"status-publish","4":"has-post-thumbnail","6":"product_cat-chaqueta-2","7":"product_cat-coleccion-2026","9":"first","10":"instock","11":"shipping-taxable","12":"purchasable","13":"product-type-variable"},"yoast_head":"<!-- This site is optimized with the Yoast SEO plugin v27.5 - https:\/\/yoast.com\/product\/yoast-seo-wordpress\/ -->\n<title>Chaqueta Opale Nocturne | Woezon by Essi<\/title>\n<meta name=\"description\" content=\"Chaqueta moderna para hombre con motivos art\u00edsticos multicolores en azul, violeta y rosa, corte recto con cremallera y tejido de primera calidad. Elegante, c\u00f3moda y original, ideal para un estilo casual chic y creativo.\" \/>\n<meta name=\"robots\" content=\"index, follow, max-snippet:-1, max-image-preview:large, max-video-preview:-1\" \/>\n<link rel=\"canonical\" href=\"https:\/\/www.woezonbyessi.com\/es\/shop\/hombre\/chaqueta-2\/chaqueta-opale-nocturne\/\" \/>\n<meta property=\"og:locale\" content=\"es_ES\" \/>\n<meta property=\"og:type\" content=\"article\" \/>\n<meta property=\"og:title\" content=\"Chaqueta Opale Nocturne | Woezon by Essi\" \/>\n<meta property=\"og:description\" content=\"Chaqueta moderna para hombre con motivos art\u00edsticos multicolores en azul, violeta y rosa, corte recto con cremallera y tejido de primera calidad. Elegante, c\u00f3moda y original, ideal para un estilo casual chic y creativo.\" \/>\n<meta property=\"og:url\" content=\"https:\/\/www.woezonbyessi.com\/es\/shop\/hombre\/chaqueta-2\/chaqueta-opale-nocturne\/\" \/>\n<meta property=\"og:site_name\" content=\"Woezon by Essi\" \/>\n<meta property=\"article:publisher\" content=\"https:\/\/www.facebook.com\/profile.php?id=61583006293803\" \/>\n<meta property=\"article:modified_time\" content=\"2026-02-15T21:28:32+00:00\" \/>\n<meta property=\"og:image\" content=\"https:\/\/www.woezonbyessi.com\/wp-content\/uploads\/2025\/11\/veste-opaline-1.jpg\" \/>\n\t<meta property=\"og:image:width\" content=\"960\" \/>\n\t<meta property=\"og:image:height\" content=\"1200\" \/>\n\t<meta property=\"og:image:type\" content=\"image\/jpeg\" \/>\n<meta name=\"twitter:card\" content=\"summary_large_image\" \/>\n<script type=\"application\/ld+json\" class=\"yoast-schema-graph\">{\"@context\":\"https:\\\/\\\/schema.org\",\"@graph\":[{\"@type\":\"WebPage\",\"@id\":\"https:\\\/\\\/www.woezonbyessi.com\\\/es\\\/shop\\\/hombre\\\/chaqueta-2\\\/chaqueta-opale-nocturne\\\/\",\"url\":\"https:\\\/\\\/www.woezonbyessi.com\\\/es\\\/shop\\\/hombre\\\/chaqueta-2\\\/chaqueta-opale-nocturne\\\/\",\"name\":\"Chaqueta Opale Nocturne | Woezon by Essi\",\"isPartOf\":{\"@id\":\"https:\\\/\\\/www.woezonbyessi.com\\\/es\\\/#website\"},\"primaryImageOfPage\":{\"@id\":\"https:\\\/\\\/www.woezonbyessi.com\\\/es\\\/shop\\\/hombre\\\/chaqueta-2\\\/chaqueta-opale-nocturne\\\/#primaryimage\"},\"image\":{\"@id\":\"https:\\\/\\\/www.woezonbyessi.com\\\/es\\\/shop\\\/hombre\\\/chaqueta-2\\\/chaqueta-opale-nocturne\\\/#primaryimage\"},\"thumbnailUrl\":\"https:\\\/\\\/www.woezonbyessi.com\\\/wp-content\\\/uploads\\\/2025\\\/11\\\/veste-opaline-1.jpg\",\"datePublished\":\"2025-11-26T14:30:43+00:00\",\"dateModified\":\"2026-02-15T21:28:32+00:00\",\"description\":\"Chaqueta moderna para hombre con motivos art\u00edsticos multicolores en azul, violeta y rosa, corte recto con cremallera y tejido de primera calidad. Elegante, c\u00f3moda y original, ideal para un estilo casual chic y creativo.\",\"breadcrumb\":{\"@id\":\"https:\\\/\\\/www.woezonbyessi.com\\\/es\\\/shop\\\/hombre\\\/chaqueta-2\\\/chaqueta-opale-nocturne\\\/#breadcrumb\"},\"inLanguage\":\"es\",\"potentialAction\":[{\"@type\":\"ReadAction\",\"target\":[\"https:\\\/\\\/www.woezonbyessi.com\\\/es\\\/shop\\\/hombre\\\/chaqueta-2\\\/chaqueta-opale-nocturne\\\/\"]}]},{\"@type\":\"ImageObject\",\"inLanguage\":\"es\",\"@id\":\"https:\\\/\\\/www.woezonbyessi.com\\\/es\\\/shop\\\/hombre\\\/chaqueta-2\\\/chaqueta-opale-nocturne\\\/#primaryimage\",\"url\":\"https:\\\/\\\/www.woezonbyessi.com\\\/wp-content\\\/uploads\\\/2025\\\/11\\\/veste-opaline-1.jpg\",\"contentUrl\":\"https:\\\/\\\/www.woezonbyessi.com\\\/wp-content\\\/uploads\\\/2025\\\/11\\\/veste-opaline-1.jpg\",\"width\":960,\"height\":1200,\"caption\":\"chaqueta-opalo- nocturno\"},{\"@type\":\"BreadcrumbList\",\"@id\":\"https:\\\/\\\/www.woezonbyessi.com\\\/es\\\/shop\\\/hombre\\\/chaqueta-2\\\/chaqueta-opale-nocturne\\\/#breadcrumb\",\"itemListElement\":[{\"@type\":\"ListItem\",\"position\":1,\"name\":\"Inicio\",\"item\":\"https:\\\/\\\/www.woezonbyessi.com\\\/es\\\/\"},{\"@type\":\"ListItem\",\"position\":2,\"name\":\"Tienda\",\"item\":\"https:\\\/\\\/www.woezonbyessi.com\\\/es\\\/tienda\\\/\"},{\"@type\":\"ListItem\",\"position\":3,\"name\":\"Hombre\",\"item\":\"https:\\\/\\\/www.woezonbyessi.com\\\/es\\\/categoria-producto\\\/hombre\\\/\"},{\"@type\":\"ListItem\",\"position\":4,\"name\":\"Chaqueta\",\"item\":\"https:\\\/\\\/www.woezonbyessi.com\\\/es\\\/categoria-producto\\\/hombre\\\/chaqueta-2\\\/\"},{\"@type\":\"ListItem\",\"position\":5,\"name\":\"Chaqueta Opale Nocturne\"}]},{\"@type\":\"WebSite\",\"@id\":\"https:\\\/\\\/www.woezonbyessi.com\\\/es\\\/#website\",\"url\":\"https:\\\/\\\/www.woezonbyessi.com\\\/es\\\/\",\"name\":\"Woezon by Essi\",\"description\":\"\",\"publisher\":{\"@id\":\"https:\\\/\\\/www.woezonbyessi.com\\\/es\\\/#organization\"},\"potentialAction\":[{\"@type\":\"SearchAction\",\"target\":{\"@type\":\"EntryPoint\",\"urlTemplate\":\"https:\\\/\\\/www.woezonbyessi.com\\\/es\\\/?s={search_term_string}\"},\"query-input\":{\"@type\":\"PropertyValueSpecification\",\"valueRequired\":true,\"valueName\":\"search_term_string\"}}],\"inLanguage\":\"es\"},{\"@type\":\"Organization\",\"@id\":\"https:\\\/\\\/www.woezonbyessi.com\\\/es\\\/#organization\",\"name\":\"Woezon by Essi\",\"url\":\"https:\\\/\\\/www.woezonbyessi.com\\\/es\\\/\",\"logo\":{\"@type\":\"ImageObject\",\"inLanguage\":\"es\",\"@id\":\"https:\\\/\\\/www.woezonbyessi.com\\\/es\\\/#\\\/schema\\\/logo\\\/image\\\/\",\"url\":\"https:\\\/\\\/www.woezonbyessi.com\\\/wp-content\\\/uploads\\\/2025\\\/11\\\/logo-blackpng.png\",\"contentUrl\":\"https:\\\/\\\/www.woezonbyessi.com\\\/wp-content\\\/uploads\\\/2025\\\/11\\\/logo-blackpng.png\",\"width\":600,\"height\":576,\"caption\":\"Woezon by Essi\"},\"image\":{\"@id\":\"https:\\\/\\\/www.woezonbyessi.com\\\/es\\\/#\\\/schema\\\/logo\\\/image\\\/\"},\"sameAs\":[\"https:\\\/\\\/www.facebook.com\\\/profile.php?id=61583006293803\",\"https:\\\/\\\/www.instagram.com\\\/woezon_by_essi\\\/\",\"https:\\\/\\\/www.tiktok.com\\\/@woezon.by.essi\"]}]}<\/script>\n<!-- \/ Yoast SEO plugin. -->","yoast_head_json":{"title":"Chaqueta Opale Nocturne | Woezon by Essi","description":"Chaqueta moderna para hombre con motivos art\u00edsticos multicolores en azul, violeta y rosa, corte recto con cremallera y tejido de primera calidad. Elegante, c\u00f3moda y original, ideal para un estilo casual chic y creativo.","robots":{"index":"index","follow":"follow","max-snippet":"max-snippet:-1","max-image-preview":"max-image-preview:large","max-video-preview":"max-video-preview:-1"},"canonical":"https:\/\/www.woezonbyessi.com\/es\/shop\/hombre\/chaqueta-2\/chaqueta-opale-nocturne\/","og_locale":"es_ES","og_type":"article","og_title":"Chaqueta Opale Nocturne | Woezon by Essi","og_description":"Chaqueta moderna para hombre con motivos art\u00edsticos multicolores en azul, violeta y rosa, corte recto con cremallera y tejido de primera calidad. Elegante, c\u00f3moda y original, ideal para un estilo casual chic y creativo.","og_url":"https:\/\/www.woezonbyessi.com\/es\/shop\/hombre\/chaqueta-2\/chaqueta-opale-nocturne\/","og_site_name":"Woezon by Essi","article_publisher":"https:\/\/www.facebook.com\/profile.php?id=61583006293803","article_modified_time":"2026-02-15T21:28:32+00:00","og_image":[{"width":960,"height":1200,"url":"https:\/\/www.woezonbyessi.com\/wp-content\/uploads\/2025\/11\/veste-opaline-1.jpg","type":"image\/jpeg"}],"twitter_card":"summary_large_image","schema":{"@context":"https:\/\/schema.org","@graph":[{"@type":"WebPage","@id":"https:\/\/www.woezonbyessi.com\/es\/shop\/hombre\/chaqueta-2\/chaqueta-opale-nocturne\/","url":"https:\/\/www.woezonbyessi.com\/es\/shop\/hombre\/chaqueta-2\/chaqueta-opale-nocturne\/","name":"Chaqueta Opale Nocturne | Woezon by Essi","isPartOf":{"@id":"https:\/\/www.woezonbyessi.com\/es\/#website"},"primaryImageOfPage":{"@id":"https:\/\/www.woezonbyessi.com\/es\/shop\/hombre\/chaqueta-2\/chaqueta-opale-nocturne\/#primaryimage"},"image":{"@id":"https:\/\/www.woezonbyessi.com\/es\/shop\/hombre\/chaqueta-2\/chaqueta-opale-nocturne\/#primaryimage"},"thumbnailUrl":"https:\/\/www.woezonbyessi.com\/wp-content\/uploads\/2025\/11\/veste-opaline-1.jpg","datePublished":"2025-11-26T14:30:43+00:00","dateModified":"2026-02-15T21:28:32+00:00","description":"Chaqueta moderna para hombre con motivos art\u00edsticos multicolores en azul, violeta y rosa, corte recto con cremallera y tejido de primera calidad. Elegante, c\u00f3moda y original, ideal para un estilo casual chic y creativo.","breadcrumb":{"@id":"https:\/\/www.woezonbyessi.com\/es\/shop\/hombre\/chaqueta-2\/chaqueta-opale-nocturne\/#breadcrumb"},"inLanguage":"es","potentialAction":[{"@type":"ReadAction","target":["https:\/\/www.woezonbyessi.com\/es\/shop\/hombre\/chaqueta-2\/chaqueta-opale-nocturne\/"]}]},{"@type":"ImageObject","inLanguage":"es","@id":"https:\/\/www.woezonbyessi.com\/es\/shop\/hombre\/chaqueta-2\/chaqueta-opale-nocturne\/#primaryimage","url":"https:\/\/www.woezonbyessi.com\/wp-content\/uploads\/2025\/11\/veste-opaline-1.jpg","contentUrl":"https:\/\/www.woezonbyessi.com\/wp-content\/uploads\/2025\/11\/veste-opaline-1.jpg","width":960,"height":1200,"caption":"chaqueta-opalo- nocturno"},{"@type":"BreadcrumbList","@id":"https:\/\/www.woezonbyessi.com\/es\/shop\/hombre\/chaqueta-2\/chaqueta-opale-nocturne\/#breadcrumb","itemListElement":[{"@type":"ListItem","position":1,"name":"Inicio","item":"https:\/\/www.woezonbyessi.com\/es\/"},{"@type":"ListItem","position":2,"name":"Tienda","item":"https:\/\/www.woezonbyessi.com\/es\/tienda\/"},{"@type":"ListItem","position":3,"name":"Hombre","item":"https:\/\/www.woezonbyessi.com\/es\/categoria-producto\/hombre\/"},{"@type":"ListItem","position":4,"name":"Chaqueta","item":"https:\/\/www.woezonbyessi.com\/es\/categoria-producto\/hombre\/chaqueta-2\/"},{"@type":"ListItem","position":5,"name":"Chaqueta Opale Nocturne"}]},{"@type":"WebSite","@id":"https:\/\/www.woezonbyessi.com\/es\/#website","url":"https:\/\/www.woezonbyessi.com\/es\/","name":"Woezon by Essi","description":"","publisher":{"@id":"https:\/\/www.woezonbyessi.com\/es\/#organization"},"potentialAction":[{"@type":"SearchAction","target":{"@type":"EntryPoint","urlTemplate":"https:\/\/www.woezonbyessi.com\/es\/?s={search_term_string}"},"query-input":{"@type":"PropertyValueSpecification","valueRequired":true,"valueName":"search_term_string"}}],"inLanguage":"es"},{"@type":"Organization","@id":"https:\/\/www.woezonbyessi.com\/es\/#organization","name":"Woezon by Essi","url":"https:\/\/www.woezonbyessi.com\/es\/","logo":{"@type":"ImageObject","inLanguage":"es","@id":"https:\/\/www.woezonbyessi.com\/es\/#\/schema\/logo\/image\/","url":"https:\/\/www.woezonbyessi.com\/wp-content\/uploads\/2025\/11\/logo-blackpng.png","contentUrl":"https:\/\/www.woezonbyessi.com\/wp-content\/uploads\/2025\/11\/logo-blackpng.png","width":600,"height":576,"caption":"Woezon by Essi"},"image":{"@id":"https:\/\/www.woezonbyessi.com\/es\/#\/schema\/logo\/image\/"},"sameAs":["https:\/\/www.facebook.com\/profile.php?id=61583006293803","https:\/\/www.instagram.com\/woezon_by_essi\/","https:\/\/www.tiktok.com\/@woezon.by.essi"]}]}},"_links":{"self":[{"href":"https:\/\/www.woezonbyessi.com\/es\/wp-json\/wp\/v2\/product\/3436","targetHints":{"allow":["GET"]}}],"collection":[{"href":"https:\/\/www.woezonbyessi.com\/es\/wp-json\/wp\/v2\/product"}],"about":[{"href":"https:\/\/www.woezonbyessi.com\/es\/wp-json\/wp\/v2\/types\/product"}],"wp:featuredmedia":[{"embeddable":true,"href":"https:\/\/www.woezonbyessi.com\/es\/wp-json\/wp\/v2\/media\/3437"}],"wp:attachment":[{"href":"https:\/\/www.woezonbyessi.com\/es\/wp-json\/wp\/v2\/media?parent=3436"}],"wp:term":[{"taxonomy":"product_brand","embeddable":true,"href":"https:\/\/www.woezonbyessi.com\/es\/wp-json\/wp\/v2\/product_brand?post=3436"},{"taxonomy":"product_cat","embeddable":true,"href":"https:\/\/www.woezonbyessi.com\/es\/wp-json\/wp\/v2\/product_cat?post=3436"},{"taxonomy":"product_tag","embeddable":true,"href":"https:\/\/www.woezonbyessi.com\/es\/wp-json\/wp\/v2\/product_tag?post=3436"}],"curies":[{"name":"wp","href":"https:\/\/api.w.org\/{rel}","templated":true}]}}