{"id":3502,"date":"2025-11-23T14:05:53","date_gmt":"2025-11-23T13:05:53","guid":{"rendered":"https:\/\/www.woezonbyessi.com\/boutique\/sin%20categor\u00eda\/ensemble-tote-bag-evantail\/"},"modified":"2026-02-16T08:26:53","modified_gmt":"2026-02-16T07:26:53","slug":"conjunto-de-bolsa-tote-bag-y-abanico","status":"publish","type":"product","link":"https:\/\/www.woezonbyessi.com\/es\/shop\/coleccion-2026\/conjunto-de-bolsa-tote-bag-y-abanico\/","title":{"rendered":"Conjunto de bolsa tote bag y abanico"},"content":{"rendered":"<p>Descubra este conjunto artesanal a juego, compuesto por un abanico africano plegable y un bolso de tela wax, perfectos para a\u00f1adir un toque cultural, vibrante y elegante a su atuendo. Las dos piezas est\u00e1n confeccionadas en tela wax de primera calidad con motivos florales rojos, verdes y negros, realzados por un fondo crema y l\u00edneas radiales.<\/p>\n","protected":false},"excerpt":{"rendered":"<p>\u2b50 Abanico plegable de tela wax<br \/>\nDise\u00f1o circular con apertura completa para una ventilaci\u00f3n eficaz.<br \/>\nTejido wax de alta calidad, motivos florales en colores vivos: rojo, verde, negro y amarillo.<br \/>\nAsas de cuero o imitaci\u00f3n de cuero (seg\u00fan la fabricaci\u00f3n) que ofrecen un buen agarre.<br \/>\nCierre con correa para mantener el abanico compacto cuando est\u00e1 plegado.<br \/>\nAccesorio ideal para ceremonias, salidas veraniegas o eventos culturales.<\/p>\n<p>\u2b50 Bolso a juego de tela wax.<br \/>\nCuidadosa confecci\u00f3n con la misma tela wax que el abanico.<br \/>\nCierre de cremallera seguro en la parte delantera.<br \/>\nFormato pr\u00e1ctico para guardar el tel\u00e9fono, el maquillaje, las llaves o los accesorios cotidianos.<br \/>\nAsas de tela para facilitar el transporte.<br \/>\nColores vibrantes y motivos tradicionales para un estilo afirmado.<\/p>\n","protected":false},"featured_media":3503,"template":"","meta":[],"product_brand":[],"product_cat":[224,223],"product_tag":[],"class_list":{"0":"post-3502","1":"product","2":"type-product","3":"status-publish","4":"has-post-thumbnail","6":"product_cat-accesorios","7":"product_cat-coleccion-2026","9":"first","10":"instock","11":"shipping-taxable","12":"purchasable","13":"product-type-variable"},"yoast_head":"<!-- This site is optimized with the Yoast SEO plugin v27.5 - https:\/\/yoast.com\/product\/yoast-seo-wordpress\/ -->\n<title>Conjunto de bolsa tote bag y abanico | Woezon by Essi<\/title>\n<meta name=\"description\" content=\"Conjunto de abanico africano plegable y bolso de tela wax floral roja, verde y negra sobre fondo crema. Elegantes accesorios artesanales para realzar tus atuendos.\" \/>\n<meta name=\"robots\" content=\"index, follow, max-snippet:-1, max-image-preview:large, max-video-preview:-1\" \/>\n<link rel=\"canonical\" href=\"https:\/\/www.woezonbyessi.com\/es\/shop\/coleccion-2026\/conjunto-de-bolsa-tote-bag-y-abanico\/\" \/>\n<meta property=\"og:locale\" content=\"es_ES\" \/>\n<meta property=\"og:type\" content=\"article\" \/>\n<meta property=\"og:title\" content=\"Conjunto de bolsa tote bag y abanico | Woezon by Essi\" \/>\n<meta property=\"og:description\" content=\"Conjunto de abanico africano plegable y bolso de tela wax floral roja, verde y negra sobre fondo crema. Elegantes accesorios artesanales para realzar tus atuendos.\" \/>\n<meta property=\"og:url\" content=\"https:\/\/www.woezonbyessi.com\/es\/shop\/coleccion-2026\/conjunto-de-bolsa-tote-bag-y-abanico\/\" \/>\n<meta property=\"og:site_name\" content=\"Woezon by Essi\" \/>\n<meta property=\"article:publisher\" content=\"https:\/\/www.facebook.com\/profile.php?id=61583006293803\" \/>\n<meta property=\"article:modified_time\" content=\"2026-02-16T07:26:53+00:00\" \/>\n<meta property=\"og:image\" content=\"https:\/\/www.woezonbyessi.com\/wp-content\/uploads\/2025\/11\/eventail-13-rotated.jpg\" \/>\n\t<meta property=\"og:image:width\" content=\"554\" \/>\n\t<meta property=\"og:image:height\" content=\"1200\" \/>\n\t<meta property=\"og:image:type\" content=\"image\/jpeg\" \/>\n<meta name=\"twitter:card\" content=\"summary_large_image\" \/>\n<script type=\"application\/ld+json\" class=\"yoast-schema-graph\">{\"@context\":\"https:\\\/\\\/schema.org\",\"@graph\":[{\"@type\":\"WebPage\",\"@id\":\"https:\\\/\\\/www.woezonbyessi.com\\\/es\\\/shop\\\/coleccion-2026\\\/conjunto-de-bolsa-tote-bag-y-abanico\\\/\",\"url\":\"https:\\\/\\\/www.woezonbyessi.com\\\/es\\\/shop\\\/coleccion-2026\\\/conjunto-de-bolsa-tote-bag-y-abanico\\\/\",\"name\":\"Conjunto de bolsa tote bag y abanico | Woezon by Essi\",\"isPartOf\":{\"@id\":\"https:\\\/\\\/www.woezonbyessi.com\\\/es\\\/#website\"},\"primaryImageOfPage\":{\"@id\":\"https:\\\/\\\/www.woezonbyessi.com\\\/es\\\/shop\\\/coleccion-2026\\\/conjunto-de-bolsa-tote-bag-y-abanico\\\/#primaryimage\"},\"image\":{\"@id\":\"https:\\\/\\\/www.woezonbyessi.com\\\/es\\\/shop\\\/coleccion-2026\\\/conjunto-de-bolsa-tote-bag-y-abanico\\\/#primaryimage\"},\"thumbnailUrl\":\"https:\\\/\\\/www.woezonbyessi.com\\\/wp-content\\\/uploads\\\/2025\\\/11\\\/eventail-13-rotated.jpg\",\"datePublished\":\"2025-11-23T13:05:53+00:00\",\"dateModified\":\"2026-02-16T07:26:53+00:00\",\"description\":\"Conjunto de abanico africano plegable y bolso de tela wax floral roja, verde y negra sobre fondo crema. Elegantes accesorios artesanales para realzar tus atuendos.\",\"breadcrumb\":{\"@id\":\"https:\\\/\\\/www.woezonbyessi.com\\\/es\\\/shop\\\/coleccion-2026\\\/conjunto-de-bolsa-tote-bag-y-abanico\\\/#breadcrumb\"},\"inLanguage\":\"es\",\"potentialAction\":[{\"@type\":\"ReadAction\",\"target\":[\"https:\\\/\\\/www.woezonbyessi.com\\\/es\\\/shop\\\/coleccion-2026\\\/conjunto-de-bolsa-tote-bag-y-abanico\\\/\"]}]},{\"@type\":\"ImageObject\",\"inLanguage\":\"es\",\"@id\":\"https:\\\/\\\/www.woezonbyessi.com\\\/es\\\/shop\\\/coleccion-2026\\\/conjunto-de-bolsa-tote-bag-y-abanico\\\/#primaryimage\",\"url\":\"https:\\\/\\\/www.woezonbyessi.com\\\/wp-content\\\/uploads\\\/2025\\\/11\\\/eventail-13-rotated.jpg\",\"contentUrl\":\"https:\\\/\\\/www.woezonbyessi.com\\\/wp-content\\\/uploads\\\/2025\\\/11\\\/eventail-13-rotated.jpg\",\"width\":554,\"height\":1200,\"caption\":\"conjunto-de- bolsa-tote y-abanico\"},{\"@type\":\"BreadcrumbList\",\"@id\":\"https:\\\/\\\/www.woezonbyessi.com\\\/es\\\/shop\\\/coleccion-2026\\\/conjunto-de-bolsa-tote-bag-y-abanico\\\/#breadcrumb\",\"itemListElement\":[{\"@type\":\"ListItem\",\"position\":1,\"name\":\"Inicio\",\"item\":\"https:\\\/\\\/www.woezonbyessi.com\\\/es\\\/\"},{\"@type\":\"ListItem\",\"position\":2,\"name\":\"Tienda\",\"item\":\"https:\\\/\\\/www.woezonbyessi.com\\\/es\\\/tienda\\\/\"},{\"@type\":\"ListItem\",\"position\":3,\"name\":\"Accesorios\",\"item\":\"https:\\\/\\\/www.woezonbyessi.com\\\/es\\\/categoria-producto\\\/accesorios\\\/\"},{\"@type\":\"ListItem\",\"position\":4,\"name\":\"Conjunto de bolsa tote bag y abanico\"}]},{\"@type\":\"WebSite\",\"@id\":\"https:\\\/\\\/www.woezonbyessi.com\\\/es\\\/#website\",\"url\":\"https:\\\/\\\/www.woezonbyessi.com\\\/es\\\/\",\"name\":\"Woezon by Essi\",\"description\":\"\",\"publisher\":{\"@id\":\"https:\\\/\\\/www.woezonbyessi.com\\\/es\\\/#organization\"},\"potentialAction\":[{\"@type\":\"SearchAction\",\"target\":{\"@type\":\"EntryPoint\",\"urlTemplate\":\"https:\\\/\\\/www.woezonbyessi.com\\\/es\\\/?s={search_term_string}\"},\"query-input\":{\"@type\":\"PropertyValueSpecification\",\"valueRequired\":true,\"valueName\":\"search_term_string\"}}],\"inLanguage\":\"es\"},{\"@type\":\"Organization\",\"@id\":\"https:\\\/\\\/www.woezonbyessi.com\\\/es\\\/#organization\",\"name\":\"Woezon by Essi\",\"url\":\"https:\\\/\\\/www.woezonbyessi.com\\\/es\\\/\",\"logo\":{\"@type\":\"ImageObject\",\"inLanguage\":\"es\",\"@id\":\"https:\\\/\\\/www.woezonbyessi.com\\\/es\\\/#\\\/schema\\\/logo\\\/image\\\/\",\"url\":\"https:\\\/\\\/www.woezonbyessi.com\\\/wp-content\\\/uploads\\\/2025\\\/11\\\/logo-blackpng.png\",\"contentUrl\":\"https:\\\/\\\/www.woezonbyessi.com\\\/wp-content\\\/uploads\\\/2025\\\/11\\\/logo-blackpng.png\",\"width\":600,\"height\":576,\"caption\":\"Woezon by Essi\"},\"image\":{\"@id\":\"https:\\\/\\\/www.woezonbyessi.com\\\/es\\\/#\\\/schema\\\/logo\\\/image\\\/\"},\"sameAs\":[\"https:\\\/\\\/www.facebook.com\\\/profile.php?id=61583006293803\",\"https:\\\/\\\/www.instagram.com\\\/woezon_by_essi\\\/\",\"https:\\\/\\\/www.tiktok.com\\\/@woezon.by.essi\"]}]}<\/script>\n<!-- \/ Yoast SEO plugin. -->","yoast_head_json":{"title":"Conjunto de bolsa tote bag y abanico | Woezon by Essi","description":"Conjunto de abanico africano plegable y bolso de tela wax floral roja, verde y negra sobre fondo crema. Elegantes accesorios artesanales para realzar tus atuendos.","robots":{"index":"index","follow":"follow","max-snippet":"max-snippet:-1","max-image-preview":"max-image-preview:large","max-video-preview":"max-video-preview:-1"},"canonical":"https:\/\/www.woezonbyessi.com\/es\/shop\/coleccion-2026\/conjunto-de-bolsa-tote-bag-y-abanico\/","og_locale":"es_ES","og_type":"article","og_title":"Conjunto de bolsa tote bag y abanico | Woezon by Essi","og_description":"Conjunto de abanico africano plegable y bolso de tela wax floral roja, verde y negra sobre fondo crema. Elegantes accesorios artesanales para realzar tus atuendos.","og_url":"https:\/\/www.woezonbyessi.com\/es\/shop\/coleccion-2026\/conjunto-de-bolsa-tote-bag-y-abanico\/","og_site_name":"Woezon by Essi","article_publisher":"https:\/\/www.facebook.com\/profile.php?id=61583006293803","article_modified_time":"2026-02-16T07:26:53+00:00","og_image":[{"width":554,"height":1200,"url":"https:\/\/www.woezonbyessi.com\/wp-content\/uploads\/2025\/11\/eventail-13-rotated.jpg","type":"image\/jpeg"}],"twitter_card":"summary_large_image","schema":{"@context":"https:\/\/schema.org","@graph":[{"@type":"WebPage","@id":"https:\/\/www.woezonbyessi.com\/es\/shop\/coleccion-2026\/conjunto-de-bolsa-tote-bag-y-abanico\/","url":"https:\/\/www.woezonbyessi.com\/es\/shop\/coleccion-2026\/conjunto-de-bolsa-tote-bag-y-abanico\/","name":"Conjunto de bolsa tote bag y abanico | Woezon by Essi","isPartOf":{"@id":"https:\/\/www.woezonbyessi.com\/es\/#website"},"primaryImageOfPage":{"@id":"https:\/\/www.woezonbyessi.com\/es\/shop\/coleccion-2026\/conjunto-de-bolsa-tote-bag-y-abanico\/#primaryimage"},"image":{"@id":"https:\/\/www.woezonbyessi.com\/es\/shop\/coleccion-2026\/conjunto-de-bolsa-tote-bag-y-abanico\/#primaryimage"},"thumbnailUrl":"https:\/\/www.woezonbyessi.com\/wp-content\/uploads\/2025\/11\/eventail-13-rotated.jpg","datePublished":"2025-11-23T13:05:53+00:00","dateModified":"2026-02-16T07:26:53+00:00","description":"Conjunto de abanico africano plegable y bolso de tela wax floral roja, verde y negra sobre fondo crema. Elegantes accesorios artesanales para realzar tus atuendos.","breadcrumb":{"@id":"https:\/\/www.woezonbyessi.com\/es\/shop\/coleccion-2026\/conjunto-de-bolsa-tote-bag-y-abanico\/#breadcrumb"},"inLanguage":"es","potentialAction":[{"@type":"ReadAction","target":["https:\/\/www.woezonbyessi.com\/es\/shop\/coleccion-2026\/conjunto-de-bolsa-tote-bag-y-abanico\/"]}]},{"@type":"ImageObject","inLanguage":"es","@id":"https:\/\/www.woezonbyessi.com\/es\/shop\/coleccion-2026\/conjunto-de-bolsa-tote-bag-y-abanico\/#primaryimage","url":"https:\/\/www.woezonbyessi.com\/wp-content\/uploads\/2025\/11\/eventail-13-rotated.jpg","contentUrl":"https:\/\/www.woezonbyessi.com\/wp-content\/uploads\/2025\/11\/eventail-13-rotated.jpg","width":554,"height":1200,"caption":"conjunto-de- bolsa-tote y-abanico"},{"@type":"BreadcrumbList","@id":"https:\/\/www.woezonbyessi.com\/es\/shop\/coleccion-2026\/conjunto-de-bolsa-tote-bag-y-abanico\/#breadcrumb","itemListElement":[{"@type":"ListItem","position":1,"name":"Inicio","item":"https:\/\/www.woezonbyessi.com\/es\/"},{"@type":"ListItem","position":2,"name":"Tienda","item":"https:\/\/www.woezonbyessi.com\/es\/tienda\/"},{"@type":"ListItem","position":3,"name":"Accesorios","item":"https:\/\/www.woezonbyessi.com\/es\/categoria-producto\/accesorios\/"},{"@type":"ListItem","position":4,"name":"Conjunto de bolsa tote bag y abanico"}]},{"@type":"WebSite","@id":"https:\/\/www.woezonbyessi.com\/es\/#website","url":"https:\/\/www.woezonbyessi.com\/es\/","name":"Woezon by Essi","description":"","publisher":{"@id":"https:\/\/www.woezonbyessi.com\/es\/#organization"},"potentialAction":[{"@type":"SearchAction","target":{"@type":"EntryPoint","urlTemplate":"https:\/\/www.woezonbyessi.com\/es\/?s={search_term_string}"},"query-input":{"@type":"PropertyValueSpecification","valueRequired":true,"valueName":"search_term_string"}}],"inLanguage":"es"},{"@type":"Organization","@id":"https:\/\/www.woezonbyessi.com\/es\/#organization","name":"Woezon by Essi","url":"https:\/\/www.woezonbyessi.com\/es\/","logo":{"@type":"ImageObject","inLanguage":"es","@id":"https:\/\/www.woezonbyessi.com\/es\/#\/schema\/logo\/image\/","url":"https:\/\/www.woezonbyessi.com\/wp-content\/uploads\/2025\/11\/logo-blackpng.png","contentUrl":"https:\/\/www.woezonbyessi.com\/wp-content\/uploads\/2025\/11\/logo-blackpng.png","width":600,"height":576,"caption":"Woezon by Essi"},"image":{"@id":"https:\/\/www.woezonbyessi.com\/es\/#\/schema\/logo\/image\/"},"sameAs":["https:\/\/www.facebook.com\/profile.php?id=61583006293803","https:\/\/www.instagram.com\/woezon_by_essi\/","https:\/\/www.tiktok.com\/@woezon.by.essi"]}]}},"_links":{"self":[{"href":"https:\/\/www.woezonbyessi.com\/es\/wp-json\/wp\/v2\/product\/3502","targetHints":{"allow":["GET"]}}],"collection":[{"href":"https:\/\/www.woezonbyessi.com\/es\/wp-json\/wp\/v2\/product"}],"about":[{"href":"https:\/\/www.woezonbyessi.com\/es\/wp-json\/wp\/v2\/types\/product"}],"wp:featuredmedia":[{"embeddable":true,"href":"https:\/\/www.woezonbyessi.com\/es\/wp-json\/wp\/v2\/media\/3503"}],"wp:attachment":[{"href":"https:\/\/www.woezonbyessi.com\/es\/wp-json\/wp\/v2\/media?parent=3502"}],"wp:term":[{"taxonomy":"product_brand","embeddable":true,"href":"https:\/\/www.woezonbyessi.com\/es\/wp-json\/wp\/v2\/product_brand?post=3502"},{"taxonomy":"product_cat","embeddable":true,"href":"https:\/\/www.woezonbyessi.com\/es\/wp-json\/wp\/v2\/product_cat?post=3502"},{"taxonomy":"product_tag","embeddable":true,"href":"https:\/\/www.woezonbyessi.com\/es\/wp-json\/wp\/v2\/product_tag?post=3502"}],"curies":[{"name":"wp","href":"https:\/\/api.w.org\/{rel}","templated":true}]}}