{"id":3676,"date":"2025-11-23T10:18:30","date_gmt":"2025-11-23T09:18:30","guid":{"rendered":"https:\/\/www.woezonbyessi.com\/boutique\/sin%20categor\u00eda\/sac-a-main-essence-afrique\/"},"modified":"2026-02-16T10:22:18","modified_gmt":"2026-02-16T09:22:18","slug":"bolso-essence-d-afrique","status":"publish","type":"product","link":"https:\/\/www.woezonbyessi.com\/es\/shop\/coleccion-2026\/bolso-essence-d-afrique\/","title":{"rendered":"Bolso Essence d&#8217;Afrique"},"content":{"rendered":"<p>Descubra este bolso de mano de inspiraci\u00f3n africana, elaborado artesanalmente con un dise\u00f1o elegante y fabricado con materiales textiles de alta calidad. Su aspecto \u00fanico se ve realzado por un aplique que representa el continente africano, realizado en una tela con motivos marmolados que le confieren un estilo aut\u00e9ntico y refinado.<\/p>\n<p>Con una longitud de 40 cm y una profundidad de 30 cm, puede utilizarlo para cualquier ocasi\u00f3n.<\/p>\n","protected":false},"excerpt":{"rendered":"<p data-start=\"1529\" data-end=\"1602\">\u2714\ufe0f Dise\u00f1o original: Aplicaci\u00f3n con la forma del continente africano, cuidadosamente cosida en la parte delantera del bolso.<br \/>\n\u2714\ufe0f Materiales: Lona resistente de color oscuro, combinada con tejidos con motivos naturales para los bordes y la aplicaci\u00f3n.<br \/>\n\u2714\ufe0f Acabados cuidados: Bordes reforzados y costuras limpias, que garantizan la robustez y la durabilidad.<br \/>\n\u2714\ufe0f Sistema de transporte: dos asas trenzadas de cuerda gruesa, fijadas con ojales met\u00e1licos para una sujeci\u00f3n s\u00f3lida y un toque decorativo elegante.<br \/>\n\u2714\ufe0f Estilo: inspirado en la artesan\u00eda africana, perfecto para el uso diario, una salida o como pieza llamativa.<br \/>\n\u2714\ufe0f Capacidad: formato espacioso adecuado para guardar documentos, accesorios o efectos personales.<\/p>\n","protected":false},"featured_media":3678,"template":"","meta":[],"product_brand":[],"product_cat":[224,223],"product_tag":[],"class_list":{"0":"post-3676","1":"product","2":"type-product","3":"status-publish","4":"has-post-thumbnail","6":"product_cat-accesorios","7":"product_cat-coleccion-2026","9":"first","10":"instock","11":"shipping-taxable","12":"purchasable","13":"product-type-variable"},"yoast_head":"<!-- This site is optimized with the Yoast SEO plugin v27.5 - https:\/\/yoast.com\/product\/yoast-seo-wordpress\/ -->\n<title>Bolso Essence d&#039;Afrique | Woezon by Essi<\/title>\n<meta name=\"description\" content=\"Bolso Essence d&#039;Afrique artesanal, con un aplique del continente africano en tela marmolada. Gran formato 40 x 30 cm, elegante y aut\u00e9ntico, ideal para todas las ocasiones.\" \/>\n<meta name=\"robots\" content=\"index, follow, max-snippet:-1, max-image-preview:large, max-video-preview:-1\" \/>\n<link rel=\"canonical\" href=\"https:\/\/www.woezonbyessi.com\/es\/shop\/coleccion-2026\/bolso-essence-d-afrique\/\" \/>\n<meta property=\"og:locale\" content=\"es_ES\" \/>\n<meta property=\"og:type\" content=\"article\" \/>\n<meta property=\"og:title\" content=\"Bolso Essence d&#039;Afrique | Woezon by Essi\" \/>\n<meta property=\"og:description\" content=\"Bolso Essence d&#039;Afrique artesanal, con un aplique del continente africano en tela marmolada. Gran formato 40 x 30 cm, elegante y aut\u00e9ntico, ideal para todas las ocasiones.\" \/>\n<meta property=\"og:url\" content=\"https:\/\/www.woezonbyessi.com\/es\/shop\/coleccion-2026\/bolso-essence-d-afrique\/\" \/>\n<meta property=\"og:site_name\" content=\"Woezon by Essi\" \/>\n<meta property=\"article:publisher\" content=\"https:\/\/www.facebook.com\/profile.php?id=61583006293803\" \/>\n<meta property=\"article:modified_time\" content=\"2026-02-16T09:22:18+00:00\" \/>\n<meta property=\"og:image\" content=\"https:\/\/www.woezonbyessi.com\/wp-content\/uploads\/2025\/11\/sac-a-main-essence-d-afrique-bleu-1.jpg\" \/>\n\t<meta property=\"og:image:width\" content=\"1106\" \/>\n\t<meta property=\"og:image:height\" content=\"1200\" \/>\n\t<meta property=\"og:image:type\" content=\"image\/jpeg\" \/>\n<meta name=\"twitter:card\" content=\"summary_large_image\" \/>\n<script type=\"application\/ld+json\" class=\"yoast-schema-graph\">{\"@context\":\"https:\\\/\\\/schema.org\",\"@graph\":[{\"@type\":\"WebPage\",\"@id\":\"https:\\\/\\\/www.woezonbyessi.com\\\/es\\\/shop\\\/coleccion-2026\\\/bolso-essence-d-afrique\\\/\",\"url\":\"https:\\\/\\\/www.woezonbyessi.com\\\/es\\\/shop\\\/coleccion-2026\\\/bolso-essence-d-afrique\\\/\",\"name\":\"Bolso Essence d'Afrique | Woezon by Essi\",\"isPartOf\":{\"@id\":\"https:\\\/\\\/www.woezonbyessi.com\\\/es\\\/#website\"},\"primaryImageOfPage\":{\"@id\":\"https:\\\/\\\/www.woezonbyessi.com\\\/es\\\/shop\\\/coleccion-2026\\\/bolso-essence-d-afrique\\\/#primaryimage\"},\"image\":{\"@id\":\"https:\\\/\\\/www.woezonbyessi.com\\\/es\\\/shop\\\/coleccion-2026\\\/bolso-essence-d-afrique\\\/#primaryimage\"},\"thumbnailUrl\":\"https:\\\/\\\/www.woezonbyessi.com\\\/wp-content\\\/uploads\\\/2025\\\/11\\\/sac-a-main-essence-d-afrique-bleu-1.jpg\",\"datePublished\":\"2025-11-23T09:18:30+00:00\",\"dateModified\":\"2026-02-16T09:22:18+00:00\",\"description\":\"Bolso Essence d'Afrique artesanal, con un aplique del continente africano en tela marmolada. Gran formato 40 x 30 cm, elegante y aut\u00e9ntico, ideal para todas las ocasiones.\",\"breadcrumb\":{\"@id\":\"https:\\\/\\\/www.woezonbyessi.com\\\/es\\\/shop\\\/coleccion-2026\\\/bolso-essence-d-afrique\\\/#breadcrumb\"},\"inLanguage\":\"es\",\"potentialAction\":[{\"@type\":\"ReadAction\",\"target\":[\"https:\\\/\\\/www.woezonbyessi.com\\\/es\\\/shop\\\/coleccion-2026\\\/bolso-essence-d-afrique\\\/\"]}]},{\"@type\":\"ImageObject\",\"inLanguage\":\"es\",\"@id\":\"https:\\\/\\\/www.woezonbyessi.com\\\/es\\\/shop\\\/coleccion-2026\\\/bolso-essence-d-afrique\\\/#primaryimage\",\"url\":\"https:\\\/\\\/www.woezonbyessi.com\\\/wp-content\\\/uploads\\\/2025\\\/11\\\/sac-a-main-essence-d-afrique-bleu-1.jpg\",\"contentUrl\":\"https:\\\/\\\/www.woezonbyessi.com\\\/wp-content\\\/uploads\\\/2025\\\/11\\\/sac-a-main-essence-d-afrique-bleu-1.jpg\",\"width\":1106,\"height\":1200,\"caption\":\"Sac \u00e0 main Essence d'Afrique\"},{\"@type\":\"BreadcrumbList\",\"@id\":\"https:\\\/\\\/www.woezonbyessi.com\\\/es\\\/shop\\\/coleccion-2026\\\/bolso-essence-d-afrique\\\/#breadcrumb\",\"itemListElement\":[{\"@type\":\"ListItem\",\"position\":1,\"name\":\"Inicio\",\"item\":\"https:\\\/\\\/www.woezonbyessi.com\\\/es\\\/\"},{\"@type\":\"ListItem\",\"position\":2,\"name\":\"Tienda\",\"item\":\"https:\\\/\\\/www.woezonbyessi.com\\\/es\\\/tienda\\\/\"},{\"@type\":\"ListItem\",\"position\":3,\"name\":\"Accesorios\",\"item\":\"https:\\\/\\\/www.woezonbyessi.com\\\/es\\\/categoria-producto\\\/accesorios\\\/\"},{\"@type\":\"ListItem\",\"position\":4,\"name\":\"Bolso Essence d&rsquo;Afrique\"}]},{\"@type\":\"WebSite\",\"@id\":\"https:\\\/\\\/www.woezonbyessi.com\\\/es\\\/#website\",\"url\":\"https:\\\/\\\/www.woezonbyessi.com\\\/es\\\/\",\"name\":\"Woezon by Essi\",\"description\":\"\",\"publisher\":{\"@id\":\"https:\\\/\\\/www.woezonbyessi.com\\\/es\\\/#organization\"},\"potentialAction\":[{\"@type\":\"SearchAction\",\"target\":{\"@type\":\"EntryPoint\",\"urlTemplate\":\"https:\\\/\\\/www.woezonbyessi.com\\\/es\\\/?s={search_term_string}\"},\"query-input\":{\"@type\":\"PropertyValueSpecification\",\"valueRequired\":true,\"valueName\":\"search_term_string\"}}],\"inLanguage\":\"es\"},{\"@type\":\"Organization\",\"@id\":\"https:\\\/\\\/www.woezonbyessi.com\\\/es\\\/#organization\",\"name\":\"Woezon by Essi\",\"url\":\"https:\\\/\\\/www.woezonbyessi.com\\\/es\\\/\",\"logo\":{\"@type\":\"ImageObject\",\"inLanguage\":\"es\",\"@id\":\"https:\\\/\\\/www.woezonbyessi.com\\\/es\\\/#\\\/schema\\\/logo\\\/image\\\/\",\"url\":\"https:\\\/\\\/www.woezonbyessi.com\\\/wp-content\\\/uploads\\\/2025\\\/11\\\/logo-blackpng.png\",\"contentUrl\":\"https:\\\/\\\/www.woezonbyessi.com\\\/wp-content\\\/uploads\\\/2025\\\/11\\\/logo-blackpng.png\",\"width\":600,\"height\":576,\"caption\":\"Woezon by Essi\"},\"image\":{\"@id\":\"https:\\\/\\\/www.woezonbyessi.com\\\/es\\\/#\\\/schema\\\/logo\\\/image\\\/\"},\"sameAs\":[\"https:\\\/\\\/www.facebook.com\\\/profile.php?id=61583006293803\",\"https:\\\/\\\/www.instagram.com\\\/woezon_by_essi\\\/\",\"https:\\\/\\\/www.tiktok.com\\\/@woezon.by.essi\"]}]}<\/script>\n<!-- \/ Yoast SEO plugin. -->","yoast_head_json":{"title":"Bolso Essence d'Afrique | Woezon by Essi","description":"Bolso Essence d'Afrique artesanal, con un aplique del continente africano en tela marmolada. Gran formato 40 x 30 cm, elegante y aut\u00e9ntico, ideal para todas las ocasiones.","robots":{"index":"index","follow":"follow","max-snippet":"max-snippet:-1","max-image-preview":"max-image-preview:large","max-video-preview":"max-video-preview:-1"},"canonical":"https:\/\/www.woezonbyessi.com\/es\/shop\/coleccion-2026\/bolso-essence-d-afrique\/","og_locale":"es_ES","og_type":"article","og_title":"Bolso Essence d'Afrique | Woezon by Essi","og_description":"Bolso Essence d'Afrique artesanal, con un aplique del continente africano en tela marmolada. Gran formato 40 x 30 cm, elegante y aut\u00e9ntico, ideal para todas las ocasiones.","og_url":"https:\/\/www.woezonbyessi.com\/es\/shop\/coleccion-2026\/bolso-essence-d-afrique\/","og_site_name":"Woezon by Essi","article_publisher":"https:\/\/www.facebook.com\/profile.php?id=61583006293803","article_modified_time":"2026-02-16T09:22:18+00:00","og_image":[{"width":1106,"height":1200,"url":"https:\/\/www.woezonbyessi.com\/wp-content\/uploads\/2025\/11\/sac-a-main-essence-d-afrique-bleu-1.jpg","type":"image\/jpeg"}],"twitter_card":"summary_large_image","schema":{"@context":"https:\/\/schema.org","@graph":[{"@type":"WebPage","@id":"https:\/\/www.woezonbyessi.com\/es\/shop\/coleccion-2026\/bolso-essence-d-afrique\/","url":"https:\/\/www.woezonbyessi.com\/es\/shop\/coleccion-2026\/bolso-essence-d-afrique\/","name":"Bolso Essence d'Afrique | Woezon by Essi","isPartOf":{"@id":"https:\/\/www.woezonbyessi.com\/es\/#website"},"primaryImageOfPage":{"@id":"https:\/\/www.woezonbyessi.com\/es\/shop\/coleccion-2026\/bolso-essence-d-afrique\/#primaryimage"},"image":{"@id":"https:\/\/www.woezonbyessi.com\/es\/shop\/coleccion-2026\/bolso-essence-d-afrique\/#primaryimage"},"thumbnailUrl":"https:\/\/www.woezonbyessi.com\/wp-content\/uploads\/2025\/11\/sac-a-main-essence-d-afrique-bleu-1.jpg","datePublished":"2025-11-23T09:18:30+00:00","dateModified":"2026-02-16T09:22:18+00:00","description":"Bolso Essence d'Afrique artesanal, con un aplique del continente africano en tela marmolada. Gran formato 40 x 30 cm, elegante y aut\u00e9ntico, ideal para todas las ocasiones.","breadcrumb":{"@id":"https:\/\/www.woezonbyessi.com\/es\/shop\/coleccion-2026\/bolso-essence-d-afrique\/#breadcrumb"},"inLanguage":"es","potentialAction":[{"@type":"ReadAction","target":["https:\/\/www.woezonbyessi.com\/es\/shop\/coleccion-2026\/bolso-essence-d-afrique\/"]}]},{"@type":"ImageObject","inLanguage":"es","@id":"https:\/\/www.woezonbyessi.com\/es\/shop\/coleccion-2026\/bolso-essence-d-afrique\/#primaryimage","url":"https:\/\/www.woezonbyessi.com\/wp-content\/uploads\/2025\/11\/sac-a-main-essence-d-afrique-bleu-1.jpg","contentUrl":"https:\/\/www.woezonbyessi.com\/wp-content\/uploads\/2025\/11\/sac-a-main-essence-d-afrique-bleu-1.jpg","width":1106,"height":1200,"caption":"Sac \u00e0 main Essence d'Afrique"},{"@type":"BreadcrumbList","@id":"https:\/\/www.woezonbyessi.com\/es\/shop\/coleccion-2026\/bolso-essence-d-afrique\/#breadcrumb","itemListElement":[{"@type":"ListItem","position":1,"name":"Inicio","item":"https:\/\/www.woezonbyessi.com\/es\/"},{"@type":"ListItem","position":2,"name":"Tienda","item":"https:\/\/www.woezonbyessi.com\/es\/tienda\/"},{"@type":"ListItem","position":3,"name":"Accesorios","item":"https:\/\/www.woezonbyessi.com\/es\/categoria-producto\/accesorios\/"},{"@type":"ListItem","position":4,"name":"Bolso Essence d&rsquo;Afrique"}]},{"@type":"WebSite","@id":"https:\/\/www.woezonbyessi.com\/es\/#website","url":"https:\/\/www.woezonbyessi.com\/es\/","name":"Woezon by Essi","description":"","publisher":{"@id":"https:\/\/www.woezonbyessi.com\/es\/#organization"},"potentialAction":[{"@type":"SearchAction","target":{"@type":"EntryPoint","urlTemplate":"https:\/\/www.woezonbyessi.com\/es\/?s={search_term_string}"},"query-input":{"@type":"PropertyValueSpecification","valueRequired":true,"valueName":"search_term_string"}}],"inLanguage":"es"},{"@type":"Organization","@id":"https:\/\/www.woezonbyessi.com\/es\/#organization","name":"Woezon by Essi","url":"https:\/\/www.woezonbyessi.com\/es\/","logo":{"@type":"ImageObject","inLanguage":"es","@id":"https:\/\/www.woezonbyessi.com\/es\/#\/schema\/logo\/image\/","url":"https:\/\/www.woezonbyessi.com\/wp-content\/uploads\/2025\/11\/logo-blackpng.png","contentUrl":"https:\/\/www.woezonbyessi.com\/wp-content\/uploads\/2025\/11\/logo-blackpng.png","width":600,"height":576,"caption":"Woezon by Essi"},"image":{"@id":"https:\/\/www.woezonbyessi.com\/es\/#\/schema\/logo\/image\/"},"sameAs":["https:\/\/www.facebook.com\/profile.php?id=61583006293803","https:\/\/www.instagram.com\/woezon_by_essi\/","https:\/\/www.tiktok.com\/@woezon.by.essi"]}]}},"_links":{"self":[{"href":"https:\/\/www.woezonbyessi.com\/es\/wp-json\/wp\/v2\/product\/3676","targetHints":{"allow":["GET"]}}],"collection":[{"href":"https:\/\/www.woezonbyessi.com\/es\/wp-json\/wp\/v2\/product"}],"about":[{"href":"https:\/\/www.woezonbyessi.com\/es\/wp-json\/wp\/v2\/types\/product"}],"wp:featuredmedia":[{"embeddable":true,"href":"https:\/\/www.woezonbyessi.com\/es\/wp-json\/wp\/v2\/media\/3678"}],"wp:attachment":[{"href":"https:\/\/www.woezonbyessi.com\/es\/wp-json\/wp\/v2\/media?parent=3676"}],"wp:term":[{"taxonomy":"product_brand","embeddable":true,"href":"https:\/\/www.woezonbyessi.com\/es\/wp-json\/wp\/v2\/product_brand?post=3676"},{"taxonomy":"product_cat","embeddable":true,"href":"https:\/\/www.woezonbyessi.com\/es\/wp-json\/wp\/v2\/product_cat?post=3676"},{"taxonomy":"product_tag","embeddable":true,"href":"https:\/\/www.woezonbyessi.com\/es\/wp-json\/wp\/v2\/product_tag?post=3676"}],"curies":[{"name":"wp","href":"https:\/\/api.w.org\/{rel}","templated":true}]}}