{"id":3715,"date":"2025-11-22T14:57:19","date_gmt":"2025-11-22T13:57:19","guid":{"rendered":"https:\/\/www.woezonbyessi.com\/boutique\/sin%20categor\u00eda\/veste-eclat-cosmique\/"},"modified":"2026-02-16T10:44:54","modified_gmt":"2026-02-16T09:44:54","slug":"chaqueta-eclat-cosmique","status":"publish","type":"product","link":"https:\/\/www.woezonbyessi.com\/es\/shop\/hombre\/chaqueta-2\/chaqueta-eclat-cosmique\/","title":{"rendered":"Chaqueta Eclat Cosmique"},"content":{"rendered":"<p>Afirma tu estilo con la chaqueta Tie-Dye \u00abOrange Multicolore \u00e9clat cosmique\u00bb para hombre, una prenda de moda con un dise\u00f1o art\u00edstico y contempor\u00e1neo. Confeccionada con un tejido de primera calidad con efecto tie-dye que combina vibrantes tonos naranjas, morados y blancos, esta chaqueta aporta un toque de originalidad a todos tus conjuntos.<\/p>\n<p>Su corte moderno, su cuello alto y su cremallera integral ofrecen comodidad, elegancia y practicidad para el d\u00eda a d\u00eda. Un gran bolsillo asim\u00e9trico con cremallera en el pecho a\u00f1ade un toque visual \u00fanico a la vez que funcional.<br \/>\nIdeal para salir, looks streetwear u ocasiones informales, esta chaqueta es la combinaci\u00f3n perfecta entre estilo, comodidad y atrevimiento.<\/p>\n","protected":false},"excerpt":{"rendered":"<p data-start=\"1029\" data-end=\"1124\">\u2714\ufe0f Dise\u00f1o exclusivo tie-dye: armoniosa mezcla de morado, naranja, blanco y tonos oscuros.<br \/>\n\u2714\ufe0f Tejido de primera calidad: suave, resistente y agradable al tacto.<br \/>\n\u2714\ufe0f Corte moderno: ajustado para realzar la silueta y ofrecer una gran comodidad.<br \/>\n\u2714\ufe0f Cremallera integral: pr\u00e1ctica y duradera.<br \/>\n\u2714\ufe0f Bolsillo asim\u00e9trico con cremallera en el pecho: look caracter\u00edstico + almacenamiento seguro.<br \/>\n\u2714\ufe0f Cuello alto: garantiza estilo y protecci\u00f3n ligera contra el viento.<br \/>\n\u2714\ufe0f Pu\u00f1os el\u00e1sticos: sujeci\u00f3n \u00f3ptima y acabado cuidado.<br \/>\n\u2714\ufe0f Estilo vers\u00e1til: ideal para looks urbanos, informales o casuales chic.<\/p>\n","protected":false},"featured_media":3716,"template":"","meta":[],"product_brand":[],"product_cat":[306,314,223],"product_tag":[],"class_list":{"0":"post-3715","1":"product","2":"type-product","3":"status-publish","4":"has-post-thumbnail","6":"product_cat-chaqueta","7":"product_cat-chaqueta-2","8":"product_cat-coleccion-2026","10":"first","11":"instock","12":"shipping-taxable","13":"purchasable","14":"product-type-variable"},"yoast_head":"<!-- This site is optimized with the Yoast SEO plugin v27.5 - https:\/\/yoast.com\/product\/yoast-seo-wordpress\/ -->\n<title>Chaqueta Eclat Cosmique | Woezon by Essi<\/title>\n<meta name=\"description\" content=\"Chaqueta para hombre tie-dye naranja multicolor brillo c\u00f3smico: tejido premium en tonos naranja, violeta y blanco, corte moderno con cremallera y cuello alto. Prenda streetwear original y c\u00f3moda para tus salidas informales.\" \/>\n<meta name=\"robots\" content=\"index, follow, max-snippet:-1, max-image-preview:large, max-video-preview:-1\" \/>\n<link rel=\"canonical\" href=\"https:\/\/www.woezonbyessi.com\/es\/shop\/hombre\/chaqueta-2\/chaqueta-eclat-cosmique\/\" \/>\n<meta property=\"og:locale\" content=\"es_ES\" \/>\n<meta property=\"og:type\" content=\"article\" \/>\n<meta property=\"og:title\" content=\"Chaqueta Eclat Cosmique | Woezon by Essi\" \/>\n<meta property=\"og:description\" content=\"Chaqueta para hombre tie-dye naranja multicolor brillo c\u00f3smico: tejido premium en tonos naranja, violeta y blanco, corte moderno con cremallera y cuello alto. Prenda streetwear original y c\u00f3moda para tus salidas informales.\" \/>\n<meta property=\"og:url\" content=\"https:\/\/www.woezonbyessi.com\/es\/shop\/hombre\/chaqueta-2\/chaqueta-eclat-cosmique\/\" \/>\n<meta property=\"og:site_name\" content=\"Woezon by Essi\" \/>\n<meta property=\"article:publisher\" content=\"https:\/\/www.facebook.com\/profile.php?id=61583006293803\" \/>\n<meta property=\"article:modified_time\" content=\"2026-02-16T09:44:54+00:00\" \/>\n<meta property=\"og:image\" content=\"https:\/\/www.woezonbyessi.com\/wp-content\/uploads\/2025\/11\/veste-homme-tiemond-orange-multicolor-1.jpg\" \/>\n\t<meta property=\"og:image:width\" content=\"960\" \/>\n\t<meta property=\"og:image:height\" content=\"1200\" \/>\n\t<meta property=\"og:image:type\" content=\"image\/jpeg\" \/>\n<meta name=\"twitter:card\" content=\"summary_large_image\" \/>\n<script type=\"application\/ld+json\" class=\"yoast-schema-graph\">{\"@context\":\"https:\\\/\\\/schema.org\",\"@graph\":[{\"@type\":\"WebPage\",\"@id\":\"https:\\\/\\\/www.woezonbyessi.com\\\/es\\\/shop\\\/hombre\\\/chaqueta-2\\\/chaqueta-eclat-cosmique\\\/\",\"url\":\"https:\\\/\\\/www.woezonbyessi.com\\\/es\\\/shop\\\/hombre\\\/chaqueta-2\\\/chaqueta-eclat-cosmique\\\/\",\"name\":\"Chaqueta Eclat Cosmique | Woezon by Essi\",\"isPartOf\":{\"@id\":\"https:\\\/\\\/www.woezonbyessi.com\\\/es\\\/#website\"},\"primaryImageOfPage\":{\"@id\":\"https:\\\/\\\/www.woezonbyessi.com\\\/es\\\/shop\\\/hombre\\\/chaqueta-2\\\/chaqueta-eclat-cosmique\\\/#primaryimage\"},\"image\":{\"@id\":\"https:\\\/\\\/www.woezonbyessi.com\\\/es\\\/shop\\\/hombre\\\/chaqueta-2\\\/chaqueta-eclat-cosmique\\\/#primaryimage\"},\"thumbnailUrl\":\"https:\\\/\\\/www.woezonbyessi.com\\\/wp-content\\\/uploads\\\/2025\\\/11\\\/veste-homme-tiemond-orange-multicolor-1.jpg\",\"datePublished\":\"2025-11-22T13:57:19+00:00\",\"dateModified\":\"2026-02-16T09:44:54+00:00\",\"description\":\"Chaqueta para hombre tie-dye naranja multicolor brillo c\u00f3smico: tejido premium en tonos naranja, violeta y blanco, corte moderno con cremallera y cuello alto. Prenda streetwear original y c\u00f3moda para tus salidas informales.\",\"breadcrumb\":{\"@id\":\"https:\\\/\\\/www.woezonbyessi.com\\\/es\\\/shop\\\/hombre\\\/chaqueta-2\\\/chaqueta-eclat-cosmique\\\/#breadcrumb\"},\"inLanguage\":\"es\",\"potentialAction\":[{\"@type\":\"ReadAction\",\"target\":[\"https:\\\/\\\/www.woezonbyessi.com\\\/es\\\/shop\\\/hombre\\\/chaqueta-2\\\/chaqueta-eclat-cosmique\\\/\"]}]},{\"@type\":\"ImageObject\",\"inLanguage\":\"es\",\"@id\":\"https:\\\/\\\/www.woezonbyessi.com\\\/es\\\/shop\\\/hombre\\\/chaqueta-2\\\/chaqueta-eclat-cosmique\\\/#primaryimage\",\"url\":\"https:\\\/\\\/www.woezonbyessi.com\\\/wp-content\\\/uploads\\\/2025\\\/11\\\/veste-homme-tiemond-orange-multicolor-1.jpg\",\"contentUrl\":\"https:\\\/\\\/www.woezonbyessi.com\\\/wp-content\\\/uploads\\\/2025\\\/11\\\/veste-homme-tiemond-orange-multicolor-1.jpg\",\"width\":960,\"height\":1200,\"caption\":\"chaqueta-tiemond\"},{\"@type\":\"BreadcrumbList\",\"@id\":\"https:\\\/\\\/www.woezonbyessi.com\\\/es\\\/shop\\\/hombre\\\/chaqueta-2\\\/chaqueta-eclat-cosmique\\\/#breadcrumb\",\"itemListElement\":[{\"@type\":\"ListItem\",\"position\":1,\"name\":\"Inicio\",\"item\":\"https:\\\/\\\/www.woezonbyessi.com\\\/es\\\/\"},{\"@type\":\"ListItem\",\"position\":2,\"name\":\"Tienda\",\"item\":\"https:\\\/\\\/www.woezonbyessi.com\\\/es\\\/tienda\\\/\"},{\"@type\":\"ListItem\",\"position\":3,\"name\":\"Hombre\",\"item\":\"https:\\\/\\\/www.woezonbyessi.com\\\/es\\\/categoria-producto\\\/hombre\\\/\"},{\"@type\":\"ListItem\",\"position\":4,\"name\":\"Chaqueta\",\"item\":\"https:\\\/\\\/www.woezonbyessi.com\\\/es\\\/categoria-producto\\\/hombre\\\/chaqueta-2\\\/\"},{\"@type\":\"ListItem\",\"position\":5,\"name\":\"Chaqueta Eclat Cosmique\"}]},{\"@type\":\"WebSite\",\"@id\":\"https:\\\/\\\/www.woezonbyessi.com\\\/es\\\/#website\",\"url\":\"https:\\\/\\\/www.woezonbyessi.com\\\/es\\\/\",\"name\":\"Woezon by Essi\",\"description\":\"\",\"publisher\":{\"@id\":\"https:\\\/\\\/www.woezonbyessi.com\\\/es\\\/#organization\"},\"potentialAction\":[{\"@type\":\"SearchAction\",\"target\":{\"@type\":\"EntryPoint\",\"urlTemplate\":\"https:\\\/\\\/www.woezonbyessi.com\\\/es\\\/?s={search_term_string}\"},\"query-input\":{\"@type\":\"PropertyValueSpecification\",\"valueRequired\":true,\"valueName\":\"search_term_string\"}}],\"inLanguage\":\"es\"},{\"@type\":\"Organization\",\"@id\":\"https:\\\/\\\/www.woezonbyessi.com\\\/es\\\/#organization\",\"name\":\"Woezon by Essi\",\"url\":\"https:\\\/\\\/www.woezonbyessi.com\\\/es\\\/\",\"logo\":{\"@type\":\"ImageObject\",\"inLanguage\":\"es\",\"@id\":\"https:\\\/\\\/www.woezonbyessi.com\\\/es\\\/#\\\/schema\\\/logo\\\/image\\\/\",\"url\":\"https:\\\/\\\/www.woezonbyessi.com\\\/wp-content\\\/uploads\\\/2025\\\/11\\\/logo-blackpng.png\",\"contentUrl\":\"https:\\\/\\\/www.woezonbyessi.com\\\/wp-content\\\/uploads\\\/2025\\\/11\\\/logo-blackpng.png\",\"width\":600,\"height\":576,\"caption\":\"Woezon by Essi\"},\"image\":{\"@id\":\"https:\\\/\\\/www.woezonbyessi.com\\\/es\\\/#\\\/schema\\\/logo\\\/image\\\/\"},\"sameAs\":[\"https:\\\/\\\/www.facebook.com\\\/profile.php?id=61583006293803\",\"https:\\\/\\\/www.instagram.com\\\/woezon_by_essi\\\/\",\"https:\\\/\\\/www.tiktok.com\\\/@woezon.by.essi\"]}]}<\/script>\n<!-- \/ Yoast SEO plugin. -->","yoast_head_json":{"title":"Chaqueta Eclat Cosmique | Woezon by Essi","description":"Chaqueta para hombre tie-dye naranja multicolor brillo c\u00f3smico: tejido premium en tonos naranja, violeta y blanco, corte moderno con cremallera y cuello alto. Prenda streetwear original y c\u00f3moda para tus salidas informales.","robots":{"index":"index","follow":"follow","max-snippet":"max-snippet:-1","max-image-preview":"max-image-preview:large","max-video-preview":"max-video-preview:-1"},"canonical":"https:\/\/www.woezonbyessi.com\/es\/shop\/hombre\/chaqueta-2\/chaqueta-eclat-cosmique\/","og_locale":"es_ES","og_type":"article","og_title":"Chaqueta Eclat Cosmique | Woezon by Essi","og_description":"Chaqueta para hombre tie-dye naranja multicolor brillo c\u00f3smico: tejido premium en tonos naranja, violeta y blanco, corte moderno con cremallera y cuello alto. Prenda streetwear original y c\u00f3moda para tus salidas informales.","og_url":"https:\/\/www.woezonbyessi.com\/es\/shop\/hombre\/chaqueta-2\/chaqueta-eclat-cosmique\/","og_site_name":"Woezon by Essi","article_publisher":"https:\/\/www.facebook.com\/profile.php?id=61583006293803","article_modified_time":"2026-02-16T09:44:54+00:00","og_image":[{"width":960,"height":1200,"url":"https:\/\/www.woezonbyessi.com\/wp-content\/uploads\/2025\/11\/veste-homme-tiemond-orange-multicolor-1.jpg","type":"image\/jpeg"}],"twitter_card":"summary_large_image","schema":{"@context":"https:\/\/schema.org","@graph":[{"@type":"WebPage","@id":"https:\/\/www.woezonbyessi.com\/es\/shop\/hombre\/chaqueta-2\/chaqueta-eclat-cosmique\/","url":"https:\/\/www.woezonbyessi.com\/es\/shop\/hombre\/chaqueta-2\/chaqueta-eclat-cosmique\/","name":"Chaqueta Eclat Cosmique | Woezon by Essi","isPartOf":{"@id":"https:\/\/www.woezonbyessi.com\/es\/#website"},"primaryImageOfPage":{"@id":"https:\/\/www.woezonbyessi.com\/es\/shop\/hombre\/chaqueta-2\/chaqueta-eclat-cosmique\/#primaryimage"},"image":{"@id":"https:\/\/www.woezonbyessi.com\/es\/shop\/hombre\/chaqueta-2\/chaqueta-eclat-cosmique\/#primaryimage"},"thumbnailUrl":"https:\/\/www.woezonbyessi.com\/wp-content\/uploads\/2025\/11\/veste-homme-tiemond-orange-multicolor-1.jpg","datePublished":"2025-11-22T13:57:19+00:00","dateModified":"2026-02-16T09:44:54+00:00","description":"Chaqueta para hombre tie-dye naranja multicolor brillo c\u00f3smico: tejido premium en tonos naranja, violeta y blanco, corte moderno con cremallera y cuello alto. Prenda streetwear original y c\u00f3moda para tus salidas informales.","breadcrumb":{"@id":"https:\/\/www.woezonbyessi.com\/es\/shop\/hombre\/chaqueta-2\/chaqueta-eclat-cosmique\/#breadcrumb"},"inLanguage":"es","potentialAction":[{"@type":"ReadAction","target":["https:\/\/www.woezonbyessi.com\/es\/shop\/hombre\/chaqueta-2\/chaqueta-eclat-cosmique\/"]}]},{"@type":"ImageObject","inLanguage":"es","@id":"https:\/\/www.woezonbyessi.com\/es\/shop\/hombre\/chaqueta-2\/chaqueta-eclat-cosmique\/#primaryimage","url":"https:\/\/www.woezonbyessi.com\/wp-content\/uploads\/2025\/11\/veste-homme-tiemond-orange-multicolor-1.jpg","contentUrl":"https:\/\/www.woezonbyessi.com\/wp-content\/uploads\/2025\/11\/veste-homme-tiemond-orange-multicolor-1.jpg","width":960,"height":1200,"caption":"chaqueta-tiemond"},{"@type":"BreadcrumbList","@id":"https:\/\/www.woezonbyessi.com\/es\/shop\/hombre\/chaqueta-2\/chaqueta-eclat-cosmique\/#breadcrumb","itemListElement":[{"@type":"ListItem","position":1,"name":"Inicio","item":"https:\/\/www.woezonbyessi.com\/es\/"},{"@type":"ListItem","position":2,"name":"Tienda","item":"https:\/\/www.woezonbyessi.com\/es\/tienda\/"},{"@type":"ListItem","position":3,"name":"Hombre","item":"https:\/\/www.woezonbyessi.com\/es\/categoria-producto\/hombre\/"},{"@type":"ListItem","position":4,"name":"Chaqueta","item":"https:\/\/www.woezonbyessi.com\/es\/categoria-producto\/hombre\/chaqueta-2\/"},{"@type":"ListItem","position":5,"name":"Chaqueta Eclat Cosmique"}]},{"@type":"WebSite","@id":"https:\/\/www.woezonbyessi.com\/es\/#website","url":"https:\/\/www.woezonbyessi.com\/es\/","name":"Woezon by Essi","description":"","publisher":{"@id":"https:\/\/www.woezonbyessi.com\/es\/#organization"},"potentialAction":[{"@type":"SearchAction","target":{"@type":"EntryPoint","urlTemplate":"https:\/\/www.woezonbyessi.com\/es\/?s={search_term_string}"},"query-input":{"@type":"PropertyValueSpecification","valueRequired":true,"valueName":"search_term_string"}}],"inLanguage":"es"},{"@type":"Organization","@id":"https:\/\/www.woezonbyessi.com\/es\/#organization","name":"Woezon by Essi","url":"https:\/\/www.woezonbyessi.com\/es\/","logo":{"@type":"ImageObject","inLanguage":"es","@id":"https:\/\/www.woezonbyessi.com\/es\/#\/schema\/logo\/image\/","url":"https:\/\/www.woezonbyessi.com\/wp-content\/uploads\/2025\/11\/logo-blackpng.png","contentUrl":"https:\/\/www.woezonbyessi.com\/wp-content\/uploads\/2025\/11\/logo-blackpng.png","width":600,"height":576,"caption":"Woezon by Essi"},"image":{"@id":"https:\/\/www.woezonbyessi.com\/es\/#\/schema\/logo\/image\/"},"sameAs":["https:\/\/www.facebook.com\/profile.php?id=61583006293803","https:\/\/www.instagram.com\/woezon_by_essi\/","https:\/\/www.tiktok.com\/@woezon.by.essi"]}]}},"_links":{"self":[{"href":"https:\/\/www.woezonbyessi.com\/es\/wp-json\/wp\/v2\/product\/3715","targetHints":{"allow":["GET"]}}],"collection":[{"href":"https:\/\/www.woezonbyessi.com\/es\/wp-json\/wp\/v2\/product"}],"about":[{"href":"https:\/\/www.woezonbyessi.com\/es\/wp-json\/wp\/v2\/types\/product"}],"wp:featuredmedia":[{"embeddable":true,"href":"https:\/\/www.woezonbyessi.com\/es\/wp-json\/wp\/v2\/media\/3716"}],"wp:attachment":[{"href":"https:\/\/www.woezonbyessi.com\/es\/wp-json\/wp\/v2\/media?parent=3715"}],"wp:term":[{"taxonomy":"product_brand","embeddable":true,"href":"https:\/\/www.woezonbyessi.com\/es\/wp-json\/wp\/v2\/product_brand?post=3715"},{"taxonomy":"product_cat","embeddable":true,"href":"https:\/\/www.woezonbyessi.com\/es\/wp-json\/wp\/v2\/product_cat?post=3715"},{"taxonomy":"product_tag","embeddable":true,"href":"https:\/\/www.woezonbyessi.com\/es\/wp-json\/wp\/v2\/product_tag?post=3715"}],"curies":[{"name":"wp","href":"https:\/\/api.w.org\/{rel}","templated":true}]}}