{"id":3798,"date":"2025-11-22T12:47:01","date_gmt":"2025-11-22T11:47:01","guid":{"rendered":"https:\/\/www.woezonbyessi.com\/boutique\/sin%20categor\u00eda\/robe-plume-sauvage\/"},"modified":"2026-03-27T18:53:02","modified_gmt":"2026-03-27T17:53:02","slug":"vestido-plume-sauvage","status":"publish","type":"product","link":"https:\/\/www.woezonbyessi.com\/es\/shop\/nino\/vestidos-para-ninas\/vestido-plume-sauvage\/","title":{"rendered":"Vestido Plume Sauvage"},"content":{"rendered":"<p>Dale a tu hija un look elegante con el vestido infantil Wax \u00abVague \u00c9meraude\u00bb, un modelo \u00fanico que combina la tradici\u00f3n africana con la modernidad. Confeccionado en tejido wax de primera calidad, este vestido destaca por sus coloridos motivos que representan p\u00e1jaros estilizados, realzados por bandas blancas en forma de olas que aportan un contraste elegante y din\u00e1mico.<\/p>\n<p>Ligero, c\u00f3modo y perfectamente adaptado a la piel sensible de los ni\u00f1os, este vestido es ideal para salidas, ceremonias, cumplea\u00f1os o sesiones fotogr\u00e1ficas. Su dise\u00f1o acampanado y su cintura fruncida garantizan una libertad de movimiento \u00f3ptima, al tiempo que mantienen una silueta armoniosa.<\/p>\n","protected":false},"excerpt":{"rendered":"<p data-start=\"1111\" data-end=\"1172\">\u2714\ufe0f Material: Tejido Wax 100 % algod\u00f3n, transpirable y resistente<br \/>\n\u2714\ufe0f Dise\u00f1o: Motivos africanos coloridos (verde, azul, rosa) con bandas blancas en forma de chevron<br \/>\n\u2714\ufe0f Corte: Acampanado, cintura fruncida para un ajuste c\u00f3modo.<br \/>\n\u2714\ufe0f Cuello: Cuello redondo cl\u00e1sico.<br \/>\n\u2714\ufe0f Acabado: Costuras reforzadas para mayor durabilidad.<br \/>\n\u2714\ufe0f Estilo: Vestido tradicional africano revisitado.<br \/>\n\u2714\ufe0f Uso: Ceremonias, fiestas, salidas, sesiones fotogr\u00e1ficas, ropa de diario.<\/p>\n<p data-start=\"1529\" data-end=\"1602\">\n","protected":false},"featured_media":3799,"template":"","meta":[],"product_brand":[],"product_cat":[223,243,244],"product_tag":[],"class_list":{"0":"post-3798","1":"product","2":"type-product","3":"status-publish","4":"has-post-thumbnail","6":"product_cat-coleccion-2026","7":"product_cat-nino","8":"product_cat-vestidos-para-ninas","10":"first","11":"instock","12":"shipping-taxable","13":"purchasable","14":"product-type-variable"},"yoast_head":"<!-- This site is optimized with the Yoast SEO plugin v27.5 - https:\/\/yoast.com\/product\/yoast-seo-wordpress\/ -->\n<title>Vestido Plume Sauvage | Woezon by Essi<\/title>\n<meta name=\"description\" content=\"Vestido infantil Wax Vague \u00c9meraude confeccionado en tejido wax premium con motivos de p\u00e1jaros estilizados y olas blancas esmeralda. Ligero y c\u00f3modo, ideal para salidas, ceremonias, cumplea\u00f1os y sesiones fotogr\u00e1ficas.\" \/>\n<meta name=\"robots\" content=\"index, follow, max-snippet:-1, max-image-preview:large, max-video-preview:-1\" \/>\n<link rel=\"canonical\" href=\"https:\/\/www.woezonbyessi.com\/es\/shop\/nino\/vestidos-para-ninas\/vestido-plume-sauvage\/\" \/>\n<meta property=\"og:locale\" content=\"es_ES\" \/>\n<meta property=\"og:type\" content=\"article\" \/>\n<meta property=\"og:title\" content=\"Vestido Plume Sauvage | Woezon by Essi\" \/>\n<meta property=\"og:description\" content=\"Vestido infantil Wax Vague \u00c9meraude confeccionado en tejido wax premium con motivos de p\u00e1jaros estilizados y olas blancas esmeralda. Ligero y c\u00f3modo, ideal para salidas, ceremonias, cumplea\u00f1os y sesiones fotogr\u00e1ficas.\" \/>\n<meta property=\"og:url\" content=\"https:\/\/www.woezonbyessi.com\/es\/shop\/nino\/vestidos-para-ninas\/vestido-plume-sauvage\/\" \/>\n<meta property=\"og:site_name\" content=\"Woezon by Essi\" \/>\n<meta property=\"article:publisher\" content=\"https:\/\/www.facebook.com\/profile.php?id=61583006293803\" \/>\n<meta property=\"article:modified_time\" content=\"2026-03-27T17:53:02+00:00\" \/>\n<meta property=\"og:image\" content=\"https:\/\/www.woezonbyessi.com\/wp-content\/uploads\/2025\/11\/plume-doiseau-1.jpg\" \/>\n\t<meta property=\"og:image:width\" content=\"960\" \/>\n\t<meta property=\"og:image:height\" content=\"1200\" \/>\n\t<meta property=\"og:image:type\" content=\"image\/jpeg\" \/>\n<meta name=\"twitter:card\" content=\"summary_large_image\" \/>\n<script type=\"application\/ld+json\" class=\"yoast-schema-graph\">{\"@context\":\"https:\\\/\\\/schema.org\",\"@graph\":[{\"@type\":\"WebPage\",\"@id\":\"https:\\\/\\\/www.woezonbyessi.com\\\/es\\\/shop\\\/nino\\\/vestidos-para-ninas\\\/vestido-plume-sauvage\\\/\",\"url\":\"https:\\\/\\\/www.woezonbyessi.com\\\/es\\\/shop\\\/nino\\\/vestidos-para-ninas\\\/vestido-plume-sauvage\\\/\",\"name\":\"Vestido Plume Sauvage | Woezon by Essi\",\"isPartOf\":{\"@id\":\"https:\\\/\\\/www.woezonbyessi.com\\\/es\\\/#website\"},\"primaryImageOfPage\":{\"@id\":\"https:\\\/\\\/www.woezonbyessi.com\\\/es\\\/shop\\\/nino\\\/vestidos-para-ninas\\\/vestido-plume-sauvage\\\/#primaryimage\"},\"image\":{\"@id\":\"https:\\\/\\\/www.woezonbyessi.com\\\/es\\\/shop\\\/nino\\\/vestidos-para-ninas\\\/vestido-plume-sauvage\\\/#primaryimage\"},\"thumbnailUrl\":\"https:\\\/\\\/www.woezonbyessi.com\\\/wp-content\\\/uploads\\\/2025\\\/11\\\/plume-doiseau-1.jpg\",\"datePublished\":\"2025-11-22T11:47:01+00:00\",\"dateModified\":\"2026-03-27T17:53:02+00:00\",\"description\":\"Vestido infantil Wax Vague \u00c9meraude confeccionado en tejido wax premium con motivos de p\u00e1jaros estilizados y olas blancas esmeralda. Ligero y c\u00f3modo, ideal para salidas, ceremonias, cumplea\u00f1os y sesiones fotogr\u00e1ficas.\",\"breadcrumb\":{\"@id\":\"https:\\\/\\\/www.woezonbyessi.com\\\/es\\\/shop\\\/nino\\\/vestidos-para-ninas\\\/vestido-plume-sauvage\\\/#breadcrumb\"},\"inLanguage\":\"es\",\"potentialAction\":[{\"@type\":\"ReadAction\",\"target\":[\"https:\\\/\\\/www.woezonbyessi.com\\\/es\\\/shop\\\/nino\\\/vestidos-para-ninas\\\/vestido-plume-sauvage\\\/\"]}]},{\"@type\":\"ImageObject\",\"inLanguage\":\"es\",\"@id\":\"https:\\\/\\\/www.woezonbyessi.com\\\/es\\\/shop\\\/nino\\\/vestidos-para-ninas\\\/vestido-plume-sauvage\\\/#primaryimage\",\"url\":\"https:\\\/\\\/www.woezonbyessi.com\\\/wp-content\\\/uploads\\\/2025\\\/11\\\/plume-doiseau-1.jpg\",\"contentUrl\":\"https:\\\/\\\/www.woezonbyessi.com\\\/wp-content\\\/uploads\\\/2025\\\/11\\\/plume-doiseau-1.jpg\",\"width\":960,\"height\":1200,\"caption\":\"vestido-plume-sauvage\"},{\"@type\":\"BreadcrumbList\",\"@id\":\"https:\\\/\\\/www.woezonbyessi.com\\\/es\\\/shop\\\/nino\\\/vestidos-para-ninas\\\/vestido-plume-sauvage\\\/#breadcrumb\",\"itemListElement\":[{\"@type\":\"ListItem\",\"position\":1,\"name\":\"Inicio\",\"item\":\"https:\\\/\\\/www.woezonbyessi.com\\\/es\\\/\"},{\"@type\":\"ListItem\",\"position\":2,\"name\":\"Tienda\",\"item\":\"https:\\\/\\\/www.woezonbyessi.com\\\/es\\\/tienda\\\/\"},{\"@type\":\"ListItem\",\"position\":3,\"name\":\"Ni\u00f1o\",\"item\":\"https:\\\/\\\/www.woezonbyessi.com\\\/es\\\/categoria-producto\\\/nino\\\/\"},{\"@type\":\"ListItem\",\"position\":4,\"name\":\"Vestidos\",\"item\":\"https:\\\/\\\/www.woezonbyessi.com\\\/es\\\/categoria-producto\\\/nino\\\/vestidos-para-ninas\\\/\"},{\"@type\":\"ListItem\",\"position\":5,\"name\":\"Vestido Plume Sauvage\"}]},{\"@type\":\"WebSite\",\"@id\":\"https:\\\/\\\/www.woezonbyessi.com\\\/es\\\/#website\",\"url\":\"https:\\\/\\\/www.woezonbyessi.com\\\/es\\\/\",\"name\":\"Woezon by Essi\",\"description\":\"\",\"publisher\":{\"@id\":\"https:\\\/\\\/www.woezonbyessi.com\\\/es\\\/#organization\"},\"potentialAction\":[{\"@type\":\"SearchAction\",\"target\":{\"@type\":\"EntryPoint\",\"urlTemplate\":\"https:\\\/\\\/www.woezonbyessi.com\\\/es\\\/?s={search_term_string}\"},\"query-input\":{\"@type\":\"PropertyValueSpecification\",\"valueRequired\":true,\"valueName\":\"search_term_string\"}}],\"inLanguage\":\"es\"},{\"@type\":\"Organization\",\"@id\":\"https:\\\/\\\/www.woezonbyessi.com\\\/es\\\/#organization\",\"name\":\"Woezon by Essi\",\"url\":\"https:\\\/\\\/www.woezonbyessi.com\\\/es\\\/\",\"logo\":{\"@type\":\"ImageObject\",\"inLanguage\":\"es\",\"@id\":\"https:\\\/\\\/www.woezonbyessi.com\\\/es\\\/#\\\/schema\\\/logo\\\/image\\\/\",\"url\":\"https:\\\/\\\/www.woezonbyessi.com\\\/wp-content\\\/uploads\\\/2025\\\/11\\\/logo-blackpng.png\",\"contentUrl\":\"https:\\\/\\\/www.woezonbyessi.com\\\/wp-content\\\/uploads\\\/2025\\\/11\\\/logo-blackpng.png\",\"width\":600,\"height\":576,\"caption\":\"Woezon by Essi\"},\"image\":{\"@id\":\"https:\\\/\\\/www.woezonbyessi.com\\\/es\\\/#\\\/schema\\\/logo\\\/image\\\/\"},\"sameAs\":[\"https:\\\/\\\/www.facebook.com\\\/profile.php?id=61583006293803\",\"https:\\\/\\\/www.instagram.com\\\/woezon_by_essi\\\/\",\"https:\\\/\\\/www.tiktok.com\\\/@woezon.by.essi\"]}]}<\/script>\n<!-- \/ Yoast SEO plugin. -->","yoast_head_json":{"title":"Vestido Plume Sauvage | Woezon by Essi","description":"Vestido infantil Wax Vague \u00c9meraude confeccionado en tejido wax premium con motivos de p\u00e1jaros estilizados y olas blancas esmeralda. Ligero y c\u00f3modo, ideal para salidas, ceremonias, cumplea\u00f1os y sesiones fotogr\u00e1ficas.","robots":{"index":"index","follow":"follow","max-snippet":"max-snippet:-1","max-image-preview":"max-image-preview:large","max-video-preview":"max-video-preview:-1"},"canonical":"https:\/\/www.woezonbyessi.com\/es\/shop\/nino\/vestidos-para-ninas\/vestido-plume-sauvage\/","og_locale":"es_ES","og_type":"article","og_title":"Vestido Plume Sauvage | Woezon by Essi","og_description":"Vestido infantil Wax Vague \u00c9meraude confeccionado en tejido wax premium con motivos de p\u00e1jaros estilizados y olas blancas esmeralda. Ligero y c\u00f3modo, ideal para salidas, ceremonias, cumplea\u00f1os y sesiones fotogr\u00e1ficas.","og_url":"https:\/\/www.woezonbyessi.com\/es\/shop\/nino\/vestidos-para-ninas\/vestido-plume-sauvage\/","og_site_name":"Woezon by Essi","article_publisher":"https:\/\/www.facebook.com\/profile.php?id=61583006293803","article_modified_time":"2026-03-27T17:53:02+00:00","og_image":[{"width":960,"height":1200,"url":"https:\/\/www.woezonbyessi.com\/wp-content\/uploads\/2025\/11\/plume-doiseau-1.jpg","type":"image\/jpeg"}],"twitter_card":"summary_large_image","schema":{"@context":"https:\/\/schema.org","@graph":[{"@type":"WebPage","@id":"https:\/\/www.woezonbyessi.com\/es\/shop\/nino\/vestidos-para-ninas\/vestido-plume-sauvage\/","url":"https:\/\/www.woezonbyessi.com\/es\/shop\/nino\/vestidos-para-ninas\/vestido-plume-sauvage\/","name":"Vestido Plume Sauvage | Woezon by Essi","isPartOf":{"@id":"https:\/\/www.woezonbyessi.com\/es\/#website"},"primaryImageOfPage":{"@id":"https:\/\/www.woezonbyessi.com\/es\/shop\/nino\/vestidos-para-ninas\/vestido-plume-sauvage\/#primaryimage"},"image":{"@id":"https:\/\/www.woezonbyessi.com\/es\/shop\/nino\/vestidos-para-ninas\/vestido-plume-sauvage\/#primaryimage"},"thumbnailUrl":"https:\/\/www.woezonbyessi.com\/wp-content\/uploads\/2025\/11\/plume-doiseau-1.jpg","datePublished":"2025-11-22T11:47:01+00:00","dateModified":"2026-03-27T17:53:02+00:00","description":"Vestido infantil Wax Vague \u00c9meraude confeccionado en tejido wax premium con motivos de p\u00e1jaros estilizados y olas blancas esmeralda. Ligero y c\u00f3modo, ideal para salidas, ceremonias, cumplea\u00f1os y sesiones fotogr\u00e1ficas.","breadcrumb":{"@id":"https:\/\/www.woezonbyessi.com\/es\/shop\/nino\/vestidos-para-ninas\/vestido-plume-sauvage\/#breadcrumb"},"inLanguage":"es","potentialAction":[{"@type":"ReadAction","target":["https:\/\/www.woezonbyessi.com\/es\/shop\/nino\/vestidos-para-ninas\/vestido-plume-sauvage\/"]}]},{"@type":"ImageObject","inLanguage":"es","@id":"https:\/\/www.woezonbyessi.com\/es\/shop\/nino\/vestidos-para-ninas\/vestido-plume-sauvage\/#primaryimage","url":"https:\/\/www.woezonbyessi.com\/wp-content\/uploads\/2025\/11\/plume-doiseau-1.jpg","contentUrl":"https:\/\/www.woezonbyessi.com\/wp-content\/uploads\/2025\/11\/plume-doiseau-1.jpg","width":960,"height":1200,"caption":"vestido-plume-sauvage"},{"@type":"BreadcrumbList","@id":"https:\/\/www.woezonbyessi.com\/es\/shop\/nino\/vestidos-para-ninas\/vestido-plume-sauvage\/#breadcrumb","itemListElement":[{"@type":"ListItem","position":1,"name":"Inicio","item":"https:\/\/www.woezonbyessi.com\/es\/"},{"@type":"ListItem","position":2,"name":"Tienda","item":"https:\/\/www.woezonbyessi.com\/es\/tienda\/"},{"@type":"ListItem","position":3,"name":"Ni\u00f1o","item":"https:\/\/www.woezonbyessi.com\/es\/categoria-producto\/nino\/"},{"@type":"ListItem","position":4,"name":"Vestidos","item":"https:\/\/www.woezonbyessi.com\/es\/categoria-producto\/nino\/vestidos-para-ninas\/"},{"@type":"ListItem","position":5,"name":"Vestido Plume Sauvage"}]},{"@type":"WebSite","@id":"https:\/\/www.woezonbyessi.com\/es\/#website","url":"https:\/\/www.woezonbyessi.com\/es\/","name":"Woezon by Essi","description":"","publisher":{"@id":"https:\/\/www.woezonbyessi.com\/es\/#organization"},"potentialAction":[{"@type":"SearchAction","target":{"@type":"EntryPoint","urlTemplate":"https:\/\/www.woezonbyessi.com\/es\/?s={search_term_string}"},"query-input":{"@type":"PropertyValueSpecification","valueRequired":true,"valueName":"search_term_string"}}],"inLanguage":"es"},{"@type":"Organization","@id":"https:\/\/www.woezonbyessi.com\/es\/#organization","name":"Woezon by Essi","url":"https:\/\/www.woezonbyessi.com\/es\/","logo":{"@type":"ImageObject","inLanguage":"es","@id":"https:\/\/www.woezonbyessi.com\/es\/#\/schema\/logo\/image\/","url":"https:\/\/www.woezonbyessi.com\/wp-content\/uploads\/2025\/11\/logo-blackpng.png","contentUrl":"https:\/\/www.woezonbyessi.com\/wp-content\/uploads\/2025\/11\/logo-blackpng.png","width":600,"height":576,"caption":"Woezon by Essi"},"image":{"@id":"https:\/\/www.woezonbyessi.com\/es\/#\/schema\/logo\/image\/"},"sameAs":["https:\/\/www.facebook.com\/profile.php?id=61583006293803","https:\/\/www.instagram.com\/woezon_by_essi\/","https:\/\/www.tiktok.com\/@woezon.by.essi"]}]}},"_links":{"self":[{"href":"https:\/\/www.woezonbyessi.com\/es\/wp-json\/wp\/v2\/product\/3798","targetHints":{"allow":["GET"]}}],"collection":[{"href":"https:\/\/www.woezonbyessi.com\/es\/wp-json\/wp\/v2\/product"}],"about":[{"href":"https:\/\/www.woezonbyessi.com\/es\/wp-json\/wp\/v2\/types\/product"}],"wp:featuredmedia":[{"embeddable":true,"href":"https:\/\/www.woezonbyessi.com\/es\/wp-json\/wp\/v2\/media\/3799"}],"wp:attachment":[{"href":"https:\/\/www.woezonbyessi.com\/es\/wp-json\/wp\/v2\/media?parent=3798"}],"wp:term":[{"taxonomy":"product_brand","embeddable":true,"href":"https:\/\/www.woezonbyessi.com\/es\/wp-json\/wp\/v2\/product_brand?post=3798"},{"taxonomy":"product_cat","embeddable":true,"href":"https:\/\/www.woezonbyessi.com\/es\/wp-json\/wp\/v2\/product_cat?post=3798"},{"taxonomy":"product_tag","embeddable":true,"href":"https:\/\/www.woezonbyessi.com\/es\/wp-json\/wp\/v2\/product_tag?post=3798"}],"curies":[{"name":"wp","href":"https:\/\/api.w.org\/{rel}","templated":true}]}}