{"id":4032,"date":"2025-11-21T18:29:46","date_gmt":"2025-11-21T17:29:46","guid":{"rendered":"https:\/\/www.woezonbyessi.com\/boutique\/sin%20categor\u00eda\/ensemble-short-bleu-graphic\/"},"modified":"2026-02-17T11:41:47","modified_gmt":"2026-02-17T10:41:47","slug":"conjunto-de-pantalones-cortos-bleu-graphic","status":"publish","type":"product","link":"https:\/\/www.woezonbyessi.com\/es\/shop\/nino\/conjuntos\/conjunto-de-pantalones-cortos-bleu-graphic\/","title":{"rendered":"Conjunto de pantalones cortos Blue Graphic"},"content":{"rendered":"<p>Dale a tu hijo un look moderno y c\u00f3modo con el conjunto \u00abBlue Graphic\u00bb, compuesto por una camiseta blanca premium y unos pantalones cortos de tela estampada en azul con motivos din\u00e1micos.<br \/>\nLa camiseta luce un original dise\u00f1o geom\u00e9trico a juego con los pantalones cortos, creando un conjunto armonioso, moderno e ideal para salidas, ocasiones especiales o el d\u00eda a d\u00eda.<\/p>\n<p>Confeccionado con materiales ligeros y agradables de llevar, este conjunto garantiza libertad de movimiento, transpirabilidad y durabilidad. Perfecto tanto para d\u00edas activos como para un estilo cuidado.<\/p>\n","protected":false},"excerpt":{"rendered":"<p>Conjunto c\u00f3modo y elegante para ni\u00f1o<\/p>\n<p>\u2714\ufe0f Camiseta blanca con estampado geom\u00e9trico azul<br \/>\n\u2714\ufe0f Pantalones cortos a juego en tejido estampado azul<br \/>\n\u2714\ufe0f Tejidos suaves, ligeros y resistentes<br \/>\n\u2714\ufe0f Ideal para la temporada c\u00e1lida y los looks informales<\/p>\n","protected":false},"featured_media":4034,"template":"","meta":[],"product_brand":[],"product_cat":[223,294],"product_tag":[],"class_list":{"0":"post-4032","1":"product","2":"type-product","3":"status-publish","4":"has-post-thumbnail","6":"product_cat-coleccion-2026","7":"product_cat-conjuntos","9":"first","10":"instock","11":"shipping-taxable","12":"purchasable","13":"product-type-variable"},"yoast_head":"<!-- This site is optimized with the Yoast SEO plugin v27.5 - https:\/\/yoast.com\/product\/yoast-seo-wordpress\/ -->\n<title>Conjunto de pantalones cortos Blue Graphic | Woezon by Essi<\/title>\n<meta name=\"description\" content=\"Conjunto infantil Blue Graphic: camiseta blanca premium y pantal\u00f3n corto estampado en azul con motivos din\u00e1micos a juego. Look moderno, c\u00f3modo y transpirable, ideal para salidas, ocasiones especiales y el d\u00eda a d\u00eda.\" \/>\n<meta name=\"robots\" content=\"index, follow, max-snippet:-1, max-image-preview:large, max-video-preview:-1\" \/>\n<link rel=\"canonical\" href=\"https:\/\/www.woezonbyessi.com\/es\/shop\/nino\/conjuntos\/conjunto-de-pantalones-cortos-bleu-graphic\/\" \/>\n<meta property=\"og:locale\" content=\"es_ES\" \/>\n<meta property=\"og:type\" content=\"article\" \/>\n<meta property=\"og:title\" content=\"Conjunto de pantalones cortos Blue Graphic | Woezon by Essi\" \/>\n<meta property=\"og:description\" content=\"Conjunto infantil Blue Graphic: camiseta blanca premium y pantal\u00f3n corto estampado en azul con motivos din\u00e1micos a juego. Look moderno, c\u00f3modo y transpirable, ideal para salidas, ocasiones especiales y el d\u00eda a d\u00eda.\" \/>\n<meta property=\"og:url\" content=\"https:\/\/www.woezonbyessi.com\/es\/shop\/nino\/conjuntos\/conjunto-de-pantalones-cortos-bleu-graphic\/\" \/>\n<meta property=\"og:site_name\" content=\"Woezon by Essi\" \/>\n<meta property=\"article:publisher\" content=\"https:\/\/www.facebook.com\/profile.php?id=61583006293803\" \/>\n<meta property=\"article:modified_time\" content=\"2026-02-17T10:41:47+00:00\" \/>\n<meta property=\"og:image\" content=\"https:\/\/www.woezonbyessi.com\/wp-content\/uploads\/2025\/11\/ensemble-quainter-la-blue-one-1.jpg\" \/>\n\t<meta property=\"og:image:width\" content=\"825\" \/>\n\t<meta property=\"og:image:height\" content=\"1200\" \/>\n\t<meta property=\"og:image:type\" content=\"image\/jpeg\" \/>\n<meta name=\"twitter:card\" content=\"summary_large_image\" \/>\n<script type=\"application\/ld+json\" class=\"yoast-schema-graph\">{\"@context\":\"https:\\\/\\\/schema.org\",\"@graph\":[{\"@type\":\"WebPage\",\"@id\":\"https:\\\/\\\/www.woezonbyessi.com\\\/es\\\/shop\\\/nino\\\/conjuntos\\\/conjunto-de-pantalones-cortos-bleu-graphic\\\/\",\"url\":\"https:\\\/\\\/www.woezonbyessi.com\\\/es\\\/shop\\\/nino\\\/conjuntos\\\/conjunto-de-pantalones-cortos-bleu-graphic\\\/\",\"name\":\"Conjunto de pantalones cortos Blue Graphic | Woezon by Essi\",\"isPartOf\":{\"@id\":\"https:\\\/\\\/www.woezonbyessi.com\\\/es\\\/#website\"},\"primaryImageOfPage\":{\"@id\":\"https:\\\/\\\/www.woezonbyessi.com\\\/es\\\/shop\\\/nino\\\/conjuntos\\\/conjunto-de-pantalones-cortos-bleu-graphic\\\/#primaryimage\"},\"image\":{\"@id\":\"https:\\\/\\\/www.woezonbyessi.com\\\/es\\\/shop\\\/nino\\\/conjuntos\\\/conjunto-de-pantalones-cortos-bleu-graphic\\\/#primaryimage\"},\"thumbnailUrl\":\"https:\\\/\\\/www.woezonbyessi.com\\\/wp-content\\\/uploads\\\/2025\\\/11\\\/ensemble-quainter-la-blue-one-1.jpg\",\"datePublished\":\"2025-11-21T17:29:46+00:00\",\"dateModified\":\"2026-02-17T10:41:47+00:00\",\"description\":\"Conjunto infantil Blue Graphic: camiseta blanca premium y pantal\u00f3n corto estampado en azul con motivos din\u00e1micos a juego. Look moderno, c\u00f3modo y transpirable, ideal para salidas, ocasiones especiales y el d\u00eda a d\u00eda.\",\"breadcrumb\":{\"@id\":\"https:\\\/\\\/www.woezonbyessi.com\\\/es\\\/shop\\\/nino\\\/conjuntos\\\/conjunto-de-pantalones-cortos-bleu-graphic\\\/#breadcrumb\"},\"inLanguage\":\"es\",\"potentialAction\":[{\"@type\":\"ReadAction\",\"target\":[\"https:\\\/\\\/www.woezonbyessi.com\\\/es\\\/shop\\\/nino\\\/conjuntos\\\/conjunto-de-pantalones-cortos-bleu-graphic\\\/\"]}]},{\"@type\":\"ImageObject\",\"inLanguage\":\"es\",\"@id\":\"https:\\\/\\\/www.woezonbyessi.com\\\/es\\\/shop\\\/nino\\\/conjuntos\\\/conjunto-de-pantalones-cortos-bleu-graphic\\\/#primaryimage\",\"url\":\"https:\\\/\\\/www.woezonbyessi.com\\\/wp-content\\\/uploads\\\/2025\\\/11\\\/ensemble-quainter-la-blue-one-1.jpg\",\"contentUrl\":\"https:\\\/\\\/www.woezonbyessi.com\\\/wp-content\\\/uploads\\\/2025\\\/11\\\/ensemble-quainter-la-blue-one-1.jpg\",\"width\":825,\"height\":1200,\"caption\":\"kente-shorts-set\"},{\"@type\":\"BreadcrumbList\",\"@id\":\"https:\\\/\\\/www.woezonbyessi.com\\\/es\\\/shop\\\/nino\\\/conjuntos\\\/conjunto-de-pantalones-cortos-bleu-graphic\\\/#breadcrumb\",\"itemListElement\":[{\"@type\":\"ListItem\",\"position\":1,\"name\":\"Inicio\",\"item\":\"https:\\\/\\\/www.woezonbyessi.com\\\/es\\\/\"},{\"@type\":\"ListItem\",\"position\":2,\"name\":\"Tienda\",\"item\":\"https:\\\/\\\/www.woezonbyessi.com\\\/es\\\/tienda\\\/\"},{\"@type\":\"ListItem\",\"position\":3,\"name\":\"Ni\u00f1o\",\"item\":\"https:\\\/\\\/www.woezonbyessi.com\\\/es\\\/categoria-producto\\\/nino\\\/\"},{\"@type\":\"ListItem\",\"position\":4,\"name\":\"Conjuntos\",\"item\":\"https:\\\/\\\/www.woezonbyessi.com\\\/es\\\/categoria-producto\\\/nino\\\/conjuntos\\\/\"},{\"@type\":\"ListItem\",\"position\":5,\"name\":\"Conjunto de pantalones cortos Blue Graphic\"}]},{\"@type\":\"WebSite\",\"@id\":\"https:\\\/\\\/www.woezonbyessi.com\\\/es\\\/#website\",\"url\":\"https:\\\/\\\/www.woezonbyessi.com\\\/es\\\/\",\"name\":\"Woezon by Essi\",\"description\":\"\",\"publisher\":{\"@id\":\"https:\\\/\\\/www.woezonbyessi.com\\\/es\\\/#organization\"},\"potentialAction\":[{\"@type\":\"SearchAction\",\"target\":{\"@type\":\"EntryPoint\",\"urlTemplate\":\"https:\\\/\\\/www.woezonbyessi.com\\\/es\\\/?s={search_term_string}\"},\"query-input\":{\"@type\":\"PropertyValueSpecification\",\"valueRequired\":true,\"valueName\":\"search_term_string\"}}],\"inLanguage\":\"es\"},{\"@type\":\"Organization\",\"@id\":\"https:\\\/\\\/www.woezonbyessi.com\\\/es\\\/#organization\",\"name\":\"Woezon by Essi\",\"url\":\"https:\\\/\\\/www.woezonbyessi.com\\\/es\\\/\",\"logo\":{\"@type\":\"ImageObject\",\"inLanguage\":\"es\",\"@id\":\"https:\\\/\\\/www.woezonbyessi.com\\\/es\\\/#\\\/schema\\\/logo\\\/image\\\/\",\"url\":\"https:\\\/\\\/www.woezonbyessi.com\\\/wp-content\\\/uploads\\\/2025\\\/11\\\/logo-blackpng.png\",\"contentUrl\":\"https:\\\/\\\/www.woezonbyessi.com\\\/wp-content\\\/uploads\\\/2025\\\/11\\\/logo-blackpng.png\",\"width\":600,\"height\":576,\"caption\":\"Woezon by Essi\"},\"image\":{\"@id\":\"https:\\\/\\\/www.woezonbyessi.com\\\/es\\\/#\\\/schema\\\/logo\\\/image\\\/\"},\"sameAs\":[\"https:\\\/\\\/www.facebook.com\\\/profile.php?id=61583006293803\",\"https:\\\/\\\/www.instagram.com\\\/woezon_by_essi\\\/\",\"https:\\\/\\\/www.tiktok.com\\\/@woezon.by.essi\"]}]}<\/script>\n<!-- \/ Yoast SEO plugin. -->","yoast_head_json":{"title":"Conjunto de pantalones cortos Blue Graphic | Woezon by Essi","description":"Conjunto infantil Blue Graphic: camiseta blanca premium y pantal\u00f3n corto estampado en azul con motivos din\u00e1micos a juego. Look moderno, c\u00f3modo y transpirable, ideal para salidas, ocasiones especiales y el d\u00eda a d\u00eda.","robots":{"index":"index","follow":"follow","max-snippet":"max-snippet:-1","max-image-preview":"max-image-preview:large","max-video-preview":"max-video-preview:-1"},"canonical":"https:\/\/www.woezonbyessi.com\/es\/shop\/nino\/conjuntos\/conjunto-de-pantalones-cortos-bleu-graphic\/","og_locale":"es_ES","og_type":"article","og_title":"Conjunto de pantalones cortos Blue Graphic | Woezon by Essi","og_description":"Conjunto infantil Blue Graphic: camiseta blanca premium y pantal\u00f3n corto estampado en azul con motivos din\u00e1micos a juego. Look moderno, c\u00f3modo y transpirable, ideal para salidas, ocasiones especiales y el d\u00eda a d\u00eda.","og_url":"https:\/\/www.woezonbyessi.com\/es\/shop\/nino\/conjuntos\/conjunto-de-pantalones-cortos-bleu-graphic\/","og_site_name":"Woezon by Essi","article_publisher":"https:\/\/www.facebook.com\/profile.php?id=61583006293803","article_modified_time":"2026-02-17T10:41:47+00:00","og_image":[{"width":825,"height":1200,"url":"https:\/\/www.woezonbyessi.com\/wp-content\/uploads\/2025\/11\/ensemble-quainter-la-blue-one-1.jpg","type":"image\/jpeg"}],"twitter_card":"summary_large_image","schema":{"@context":"https:\/\/schema.org","@graph":[{"@type":"WebPage","@id":"https:\/\/www.woezonbyessi.com\/es\/shop\/nino\/conjuntos\/conjunto-de-pantalones-cortos-bleu-graphic\/","url":"https:\/\/www.woezonbyessi.com\/es\/shop\/nino\/conjuntos\/conjunto-de-pantalones-cortos-bleu-graphic\/","name":"Conjunto de pantalones cortos Blue Graphic | Woezon by Essi","isPartOf":{"@id":"https:\/\/www.woezonbyessi.com\/es\/#website"},"primaryImageOfPage":{"@id":"https:\/\/www.woezonbyessi.com\/es\/shop\/nino\/conjuntos\/conjunto-de-pantalones-cortos-bleu-graphic\/#primaryimage"},"image":{"@id":"https:\/\/www.woezonbyessi.com\/es\/shop\/nino\/conjuntos\/conjunto-de-pantalones-cortos-bleu-graphic\/#primaryimage"},"thumbnailUrl":"https:\/\/www.woezonbyessi.com\/wp-content\/uploads\/2025\/11\/ensemble-quainter-la-blue-one-1.jpg","datePublished":"2025-11-21T17:29:46+00:00","dateModified":"2026-02-17T10:41:47+00:00","description":"Conjunto infantil Blue Graphic: camiseta blanca premium y pantal\u00f3n corto estampado en azul con motivos din\u00e1micos a juego. Look moderno, c\u00f3modo y transpirable, ideal para salidas, ocasiones especiales y el d\u00eda a d\u00eda.","breadcrumb":{"@id":"https:\/\/www.woezonbyessi.com\/es\/shop\/nino\/conjuntos\/conjunto-de-pantalones-cortos-bleu-graphic\/#breadcrumb"},"inLanguage":"es","potentialAction":[{"@type":"ReadAction","target":["https:\/\/www.woezonbyessi.com\/es\/shop\/nino\/conjuntos\/conjunto-de-pantalones-cortos-bleu-graphic\/"]}]},{"@type":"ImageObject","inLanguage":"es","@id":"https:\/\/www.woezonbyessi.com\/es\/shop\/nino\/conjuntos\/conjunto-de-pantalones-cortos-bleu-graphic\/#primaryimage","url":"https:\/\/www.woezonbyessi.com\/wp-content\/uploads\/2025\/11\/ensemble-quainter-la-blue-one-1.jpg","contentUrl":"https:\/\/www.woezonbyessi.com\/wp-content\/uploads\/2025\/11\/ensemble-quainter-la-blue-one-1.jpg","width":825,"height":1200,"caption":"kente-shorts-set"},{"@type":"BreadcrumbList","@id":"https:\/\/www.woezonbyessi.com\/es\/shop\/nino\/conjuntos\/conjunto-de-pantalones-cortos-bleu-graphic\/#breadcrumb","itemListElement":[{"@type":"ListItem","position":1,"name":"Inicio","item":"https:\/\/www.woezonbyessi.com\/es\/"},{"@type":"ListItem","position":2,"name":"Tienda","item":"https:\/\/www.woezonbyessi.com\/es\/tienda\/"},{"@type":"ListItem","position":3,"name":"Ni\u00f1o","item":"https:\/\/www.woezonbyessi.com\/es\/categoria-producto\/nino\/"},{"@type":"ListItem","position":4,"name":"Conjuntos","item":"https:\/\/www.woezonbyessi.com\/es\/categoria-producto\/nino\/conjuntos\/"},{"@type":"ListItem","position":5,"name":"Conjunto de pantalones cortos Blue Graphic"}]},{"@type":"WebSite","@id":"https:\/\/www.woezonbyessi.com\/es\/#website","url":"https:\/\/www.woezonbyessi.com\/es\/","name":"Woezon by Essi","description":"","publisher":{"@id":"https:\/\/www.woezonbyessi.com\/es\/#organization"},"potentialAction":[{"@type":"SearchAction","target":{"@type":"EntryPoint","urlTemplate":"https:\/\/www.woezonbyessi.com\/es\/?s={search_term_string}"},"query-input":{"@type":"PropertyValueSpecification","valueRequired":true,"valueName":"search_term_string"}}],"inLanguage":"es"},{"@type":"Organization","@id":"https:\/\/www.woezonbyessi.com\/es\/#organization","name":"Woezon by Essi","url":"https:\/\/www.woezonbyessi.com\/es\/","logo":{"@type":"ImageObject","inLanguage":"es","@id":"https:\/\/www.woezonbyessi.com\/es\/#\/schema\/logo\/image\/","url":"https:\/\/www.woezonbyessi.com\/wp-content\/uploads\/2025\/11\/logo-blackpng.png","contentUrl":"https:\/\/www.woezonbyessi.com\/wp-content\/uploads\/2025\/11\/logo-blackpng.png","width":600,"height":576,"caption":"Woezon by Essi"},"image":{"@id":"https:\/\/www.woezonbyessi.com\/es\/#\/schema\/logo\/image\/"},"sameAs":["https:\/\/www.facebook.com\/profile.php?id=61583006293803","https:\/\/www.instagram.com\/woezon_by_essi\/","https:\/\/www.tiktok.com\/@woezon.by.essi"]}]}},"_links":{"self":[{"href":"https:\/\/www.woezonbyessi.com\/es\/wp-json\/wp\/v2\/product\/4032","targetHints":{"allow":["GET"]}}],"collection":[{"href":"https:\/\/www.woezonbyessi.com\/es\/wp-json\/wp\/v2\/product"}],"about":[{"href":"https:\/\/www.woezonbyessi.com\/es\/wp-json\/wp\/v2\/types\/product"}],"wp:featuredmedia":[{"embeddable":true,"href":"https:\/\/www.woezonbyessi.com\/es\/wp-json\/wp\/v2\/media\/4034"}],"wp:attachment":[{"href":"https:\/\/www.woezonbyessi.com\/es\/wp-json\/wp\/v2\/media?parent=4032"}],"wp:term":[{"taxonomy":"product_brand","embeddable":true,"href":"https:\/\/www.woezonbyessi.com\/es\/wp-json\/wp\/v2\/product_brand?post=4032"},{"taxonomy":"product_cat","embeddable":true,"href":"https:\/\/www.woezonbyessi.com\/es\/wp-json\/wp\/v2\/product_cat?post=4032"},{"taxonomy":"product_tag","embeddable":true,"href":"https:\/\/www.woezonbyessi.com\/es\/wp-json\/wp\/v2\/product_tag?post=4032"}],"curies":[{"name":"wp","href":"https:\/\/api.w.org\/{rel}","templated":true}]}}