{"id":4123,"date":"2025-11-17T17:56:59","date_gmt":"2025-11-17T16:56:59","guid":{"rendered":"https:\/\/www.woezonbyessi.com\/boutique\/sin%20categor\u00eda\/combishort-savane-chic\/"},"modified":"2026-02-17T12:26:54","modified_gmt":"2026-02-17T11:26:54","slug":"mono-savane-chic","status":"publish","type":"product","link":"https:\/\/www.woezonbyessi.com\/es\/shop\/nino\/combinaciones\/mono-savane-chic\/","title":{"rendered":"Mono Savane Chic"},"content":{"rendered":"<p>Descubre este vibrante mono para mujer, confeccionado en un tejido ligero y c\u00f3modo. Su estampado multicolor de inspiraci\u00f3n africana combina tonos naranja, verde, amarillo y negro para crear una prenda llena de energ\u00eda y estilo moderno.<\/p>\n<p>El top presenta un dise\u00f1o cruzado con detalle de lazo en los hombros, ofreciendo un look moderno y elegante, a la vez que garantiza una buena sujeci\u00f3n. Un discreto corte en el busto a\u00f1ade un toque de originalidad, ideal para mujeres j\u00f3venes. Los shorts holgados hasta la rodilla ofrecen una libertad de movimiento ideal para el d\u00eda a d\u00eda, salidas o ocasiones especiales.<\/p>\n","protected":false},"excerpt":{"rendered":"<p>Mono\/Overol corto para ni\u00f1a<\/p>\n<p>\u2714\ufe0f Estilo: Moderno, afrochic, estampado gr\u00e1fico<br \/>\n\u2714\ufe0f Colores: Naranja, verde, blanco roto, negro, amarillo<br \/>\n\u2714\ufe0f Estampado: Estampados geom\u00e9tricos y \u00e9tnicos<\/p>\n<p>Top:<br \/>\n\u2714\ufe0f Tirantes que se atan a los hombros<br \/>\n\u2714\ufe0f Estilo cruzado<br \/>\n\u2714\ufe0f Peque\u00f1o corte delantero<\/p>\n<p>Pantalones:<br \/>\n\u2714\ufe0f Shorts anchos hasta la rodilla<br \/>\n\u2714\ufe0f Cintura definida<\/p>\n<p>\u2714\ufe0f Material: Tejido ligero y transpirable (ideal para climas c\u00e1lidos)<br \/>\n\u2714\ufe0f Caracter\u00edsticas: Comodidad \u00f3ptima, dise\u00f1o original, ideal para actividades diarias o ocasiones especiales<\/p>\n","protected":false},"featured_media":4124,"template":"","meta":[],"product_brand":[],"product_cat":[223,298,225],"product_tag":[],"class_list":{"0":"post-4123","1":"product","2":"type-product","3":"status-publish","4":"has-post-thumbnail","6":"product_cat-coleccion-2026","7":"product_cat-combinaciones","8":"product_cat-mujer","10":"first","11":"instock","12":"purchasable","13":"product-type-variable"},"yoast_head":"<!-- This site is optimized with the Yoast SEO plugin v27.5 - https:\/\/yoast.com\/product\/yoast-seo-wordpress\/ -->\n<title>Mono Savane Chic | Woezon by Essi<\/title>\n<meta name=\"description\" content=\"Mono corto para mujer con vibrante estampado wax africano en naranja, verde, amarillo y negro, con cierre de lazo envolvente y pantalones cortos holgados y c\u00f3modos. Estilo moderno para salir y fiestas.\" \/>\n<meta name=\"robots\" content=\"index, follow, max-snippet:-1, max-image-preview:large, max-video-preview:-1\" \/>\n<link rel=\"canonical\" href=\"https:\/\/www.woezonbyessi.com\/es\/shop\/nino\/combinaciones\/mono-savane-chic\/\" \/>\n<meta property=\"og:locale\" content=\"es_ES\" \/>\n<meta property=\"og:type\" content=\"article\" \/>\n<meta property=\"og:title\" content=\"Mono Savane Chic | Woezon by Essi\" \/>\n<meta property=\"og:description\" content=\"Mono corto para mujer con vibrante estampado wax africano en naranja, verde, amarillo y negro, con cierre de lazo envolvente y pantalones cortos holgados y c\u00f3modos. Estilo moderno para salir y fiestas.\" \/>\n<meta property=\"og:url\" content=\"https:\/\/www.woezonbyessi.com\/es\/shop\/nino\/combinaciones\/mono-savane-chic\/\" \/>\n<meta property=\"og:site_name\" content=\"Woezon by Essi\" \/>\n<meta property=\"article:publisher\" content=\"https:\/\/www.facebook.com\/profile.php?id=61583006293803\" \/>\n<meta property=\"article:modified_time\" content=\"2026-02-17T11:26:54+00:00\" \/>\n<meta property=\"og:image\" content=\"https:\/\/www.woezonbyessi.com\/wp-content\/uploads\/2025\/11\/salopette-juvence-1.jpg\" \/>\n\t<meta property=\"og:image:width\" content=\"960\" \/>\n\t<meta property=\"og:image:height\" content=\"1200\" \/>\n\t<meta property=\"og:image:type\" content=\"image\/jpeg\" \/>\n<meta name=\"twitter:card\" content=\"summary_large_image\" \/>\n<script type=\"application\/ld+json\" class=\"yoast-schema-graph\">{\"@context\":\"https:\\\/\\\/schema.org\",\"@graph\":[{\"@type\":\"WebPage\",\"@id\":\"https:\\\/\\\/www.woezonbyessi.com\\\/es\\\/shop\\\/nino\\\/combinaciones\\\/mono-savane-chic\\\/\",\"url\":\"https:\\\/\\\/www.woezonbyessi.com\\\/es\\\/shop\\\/nino\\\/combinaciones\\\/mono-savane-chic\\\/\",\"name\":\"Mono Savane Chic | Woezon by Essi\",\"isPartOf\":{\"@id\":\"https:\\\/\\\/www.woezonbyessi.com\\\/es\\\/#website\"},\"primaryImageOfPage\":{\"@id\":\"https:\\\/\\\/www.woezonbyessi.com\\\/es\\\/shop\\\/nino\\\/combinaciones\\\/mono-savane-chic\\\/#primaryimage\"},\"image\":{\"@id\":\"https:\\\/\\\/www.woezonbyessi.com\\\/es\\\/shop\\\/nino\\\/combinaciones\\\/mono-savane-chic\\\/#primaryimage\"},\"thumbnailUrl\":\"https:\\\/\\\/www.woezonbyessi.com\\\/wp-content\\\/uploads\\\/2025\\\/11\\\/salopette-juvence-1.jpg\",\"datePublished\":\"2025-11-17T16:56:59+00:00\",\"dateModified\":\"2026-02-17T11:26:54+00:00\",\"description\":\"Mono corto para mujer con vibrante estampado wax africano en naranja, verde, amarillo y negro, con cierre de lazo envolvente y pantalones cortos holgados y c\u00f3modos. Estilo moderno para salir y fiestas.\",\"breadcrumb\":{\"@id\":\"https:\\\/\\\/www.woezonbyessi.com\\\/es\\\/shop\\\/nino\\\/combinaciones\\\/mono-savane-chic\\\/#breadcrumb\"},\"inLanguage\":\"es\",\"potentialAction\":[{\"@type\":\"ReadAction\",\"target\":[\"https:\\\/\\\/www.woezonbyessi.com\\\/es\\\/shop\\\/nino\\\/combinaciones\\\/mono-savane-chic\\\/\"]}]},{\"@type\":\"ImageObject\",\"inLanguage\":\"es\",\"@id\":\"https:\\\/\\\/www.woezonbyessi.com\\\/es\\\/shop\\\/nino\\\/combinaciones\\\/mono-savane-chic\\\/#primaryimage\",\"url\":\"https:\\\/\\\/www.woezonbyessi.com\\\/wp-content\\\/uploads\\\/2025\\\/11\\\/salopette-juvence-1.jpg\",\"contentUrl\":\"https:\\\/\\\/www.woezonbyessi.com\\\/wp-content\\\/uploads\\\/2025\\\/11\\\/salopette-juvence-1.jpg\",\"width\":960,\"height\":1200,\"caption\":\"mono-savane-chic\"},{\"@type\":\"BreadcrumbList\",\"@id\":\"https:\\\/\\\/www.woezonbyessi.com\\\/es\\\/shop\\\/nino\\\/combinaciones\\\/mono-savane-chic\\\/#breadcrumb\",\"itemListElement\":[{\"@type\":\"ListItem\",\"position\":1,\"name\":\"Inicio\",\"item\":\"https:\\\/\\\/www.woezonbyessi.com\\\/es\\\/\"},{\"@type\":\"ListItem\",\"position\":2,\"name\":\"Tienda\",\"item\":\"https:\\\/\\\/www.woezonbyessi.com\\\/es\\\/tienda\\\/\"},{\"@type\":\"ListItem\",\"position\":3,\"name\":\"Ni\u00f1o\",\"item\":\"https:\\\/\\\/www.woezonbyessi.com\\\/es\\\/categoria-producto\\\/nino\\\/\"},{\"@type\":\"ListItem\",\"position\":4,\"name\":\"Combinaciones\",\"item\":\"https:\\\/\\\/www.woezonbyessi.com\\\/es\\\/categoria-producto\\\/nino\\\/combinaciones\\\/\"},{\"@type\":\"ListItem\",\"position\":5,\"name\":\"Mono Savane Chic\"}]},{\"@type\":\"WebSite\",\"@id\":\"https:\\\/\\\/www.woezonbyessi.com\\\/es\\\/#website\",\"url\":\"https:\\\/\\\/www.woezonbyessi.com\\\/es\\\/\",\"name\":\"Woezon by Essi\",\"description\":\"\",\"publisher\":{\"@id\":\"https:\\\/\\\/www.woezonbyessi.com\\\/es\\\/#organization\"},\"potentialAction\":[{\"@type\":\"SearchAction\",\"target\":{\"@type\":\"EntryPoint\",\"urlTemplate\":\"https:\\\/\\\/www.woezonbyessi.com\\\/es\\\/?s={search_term_string}\"},\"query-input\":{\"@type\":\"PropertyValueSpecification\",\"valueRequired\":true,\"valueName\":\"search_term_string\"}}],\"inLanguage\":\"es\"},{\"@type\":\"Organization\",\"@id\":\"https:\\\/\\\/www.woezonbyessi.com\\\/es\\\/#organization\",\"name\":\"Woezon by Essi\",\"url\":\"https:\\\/\\\/www.woezonbyessi.com\\\/es\\\/\",\"logo\":{\"@type\":\"ImageObject\",\"inLanguage\":\"es\",\"@id\":\"https:\\\/\\\/www.woezonbyessi.com\\\/es\\\/#\\\/schema\\\/logo\\\/image\\\/\",\"url\":\"https:\\\/\\\/www.woezonbyessi.com\\\/wp-content\\\/uploads\\\/2025\\\/11\\\/logo-blackpng.png\",\"contentUrl\":\"https:\\\/\\\/www.woezonbyessi.com\\\/wp-content\\\/uploads\\\/2025\\\/11\\\/logo-blackpng.png\",\"width\":600,\"height\":576,\"caption\":\"Woezon by Essi\"},\"image\":{\"@id\":\"https:\\\/\\\/www.woezonbyessi.com\\\/es\\\/#\\\/schema\\\/logo\\\/image\\\/\"},\"sameAs\":[\"https:\\\/\\\/www.facebook.com\\\/profile.php?id=61583006293803\",\"https:\\\/\\\/www.instagram.com\\\/woezon_by_essi\\\/\",\"https:\\\/\\\/www.tiktok.com\\\/@woezon.by.essi\"]}]}<\/script>\n<!-- \/ Yoast SEO plugin. -->","yoast_head_json":{"title":"Mono Savane Chic | Woezon by Essi","description":"Mono corto para mujer con vibrante estampado wax africano en naranja, verde, amarillo y negro, con cierre de lazo envolvente y pantalones cortos holgados y c\u00f3modos. Estilo moderno para salir y fiestas.","robots":{"index":"index","follow":"follow","max-snippet":"max-snippet:-1","max-image-preview":"max-image-preview:large","max-video-preview":"max-video-preview:-1"},"canonical":"https:\/\/www.woezonbyessi.com\/es\/shop\/nino\/combinaciones\/mono-savane-chic\/","og_locale":"es_ES","og_type":"article","og_title":"Mono Savane Chic | Woezon by Essi","og_description":"Mono corto para mujer con vibrante estampado wax africano en naranja, verde, amarillo y negro, con cierre de lazo envolvente y pantalones cortos holgados y c\u00f3modos. Estilo moderno para salir y fiestas.","og_url":"https:\/\/www.woezonbyessi.com\/es\/shop\/nino\/combinaciones\/mono-savane-chic\/","og_site_name":"Woezon by Essi","article_publisher":"https:\/\/www.facebook.com\/profile.php?id=61583006293803","article_modified_time":"2026-02-17T11:26:54+00:00","og_image":[{"width":960,"height":1200,"url":"https:\/\/www.woezonbyessi.com\/wp-content\/uploads\/2025\/11\/salopette-juvence-1.jpg","type":"image\/jpeg"}],"twitter_card":"summary_large_image","schema":{"@context":"https:\/\/schema.org","@graph":[{"@type":"WebPage","@id":"https:\/\/www.woezonbyessi.com\/es\/shop\/nino\/combinaciones\/mono-savane-chic\/","url":"https:\/\/www.woezonbyessi.com\/es\/shop\/nino\/combinaciones\/mono-savane-chic\/","name":"Mono Savane Chic | Woezon by Essi","isPartOf":{"@id":"https:\/\/www.woezonbyessi.com\/es\/#website"},"primaryImageOfPage":{"@id":"https:\/\/www.woezonbyessi.com\/es\/shop\/nino\/combinaciones\/mono-savane-chic\/#primaryimage"},"image":{"@id":"https:\/\/www.woezonbyessi.com\/es\/shop\/nino\/combinaciones\/mono-savane-chic\/#primaryimage"},"thumbnailUrl":"https:\/\/www.woezonbyessi.com\/wp-content\/uploads\/2025\/11\/salopette-juvence-1.jpg","datePublished":"2025-11-17T16:56:59+00:00","dateModified":"2026-02-17T11:26:54+00:00","description":"Mono corto para mujer con vibrante estampado wax africano en naranja, verde, amarillo y negro, con cierre de lazo envolvente y pantalones cortos holgados y c\u00f3modos. Estilo moderno para salir y fiestas.","breadcrumb":{"@id":"https:\/\/www.woezonbyessi.com\/es\/shop\/nino\/combinaciones\/mono-savane-chic\/#breadcrumb"},"inLanguage":"es","potentialAction":[{"@type":"ReadAction","target":["https:\/\/www.woezonbyessi.com\/es\/shop\/nino\/combinaciones\/mono-savane-chic\/"]}]},{"@type":"ImageObject","inLanguage":"es","@id":"https:\/\/www.woezonbyessi.com\/es\/shop\/nino\/combinaciones\/mono-savane-chic\/#primaryimage","url":"https:\/\/www.woezonbyessi.com\/wp-content\/uploads\/2025\/11\/salopette-juvence-1.jpg","contentUrl":"https:\/\/www.woezonbyessi.com\/wp-content\/uploads\/2025\/11\/salopette-juvence-1.jpg","width":960,"height":1200,"caption":"mono-savane-chic"},{"@type":"BreadcrumbList","@id":"https:\/\/www.woezonbyessi.com\/es\/shop\/nino\/combinaciones\/mono-savane-chic\/#breadcrumb","itemListElement":[{"@type":"ListItem","position":1,"name":"Inicio","item":"https:\/\/www.woezonbyessi.com\/es\/"},{"@type":"ListItem","position":2,"name":"Tienda","item":"https:\/\/www.woezonbyessi.com\/es\/tienda\/"},{"@type":"ListItem","position":3,"name":"Ni\u00f1o","item":"https:\/\/www.woezonbyessi.com\/es\/categoria-producto\/nino\/"},{"@type":"ListItem","position":4,"name":"Combinaciones","item":"https:\/\/www.woezonbyessi.com\/es\/categoria-producto\/nino\/combinaciones\/"},{"@type":"ListItem","position":5,"name":"Mono Savane Chic"}]},{"@type":"WebSite","@id":"https:\/\/www.woezonbyessi.com\/es\/#website","url":"https:\/\/www.woezonbyessi.com\/es\/","name":"Woezon by Essi","description":"","publisher":{"@id":"https:\/\/www.woezonbyessi.com\/es\/#organization"},"potentialAction":[{"@type":"SearchAction","target":{"@type":"EntryPoint","urlTemplate":"https:\/\/www.woezonbyessi.com\/es\/?s={search_term_string}"},"query-input":{"@type":"PropertyValueSpecification","valueRequired":true,"valueName":"search_term_string"}}],"inLanguage":"es"},{"@type":"Organization","@id":"https:\/\/www.woezonbyessi.com\/es\/#organization","name":"Woezon by Essi","url":"https:\/\/www.woezonbyessi.com\/es\/","logo":{"@type":"ImageObject","inLanguage":"es","@id":"https:\/\/www.woezonbyessi.com\/es\/#\/schema\/logo\/image\/","url":"https:\/\/www.woezonbyessi.com\/wp-content\/uploads\/2025\/11\/logo-blackpng.png","contentUrl":"https:\/\/www.woezonbyessi.com\/wp-content\/uploads\/2025\/11\/logo-blackpng.png","width":600,"height":576,"caption":"Woezon by Essi"},"image":{"@id":"https:\/\/www.woezonbyessi.com\/es\/#\/schema\/logo\/image\/"},"sameAs":["https:\/\/www.facebook.com\/profile.php?id=61583006293803","https:\/\/www.instagram.com\/woezon_by_essi\/","https:\/\/www.tiktok.com\/@woezon.by.essi"]}]}},"_links":{"self":[{"href":"https:\/\/www.woezonbyessi.com\/es\/wp-json\/wp\/v2\/product\/4123","targetHints":{"allow":["GET"]}}],"collection":[{"href":"https:\/\/www.woezonbyessi.com\/es\/wp-json\/wp\/v2\/product"}],"about":[{"href":"https:\/\/www.woezonbyessi.com\/es\/wp-json\/wp\/v2\/types\/product"}],"wp:featuredmedia":[{"embeddable":true,"href":"https:\/\/www.woezonbyessi.com\/es\/wp-json\/wp\/v2\/media\/4124"}],"wp:attachment":[{"href":"https:\/\/www.woezonbyessi.com\/es\/wp-json\/wp\/v2\/media?parent=4123"}],"wp:term":[{"taxonomy":"product_brand","embeddable":true,"href":"https:\/\/www.woezonbyessi.com\/es\/wp-json\/wp\/v2\/product_brand?post=4123"},{"taxonomy":"product_cat","embeddable":true,"href":"https:\/\/www.woezonbyessi.com\/es\/wp-json\/wp\/v2\/product_cat?post=4123"},{"taxonomy":"product_tag","embeddable":true,"href":"https:\/\/www.woezonbyessi.com\/es\/wp-json\/wp\/v2\/product_tag?post=4123"}],"curies":[{"name":"wp","href":"https:\/\/api.w.org\/{rel}","templated":true}]}}