{"id":4239,"date":"2025-11-16T20:02:29","date_gmt":"2025-11-16T19:02:29","guid":{"rendered":"https:\/\/www.woezonbyessi.com\/boutique\/sin%20categor\u00eda\/ensemble-jupe-kente-violet\/"},"modified":"2026-02-17T13:15:34","modified_gmt":"2026-02-17T12:15:34","slug":"conjunto-falda-kente-violeta","status":"publish","type":"product","link":"https:\/\/www.woezonbyessi.com\/es\/shop\/nino\/conjuntos\/conjunto-falda-kente-violeta\/","title":{"rendered":"Conjunto falda Kente violeta"},"content":{"rendered":"<p>Este conjunto para ni\u00f1a combina frescura, color y elegancia, perfecto tanto para ocasiones festivas como para un look diario. Se compone de una camiseta blanca adornada con un gran motivo en forma de coraz\u00f3n, realizado con un estampado geom\u00e9trico multicolor que aporta un toque moderno y alegre.<\/p>\n<p>La camiseta se combina con una falda rosa fucsia, luminosa y amplia, decorada con hilos dorados brillantes y ribeteada con un delicado encaje blanco. El corte acampanado ofrece comodidad y libertad de movimiento, al tiempo que realza el efecto brillante del tejido.<\/p>\n<p>Una diadema a juego, confeccionada en un tejido de color a juego con el motivo de la camiseta, completa el conjunto con una nota armoniosa y elegante. En los pies, la ni\u00f1a lleva unas bailarinas negras, sencillas y elegantes, ideales para estabilizar el look con un toque cl\u00e1sico.<\/p>\n","protected":false},"excerpt":{"rendered":"<p data-start=\"1055\" data-end=\"1082\">\u2714\ufe0f Conjunto festivo para ni\u00f1a<br \/>\n\u2714\ufe0f Conjunto de camiseta y falda para ni\u00f1a<br \/>\n\u2714\ufe0f Falda fucsia brillante con encaje<br \/>\n\u2714\ufe0f Camiseta blanca con motivos de corazones de colores<br \/>\n\u2714\ufe0f Accesorios a juego: diadema para ni\u00f1a<br \/>\n\u2714\ufe0f Look c\u00f3modo, elegante y moderno<\/p>\n","protected":false},"featured_media":4240,"template":"","meta":[],"product_brand":[],"product_cat":[223,294],"product_tag":[],"class_list":{"0":"post-4239","1":"product","2":"type-product","3":"status-publish","4":"has-post-thumbnail","6":"product_cat-coleccion-2026","7":"product_cat-conjuntos","9":"first","10":"instock","11":"shipping-taxable","12":"purchasable","13":"product-type-variable"},"yoast_head":"<!-- This site is optimized with the Yoast SEO plugin v27.5 - https:\/\/yoast.com\/product\/yoast-seo-wordpress\/ -->\n<title>Conjunto falda Kente violeta | Woezon by Essi<\/title>\n<meta name=\"description\" content=\"Conjunto infantil festivo y para el d\u00eda a d\u00eda, con camiseta con corazones de colores, falda fucsia brillante y diadema a juego para un look c\u00f3modo, elegante y lleno de estilo.\" \/>\n<meta name=\"robots\" content=\"index, follow, max-snippet:-1, max-image-preview:large, max-video-preview:-1\" \/>\n<link rel=\"canonical\" href=\"https:\/\/www.woezonbyessi.com\/es\/shop\/nino\/conjuntos\/conjunto-falda-kente-violeta\/\" \/>\n<meta property=\"og:locale\" content=\"es_ES\" \/>\n<meta property=\"og:type\" content=\"article\" \/>\n<meta property=\"og:title\" content=\"Conjunto falda Kente violeta | Woezon by Essi\" \/>\n<meta property=\"og:description\" content=\"Conjunto infantil festivo y para el d\u00eda a d\u00eda, con camiseta con corazones de colores, falda fucsia brillante y diadema a juego para un look c\u00f3modo, elegante y lleno de estilo.\" \/>\n<meta property=\"og:url\" content=\"https:\/\/www.woezonbyessi.com\/es\/shop\/nino\/conjuntos\/conjunto-falda-kente-violeta\/\" \/>\n<meta property=\"og:site_name\" content=\"Woezon by Essi\" \/>\n<meta property=\"article:publisher\" content=\"https:\/\/www.facebook.com\/profile.php?id=61583006293803\" \/>\n<meta property=\"article:modified_time\" content=\"2026-02-17T12:15:34+00:00\" \/>\n<meta property=\"og:image\" content=\"https:\/\/www.woezonbyessi.com\/wp-content\/uploads\/2025\/11\/ensemble-jupe-1-rotated.jpg\" \/>\n\t<meta property=\"og:image:width\" content=\"675\" \/>\n\t<meta property=\"og:image:height\" content=\"1200\" \/>\n\t<meta property=\"og:image:type\" content=\"image\/jpeg\" \/>\n<meta name=\"twitter:card\" content=\"summary_large_image\" \/>\n<script type=\"application\/ld+json\" class=\"yoast-schema-graph\">{\"@context\":\"https:\\\/\\\/schema.org\",\"@graph\":[{\"@type\":\"WebPage\",\"@id\":\"https:\\\/\\\/www.woezonbyessi.com\\\/es\\\/shop\\\/nino\\\/conjuntos\\\/conjunto-falda-kente-violeta\\\/\",\"url\":\"https:\\\/\\\/www.woezonbyessi.com\\\/es\\\/shop\\\/nino\\\/conjuntos\\\/conjunto-falda-kente-violeta\\\/\",\"name\":\"Conjunto falda Kente violeta | Woezon by Essi\",\"isPartOf\":{\"@id\":\"https:\\\/\\\/www.woezonbyessi.com\\\/es\\\/#website\"},\"primaryImageOfPage\":{\"@id\":\"https:\\\/\\\/www.woezonbyessi.com\\\/es\\\/shop\\\/nino\\\/conjuntos\\\/conjunto-falda-kente-violeta\\\/#primaryimage\"},\"image\":{\"@id\":\"https:\\\/\\\/www.woezonbyessi.com\\\/es\\\/shop\\\/nino\\\/conjuntos\\\/conjunto-falda-kente-violeta\\\/#primaryimage\"},\"thumbnailUrl\":\"https:\\\/\\\/www.woezonbyessi.com\\\/wp-content\\\/uploads\\\/2025\\\/11\\\/ensemble-jupe-1-rotated.jpg\",\"datePublished\":\"2025-11-16T19:02:29+00:00\",\"dateModified\":\"2026-02-17T12:15:34+00:00\",\"description\":\"Conjunto infantil festivo y para el d\u00eda a d\u00eda, con camiseta con corazones de colores, falda fucsia brillante y diadema a juego para un look c\u00f3modo, elegante y lleno de estilo.\",\"breadcrumb\":{\"@id\":\"https:\\\/\\\/www.woezonbyessi.com\\\/es\\\/shop\\\/nino\\\/conjuntos\\\/conjunto-falda-kente-violeta\\\/#breadcrumb\"},\"inLanguage\":\"es\",\"potentialAction\":[{\"@type\":\"ReadAction\",\"target\":[\"https:\\\/\\\/www.woezonbyessi.com\\\/es\\\/shop\\\/nino\\\/conjuntos\\\/conjunto-falda-kente-violeta\\\/\"]}]},{\"@type\":\"ImageObject\",\"inLanguage\":\"es\",\"@id\":\"https:\\\/\\\/www.woezonbyessi.com\\\/es\\\/shop\\\/nino\\\/conjuntos\\\/conjunto-falda-kente-violeta\\\/#primaryimage\",\"url\":\"https:\\\/\\\/www.woezonbyessi.com\\\/wp-content\\\/uploads\\\/2025\\\/11\\\/ensemble-jupe-1-rotated.jpg\",\"contentUrl\":\"https:\\\/\\\/www.woezonbyessi.com\\\/wp-content\\\/uploads\\\/2025\\\/11\\\/ensemble-jupe-1-rotated.jpg\",\"width\":675,\"height\":1200,\"caption\":\"conjunto-falda-Kente- violeta\"},{\"@type\":\"BreadcrumbList\",\"@id\":\"https:\\\/\\\/www.woezonbyessi.com\\\/es\\\/shop\\\/nino\\\/conjuntos\\\/conjunto-falda-kente-violeta\\\/#breadcrumb\",\"itemListElement\":[{\"@type\":\"ListItem\",\"position\":1,\"name\":\"Inicio\",\"item\":\"https:\\\/\\\/www.woezonbyessi.com\\\/es\\\/\"},{\"@type\":\"ListItem\",\"position\":2,\"name\":\"Tienda\",\"item\":\"https:\\\/\\\/www.woezonbyessi.com\\\/es\\\/tienda\\\/\"},{\"@type\":\"ListItem\",\"position\":3,\"name\":\"Ni\u00f1o\",\"item\":\"https:\\\/\\\/www.woezonbyessi.com\\\/es\\\/categoria-producto\\\/nino\\\/\"},{\"@type\":\"ListItem\",\"position\":4,\"name\":\"Conjuntos\",\"item\":\"https:\\\/\\\/www.woezonbyessi.com\\\/es\\\/categoria-producto\\\/nino\\\/conjuntos\\\/\"},{\"@type\":\"ListItem\",\"position\":5,\"name\":\"Conjunto falda Kente violeta\"}]},{\"@type\":\"WebSite\",\"@id\":\"https:\\\/\\\/www.woezonbyessi.com\\\/es\\\/#website\",\"url\":\"https:\\\/\\\/www.woezonbyessi.com\\\/es\\\/\",\"name\":\"Woezon by Essi\",\"description\":\"\",\"publisher\":{\"@id\":\"https:\\\/\\\/www.woezonbyessi.com\\\/es\\\/#organization\"},\"potentialAction\":[{\"@type\":\"SearchAction\",\"target\":{\"@type\":\"EntryPoint\",\"urlTemplate\":\"https:\\\/\\\/www.woezonbyessi.com\\\/es\\\/?s={search_term_string}\"},\"query-input\":{\"@type\":\"PropertyValueSpecification\",\"valueRequired\":true,\"valueName\":\"search_term_string\"}}],\"inLanguage\":\"es\"},{\"@type\":\"Organization\",\"@id\":\"https:\\\/\\\/www.woezonbyessi.com\\\/es\\\/#organization\",\"name\":\"Woezon by Essi\",\"url\":\"https:\\\/\\\/www.woezonbyessi.com\\\/es\\\/\",\"logo\":{\"@type\":\"ImageObject\",\"inLanguage\":\"es\",\"@id\":\"https:\\\/\\\/www.woezonbyessi.com\\\/es\\\/#\\\/schema\\\/logo\\\/image\\\/\",\"url\":\"https:\\\/\\\/www.woezonbyessi.com\\\/wp-content\\\/uploads\\\/2025\\\/11\\\/logo-blackpng.png\",\"contentUrl\":\"https:\\\/\\\/www.woezonbyessi.com\\\/wp-content\\\/uploads\\\/2025\\\/11\\\/logo-blackpng.png\",\"width\":600,\"height\":576,\"caption\":\"Woezon by Essi\"},\"image\":{\"@id\":\"https:\\\/\\\/www.woezonbyessi.com\\\/es\\\/#\\\/schema\\\/logo\\\/image\\\/\"},\"sameAs\":[\"https:\\\/\\\/www.facebook.com\\\/profile.php?id=61583006293803\",\"https:\\\/\\\/www.instagram.com\\\/woezon_by_essi\\\/\",\"https:\\\/\\\/www.tiktok.com\\\/@woezon.by.essi\"]}]}<\/script>\n<!-- \/ Yoast SEO plugin. -->","yoast_head_json":{"title":"Conjunto falda Kente violeta | Woezon by Essi","description":"Conjunto infantil festivo y para el d\u00eda a d\u00eda, con camiseta con corazones de colores, falda fucsia brillante y diadema a juego para un look c\u00f3modo, elegante y lleno de estilo.","robots":{"index":"index","follow":"follow","max-snippet":"max-snippet:-1","max-image-preview":"max-image-preview:large","max-video-preview":"max-video-preview:-1"},"canonical":"https:\/\/www.woezonbyessi.com\/es\/shop\/nino\/conjuntos\/conjunto-falda-kente-violeta\/","og_locale":"es_ES","og_type":"article","og_title":"Conjunto falda Kente violeta | Woezon by Essi","og_description":"Conjunto infantil festivo y para el d\u00eda a d\u00eda, con camiseta con corazones de colores, falda fucsia brillante y diadema a juego para un look c\u00f3modo, elegante y lleno de estilo.","og_url":"https:\/\/www.woezonbyessi.com\/es\/shop\/nino\/conjuntos\/conjunto-falda-kente-violeta\/","og_site_name":"Woezon by Essi","article_publisher":"https:\/\/www.facebook.com\/profile.php?id=61583006293803","article_modified_time":"2026-02-17T12:15:34+00:00","og_image":[{"width":675,"height":1200,"url":"https:\/\/www.woezonbyessi.com\/wp-content\/uploads\/2025\/11\/ensemble-jupe-1-rotated.jpg","type":"image\/jpeg"}],"twitter_card":"summary_large_image","schema":{"@context":"https:\/\/schema.org","@graph":[{"@type":"WebPage","@id":"https:\/\/www.woezonbyessi.com\/es\/shop\/nino\/conjuntos\/conjunto-falda-kente-violeta\/","url":"https:\/\/www.woezonbyessi.com\/es\/shop\/nino\/conjuntos\/conjunto-falda-kente-violeta\/","name":"Conjunto falda Kente violeta | Woezon by Essi","isPartOf":{"@id":"https:\/\/www.woezonbyessi.com\/es\/#website"},"primaryImageOfPage":{"@id":"https:\/\/www.woezonbyessi.com\/es\/shop\/nino\/conjuntos\/conjunto-falda-kente-violeta\/#primaryimage"},"image":{"@id":"https:\/\/www.woezonbyessi.com\/es\/shop\/nino\/conjuntos\/conjunto-falda-kente-violeta\/#primaryimage"},"thumbnailUrl":"https:\/\/www.woezonbyessi.com\/wp-content\/uploads\/2025\/11\/ensemble-jupe-1-rotated.jpg","datePublished":"2025-11-16T19:02:29+00:00","dateModified":"2026-02-17T12:15:34+00:00","description":"Conjunto infantil festivo y para el d\u00eda a d\u00eda, con camiseta con corazones de colores, falda fucsia brillante y diadema a juego para un look c\u00f3modo, elegante y lleno de estilo.","breadcrumb":{"@id":"https:\/\/www.woezonbyessi.com\/es\/shop\/nino\/conjuntos\/conjunto-falda-kente-violeta\/#breadcrumb"},"inLanguage":"es","potentialAction":[{"@type":"ReadAction","target":["https:\/\/www.woezonbyessi.com\/es\/shop\/nino\/conjuntos\/conjunto-falda-kente-violeta\/"]}]},{"@type":"ImageObject","inLanguage":"es","@id":"https:\/\/www.woezonbyessi.com\/es\/shop\/nino\/conjuntos\/conjunto-falda-kente-violeta\/#primaryimage","url":"https:\/\/www.woezonbyessi.com\/wp-content\/uploads\/2025\/11\/ensemble-jupe-1-rotated.jpg","contentUrl":"https:\/\/www.woezonbyessi.com\/wp-content\/uploads\/2025\/11\/ensemble-jupe-1-rotated.jpg","width":675,"height":1200,"caption":"conjunto-falda-Kente- violeta"},{"@type":"BreadcrumbList","@id":"https:\/\/www.woezonbyessi.com\/es\/shop\/nino\/conjuntos\/conjunto-falda-kente-violeta\/#breadcrumb","itemListElement":[{"@type":"ListItem","position":1,"name":"Inicio","item":"https:\/\/www.woezonbyessi.com\/es\/"},{"@type":"ListItem","position":2,"name":"Tienda","item":"https:\/\/www.woezonbyessi.com\/es\/tienda\/"},{"@type":"ListItem","position":3,"name":"Ni\u00f1o","item":"https:\/\/www.woezonbyessi.com\/es\/categoria-producto\/nino\/"},{"@type":"ListItem","position":4,"name":"Conjuntos","item":"https:\/\/www.woezonbyessi.com\/es\/categoria-producto\/nino\/conjuntos\/"},{"@type":"ListItem","position":5,"name":"Conjunto falda Kente violeta"}]},{"@type":"WebSite","@id":"https:\/\/www.woezonbyessi.com\/es\/#website","url":"https:\/\/www.woezonbyessi.com\/es\/","name":"Woezon by Essi","description":"","publisher":{"@id":"https:\/\/www.woezonbyessi.com\/es\/#organization"},"potentialAction":[{"@type":"SearchAction","target":{"@type":"EntryPoint","urlTemplate":"https:\/\/www.woezonbyessi.com\/es\/?s={search_term_string}"},"query-input":{"@type":"PropertyValueSpecification","valueRequired":true,"valueName":"search_term_string"}}],"inLanguage":"es"},{"@type":"Organization","@id":"https:\/\/www.woezonbyessi.com\/es\/#organization","name":"Woezon by Essi","url":"https:\/\/www.woezonbyessi.com\/es\/","logo":{"@type":"ImageObject","inLanguage":"es","@id":"https:\/\/www.woezonbyessi.com\/es\/#\/schema\/logo\/image\/","url":"https:\/\/www.woezonbyessi.com\/wp-content\/uploads\/2025\/11\/logo-blackpng.png","contentUrl":"https:\/\/www.woezonbyessi.com\/wp-content\/uploads\/2025\/11\/logo-blackpng.png","width":600,"height":576,"caption":"Woezon by Essi"},"image":{"@id":"https:\/\/www.woezonbyessi.com\/es\/#\/schema\/logo\/image\/"},"sameAs":["https:\/\/www.facebook.com\/profile.php?id=61583006293803","https:\/\/www.instagram.com\/woezon_by_essi\/","https:\/\/www.tiktok.com\/@woezon.by.essi"]}]}},"_links":{"self":[{"href":"https:\/\/www.woezonbyessi.com\/es\/wp-json\/wp\/v2\/product\/4239","targetHints":{"allow":["GET"]}}],"collection":[{"href":"https:\/\/www.woezonbyessi.com\/es\/wp-json\/wp\/v2\/product"}],"about":[{"href":"https:\/\/www.woezonbyessi.com\/es\/wp-json\/wp\/v2\/types\/product"}],"wp:featuredmedia":[{"embeddable":true,"href":"https:\/\/www.woezonbyessi.com\/es\/wp-json\/wp\/v2\/media\/4240"}],"wp:attachment":[{"href":"https:\/\/www.woezonbyessi.com\/es\/wp-json\/wp\/v2\/media?parent=4239"}],"wp:term":[{"taxonomy":"product_brand","embeddable":true,"href":"https:\/\/www.woezonbyessi.com\/es\/wp-json\/wp\/v2\/product_brand?post=4239"},{"taxonomy":"product_cat","embeddable":true,"href":"https:\/\/www.woezonbyessi.com\/es\/wp-json\/wp\/v2\/product_cat?post=4239"},{"taxonomy":"product_tag","embeddable":true,"href":"https:\/\/www.woezonbyessi.com\/es\/wp-json\/wp\/v2\/product_tag?post=4239"}],"curies":[{"name":"wp","href":"https:\/\/api.w.org\/{rel}","templated":true}]}}