{"id":4287,"date":"2025-11-14T17:29:15","date_gmt":"2025-11-14T16:29:15","guid":{"rendered":"https:\/\/www.woezonbyessi.com\/boutique\/sin%20categor\u00eda\/combi-short-eclat-hibiscus\/"},"modified":"2026-02-17T15:26:45","modified_gmt":"2026-02-17T14:26:45","slug":"combi-pantalon-corto-eclat-hibiscus","status":"publish","type":"product","link":"https:\/\/www.woezonbyessi.com\/es\/shop\/mujer\/combinaciones-2\/combi-pantalon-corto-eclat-hibiscus\/","title":{"rendered":"Combi pantal\u00f3n corto Eclat d&#8217;Hibiscus"},"content":{"rendered":"<p>Este conjunto veraniego se compone de un elegante mono corto con estampado floral en tonos c\u00e1lidos, que combina armoniosamente el rojo, el naranja y toques de beige. El tejido ligero ofrece una ca\u00edda fluida, ideal para los d\u00edas soleados. La parte superior presenta tirantes finos y un detalle fruncido en el pecho, acompa\u00f1ado de un peque\u00f1o corte central que aporta un toque moderno y refinado.<\/p>\n<p>El corte amplio de la parte inferior garantiza una comodidad \u00f3ptima, al tiempo que mantiene una silueta elegante y desenfadada. Perfectamente adaptada para las salidas veraniegas, las vacaciones o los eventos casual-chic, esta prenda destaca por su estilo fresco, vibrante y a la \u00faltima.<\/p>\n","protected":false},"excerpt":{"rendered":"<p>\u2714\ufe0f Tipo de prenda: Mono corto \/ mono pantal\u00f3n corto para ni\u00f1o<br \/>\n\u2714\ufe0f Estilo: Veraniego, casual chic, tropical<br \/>\n\u2714\ufe0f Estampado: Estampado floral rojo, naranja y beige<br \/>\n\u2714\ufe0f Corte central decorativo<br \/>\n\u2714\ufe0f Tirantes finos<br \/>\n\u2714\ufe0f Parte superior fruncida<br \/>\n\u2714\ufe0f Corte: Ajustado en la parte superior, amplio en la parte inferior<br \/>\n\u2714\ufe0f Tejido: Ligero y fluido (ideal para el verano)<br \/>\n\u2714\ufe0f Comodidad: libertad de movimiento, prenda transpirable.<\/p>\n","protected":false},"featured_media":4288,"template":"","meta":[],"product_brand":[],"product_cat":[223,272],"product_tag":[],"class_list":{"0":"post-4287","1":"product","2":"type-product","3":"status-publish","4":"has-post-thumbnail","6":"product_cat-coleccion-2026","7":"product_cat-combinaciones-2","9":"first","10":"instock","11":"purchasable","12":"product-type-variable"},"yoast_head":"<!-- This site is optimized with the Yoast SEO plugin v27.5 - https:\/\/yoast.com\/product\/yoast-seo-wordpress\/ -->\n<title>Combi pantal\u00f3n corto Eclat d&#039;Hibiscus | Woezon by Essi<\/title>\n<meta name=\"description\" content=\"Mono corto con estampado floral rojo, naranja y beige, tirantes finos y corte fluido. Un conjunto veraniego elegante y desenfadado para las vacaciones. \u00a1Desc\u00fabrelo!\" \/>\n<meta name=\"robots\" content=\"index, follow, max-snippet:-1, max-image-preview:large, max-video-preview:-1\" \/>\n<link rel=\"canonical\" href=\"https:\/\/www.woezonbyessi.com\/es\/shop\/mujer\/combinaciones-2\/combi-pantalon-corto-eclat-hibiscus\/\" \/>\n<meta property=\"og:locale\" content=\"es_ES\" \/>\n<meta property=\"og:type\" content=\"article\" \/>\n<meta property=\"og:title\" content=\"Combi pantal\u00f3n corto Eclat d&#039;Hibiscus | Woezon by Essi\" \/>\n<meta property=\"og:description\" content=\"Mono corto con estampado floral rojo, naranja y beige, tirantes finos y corte fluido. Un conjunto veraniego elegante y desenfadado para las vacaciones. \u00a1Desc\u00fabrelo!\" \/>\n<meta property=\"og:url\" content=\"https:\/\/www.woezonbyessi.com\/es\/shop\/mujer\/combinaciones-2\/combi-pantalon-corto-eclat-hibiscus\/\" \/>\n<meta property=\"og:site_name\" content=\"Woezon by Essi\" \/>\n<meta property=\"article:publisher\" content=\"https:\/\/www.facebook.com\/profile.php?id=61583006293803\" \/>\n<meta property=\"article:modified_time\" content=\"2026-02-17T14:26:45+00:00\" \/>\n<meta property=\"og:image\" content=\"https:\/\/www.woezonbyessi.com\/wp-content\/uploads\/2025\/11\/short-salopette-eclat-dhibiscus-1.jpg\" \/>\n\t<meta property=\"og:image:width\" content=\"960\" \/>\n\t<meta property=\"og:image:height\" content=\"1200\" \/>\n\t<meta property=\"og:image:type\" content=\"image\/jpeg\" \/>\n<meta name=\"twitter:card\" content=\"summary_large_image\" \/>\n<script type=\"application\/ld+json\" class=\"yoast-schema-graph\">{\"@context\":\"https:\\\/\\\/schema.org\",\"@graph\":[{\"@type\":\"WebPage\",\"@id\":\"https:\\\/\\\/www.woezonbyessi.com\\\/es\\\/shop\\\/mujer\\\/combinaciones-2\\\/combi-pantalon-corto-eclat-hibiscus\\\/\",\"url\":\"https:\\\/\\\/www.woezonbyessi.com\\\/es\\\/shop\\\/mujer\\\/combinaciones-2\\\/combi-pantalon-corto-eclat-hibiscus\\\/\",\"name\":\"Combi pantal\u00f3n corto Eclat d'Hibiscus | Woezon by Essi\",\"isPartOf\":{\"@id\":\"https:\\\/\\\/www.woezonbyessi.com\\\/es\\\/#website\"},\"primaryImageOfPage\":{\"@id\":\"https:\\\/\\\/www.woezonbyessi.com\\\/es\\\/shop\\\/mujer\\\/combinaciones-2\\\/combi-pantalon-corto-eclat-hibiscus\\\/#primaryimage\"},\"image\":{\"@id\":\"https:\\\/\\\/www.woezonbyessi.com\\\/es\\\/shop\\\/mujer\\\/combinaciones-2\\\/combi-pantalon-corto-eclat-hibiscus\\\/#primaryimage\"},\"thumbnailUrl\":\"https:\\\/\\\/www.woezonbyessi.com\\\/wp-content\\\/uploads\\\/2025\\\/11\\\/short-salopette-eclat-dhibiscus-1.jpg\",\"datePublished\":\"2025-11-14T16:29:15+00:00\",\"dateModified\":\"2026-02-17T14:26:45+00:00\",\"description\":\"Mono corto con estampado floral rojo, naranja y beige, tirantes finos y corte fluido. Un conjunto veraniego elegante y desenfadado para las vacaciones. \u00a1Desc\u00fabrelo!\",\"breadcrumb\":{\"@id\":\"https:\\\/\\\/www.woezonbyessi.com\\\/es\\\/shop\\\/mujer\\\/combinaciones-2\\\/combi-pantalon-corto-eclat-hibiscus\\\/#breadcrumb\"},\"inLanguage\":\"es\",\"potentialAction\":[{\"@type\":\"ReadAction\",\"target\":[\"https:\\\/\\\/www.woezonbyessi.com\\\/es\\\/shop\\\/mujer\\\/combinaciones-2\\\/combi-pantalon-corto-eclat-hibiscus\\\/\"]}]},{\"@type\":\"ImageObject\",\"inLanguage\":\"es\",\"@id\":\"https:\\\/\\\/www.woezonbyessi.com\\\/es\\\/shop\\\/mujer\\\/combinaciones-2\\\/combi-pantalon-corto-eclat-hibiscus\\\/#primaryimage\",\"url\":\"https:\\\/\\\/www.woezonbyessi.com\\\/wp-content\\\/uploads\\\/2025\\\/11\\\/short-salopette-eclat-dhibiscus-1.jpg\",\"contentUrl\":\"https:\\\/\\\/www.woezonbyessi.com\\\/wp-content\\\/uploads\\\/2025\\\/11\\\/short-salopette-eclat-dhibiscus-1.jpg\",\"width\":960,\"height\":1200,\"caption\":\"conjunto-corto-eclat- d-hibiscus\"},{\"@type\":\"BreadcrumbList\",\"@id\":\"https:\\\/\\\/www.woezonbyessi.com\\\/es\\\/shop\\\/mujer\\\/combinaciones-2\\\/combi-pantalon-corto-eclat-hibiscus\\\/#breadcrumb\",\"itemListElement\":[{\"@type\":\"ListItem\",\"position\":1,\"name\":\"Inicio\",\"item\":\"https:\\\/\\\/www.woezonbyessi.com\\\/es\\\/\"},{\"@type\":\"ListItem\",\"position\":2,\"name\":\"Tienda\",\"item\":\"https:\\\/\\\/www.woezonbyessi.com\\\/es\\\/tienda\\\/\"},{\"@type\":\"ListItem\",\"position\":3,\"name\":\"Mujer\",\"item\":\"https:\\\/\\\/www.woezonbyessi.com\\\/es\\\/categoria-producto\\\/mujer\\\/\"},{\"@type\":\"ListItem\",\"position\":4,\"name\":\"Combinaciones\",\"item\":\"https:\\\/\\\/www.woezonbyessi.com\\\/es\\\/categoria-producto\\\/mujer\\\/combinaciones-2\\\/\"},{\"@type\":\"ListItem\",\"position\":5,\"name\":\"Combi pantal\u00f3n corto Eclat d&rsquo;Hibiscus\"}]},{\"@type\":\"WebSite\",\"@id\":\"https:\\\/\\\/www.woezonbyessi.com\\\/es\\\/#website\",\"url\":\"https:\\\/\\\/www.woezonbyessi.com\\\/es\\\/\",\"name\":\"Woezon by Essi\",\"description\":\"\",\"publisher\":{\"@id\":\"https:\\\/\\\/www.woezonbyessi.com\\\/es\\\/#organization\"},\"potentialAction\":[{\"@type\":\"SearchAction\",\"target\":{\"@type\":\"EntryPoint\",\"urlTemplate\":\"https:\\\/\\\/www.woezonbyessi.com\\\/es\\\/?s={search_term_string}\"},\"query-input\":{\"@type\":\"PropertyValueSpecification\",\"valueRequired\":true,\"valueName\":\"search_term_string\"}}],\"inLanguage\":\"es\"},{\"@type\":\"Organization\",\"@id\":\"https:\\\/\\\/www.woezonbyessi.com\\\/es\\\/#organization\",\"name\":\"Woezon by Essi\",\"url\":\"https:\\\/\\\/www.woezonbyessi.com\\\/es\\\/\",\"logo\":{\"@type\":\"ImageObject\",\"inLanguage\":\"es\",\"@id\":\"https:\\\/\\\/www.woezonbyessi.com\\\/es\\\/#\\\/schema\\\/logo\\\/image\\\/\",\"url\":\"https:\\\/\\\/www.woezonbyessi.com\\\/wp-content\\\/uploads\\\/2025\\\/11\\\/logo-blackpng.png\",\"contentUrl\":\"https:\\\/\\\/www.woezonbyessi.com\\\/wp-content\\\/uploads\\\/2025\\\/11\\\/logo-blackpng.png\",\"width\":600,\"height\":576,\"caption\":\"Woezon by Essi\"},\"image\":{\"@id\":\"https:\\\/\\\/www.woezonbyessi.com\\\/es\\\/#\\\/schema\\\/logo\\\/image\\\/\"},\"sameAs\":[\"https:\\\/\\\/www.facebook.com\\\/profile.php?id=61583006293803\",\"https:\\\/\\\/www.instagram.com\\\/woezon_by_essi\\\/\",\"https:\\\/\\\/www.tiktok.com\\\/@woezon.by.essi\"]}]}<\/script>\n<!-- \/ Yoast SEO plugin. -->","yoast_head_json":{"title":"Combi pantal\u00f3n corto Eclat d'Hibiscus | Woezon by Essi","description":"Mono corto con estampado floral rojo, naranja y beige, tirantes finos y corte fluido. Un conjunto veraniego elegante y desenfadado para las vacaciones. \u00a1Desc\u00fabrelo!","robots":{"index":"index","follow":"follow","max-snippet":"max-snippet:-1","max-image-preview":"max-image-preview:large","max-video-preview":"max-video-preview:-1"},"canonical":"https:\/\/www.woezonbyessi.com\/es\/shop\/mujer\/combinaciones-2\/combi-pantalon-corto-eclat-hibiscus\/","og_locale":"es_ES","og_type":"article","og_title":"Combi pantal\u00f3n corto Eclat d'Hibiscus | Woezon by Essi","og_description":"Mono corto con estampado floral rojo, naranja y beige, tirantes finos y corte fluido. Un conjunto veraniego elegante y desenfadado para las vacaciones. \u00a1Desc\u00fabrelo!","og_url":"https:\/\/www.woezonbyessi.com\/es\/shop\/mujer\/combinaciones-2\/combi-pantalon-corto-eclat-hibiscus\/","og_site_name":"Woezon by Essi","article_publisher":"https:\/\/www.facebook.com\/profile.php?id=61583006293803","article_modified_time":"2026-02-17T14:26:45+00:00","og_image":[{"width":960,"height":1200,"url":"https:\/\/www.woezonbyessi.com\/wp-content\/uploads\/2025\/11\/short-salopette-eclat-dhibiscus-1.jpg","type":"image\/jpeg"}],"twitter_card":"summary_large_image","schema":{"@context":"https:\/\/schema.org","@graph":[{"@type":"WebPage","@id":"https:\/\/www.woezonbyessi.com\/es\/shop\/mujer\/combinaciones-2\/combi-pantalon-corto-eclat-hibiscus\/","url":"https:\/\/www.woezonbyessi.com\/es\/shop\/mujer\/combinaciones-2\/combi-pantalon-corto-eclat-hibiscus\/","name":"Combi pantal\u00f3n corto Eclat d'Hibiscus | Woezon by Essi","isPartOf":{"@id":"https:\/\/www.woezonbyessi.com\/es\/#website"},"primaryImageOfPage":{"@id":"https:\/\/www.woezonbyessi.com\/es\/shop\/mujer\/combinaciones-2\/combi-pantalon-corto-eclat-hibiscus\/#primaryimage"},"image":{"@id":"https:\/\/www.woezonbyessi.com\/es\/shop\/mujer\/combinaciones-2\/combi-pantalon-corto-eclat-hibiscus\/#primaryimage"},"thumbnailUrl":"https:\/\/www.woezonbyessi.com\/wp-content\/uploads\/2025\/11\/short-salopette-eclat-dhibiscus-1.jpg","datePublished":"2025-11-14T16:29:15+00:00","dateModified":"2026-02-17T14:26:45+00:00","description":"Mono corto con estampado floral rojo, naranja y beige, tirantes finos y corte fluido. Un conjunto veraniego elegante y desenfadado para las vacaciones. \u00a1Desc\u00fabrelo!","breadcrumb":{"@id":"https:\/\/www.woezonbyessi.com\/es\/shop\/mujer\/combinaciones-2\/combi-pantalon-corto-eclat-hibiscus\/#breadcrumb"},"inLanguage":"es","potentialAction":[{"@type":"ReadAction","target":["https:\/\/www.woezonbyessi.com\/es\/shop\/mujer\/combinaciones-2\/combi-pantalon-corto-eclat-hibiscus\/"]}]},{"@type":"ImageObject","inLanguage":"es","@id":"https:\/\/www.woezonbyessi.com\/es\/shop\/mujer\/combinaciones-2\/combi-pantalon-corto-eclat-hibiscus\/#primaryimage","url":"https:\/\/www.woezonbyessi.com\/wp-content\/uploads\/2025\/11\/short-salopette-eclat-dhibiscus-1.jpg","contentUrl":"https:\/\/www.woezonbyessi.com\/wp-content\/uploads\/2025\/11\/short-salopette-eclat-dhibiscus-1.jpg","width":960,"height":1200,"caption":"conjunto-corto-eclat- d-hibiscus"},{"@type":"BreadcrumbList","@id":"https:\/\/www.woezonbyessi.com\/es\/shop\/mujer\/combinaciones-2\/combi-pantalon-corto-eclat-hibiscus\/#breadcrumb","itemListElement":[{"@type":"ListItem","position":1,"name":"Inicio","item":"https:\/\/www.woezonbyessi.com\/es\/"},{"@type":"ListItem","position":2,"name":"Tienda","item":"https:\/\/www.woezonbyessi.com\/es\/tienda\/"},{"@type":"ListItem","position":3,"name":"Mujer","item":"https:\/\/www.woezonbyessi.com\/es\/categoria-producto\/mujer\/"},{"@type":"ListItem","position":4,"name":"Combinaciones","item":"https:\/\/www.woezonbyessi.com\/es\/categoria-producto\/mujer\/combinaciones-2\/"},{"@type":"ListItem","position":5,"name":"Combi pantal\u00f3n corto Eclat d&rsquo;Hibiscus"}]},{"@type":"WebSite","@id":"https:\/\/www.woezonbyessi.com\/es\/#website","url":"https:\/\/www.woezonbyessi.com\/es\/","name":"Woezon by Essi","description":"","publisher":{"@id":"https:\/\/www.woezonbyessi.com\/es\/#organization"},"potentialAction":[{"@type":"SearchAction","target":{"@type":"EntryPoint","urlTemplate":"https:\/\/www.woezonbyessi.com\/es\/?s={search_term_string}"},"query-input":{"@type":"PropertyValueSpecification","valueRequired":true,"valueName":"search_term_string"}}],"inLanguage":"es"},{"@type":"Organization","@id":"https:\/\/www.woezonbyessi.com\/es\/#organization","name":"Woezon by Essi","url":"https:\/\/www.woezonbyessi.com\/es\/","logo":{"@type":"ImageObject","inLanguage":"es","@id":"https:\/\/www.woezonbyessi.com\/es\/#\/schema\/logo\/image\/","url":"https:\/\/www.woezonbyessi.com\/wp-content\/uploads\/2025\/11\/logo-blackpng.png","contentUrl":"https:\/\/www.woezonbyessi.com\/wp-content\/uploads\/2025\/11\/logo-blackpng.png","width":600,"height":576,"caption":"Woezon by Essi"},"image":{"@id":"https:\/\/www.woezonbyessi.com\/es\/#\/schema\/logo\/image\/"},"sameAs":["https:\/\/www.facebook.com\/profile.php?id=61583006293803","https:\/\/www.instagram.com\/woezon_by_essi\/","https:\/\/www.tiktok.com\/@woezon.by.essi"]}]}},"_links":{"self":[{"href":"https:\/\/www.woezonbyessi.com\/es\/wp-json\/wp\/v2\/product\/4287","targetHints":{"allow":["GET"]}}],"collection":[{"href":"https:\/\/www.woezonbyessi.com\/es\/wp-json\/wp\/v2\/product"}],"about":[{"href":"https:\/\/www.woezonbyessi.com\/es\/wp-json\/wp\/v2\/types\/product"}],"wp:featuredmedia":[{"embeddable":true,"href":"https:\/\/www.woezonbyessi.com\/es\/wp-json\/wp\/v2\/media\/4288"}],"wp:attachment":[{"href":"https:\/\/www.woezonbyessi.com\/es\/wp-json\/wp\/v2\/media?parent=4287"}],"wp:term":[{"taxonomy":"product_brand","embeddable":true,"href":"https:\/\/www.woezonbyessi.com\/es\/wp-json\/wp\/v2\/product_brand?post=4287"},{"taxonomy":"product_cat","embeddable":true,"href":"https:\/\/www.woezonbyessi.com\/es\/wp-json\/wp\/v2\/product_cat?post=4287"},{"taxonomy":"product_tag","embeddable":true,"href":"https:\/\/www.woezonbyessi.com\/es\/wp-json\/wp\/v2\/product_tag?post=4287"}],"curies":[{"name":"wp","href":"https:\/\/api.w.org\/{rel}","templated":true}]}}