{"id":4408,"date":"2025-11-06T17:56:33","date_gmt":"2025-11-06T16:56:33","guid":{"rendered":"https:\/\/www.woezonbyessi.com\/boutique\/sin categor\u00eda\/chemise-manches-longues-le-coris\/"},"modified":"2025-11-06T17:56:33","modified_gmt":"2025-11-06T16:56:33","slug":"chemise-manches-longues-le-coris","status":"publish","type":"product","link":"https:\/\/www.woezonbyessi.com\/es\/shop\/hombre\/camisas\/chemise-manches-longues-le-coris\/","title":{"rendered":"Chemise manches longues Le Coris"},"content":{"rendered":"<p>Affichez une allure \u00e9l\u00e9gante et affirm\u00e9e avec cette chemise africaine pour homme \u00e0 manches longues, confectionn\u00e9e \u00e0 partir d\u2019un tissu wax haut de gamme. Son design original associe des motifs noirs et blancs inspir\u00e9s de symboles africains \u00e0 des panneaux unis kaki pour un rendu moderne et sophistiqu\u00e9.<\/p>\n<p>Dot\u00e9e d\u2019un col classique et de deux poches poitrine \u00e0 rabat contrastantes, cette chemise combine confort, style et authenticit\u00e9. Elle est parfaite pour les occasions professionnelles, les \u00e9v\u00e9nements habill\u00e9s ou une tenue chic d\u00e9contract\u00e9e au quotidien.<\/p>\n","protected":false},"excerpt":{"rendered":"<p>Chemise africaine pour homme \u00e0 manches longues<\/p>\n<p>\u2714\ufe0f Mati\u00e8re 100 % coton wax premium<br \/>\n\u2714\ufe0f\u00a0Couleurs principales : Noir, blanc et kaki<br \/>\n\u2714\ufe0f\u00a0Motifs : Symboles africains g\u00e9om\u00e9triques<br \/>\n\u2714\ufe0f Deux poches avant \u00e0 rabat contrastantes<br \/>\n\u2714\ufe0f\u00a0Fermeture : Boutons discrets ton sur ton<br \/>\n\u2714\ufe0f\u00a0Style : Chic, moderne et professionnel<br \/>\n\u2714\ufe0f\u00a0Coupe : Droite, confortable et structur\u00e9e<\/p>\n","protected":false},"featured_media":4409,"template":"","meta":[],"product_brand":[],"product_cat":[310,223],"product_tag":[],"class_list":{"0":"post-4408","1":"product","2":"type-product","3":"status-publish","4":"has-post-thumbnail","6":"product_cat-camisas","7":"product_cat-coleccion-2026","9":"first","10":"instock","11":"purchasable","12":"product-type-variable"},"yoast_head":"<!-- This site is optimized with the Yoast SEO plugin v27.5 - https:\/\/yoast.com\/product\/yoast-seo-wordpress\/ -->\n<title>Chemise manches longues Le Coris | Woezon by Essi<\/title>\n<meta name=\"description\" content=\"Chemise africaine homme manches longues en wax premium, motifs noirs et blancs avec panneaux kaki, col classique et poches poitrine contrastantes. Style moderne sophistiqu\u00e9, parfaite pour occasions professionnelles ou tenues chic d\u00e9contract\u00e9es.\" \/>\n<meta name=\"robots\" content=\"index, follow, max-snippet:-1, max-image-preview:large, max-video-preview:-1\" \/>\n<link rel=\"canonical\" href=\"https:\/\/www.woezonbyessi.com\/es\/shop\/hombre\/camisas\/chemise-manches-longues-le-coris\/\" \/>\n<meta property=\"og:locale\" content=\"es_ES\" \/>\n<meta property=\"og:type\" content=\"article\" \/>\n<meta property=\"og:title\" content=\"Chemise manches longues Le Coris | Woezon by Essi\" \/>\n<meta property=\"og:description\" content=\"Chemise africaine homme manches longues en wax premium, motifs noirs et blancs avec panneaux kaki, col classique et poches poitrine contrastantes. Style moderne sophistiqu\u00e9, parfaite pour occasions professionnelles ou tenues chic d\u00e9contract\u00e9es.\" \/>\n<meta property=\"og:url\" content=\"https:\/\/www.woezonbyessi.com\/es\/shop\/hombre\/camisas\/chemise-manches-longues-le-coris\/\" \/>\n<meta property=\"og:site_name\" content=\"Woezon by Essi\" \/>\n<meta property=\"article:publisher\" content=\"https:\/\/www.facebook.com\/profile.php?id=61583006293803\" \/>\n<meta property=\"og:image\" content=\"https:\/\/www.woezonbyessi.com\/wp-content\/uploads\/2025\/11\/chemise-manche-longue-le-coris-scaled.jpg\" \/>\n\t<meta property=\"og:image:width\" content=\"1899\" \/>\n\t<meta property=\"og:image:height\" content=\"2560\" \/>\n\t<meta property=\"og:image:type\" content=\"image\/jpeg\" \/>\n<meta name=\"twitter:card\" content=\"summary_large_image\" \/>\n<script type=\"application\/ld+json\" class=\"yoast-schema-graph\">{\"@context\":\"https:\\\/\\\/schema.org\",\"@graph\":[{\"@type\":\"WebPage\",\"@id\":\"https:\\\/\\\/www.woezonbyessi.com\\\/es\\\/shop\\\/hombre\\\/camisas\\\/chemise-manches-longues-le-coris\\\/\",\"url\":\"https:\\\/\\\/www.woezonbyessi.com\\\/es\\\/shop\\\/hombre\\\/camisas\\\/chemise-manches-longues-le-coris\\\/\",\"name\":\"Chemise manches longues Le Coris | Woezon by Essi\",\"isPartOf\":{\"@id\":\"https:\\\/\\\/www.woezonbyessi.com\\\/es\\\/#website\"},\"primaryImageOfPage\":{\"@id\":\"https:\\\/\\\/www.woezonbyessi.com\\\/es\\\/shop\\\/hombre\\\/camisas\\\/chemise-manches-longues-le-coris\\\/#primaryimage\"},\"image\":{\"@id\":\"https:\\\/\\\/www.woezonbyessi.com\\\/es\\\/shop\\\/hombre\\\/camisas\\\/chemise-manches-longues-le-coris\\\/#primaryimage\"},\"thumbnailUrl\":\"https:\\\/\\\/www.woezonbyessi.com\\\/wp-content\\\/uploads\\\/2025\\\/11\\\/chemise-manche-longue-le-coris-scaled.jpg\",\"datePublished\":\"2025-11-06T16:56:33+00:00\",\"description\":\"Chemise africaine homme manches longues en wax premium, motifs noirs et blancs avec panneaux kaki, col classique et poches poitrine contrastantes. Style moderne sophistiqu\u00e9, parfaite pour occasions professionnelles ou tenues chic d\u00e9contract\u00e9es.\",\"breadcrumb\":{\"@id\":\"https:\\\/\\\/www.woezonbyessi.com\\\/es\\\/shop\\\/hombre\\\/camisas\\\/chemise-manches-longues-le-coris\\\/#breadcrumb\"},\"inLanguage\":\"es\",\"potentialAction\":[{\"@type\":\"ReadAction\",\"target\":[\"https:\\\/\\\/www.woezonbyessi.com\\\/es\\\/shop\\\/hombre\\\/camisas\\\/chemise-manches-longues-le-coris\\\/\"]}]},{\"@type\":\"ImageObject\",\"inLanguage\":\"es\",\"@id\":\"https:\\\/\\\/www.woezonbyessi.com\\\/es\\\/shop\\\/hombre\\\/camisas\\\/chemise-manches-longues-le-coris\\\/#primaryimage\",\"url\":\"https:\\\/\\\/www.woezonbyessi.com\\\/wp-content\\\/uploads\\\/2025\\\/11\\\/chemise-manche-longue-le-coris-scaled.jpg\",\"contentUrl\":\"https:\\\/\\\/www.woezonbyessi.com\\\/wp-content\\\/uploads\\\/2025\\\/11\\\/chemise-manche-longue-le-coris-scaled.jpg\",\"width\":1899,\"height\":2560,\"caption\":\"Chemise manches longues Le Coris\"},{\"@type\":\"BreadcrumbList\",\"@id\":\"https:\\\/\\\/www.woezonbyessi.com\\\/es\\\/shop\\\/hombre\\\/camisas\\\/chemise-manches-longues-le-coris\\\/#breadcrumb\",\"itemListElement\":[{\"@type\":\"ListItem\",\"position\":1,\"name\":\"Inicio\",\"item\":\"https:\\\/\\\/www.woezonbyessi.com\\\/es\\\/\"},{\"@type\":\"ListItem\",\"position\":2,\"name\":\"Tienda\",\"item\":\"https:\\\/\\\/www.woezonbyessi.com\\\/es\\\/tienda\\\/\"},{\"@type\":\"ListItem\",\"position\":3,\"name\":\"Hombre\",\"item\":\"https:\\\/\\\/www.woezonbyessi.com\\\/es\\\/categoria-producto\\\/hombre\\\/\"},{\"@type\":\"ListItem\",\"position\":4,\"name\":\"Camisas\",\"item\":\"https:\\\/\\\/www.woezonbyessi.com\\\/es\\\/categoria-producto\\\/hombre\\\/camisas\\\/\"},{\"@type\":\"ListItem\",\"position\":5,\"name\":\"Chemise manches longues Le Coris\"}]},{\"@type\":\"WebSite\",\"@id\":\"https:\\\/\\\/www.woezonbyessi.com\\\/es\\\/#website\",\"url\":\"https:\\\/\\\/www.woezonbyessi.com\\\/es\\\/\",\"name\":\"Woezon by Essi\",\"description\":\"\",\"publisher\":{\"@id\":\"https:\\\/\\\/www.woezonbyessi.com\\\/es\\\/#organization\"},\"potentialAction\":[{\"@type\":\"SearchAction\",\"target\":{\"@type\":\"EntryPoint\",\"urlTemplate\":\"https:\\\/\\\/www.woezonbyessi.com\\\/es\\\/?s={search_term_string}\"},\"query-input\":{\"@type\":\"PropertyValueSpecification\",\"valueRequired\":true,\"valueName\":\"search_term_string\"}}],\"inLanguage\":\"es\"},{\"@type\":\"Organization\",\"@id\":\"https:\\\/\\\/www.woezonbyessi.com\\\/es\\\/#organization\",\"name\":\"Woezon by Essi\",\"url\":\"https:\\\/\\\/www.woezonbyessi.com\\\/es\\\/\",\"logo\":{\"@type\":\"ImageObject\",\"inLanguage\":\"es\",\"@id\":\"https:\\\/\\\/www.woezonbyessi.com\\\/es\\\/#\\\/schema\\\/logo\\\/image\\\/\",\"url\":\"https:\\\/\\\/www.woezonbyessi.com\\\/wp-content\\\/uploads\\\/2025\\\/11\\\/logo-blackpng.png\",\"contentUrl\":\"https:\\\/\\\/www.woezonbyessi.com\\\/wp-content\\\/uploads\\\/2025\\\/11\\\/logo-blackpng.png\",\"width\":600,\"height\":576,\"caption\":\"Woezon by Essi\"},\"image\":{\"@id\":\"https:\\\/\\\/www.woezonbyessi.com\\\/es\\\/#\\\/schema\\\/logo\\\/image\\\/\"},\"sameAs\":[\"https:\\\/\\\/www.facebook.com\\\/profile.php?id=61583006293803\",\"https:\\\/\\\/www.instagram.com\\\/woezon_by_essi\\\/\",\"https:\\\/\\\/www.tiktok.com\\\/@woezon.by.essi\"]}]}<\/script>\n<!-- \/ Yoast SEO plugin. -->","yoast_head_json":{"title":"Chemise manches longues Le Coris | Woezon by Essi","description":"Chemise africaine homme manches longues en wax premium, motifs noirs et blancs avec panneaux kaki, col classique et poches poitrine contrastantes. Style moderne sophistiqu\u00e9, parfaite pour occasions professionnelles ou tenues chic d\u00e9contract\u00e9es.","robots":{"index":"index","follow":"follow","max-snippet":"max-snippet:-1","max-image-preview":"max-image-preview:large","max-video-preview":"max-video-preview:-1"},"canonical":"https:\/\/www.woezonbyessi.com\/es\/shop\/hombre\/camisas\/chemise-manches-longues-le-coris\/","og_locale":"es_ES","og_type":"article","og_title":"Chemise manches longues Le Coris | Woezon by Essi","og_description":"Chemise africaine homme manches longues en wax premium, motifs noirs et blancs avec panneaux kaki, col classique et poches poitrine contrastantes. Style moderne sophistiqu\u00e9, parfaite pour occasions professionnelles ou tenues chic d\u00e9contract\u00e9es.","og_url":"https:\/\/www.woezonbyessi.com\/es\/shop\/hombre\/camisas\/chemise-manches-longues-le-coris\/","og_site_name":"Woezon by Essi","article_publisher":"https:\/\/www.facebook.com\/profile.php?id=61583006293803","og_image":[{"width":1899,"height":2560,"url":"https:\/\/www.woezonbyessi.com\/wp-content\/uploads\/2025\/11\/chemise-manche-longue-le-coris-scaled.jpg","type":"image\/jpeg"}],"twitter_card":"summary_large_image","schema":{"@context":"https:\/\/schema.org","@graph":[{"@type":"WebPage","@id":"https:\/\/www.woezonbyessi.com\/es\/shop\/hombre\/camisas\/chemise-manches-longues-le-coris\/","url":"https:\/\/www.woezonbyessi.com\/es\/shop\/hombre\/camisas\/chemise-manches-longues-le-coris\/","name":"Chemise manches longues Le Coris | Woezon by Essi","isPartOf":{"@id":"https:\/\/www.woezonbyessi.com\/es\/#website"},"primaryImageOfPage":{"@id":"https:\/\/www.woezonbyessi.com\/es\/shop\/hombre\/camisas\/chemise-manches-longues-le-coris\/#primaryimage"},"image":{"@id":"https:\/\/www.woezonbyessi.com\/es\/shop\/hombre\/camisas\/chemise-manches-longues-le-coris\/#primaryimage"},"thumbnailUrl":"https:\/\/www.woezonbyessi.com\/wp-content\/uploads\/2025\/11\/chemise-manche-longue-le-coris-scaled.jpg","datePublished":"2025-11-06T16:56:33+00:00","description":"Chemise africaine homme manches longues en wax premium, motifs noirs et blancs avec panneaux kaki, col classique et poches poitrine contrastantes. Style moderne sophistiqu\u00e9, parfaite pour occasions professionnelles ou tenues chic d\u00e9contract\u00e9es.","breadcrumb":{"@id":"https:\/\/www.woezonbyessi.com\/es\/shop\/hombre\/camisas\/chemise-manches-longues-le-coris\/#breadcrumb"},"inLanguage":"es","potentialAction":[{"@type":"ReadAction","target":["https:\/\/www.woezonbyessi.com\/es\/shop\/hombre\/camisas\/chemise-manches-longues-le-coris\/"]}]},{"@type":"ImageObject","inLanguage":"es","@id":"https:\/\/www.woezonbyessi.com\/es\/shop\/hombre\/camisas\/chemise-manches-longues-le-coris\/#primaryimage","url":"https:\/\/www.woezonbyessi.com\/wp-content\/uploads\/2025\/11\/chemise-manche-longue-le-coris-scaled.jpg","contentUrl":"https:\/\/www.woezonbyessi.com\/wp-content\/uploads\/2025\/11\/chemise-manche-longue-le-coris-scaled.jpg","width":1899,"height":2560,"caption":"Chemise manches longues Le Coris"},{"@type":"BreadcrumbList","@id":"https:\/\/www.woezonbyessi.com\/es\/shop\/hombre\/camisas\/chemise-manches-longues-le-coris\/#breadcrumb","itemListElement":[{"@type":"ListItem","position":1,"name":"Inicio","item":"https:\/\/www.woezonbyessi.com\/es\/"},{"@type":"ListItem","position":2,"name":"Tienda","item":"https:\/\/www.woezonbyessi.com\/es\/tienda\/"},{"@type":"ListItem","position":3,"name":"Hombre","item":"https:\/\/www.woezonbyessi.com\/es\/categoria-producto\/hombre\/"},{"@type":"ListItem","position":4,"name":"Camisas","item":"https:\/\/www.woezonbyessi.com\/es\/categoria-producto\/hombre\/camisas\/"},{"@type":"ListItem","position":5,"name":"Chemise manches longues Le Coris"}]},{"@type":"WebSite","@id":"https:\/\/www.woezonbyessi.com\/es\/#website","url":"https:\/\/www.woezonbyessi.com\/es\/","name":"Woezon by Essi","description":"","publisher":{"@id":"https:\/\/www.woezonbyessi.com\/es\/#organization"},"potentialAction":[{"@type":"SearchAction","target":{"@type":"EntryPoint","urlTemplate":"https:\/\/www.woezonbyessi.com\/es\/?s={search_term_string}"},"query-input":{"@type":"PropertyValueSpecification","valueRequired":true,"valueName":"search_term_string"}}],"inLanguage":"es"},{"@type":"Organization","@id":"https:\/\/www.woezonbyessi.com\/es\/#organization","name":"Woezon by Essi","url":"https:\/\/www.woezonbyessi.com\/es\/","logo":{"@type":"ImageObject","inLanguage":"es","@id":"https:\/\/www.woezonbyessi.com\/es\/#\/schema\/logo\/image\/","url":"https:\/\/www.woezonbyessi.com\/wp-content\/uploads\/2025\/11\/logo-blackpng.png","contentUrl":"https:\/\/www.woezonbyessi.com\/wp-content\/uploads\/2025\/11\/logo-blackpng.png","width":600,"height":576,"caption":"Woezon by Essi"},"image":{"@id":"https:\/\/www.woezonbyessi.com\/es\/#\/schema\/logo\/image\/"},"sameAs":["https:\/\/www.facebook.com\/profile.php?id=61583006293803","https:\/\/www.instagram.com\/woezon_by_essi\/","https:\/\/www.tiktok.com\/@woezon.by.essi"]}]}},"_links":{"self":[{"href":"https:\/\/www.woezonbyessi.com\/es\/wp-json\/wp\/v2\/product\/4408","targetHints":{"allow":["GET"]}}],"collection":[{"href":"https:\/\/www.woezonbyessi.com\/es\/wp-json\/wp\/v2\/product"}],"about":[{"href":"https:\/\/www.woezonbyessi.com\/es\/wp-json\/wp\/v2\/types\/product"}],"wp:featuredmedia":[{"embeddable":true,"href":"https:\/\/www.woezonbyessi.com\/es\/wp-json\/wp\/v2\/media\/4409"}],"wp:attachment":[{"href":"https:\/\/www.woezonbyessi.com\/es\/wp-json\/wp\/v2\/media?parent=4408"}],"wp:term":[{"taxonomy":"product_brand","embeddable":true,"href":"https:\/\/www.woezonbyessi.com\/es\/wp-json\/wp\/v2\/product_brand?post=4408"},{"taxonomy":"product_cat","embeddable":true,"href":"https:\/\/www.woezonbyessi.com\/es\/wp-json\/wp\/v2\/product_cat?post=4408"},{"taxonomy":"product_tag","embeddable":true,"href":"https:\/\/www.woezonbyessi.com\/es\/wp-json\/wp\/v2\/product_tag?post=4408"}],"curies":[{"name":"wp","href":"https:\/\/api.w.org\/{rel}","templated":true}]}}