{"id":4492,"date":"2025-11-11T10:10:29","date_gmt":"2025-11-11T09:10:29","guid":{"rendered":"https:\/\/www.woezonbyessi.com\/boutique\/sin%20categor\u00eda\/veste-tiemond-citrine\/"},"modified":"2026-02-18T16:12:28","modified_gmt":"2026-02-18T15:12:28","slug":"chaqueta-tiemond-citrine","status":"publish","type":"product","link":"https:\/\/www.woezonbyessi.com\/es\/shop\/hombre\/chaqueta-2\/chaqueta-tiemond-citrine\/","title":{"rendered":"Chaqueta Tiemond Citrine"},"content":{"rendered":"<p>Afirme su estilo con esta chaqueta para hombre Tiemond Citrine, una prenda \u00fanica que combina la elegancia urbana con la inspiraci\u00f3n africana contempor\u00e1nea. Confeccionada en un tejido africano multicolor con c\u00e1lidos tonos amarillos, verdes, burdeos, naranjas y negros, esta chaqueta destaca por su dise\u00f1o art\u00edstico y su corte estructurado.<\/p>\n<p>Con cremallera en la parte delantera, un gran canes\u00fa asim\u00e9trico con cremallera decorativa y acabados burdeos en contraste, encarna un look moderno, atrevido y refinado a la vez.<\/p>\n<p>Ideal para los hombres a los que les gusta destacar, esta chaqueta se puede llevar tanto en eventos formales como en un estilo informal y elegante.<\/p>\n","protected":false},"excerpt":{"rendered":"<p data-start=\"996\" data-end=\"1030\">\u2714\ufe0f Tipo: Chaqueta de entretiempo para hombre<br \/>\n\u2714\ufe0f Estilo: Urbano chic \/ afro-contempor\u00e1neo<br \/>\n\u2714\ufe0f Colores principales: Amarillo, verde, burdeos, negro, naranja<br \/>\n\u2714\ufe0f Cierre: Cremallera frontal visible<br \/>\n\u2714\ufe0f Detalle distintivo: Bolsillo asim\u00e9trico con cremallera y ribete en contraste<br \/>\n\u2714\ufe0f Material: Tejido africano de primera calidad (algod\u00f3n o mezcla t\u00e9cnica)<br \/>\n\u2714\ufe0f Corte: ajustado y c\u00f3modo.<br \/>\n\u2714\ufe0f Temporada: oto\u00f1o\/primavera.<\/p>\n","protected":false},"featured_media":4493,"template":"","meta":[],"product_brand":[],"product_cat":[314,223],"product_tag":[],"class_list":{"0":"post-4492","1":"product","2":"type-product","3":"status-publish","4":"has-post-thumbnail","6":"product_cat-chaqueta-2","7":"product_cat-coleccion-2026","9":"first","10":"instock","11":"shipping-taxable","12":"purchasable","13":"product-type-variable"},"yoast_head":"<!-- This site is optimized with the Yoast SEO plugin v27.5 - https:\/\/yoast.com\/product\/yoast-seo-wordpress\/ -->\n<title>Chaqueta Tiemond Citrine | Woezon by Essi<\/title>\n<meta name=\"description\" content=\"Chaqueta para hombre Tiemond Citrine confeccionada en tejido africano multicolor amarillo, verde, burdeos, naranja y negro, corte estructurado con cremallera y canes\u00fa asim\u00e9trico.\" \/>\n<meta name=\"robots\" content=\"index, follow, max-snippet:-1, max-image-preview:large, max-video-preview:-1\" \/>\n<link rel=\"canonical\" href=\"https:\/\/www.woezonbyessi.com\/es\/shop\/hombre\/chaqueta-2\/chaqueta-tiemond-citrine\/\" \/>\n<meta property=\"og:locale\" content=\"es_ES\" \/>\n<meta property=\"og:type\" content=\"article\" \/>\n<meta property=\"og:title\" content=\"Chaqueta Tiemond Citrine | Woezon by Essi\" \/>\n<meta property=\"og:description\" content=\"Chaqueta para hombre Tiemond Citrine confeccionada en tejido africano multicolor amarillo, verde, burdeos, naranja y negro, corte estructurado con cremallera y canes\u00fa asim\u00e9trico.\" \/>\n<meta property=\"og:url\" content=\"https:\/\/www.woezonbyessi.com\/es\/shop\/hombre\/chaqueta-2\/chaqueta-tiemond-citrine\/\" \/>\n<meta property=\"og:site_name\" content=\"Woezon by Essi\" \/>\n<meta property=\"article:publisher\" content=\"https:\/\/www.facebook.com\/profile.php?id=61583006293803\" \/>\n<meta property=\"article:modified_time\" content=\"2026-02-18T15:12:28+00:00\" \/>\n<meta property=\"og:image\" content=\"https:\/\/www.woezonbyessi.com\/wp-content\/uploads\/2025\/11\/veste-homme-tiemond-citrine-multicolor-1.jpg\" \/>\n\t<meta property=\"og:image:width\" content=\"960\" \/>\n\t<meta property=\"og:image:height\" content=\"1200\" \/>\n\t<meta property=\"og:image:type\" content=\"image\/jpeg\" \/>\n<meta name=\"twitter:card\" content=\"summary_large_image\" \/>\n<script type=\"application\/ld+json\" class=\"yoast-schema-graph\">{\"@context\":\"https:\\\/\\\/schema.org\",\"@graph\":[{\"@type\":\"WebPage\",\"@id\":\"https:\\\/\\\/www.woezonbyessi.com\\\/es\\\/shop\\\/hombre\\\/chaqueta-2\\\/chaqueta-tiemond-citrine\\\/\",\"url\":\"https:\\\/\\\/www.woezonbyessi.com\\\/es\\\/shop\\\/hombre\\\/chaqueta-2\\\/chaqueta-tiemond-citrine\\\/\",\"name\":\"Chaqueta Tiemond Citrine | Woezon by Essi\",\"isPartOf\":{\"@id\":\"https:\\\/\\\/www.woezonbyessi.com\\\/es\\\/#website\"},\"primaryImageOfPage\":{\"@id\":\"https:\\\/\\\/www.woezonbyessi.com\\\/es\\\/shop\\\/hombre\\\/chaqueta-2\\\/chaqueta-tiemond-citrine\\\/#primaryimage\"},\"image\":{\"@id\":\"https:\\\/\\\/www.woezonbyessi.com\\\/es\\\/shop\\\/hombre\\\/chaqueta-2\\\/chaqueta-tiemond-citrine\\\/#primaryimage\"},\"thumbnailUrl\":\"https:\\\/\\\/www.woezonbyessi.com\\\/wp-content\\\/uploads\\\/2025\\\/11\\\/veste-homme-tiemond-citrine-multicolor-1.jpg\",\"datePublished\":\"2025-11-11T09:10:29+00:00\",\"dateModified\":\"2026-02-18T15:12:28+00:00\",\"description\":\"Chaqueta para hombre Tiemond Citrine confeccionada en tejido africano multicolor amarillo, verde, burdeos, naranja y negro, corte estructurado con cremallera y canes\u00fa asim\u00e9trico.\",\"breadcrumb\":{\"@id\":\"https:\\\/\\\/www.woezonbyessi.com\\\/es\\\/shop\\\/hombre\\\/chaqueta-2\\\/chaqueta-tiemond-citrine\\\/#breadcrumb\"},\"inLanguage\":\"es\",\"potentialAction\":[{\"@type\":\"ReadAction\",\"target\":[\"https:\\\/\\\/www.woezonbyessi.com\\\/es\\\/shop\\\/hombre\\\/chaqueta-2\\\/chaqueta-tiemond-citrine\\\/\"]}]},{\"@type\":\"ImageObject\",\"inLanguage\":\"es\",\"@id\":\"https:\\\/\\\/www.woezonbyessi.com\\\/es\\\/shop\\\/hombre\\\/chaqueta-2\\\/chaqueta-tiemond-citrine\\\/#primaryimage\",\"url\":\"https:\\\/\\\/www.woezonbyessi.com\\\/wp-content\\\/uploads\\\/2025\\\/11\\\/veste-homme-tiemond-citrine-multicolor-1.jpg\",\"contentUrl\":\"https:\\\/\\\/www.woezonbyessi.com\\\/wp-content\\\/uploads\\\/2025\\\/11\\\/veste-homme-tiemond-citrine-multicolor-1.jpg\",\"width\":960,\"height\":1200,\"caption\":\"chaqueta-tiemond-citrine\"},{\"@type\":\"BreadcrumbList\",\"@id\":\"https:\\\/\\\/www.woezonbyessi.com\\\/es\\\/shop\\\/hombre\\\/chaqueta-2\\\/chaqueta-tiemond-citrine\\\/#breadcrumb\",\"itemListElement\":[{\"@type\":\"ListItem\",\"position\":1,\"name\":\"Inicio\",\"item\":\"https:\\\/\\\/www.woezonbyessi.com\\\/es\\\/\"},{\"@type\":\"ListItem\",\"position\":2,\"name\":\"Tienda\",\"item\":\"https:\\\/\\\/www.woezonbyessi.com\\\/es\\\/tienda\\\/\"},{\"@type\":\"ListItem\",\"position\":3,\"name\":\"Hombre\",\"item\":\"https:\\\/\\\/www.woezonbyessi.com\\\/es\\\/categoria-producto\\\/hombre\\\/\"},{\"@type\":\"ListItem\",\"position\":4,\"name\":\"Chaqueta\",\"item\":\"https:\\\/\\\/www.woezonbyessi.com\\\/es\\\/categoria-producto\\\/hombre\\\/chaqueta-2\\\/\"},{\"@type\":\"ListItem\",\"position\":5,\"name\":\"Chaqueta Tiemond Citrine\"}]},{\"@type\":\"WebSite\",\"@id\":\"https:\\\/\\\/www.woezonbyessi.com\\\/es\\\/#website\",\"url\":\"https:\\\/\\\/www.woezonbyessi.com\\\/es\\\/\",\"name\":\"Woezon by Essi\",\"description\":\"\",\"publisher\":{\"@id\":\"https:\\\/\\\/www.woezonbyessi.com\\\/es\\\/#organization\"},\"potentialAction\":[{\"@type\":\"SearchAction\",\"target\":{\"@type\":\"EntryPoint\",\"urlTemplate\":\"https:\\\/\\\/www.woezonbyessi.com\\\/es\\\/?s={search_term_string}\"},\"query-input\":{\"@type\":\"PropertyValueSpecification\",\"valueRequired\":true,\"valueName\":\"search_term_string\"}}],\"inLanguage\":\"es\"},{\"@type\":\"Organization\",\"@id\":\"https:\\\/\\\/www.woezonbyessi.com\\\/es\\\/#organization\",\"name\":\"Woezon by Essi\",\"url\":\"https:\\\/\\\/www.woezonbyessi.com\\\/es\\\/\",\"logo\":{\"@type\":\"ImageObject\",\"inLanguage\":\"es\",\"@id\":\"https:\\\/\\\/www.woezonbyessi.com\\\/es\\\/#\\\/schema\\\/logo\\\/image\\\/\",\"url\":\"https:\\\/\\\/www.woezonbyessi.com\\\/wp-content\\\/uploads\\\/2025\\\/11\\\/logo-blackpng.png\",\"contentUrl\":\"https:\\\/\\\/www.woezonbyessi.com\\\/wp-content\\\/uploads\\\/2025\\\/11\\\/logo-blackpng.png\",\"width\":600,\"height\":576,\"caption\":\"Woezon by Essi\"},\"image\":{\"@id\":\"https:\\\/\\\/www.woezonbyessi.com\\\/es\\\/#\\\/schema\\\/logo\\\/image\\\/\"},\"sameAs\":[\"https:\\\/\\\/www.facebook.com\\\/profile.php?id=61583006293803\",\"https:\\\/\\\/www.instagram.com\\\/woezon_by_essi\\\/\",\"https:\\\/\\\/www.tiktok.com\\\/@woezon.by.essi\"]}]}<\/script>\n<!-- \/ Yoast SEO plugin. -->","yoast_head_json":{"title":"Chaqueta Tiemond Citrine | Woezon by Essi","description":"Chaqueta para hombre Tiemond Citrine confeccionada en tejido africano multicolor amarillo, verde, burdeos, naranja y negro, corte estructurado con cremallera y canes\u00fa asim\u00e9trico.","robots":{"index":"index","follow":"follow","max-snippet":"max-snippet:-1","max-image-preview":"max-image-preview:large","max-video-preview":"max-video-preview:-1"},"canonical":"https:\/\/www.woezonbyessi.com\/es\/shop\/hombre\/chaqueta-2\/chaqueta-tiemond-citrine\/","og_locale":"es_ES","og_type":"article","og_title":"Chaqueta Tiemond Citrine | Woezon by Essi","og_description":"Chaqueta para hombre Tiemond Citrine confeccionada en tejido africano multicolor amarillo, verde, burdeos, naranja y negro, corte estructurado con cremallera y canes\u00fa asim\u00e9trico.","og_url":"https:\/\/www.woezonbyessi.com\/es\/shop\/hombre\/chaqueta-2\/chaqueta-tiemond-citrine\/","og_site_name":"Woezon by Essi","article_publisher":"https:\/\/www.facebook.com\/profile.php?id=61583006293803","article_modified_time":"2026-02-18T15:12:28+00:00","og_image":[{"width":960,"height":1200,"url":"https:\/\/www.woezonbyessi.com\/wp-content\/uploads\/2025\/11\/veste-homme-tiemond-citrine-multicolor-1.jpg","type":"image\/jpeg"}],"twitter_card":"summary_large_image","schema":{"@context":"https:\/\/schema.org","@graph":[{"@type":"WebPage","@id":"https:\/\/www.woezonbyessi.com\/es\/shop\/hombre\/chaqueta-2\/chaqueta-tiemond-citrine\/","url":"https:\/\/www.woezonbyessi.com\/es\/shop\/hombre\/chaqueta-2\/chaqueta-tiemond-citrine\/","name":"Chaqueta Tiemond Citrine | Woezon by Essi","isPartOf":{"@id":"https:\/\/www.woezonbyessi.com\/es\/#website"},"primaryImageOfPage":{"@id":"https:\/\/www.woezonbyessi.com\/es\/shop\/hombre\/chaqueta-2\/chaqueta-tiemond-citrine\/#primaryimage"},"image":{"@id":"https:\/\/www.woezonbyessi.com\/es\/shop\/hombre\/chaqueta-2\/chaqueta-tiemond-citrine\/#primaryimage"},"thumbnailUrl":"https:\/\/www.woezonbyessi.com\/wp-content\/uploads\/2025\/11\/veste-homme-tiemond-citrine-multicolor-1.jpg","datePublished":"2025-11-11T09:10:29+00:00","dateModified":"2026-02-18T15:12:28+00:00","description":"Chaqueta para hombre Tiemond Citrine confeccionada en tejido africano multicolor amarillo, verde, burdeos, naranja y negro, corte estructurado con cremallera y canes\u00fa asim\u00e9trico.","breadcrumb":{"@id":"https:\/\/www.woezonbyessi.com\/es\/shop\/hombre\/chaqueta-2\/chaqueta-tiemond-citrine\/#breadcrumb"},"inLanguage":"es","potentialAction":[{"@type":"ReadAction","target":["https:\/\/www.woezonbyessi.com\/es\/shop\/hombre\/chaqueta-2\/chaqueta-tiemond-citrine\/"]}]},{"@type":"ImageObject","inLanguage":"es","@id":"https:\/\/www.woezonbyessi.com\/es\/shop\/hombre\/chaqueta-2\/chaqueta-tiemond-citrine\/#primaryimage","url":"https:\/\/www.woezonbyessi.com\/wp-content\/uploads\/2025\/11\/veste-homme-tiemond-citrine-multicolor-1.jpg","contentUrl":"https:\/\/www.woezonbyessi.com\/wp-content\/uploads\/2025\/11\/veste-homme-tiemond-citrine-multicolor-1.jpg","width":960,"height":1200,"caption":"chaqueta-tiemond-citrine"},{"@type":"BreadcrumbList","@id":"https:\/\/www.woezonbyessi.com\/es\/shop\/hombre\/chaqueta-2\/chaqueta-tiemond-citrine\/#breadcrumb","itemListElement":[{"@type":"ListItem","position":1,"name":"Inicio","item":"https:\/\/www.woezonbyessi.com\/es\/"},{"@type":"ListItem","position":2,"name":"Tienda","item":"https:\/\/www.woezonbyessi.com\/es\/tienda\/"},{"@type":"ListItem","position":3,"name":"Hombre","item":"https:\/\/www.woezonbyessi.com\/es\/categoria-producto\/hombre\/"},{"@type":"ListItem","position":4,"name":"Chaqueta","item":"https:\/\/www.woezonbyessi.com\/es\/categoria-producto\/hombre\/chaqueta-2\/"},{"@type":"ListItem","position":5,"name":"Chaqueta Tiemond Citrine"}]},{"@type":"WebSite","@id":"https:\/\/www.woezonbyessi.com\/es\/#website","url":"https:\/\/www.woezonbyessi.com\/es\/","name":"Woezon by Essi","description":"","publisher":{"@id":"https:\/\/www.woezonbyessi.com\/es\/#organization"},"potentialAction":[{"@type":"SearchAction","target":{"@type":"EntryPoint","urlTemplate":"https:\/\/www.woezonbyessi.com\/es\/?s={search_term_string}"},"query-input":{"@type":"PropertyValueSpecification","valueRequired":true,"valueName":"search_term_string"}}],"inLanguage":"es"},{"@type":"Organization","@id":"https:\/\/www.woezonbyessi.com\/es\/#organization","name":"Woezon by Essi","url":"https:\/\/www.woezonbyessi.com\/es\/","logo":{"@type":"ImageObject","inLanguage":"es","@id":"https:\/\/www.woezonbyessi.com\/es\/#\/schema\/logo\/image\/","url":"https:\/\/www.woezonbyessi.com\/wp-content\/uploads\/2025\/11\/logo-blackpng.png","contentUrl":"https:\/\/www.woezonbyessi.com\/wp-content\/uploads\/2025\/11\/logo-blackpng.png","width":600,"height":576,"caption":"Woezon by Essi"},"image":{"@id":"https:\/\/www.woezonbyessi.com\/es\/#\/schema\/logo\/image\/"},"sameAs":["https:\/\/www.facebook.com\/profile.php?id=61583006293803","https:\/\/www.instagram.com\/woezon_by_essi\/","https:\/\/www.tiktok.com\/@woezon.by.essi"]}]}},"_links":{"self":[{"href":"https:\/\/www.woezonbyessi.com\/es\/wp-json\/wp\/v2\/product\/4492","targetHints":{"allow":["GET"]}}],"collection":[{"href":"https:\/\/www.woezonbyessi.com\/es\/wp-json\/wp\/v2\/product"}],"about":[{"href":"https:\/\/www.woezonbyessi.com\/es\/wp-json\/wp\/v2\/types\/product"}],"wp:featuredmedia":[{"embeddable":true,"href":"https:\/\/www.woezonbyessi.com\/es\/wp-json\/wp\/v2\/media\/4493"}],"wp:attachment":[{"href":"https:\/\/www.woezonbyessi.com\/es\/wp-json\/wp\/v2\/media?parent=4492"}],"wp:term":[{"taxonomy":"product_brand","embeddable":true,"href":"https:\/\/www.woezonbyessi.com\/es\/wp-json\/wp\/v2\/product_brand?post=4492"},{"taxonomy":"product_cat","embeddable":true,"href":"https:\/\/www.woezonbyessi.com\/es\/wp-json\/wp\/v2\/product_cat?post=4492"},{"taxonomy":"product_tag","embeddable":true,"href":"https:\/\/www.woezonbyessi.com\/es\/wp-json\/wp\/v2\/product_tag?post=4492"}],"curies":[{"name":"wp","href":"https:\/\/api.w.org\/{rel}","templated":true}]}}