{"id":4513,"date":"2025-11-11T09:58:38","date_gmt":"2025-11-11T08:58:38","guid":{"rendered":"https:\/\/www.woezonbyessi.com\/boutique\/sin%20categor\u00eda\/ensemble-short-kente\/"},"modified":"2026-02-18T16:29:31","modified_gmt":"2026-02-18T15:29:31","slug":"conjunto-pantalon-corto-kente","status":"publish","type":"product","link":"https:\/\/www.woezonbyessi.com\/es\/shop\/nino\/conjuntos\/conjunto-pantalon-corto-kente\/","title":{"rendered":"Conjunto pantal\u00f3n corto Kente"},"content":{"rendered":"<p>Realza el estilo de tu hija con este elegante conjunto para ni\u00f1a confeccionado en tela africana, que combina frescura, comodidad y modernidad. Este colorido look incluye un top con hombros descubiertos adornado con un amplio volante estampado multicolor, acompa\u00f1ado de unos pantalones cortos de cintura alta a juego, atados a la cintura con un cintur\u00f3n con lazo.<\/p>\n<p>Confeccionado en una tela africana ligera y transpirable, este conjunto destaca por sus vibrantes motivos geom\u00e9tricos en tonos morados, azules, amarillos, rojos y blancos, perfectos para los d\u00edas soleados, las fiestas o las salidas veraniegas.<\/p>\n","protected":false},"excerpt":{"rendered":"<p>Conjunto para ni\u00f1a: top y pantal\u00f3n corto<\/p>\n<p>\u2714\ufe0f Estilo: moderno con inspiraci\u00f3n africana<br \/>\n\u2714\ufe0f Tejido: algod\u00f3n suave estampado wax o tejido africano<br \/>\n\u2714\ufe0f Colores principales: violeta, amarillo, azul, rojo y blanco<br \/>\n\u2714\ufe0f Corte del top: hombros descubiertos con volante estampado<br \/>\n\u2714\ufe0f Corte de los pantalones cortos: cintura alta con cintur\u00f3n para atar<br \/>\n\u2714\ufe0f Comodidad: ligero, fluido y agradable de llevar<br \/>\n\u2714\ufe0f Temporada: primavera\/verano<\/p>\n","protected":false},"featured_media":4514,"template":"","meta":[],"product_brand":[],"product_cat":[223,294],"product_tag":[],"class_list":{"0":"post-4513","1":"product","2":"type-product","3":"status-publish","4":"has-post-thumbnail","6":"product_cat-coleccion-2026","7":"product_cat-conjuntos","9":"first","10":"instock","11":"shipping-taxable","12":"purchasable","13":"product-type-variable"},"yoast_head":"<!-- This site is optimized with the Yoast SEO plugin v27.5 - https:\/\/yoast.com\/product\/yoast-seo-wordpress\/ -->\n<title>Conjunto pantal\u00f3n corto Kente | Woezon by Essi<\/title>\n<meta name=\"description\" content=\"Conjunto para ni\u00f1a confeccionado en tela africana con top de hombros descubiertos con volantes anchos y pantalones cortos de cintura alta atados al cintur\u00f3n, motivos geom\u00e9tricos multicolores en violeta, azul, amarillo, rojo y blanco, ideal para d\u00edas soleados, fiestas y salidas veraniegas.\" \/>\n<meta name=\"robots\" content=\"index, follow, max-snippet:-1, max-image-preview:large, max-video-preview:-1\" \/>\n<link rel=\"canonical\" href=\"https:\/\/www.woezonbyessi.com\/es\/shop\/nino\/conjuntos\/conjunto-pantalon-corto-kente\/\" \/>\n<meta property=\"og:locale\" content=\"es_ES\" \/>\n<meta property=\"og:type\" content=\"article\" \/>\n<meta property=\"og:title\" content=\"Conjunto pantal\u00f3n corto Kente | Woezon by Essi\" \/>\n<meta property=\"og:description\" content=\"Conjunto para ni\u00f1a confeccionado en tela africana con top de hombros descubiertos con volantes anchos y pantalones cortos de cintura alta atados al cintur\u00f3n, motivos geom\u00e9tricos multicolores en violeta, azul, amarillo, rojo y blanco, ideal para d\u00edas soleados, fiestas y salidas veraniegas.\" \/>\n<meta property=\"og:url\" content=\"https:\/\/www.woezonbyessi.com\/es\/shop\/nino\/conjuntos\/conjunto-pantalon-corto-kente\/\" \/>\n<meta property=\"og:site_name\" content=\"Woezon by Essi\" \/>\n<meta property=\"article:publisher\" content=\"https:\/\/www.facebook.com\/profile.php?id=61583006293803\" \/>\n<meta property=\"article:modified_time\" content=\"2026-02-18T15:29:31+00:00\" \/>\n<meta property=\"og:image\" content=\"https:\/\/www.woezonbyessi.com\/wp-content\/uploads\/2025\/11\/ensemble-short-fille-quinter-1.jpg\" \/>\n\t<meta property=\"og:image:width\" content=\"864\" \/>\n\t<meta property=\"og:image:height\" content=\"1200\" \/>\n\t<meta property=\"og:image:type\" content=\"image\/jpeg\" \/>\n<meta name=\"twitter:card\" content=\"summary_large_image\" \/>\n<script type=\"application\/ld+json\" class=\"yoast-schema-graph\">{\"@context\":\"https:\\\/\\\/schema.org\",\"@graph\":[{\"@type\":\"WebPage\",\"@id\":\"https:\\\/\\\/www.woezonbyessi.com\\\/es\\\/shop\\\/nino\\\/conjuntos\\\/conjunto-pantalon-corto-kente\\\/\",\"url\":\"https:\\\/\\\/www.woezonbyessi.com\\\/es\\\/shop\\\/nino\\\/conjuntos\\\/conjunto-pantalon-corto-kente\\\/\",\"name\":\"Conjunto pantal\u00f3n corto Kente | Woezon by Essi\",\"isPartOf\":{\"@id\":\"https:\\\/\\\/www.woezonbyessi.com\\\/es\\\/#website\"},\"primaryImageOfPage\":{\"@id\":\"https:\\\/\\\/www.woezonbyessi.com\\\/es\\\/shop\\\/nino\\\/conjuntos\\\/conjunto-pantalon-corto-kente\\\/#primaryimage\"},\"image\":{\"@id\":\"https:\\\/\\\/www.woezonbyessi.com\\\/es\\\/shop\\\/nino\\\/conjuntos\\\/conjunto-pantalon-corto-kente\\\/#primaryimage\"},\"thumbnailUrl\":\"https:\\\/\\\/www.woezonbyessi.com\\\/wp-content\\\/uploads\\\/2025\\\/11\\\/ensemble-short-fille-quinter-1.jpg\",\"datePublished\":\"2025-11-11T08:58:38+00:00\",\"dateModified\":\"2026-02-18T15:29:31+00:00\",\"description\":\"Conjunto para ni\u00f1a confeccionado en tela africana con top de hombros descubiertos con volantes anchos y pantalones cortos de cintura alta atados al cintur\u00f3n, motivos geom\u00e9tricos multicolores en violeta, azul, amarillo, rojo y blanco, ideal para d\u00edas soleados, fiestas y salidas veraniegas.\",\"breadcrumb\":{\"@id\":\"https:\\\/\\\/www.woezonbyessi.com\\\/es\\\/shop\\\/nino\\\/conjuntos\\\/conjunto-pantalon-corto-kente\\\/#breadcrumb\"},\"inLanguage\":\"es\",\"potentialAction\":[{\"@type\":\"ReadAction\",\"target\":[\"https:\\\/\\\/www.woezonbyessi.com\\\/es\\\/shop\\\/nino\\\/conjuntos\\\/conjunto-pantalon-corto-kente\\\/\"]}]},{\"@type\":\"ImageObject\",\"inLanguage\":\"es\",\"@id\":\"https:\\\/\\\/www.woezonbyessi.com\\\/es\\\/shop\\\/nino\\\/conjuntos\\\/conjunto-pantalon-corto-kente\\\/#primaryimage\",\"url\":\"https:\\\/\\\/www.woezonbyessi.com\\\/wp-content\\\/uploads\\\/2025\\\/11\\\/ensemble-short-fille-quinter-1.jpg\",\"contentUrl\":\"https:\\\/\\\/www.woezonbyessi.com\\\/wp-content\\\/uploads\\\/2025\\\/11\\\/ensemble-short-fille-quinter-1.jpg\",\"width\":864,\"height\":1200,\"caption\":\"conjunto-pantalon-corto-kente\"},{\"@type\":\"BreadcrumbList\",\"@id\":\"https:\\\/\\\/www.woezonbyessi.com\\\/es\\\/shop\\\/nino\\\/conjuntos\\\/conjunto-pantalon-corto-kente\\\/#breadcrumb\",\"itemListElement\":[{\"@type\":\"ListItem\",\"position\":1,\"name\":\"Inicio\",\"item\":\"https:\\\/\\\/www.woezonbyessi.com\\\/es\\\/\"},{\"@type\":\"ListItem\",\"position\":2,\"name\":\"Tienda\",\"item\":\"https:\\\/\\\/www.woezonbyessi.com\\\/es\\\/tienda\\\/\"},{\"@type\":\"ListItem\",\"position\":3,\"name\":\"Ni\u00f1o\",\"item\":\"https:\\\/\\\/www.woezonbyessi.com\\\/es\\\/categoria-producto\\\/nino\\\/\"},{\"@type\":\"ListItem\",\"position\":4,\"name\":\"Conjuntos\",\"item\":\"https:\\\/\\\/www.woezonbyessi.com\\\/es\\\/categoria-producto\\\/nino\\\/conjuntos\\\/\"},{\"@type\":\"ListItem\",\"position\":5,\"name\":\"Conjunto pantal\u00f3n corto Kente\"}]},{\"@type\":\"WebSite\",\"@id\":\"https:\\\/\\\/www.woezonbyessi.com\\\/es\\\/#website\",\"url\":\"https:\\\/\\\/www.woezonbyessi.com\\\/es\\\/\",\"name\":\"Woezon by Essi\",\"description\":\"\",\"publisher\":{\"@id\":\"https:\\\/\\\/www.woezonbyessi.com\\\/es\\\/#organization\"},\"potentialAction\":[{\"@type\":\"SearchAction\",\"target\":{\"@type\":\"EntryPoint\",\"urlTemplate\":\"https:\\\/\\\/www.woezonbyessi.com\\\/es\\\/?s={search_term_string}\"},\"query-input\":{\"@type\":\"PropertyValueSpecification\",\"valueRequired\":true,\"valueName\":\"search_term_string\"}}],\"inLanguage\":\"es\"},{\"@type\":\"Organization\",\"@id\":\"https:\\\/\\\/www.woezonbyessi.com\\\/es\\\/#organization\",\"name\":\"Woezon by Essi\",\"url\":\"https:\\\/\\\/www.woezonbyessi.com\\\/es\\\/\",\"logo\":{\"@type\":\"ImageObject\",\"inLanguage\":\"es\",\"@id\":\"https:\\\/\\\/www.woezonbyessi.com\\\/es\\\/#\\\/schema\\\/logo\\\/image\\\/\",\"url\":\"https:\\\/\\\/www.woezonbyessi.com\\\/wp-content\\\/uploads\\\/2025\\\/11\\\/logo-blackpng.png\",\"contentUrl\":\"https:\\\/\\\/www.woezonbyessi.com\\\/wp-content\\\/uploads\\\/2025\\\/11\\\/logo-blackpng.png\",\"width\":600,\"height\":576,\"caption\":\"Woezon by Essi\"},\"image\":{\"@id\":\"https:\\\/\\\/www.woezonbyessi.com\\\/es\\\/#\\\/schema\\\/logo\\\/image\\\/\"},\"sameAs\":[\"https:\\\/\\\/www.facebook.com\\\/profile.php?id=61583006293803\",\"https:\\\/\\\/www.instagram.com\\\/woezon_by_essi\\\/\",\"https:\\\/\\\/www.tiktok.com\\\/@woezon.by.essi\"]}]}<\/script>\n<!-- \/ Yoast SEO plugin. -->","yoast_head_json":{"title":"Conjunto pantal\u00f3n corto Kente | Woezon by Essi","description":"Conjunto para ni\u00f1a confeccionado en tela africana con top de hombros descubiertos con volantes anchos y pantalones cortos de cintura alta atados al cintur\u00f3n, motivos geom\u00e9tricos multicolores en violeta, azul, amarillo, rojo y blanco, ideal para d\u00edas soleados, fiestas y salidas veraniegas.","robots":{"index":"index","follow":"follow","max-snippet":"max-snippet:-1","max-image-preview":"max-image-preview:large","max-video-preview":"max-video-preview:-1"},"canonical":"https:\/\/www.woezonbyessi.com\/es\/shop\/nino\/conjuntos\/conjunto-pantalon-corto-kente\/","og_locale":"es_ES","og_type":"article","og_title":"Conjunto pantal\u00f3n corto Kente | Woezon by Essi","og_description":"Conjunto para ni\u00f1a confeccionado en tela africana con top de hombros descubiertos con volantes anchos y pantalones cortos de cintura alta atados al cintur\u00f3n, motivos geom\u00e9tricos multicolores en violeta, azul, amarillo, rojo y blanco, ideal para d\u00edas soleados, fiestas y salidas veraniegas.","og_url":"https:\/\/www.woezonbyessi.com\/es\/shop\/nino\/conjuntos\/conjunto-pantalon-corto-kente\/","og_site_name":"Woezon by Essi","article_publisher":"https:\/\/www.facebook.com\/profile.php?id=61583006293803","article_modified_time":"2026-02-18T15:29:31+00:00","og_image":[{"width":864,"height":1200,"url":"https:\/\/www.woezonbyessi.com\/wp-content\/uploads\/2025\/11\/ensemble-short-fille-quinter-1.jpg","type":"image\/jpeg"}],"twitter_card":"summary_large_image","schema":{"@context":"https:\/\/schema.org","@graph":[{"@type":"WebPage","@id":"https:\/\/www.woezonbyessi.com\/es\/shop\/nino\/conjuntos\/conjunto-pantalon-corto-kente\/","url":"https:\/\/www.woezonbyessi.com\/es\/shop\/nino\/conjuntos\/conjunto-pantalon-corto-kente\/","name":"Conjunto pantal\u00f3n corto Kente | Woezon by Essi","isPartOf":{"@id":"https:\/\/www.woezonbyessi.com\/es\/#website"},"primaryImageOfPage":{"@id":"https:\/\/www.woezonbyessi.com\/es\/shop\/nino\/conjuntos\/conjunto-pantalon-corto-kente\/#primaryimage"},"image":{"@id":"https:\/\/www.woezonbyessi.com\/es\/shop\/nino\/conjuntos\/conjunto-pantalon-corto-kente\/#primaryimage"},"thumbnailUrl":"https:\/\/www.woezonbyessi.com\/wp-content\/uploads\/2025\/11\/ensemble-short-fille-quinter-1.jpg","datePublished":"2025-11-11T08:58:38+00:00","dateModified":"2026-02-18T15:29:31+00:00","description":"Conjunto para ni\u00f1a confeccionado en tela africana con top de hombros descubiertos con volantes anchos y pantalones cortos de cintura alta atados al cintur\u00f3n, motivos geom\u00e9tricos multicolores en violeta, azul, amarillo, rojo y blanco, ideal para d\u00edas soleados, fiestas y salidas veraniegas.","breadcrumb":{"@id":"https:\/\/www.woezonbyessi.com\/es\/shop\/nino\/conjuntos\/conjunto-pantalon-corto-kente\/#breadcrumb"},"inLanguage":"es","potentialAction":[{"@type":"ReadAction","target":["https:\/\/www.woezonbyessi.com\/es\/shop\/nino\/conjuntos\/conjunto-pantalon-corto-kente\/"]}]},{"@type":"ImageObject","inLanguage":"es","@id":"https:\/\/www.woezonbyessi.com\/es\/shop\/nino\/conjuntos\/conjunto-pantalon-corto-kente\/#primaryimage","url":"https:\/\/www.woezonbyessi.com\/wp-content\/uploads\/2025\/11\/ensemble-short-fille-quinter-1.jpg","contentUrl":"https:\/\/www.woezonbyessi.com\/wp-content\/uploads\/2025\/11\/ensemble-short-fille-quinter-1.jpg","width":864,"height":1200,"caption":"conjunto-pantalon-corto-kente"},{"@type":"BreadcrumbList","@id":"https:\/\/www.woezonbyessi.com\/es\/shop\/nino\/conjuntos\/conjunto-pantalon-corto-kente\/#breadcrumb","itemListElement":[{"@type":"ListItem","position":1,"name":"Inicio","item":"https:\/\/www.woezonbyessi.com\/es\/"},{"@type":"ListItem","position":2,"name":"Tienda","item":"https:\/\/www.woezonbyessi.com\/es\/tienda\/"},{"@type":"ListItem","position":3,"name":"Ni\u00f1o","item":"https:\/\/www.woezonbyessi.com\/es\/categoria-producto\/nino\/"},{"@type":"ListItem","position":4,"name":"Conjuntos","item":"https:\/\/www.woezonbyessi.com\/es\/categoria-producto\/nino\/conjuntos\/"},{"@type":"ListItem","position":5,"name":"Conjunto pantal\u00f3n corto Kente"}]},{"@type":"WebSite","@id":"https:\/\/www.woezonbyessi.com\/es\/#website","url":"https:\/\/www.woezonbyessi.com\/es\/","name":"Woezon by Essi","description":"","publisher":{"@id":"https:\/\/www.woezonbyessi.com\/es\/#organization"},"potentialAction":[{"@type":"SearchAction","target":{"@type":"EntryPoint","urlTemplate":"https:\/\/www.woezonbyessi.com\/es\/?s={search_term_string}"},"query-input":{"@type":"PropertyValueSpecification","valueRequired":true,"valueName":"search_term_string"}}],"inLanguage":"es"},{"@type":"Organization","@id":"https:\/\/www.woezonbyessi.com\/es\/#organization","name":"Woezon by Essi","url":"https:\/\/www.woezonbyessi.com\/es\/","logo":{"@type":"ImageObject","inLanguage":"es","@id":"https:\/\/www.woezonbyessi.com\/es\/#\/schema\/logo\/image\/","url":"https:\/\/www.woezonbyessi.com\/wp-content\/uploads\/2025\/11\/logo-blackpng.png","contentUrl":"https:\/\/www.woezonbyessi.com\/wp-content\/uploads\/2025\/11\/logo-blackpng.png","width":600,"height":576,"caption":"Woezon by Essi"},"image":{"@id":"https:\/\/www.woezonbyessi.com\/es\/#\/schema\/logo\/image\/"},"sameAs":["https:\/\/www.facebook.com\/profile.php?id=61583006293803","https:\/\/www.instagram.com\/woezon_by_essi\/","https:\/\/www.tiktok.com\/@woezon.by.essi"]}]}},"_links":{"self":[{"href":"https:\/\/www.woezonbyessi.com\/es\/wp-json\/wp\/v2\/product\/4513","targetHints":{"allow":["GET"]}}],"collection":[{"href":"https:\/\/www.woezonbyessi.com\/es\/wp-json\/wp\/v2\/product"}],"about":[{"href":"https:\/\/www.woezonbyessi.com\/es\/wp-json\/wp\/v2\/types\/product"}],"wp:featuredmedia":[{"embeddable":true,"href":"https:\/\/www.woezonbyessi.com\/es\/wp-json\/wp\/v2\/media\/4514"}],"wp:attachment":[{"href":"https:\/\/www.woezonbyessi.com\/es\/wp-json\/wp\/v2\/media?parent=4513"}],"wp:term":[{"taxonomy":"product_brand","embeddable":true,"href":"https:\/\/www.woezonbyessi.com\/es\/wp-json\/wp\/v2\/product_brand?post=4513"},{"taxonomy":"product_cat","embeddable":true,"href":"https:\/\/www.woezonbyessi.com\/es\/wp-json\/wp\/v2\/product_cat?post=4513"},{"taxonomy":"product_tag","embeddable":true,"href":"https:\/\/www.woezonbyessi.com\/es\/wp-json\/wp\/v2\/product_tag?post=4513"}],"curies":[{"name":"wp","href":"https:\/\/api.w.org\/{rel}","templated":true}]}}