{"id":4684,"date":"2025-11-10T20:02:54","date_gmt":"2025-11-10T19:02:54","guid":{"rendered":"https:\/\/www.woezonbyessi.com\/boutique\/sin%20categor\u00eda\/ensemble-short-x-o\/"},"modified":"2026-02-26T14:41:35","modified_gmt":"2026-02-26T13:41:35","slug":"conjunto-pantalon-corto-x-o","status":"publish","type":"product","link":"https:\/\/www.woezonbyessi.com\/es\/shop\/nino\/conjuntos\/conjunto-pantalon-corto-x-o\/","title":{"rendered":"Conjunto pantal\u00f3n corto X-O"},"content":{"rendered":"<p>Aporta estilo y frescura al vestuario de tu hijo con este conjunto de pantalones cortos para ni\u00f1o en tela africana wax, modelo XO Vert. Este conjunto, que combina comodidad y elegancia, es ideal para los d\u00edas soleados, las fiestas o las salidas en familia.<\/p>\n<p>El conjunto se compone de una camiseta de manga corta y unos pantalones cortos a juego, confeccionados en tejido wax 100 % algod\u00f3n con aut\u00e9nticos motivos africanos. Los colores predominantes, verde, rojo y blanco, crean un contraste moderno y din\u00e1mico, perfecto para un look juvenil y a la \u00faltima. La camiseta est\u00e1 adornada con una tapeta abotonada en el cuello que le da un toque refinado.<\/p>\n","protected":false},"excerpt":{"rendered":"<p>Conjunto para ni\u00f1o (camisa + pantal\u00f3n corto)<\/p>\n<p>\u2714\ufe0f Material: tela wax 100 % algod\u00f3n.<br \/>\n\u2714\ufe0f Colores principales: verde, rojo y blanco.<br \/>\n\u2714\ufe0f Caracter\u00edsticas: camisa con cuello redondo y botones, pantal\u00f3n corto de corte recto y cintura el\u00e1stica.<br \/>\n\u2714\ufe0f Estilo: moderno, cultural y c\u00f3modo.<br \/>\n\u2714\ufe0f Ocasiones: salidas, ceremonias, fiestas, vacaciones.<\/p>\n","protected":false},"featured_media":4685,"template":"","meta":[],"product_brand":[],"product_cat":[223,294],"product_tag":[],"class_list":{"0":"post-4684","1":"product","2":"type-product","3":"status-publish","4":"has-post-thumbnail","6":"product_cat-coleccion-2026","7":"product_cat-conjuntos","9":"first","10":"instock","11":"shipping-taxable","12":"purchasable","13":"product-type-variable"},"yoast_head":"<!-- This site is optimized with the Yoast SEO plugin v27.5 - https:\/\/yoast.com\/product\/yoast-seo-wordpress\/ -->\n<title>Conjunto pantal\u00f3n corto X-O | Woezon by Essi<\/title>\n<meta name=\"description\" content=\"Conjunto de pantalones cortos para ni\u00f1o XO Verde: camiseta y pantalones cortos 100 % algod\u00f3n con motivos africanos en verde, rojo y blanco. C\u00f3modo y elegante, perfecto para d\u00edas soleados, fiestas y salidas en familia.\" \/>\n<meta name=\"robots\" content=\"index, follow, max-snippet:-1, max-image-preview:large, max-video-preview:-1\" \/>\n<link rel=\"canonical\" href=\"https:\/\/www.woezonbyessi.com\/es\/shop\/nino\/conjuntos\/conjunto-pantalon-corto-x-o\/\" \/>\n<meta property=\"og:locale\" content=\"es_ES\" \/>\n<meta property=\"og:type\" content=\"article\" \/>\n<meta property=\"og:title\" content=\"Conjunto pantal\u00f3n corto X-O | Woezon by Essi\" \/>\n<meta property=\"og:description\" content=\"Conjunto de pantalones cortos para ni\u00f1o XO Verde: camiseta y pantalones cortos 100 % algod\u00f3n con motivos africanos en verde, rojo y blanco. C\u00f3modo y elegante, perfecto para d\u00edas soleados, fiestas y salidas en familia.\" \/>\n<meta property=\"og:url\" content=\"https:\/\/www.woezonbyessi.com\/es\/shop\/nino\/conjuntos\/conjunto-pantalon-corto-x-o\/\" \/>\n<meta property=\"og:site_name\" content=\"Woezon by Essi\" \/>\n<meta property=\"article:publisher\" content=\"https:\/\/www.facebook.com\/profile.php?id=61583006293803\" \/>\n<meta property=\"article:modified_time\" content=\"2026-02-26T13:41:35+00:00\" \/>\n<meta property=\"og:image\" content=\"https:\/\/www.woezonbyessi.com\/wp-content\/uploads\/2025\/11\/ensemble-short-XO-vert.jpg\" \/>\n\t<meta property=\"og:image:width\" content=\"846\" \/>\n\t<meta property=\"og:image:height\" content=\"1200\" \/>\n\t<meta property=\"og:image:type\" content=\"image\/jpeg\" \/>\n<meta name=\"twitter:card\" content=\"summary_large_image\" \/>\n<script type=\"application\/ld+json\" class=\"yoast-schema-graph\">{\"@context\":\"https:\\\/\\\/schema.org\",\"@graph\":[{\"@type\":\"WebPage\",\"@id\":\"https:\\\/\\\/www.woezonbyessi.com\\\/es\\\/shop\\\/nino\\\/conjuntos\\\/conjunto-pantalon-corto-x-o\\\/\",\"url\":\"https:\\\/\\\/www.woezonbyessi.com\\\/es\\\/shop\\\/nino\\\/conjuntos\\\/conjunto-pantalon-corto-x-o\\\/\",\"name\":\"Conjunto pantal\u00f3n corto X-O | Woezon by Essi\",\"isPartOf\":{\"@id\":\"https:\\\/\\\/www.woezonbyessi.com\\\/es\\\/#website\"},\"primaryImageOfPage\":{\"@id\":\"https:\\\/\\\/www.woezonbyessi.com\\\/es\\\/shop\\\/nino\\\/conjuntos\\\/conjunto-pantalon-corto-x-o\\\/#primaryimage\"},\"image\":{\"@id\":\"https:\\\/\\\/www.woezonbyessi.com\\\/es\\\/shop\\\/nino\\\/conjuntos\\\/conjunto-pantalon-corto-x-o\\\/#primaryimage\"},\"thumbnailUrl\":\"https:\\\/\\\/www.woezonbyessi.com\\\/wp-content\\\/uploads\\\/2025\\\/11\\\/ensemble-short-XO-vert.jpg\",\"datePublished\":\"2025-11-10T19:02:54+00:00\",\"dateModified\":\"2026-02-26T13:41:35+00:00\",\"description\":\"Conjunto de pantalones cortos para ni\u00f1o XO Verde: camiseta y pantalones cortos 100 % algod\u00f3n con motivos africanos en verde, rojo y blanco. C\u00f3modo y elegante, perfecto para d\u00edas soleados, fiestas y salidas en familia.\",\"breadcrumb\":{\"@id\":\"https:\\\/\\\/www.woezonbyessi.com\\\/es\\\/shop\\\/nino\\\/conjuntos\\\/conjunto-pantalon-corto-x-o\\\/#breadcrumb\"},\"inLanguage\":\"es\",\"potentialAction\":[{\"@type\":\"ReadAction\",\"target\":[\"https:\\\/\\\/www.woezonbyessi.com\\\/es\\\/shop\\\/nino\\\/conjuntos\\\/conjunto-pantalon-corto-x-o\\\/\"]}]},{\"@type\":\"ImageObject\",\"inLanguage\":\"es\",\"@id\":\"https:\\\/\\\/www.woezonbyessi.com\\\/es\\\/shop\\\/nino\\\/conjuntos\\\/conjunto-pantalon-corto-x-o\\\/#primaryimage\",\"url\":\"https:\\\/\\\/www.woezonbyessi.com\\\/wp-content\\\/uploads\\\/2025\\\/11\\\/ensemble-short-XO-vert.jpg\",\"contentUrl\":\"https:\\\/\\\/www.woezonbyessi.com\\\/wp-content\\\/uploads\\\/2025\\\/11\\\/ensemble-short-XO-vert.jpg\",\"width\":846,\"height\":1200,\"caption\":\"conjunto-pantal\u00f3-corto- X-O\"},{\"@type\":\"BreadcrumbList\",\"@id\":\"https:\\\/\\\/www.woezonbyessi.com\\\/es\\\/shop\\\/nino\\\/conjuntos\\\/conjunto-pantalon-corto-x-o\\\/#breadcrumb\",\"itemListElement\":[{\"@type\":\"ListItem\",\"position\":1,\"name\":\"Inicio\",\"item\":\"https:\\\/\\\/www.woezonbyessi.com\\\/es\\\/\"},{\"@type\":\"ListItem\",\"position\":2,\"name\":\"Tienda\",\"item\":\"https:\\\/\\\/www.woezonbyessi.com\\\/es\\\/tienda\\\/\"},{\"@type\":\"ListItem\",\"position\":3,\"name\":\"Ni\u00f1o\",\"item\":\"https:\\\/\\\/www.woezonbyessi.com\\\/es\\\/categoria-producto\\\/nino\\\/\"},{\"@type\":\"ListItem\",\"position\":4,\"name\":\"Conjuntos\",\"item\":\"https:\\\/\\\/www.woezonbyessi.com\\\/es\\\/categoria-producto\\\/nino\\\/conjuntos\\\/\"},{\"@type\":\"ListItem\",\"position\":5,\"name\":\"Conjunto pantal\u00f3n corto X-O\"}]},{\"@type\":\"WebSite\",\"@id\":\"https:\\\/\\\/www.woezonbyessi.com\\\/es\\\/#website\",\"url\":\"https:\\\/\\\/www.woezonbyessi.com\\\/es\\\/\",\"name\":\"Woezon by Essi\",\"description\":\"\",\"publisher\":{\"@id\":\"https:\\\/\\\/www.woezonbyessi.com\\\/es\\\/#organization\"},\"potentialAction\":[{\"@type\":\"SearchAction\",\"target\":{\"@type\":\"EntryPoint\",\"urlTemplate\":\"https:\\\/\\\/www.woezonbyessi.com\\\/es\\\/?s={search_term_string}\"},\"query-input\":{\"@type\":\"PropertyValueSpecification\",\"valueRequired\":true,\"valueName\":\"search_term_string\"}}],\"inLanguage\":\"es\"},{\"@type\":\"Organization\",\"@id\":\"https:\\\/\\\/www.woezonbyessi.com\\\/es\\\/#organization\",\"name\":\"Woezon by Essi\",\"url\":\"https:\\\/\\\/www.woezonbyessi.com\\\/es\\\/\",\"logo\":{\"@type\":\"ImageObject\",\"inLanguage\":\"es\",\"@id\":\"https:\\\/\\\/www.woezonbyessi.com\\\/es\\\/#\\\/schema\\\/logo\\\/image\\\/\",\"url\":\"https:\\\/\\\/www.woezonbyessi.com\\\/wp-content\\\/uploads\\\/2025\\\/11\\\/logo-blackpng.png\",\"contentUrl\":\"https:\\\/\\\/www.woezonbyessi.com\\\/wp-content\\\/uploads\\\/2025\\\/11\\\/logo-blackpng.png\",\"width\":600,\"height\":576,\"caption\":\"Woezon by Essi\"},\"image\":{\"@id\":\"https:\\\/\\\/www.woezonbyessi.com\\\/es\\\/#\\\/schema\\\/logo\\\/image\\\/\"},\"sameAs\":[\"https:\\\/\\\/www.facebook.com\\\/profile.php?id=61583006293803\",\"https:\\\/\\\/www.instagram.com\\\/woezon_by_essi\\\/\",\"https:\\\/\\\/www.tiktok.com\\\/@woezon.by.essi\"]}]}<\/script>\n<!-- \/ Yoast SEO plugin. -->","yoast_head_json":{"title":"Conjunto pantal\u00f3n corto X-O | Woezon by Essi","description":"Conjunto de pantalones cortos para ni\u00f1o XO Verde: camiseta y pantalones cortos 100 % algod\u00f3n con motivos africanos en verde, rojo y blanco. C\u00f3modo y elegante, perfecto para d\u00edas soleados, fiestas y salidas en familia.","robots":{"index":"index","follow":"follow","max-snippet":"max-snippet:-1","max-image-preview":"max-image-preview:large","max-video-preview":"max-video-preview:-1"},"canonical":"https:\/\/www.woezonbyessi.com\/es\/shop\/nino\/conjuntos\/conjunto-pantalon-corto-x-o\/","og_locale":"es_ES","og_type":"article","og_title":"Conjunto pantal\u00f3n corto X-O | Woezon by Essi","og_description":"Conjunto de pantalones cortos para ni\u00f1o XO Verde: camiseta y pantalones cortos 100 % algod\u00f3n con motivos africanos en verde, rojo y blanco. C\u00f3modo y elegante, perfecto para d\u00edas soleados, fiestas y salidas en familia.","og_url":"https:\/\/www.woezonbyessi.com\/es\/shop\/nino\/conjuntos\/conjunto-pantalon-corto-x-o\/","og_site_name":"Woezon by Essi","article_publisher":"https:\/\/www.facebook.com\/profile.php?id=61583006293803","article_modified_time":"2026-02-26T13:41:35+00:00","og_image":[{"width":846,"height":1200,"url":"https:\/\/www.woezonbyessi.com\/wp-content\/uploads\/2025\/11\/ensemble-short-XO-vert.jpg","type":"image\/jpeg"}],"twitter_card":"summary_large_image","schema":{"@context":"https:\/\/schema.org","@graph":[{"@type":"WebPage","@id":"https:\/\/www.woezonbyessi.com\/es\/shop\/nino\/conjuntos\/conjunto-pantalon-corto-x-o\/","url":"https:\/\/www.woezonbyessi.com\/es\/shop\/nino\/conjuntos\/conjunto-pantalon-corto-x-o\/","name":"Conjunto pantal\u00f3n corto X-O | Woezon by Essi","isPartOf":{"@id":"https:\/\/www.woezonbyessi.com\/es\/#website"},"primaryImageOfPage":{"@id":"https:\/\/www.woezonbyessi.com\/es\/shop\/nino\/conjuntos\/conjunto-pantalon-corto-x-o\/#primaryimage"},"image":{"@id":"https:\/\/www.woezonbyessi.com\/es\/shop\/nino\/conjuntos\/conjunto-pantalon-corto-x-o\/#primaryimage"},"thumbnailUrl":"https:\/\/www.woezonbyessi.com\/wp-content\/uploads\/2025\/11\/ensemble-short-XO-vert.jpg","datePublished":"2025-11-10T19:02:54+00:00","dateModified":"2026-02-26T13:41:35+00:00","description":"Conjunto de pantalones cortos para ni\u00f1o XO Verde: camiseta y pantalones cortos 100 % algod\u00f3n con motivos africanos en verde, rojo y blanco. C\u00f3modo y elegante, perfecto para d\u00edas soleados, fiestas y salidas en familia.","breadcrumb":{"@id":"https:\/\/www.woezonbyessi.com\/es\/shop\/nino\/conjuntos\/conjunto-pantalon-corto-x-o\/#breadcrumb"},"inLanguage":"es","potentialAction":[{"@type":"ReadAction","target":["https:\/\/www.woezonbyessi.com\/es\/shop\/nino\/conjuntos\/conjunto-pantalon-corto-x-o\/"]}]},{"@type":"ImageObject","inLanguage":"es","@id":"https:\/\/www.woezonbyessi.com\/es\/shop\/nino\/conjuntos\/conjunto-pantalon-corto-x-o\/#primaryimage","url":"https:\/\/www.woezonbyessi.com\/wp-content\/uploads\/2025\/11\/ensemble-short-XO-vert.jpg","contentUrl":"https:\/\/www.woezonbyessi.com\/wp-content\/uploads\/2025\/11\/ensemble-short-XO-vert.jpg","width":846,"height":1200,"caption":"conjunto-pantal\u00f3-corto- X-O"},{"@type":"BreadcrumbList","@id":"https:\/\/www.woezonbyessi.com\/es\/shop\/nino\/conjuntos\/conjunto-pantalon-corto-x-o\/#breadcrumb","itemListElement":[{"@type":"ListItem","position":1,"name":"Inicio","item":"https:\/\/www.woezonbyessi.com\/es\/"},{"@type":"ListItem","position":2,"name":"Tienda","item":"https:\/\/www.woezonbyessi.com\/es\/tienda\/"},{"@type":"ListItem","position":3,"name":"Ni\u00f1o","item":"https:\/\/www.woezonbyessi.com\/es\/categoria-producto\/nino\/"},{"@type":"ListItem","position":4,"name":"Conjuntos","item":"https:\/\/www.woezonbyessi.com\/es\/categoria-producto\/nino\/conjuntos\/"},{"@type":"ListItem","position":5,"name":"Conjunto pantal\u00f3n corto X-O"}]},{"@type":"WebSite","@id":"https:\/\/www.woezonbyessi.com\/es\/#website","url":"https:\/\/www.woezonbyessi.com\/es\/","name":"Woezon by Essi","description":"","publisher":{"@id":"https:\/\/www.woezonbyessi.com\/es\/#organization"},"potentialAction":[{"@type":"SearchAction","target":{"@type":"EntryPoint","urlTemplate":"https:\/\/www.woezonbyessi.com\/es\/?s={search_term_string}"},"query-input":{"@type":"PropertyValueSpecification","valueRequired":true,"valueName":"search_term_string"}}],"inLanguage":"es"},{"@type":"Organization","@id":"https:\/\/www.woezonbyessi.com\/es\/#organization","name":"Woezon by Essi","url":"https:\/\/www.woezonbyessi.com\/es\/","logo":{"@type":"ImageObject","inLanguage":"es","@id":"https:\/\/www.woezonbyessi.com\/es\/#\/schema\/logo\/image\/","url":"https:\/\/www.woezonbyessi.com\/wp-content\/uploads\/2025\/11\/logo-blackpng.png","contentUrl":"https:\/\/www.woezonbyessi.com\/wp-content\/uploads\/2025\/11\/logo-blackpng.png","width":600,"height":576,"caption":"Woezon by Essi"},"image":{"@id":"https:\/\/www.woezonbyessi.com\/es\/#\/schema\/logo\/image\/"},"sameAs":["https:\/\/www.facebook.com\/profile.php?id=61583006293803","https:\/\/www.instagram.com\/woezon_by_essi\/","https:\/\/www.tiktok.com\/@woezon.by.essi"]}]}},"_links":{"self":[{"href":"https:\/\/www.woezonbyessi.com\/es\/wp-json\/wp\/v2\/product\/4684","targetHints":{"allow":["GET"]}}],"collection":[{"href":"https:\/\/www.woezonbyessi.com\/es\/wp-json\/wp\/v2\/product"}],"about":[{"href":"https:\/\/www.woezonbyessi.com\/es\/wp-json\/wp\/v2\/types\/product"}],"wp:featuredmedia":[{"embeddable":true,"href":"https:\/\/www.woezonbyessi.com\/es\/wp-json\/wp\/v2\/media\/4685"}],"wp:attachment":[{"href":"https:\/\/www.woezonbyessi.com\/es\/wp-json\/wp\/v2\/media?parent=4684"}],"wp:term":[{"taxonomy":"product_brand","embeddable":true,"href":"https:\/\/www.woezonbyessi.com\/es\/wp-json\/wp\/v2\/product_brand?post=4684"},{"taxonomy":"product_cat","embeddable":true,"href":"https:\/\/www.woezonbyessi.com\/es\/wp-json\/wp\/v2\/product_cat?post=4684"},{"taxonomy":"product_tag","embeddable":true,"href":"https:\/\/www.woezonbyessi.com\/es\/wp-json\/wp\/v2\/product_tag?post=4684"}],"curies":[{"name":"wp","href":"https:\/\/api.w.org\/{rel}","templated":true}]}}