{"id":4731,"date":"2025-11-10T17:07:05","date_gmt":"2025-11-10T16:07:05","guid":{"rendered":"https:\/\/www.woezonbyessi.com\/boutique\/sin%20categor\u00eda\/ensemble-salopette-fille-sucre-d-or\/"},"modified":"2026-02-27T12:57:00","modified_gmt":"2026-02-27T11:57:00","slug":"conjunto-de-peto-sucre-d-or","status":"publish","type":"product","link":"https:\/\/www.woezonbyessi.com\/es\/shop\/nino\/vestidos-para-ninas\/conjunto-de-peto-sucre-d-or\/","title":{"rendered":"Conjunto de peto Sucre d&#8217;Or"},"content":{"rendered":"<p>Resalte el encanto y la elegancia natural de su peque\u00f1a con este conjunto de falda pantal\u00f3n confeccionado en tela wax de colores vivos. Este modelo \u00fanico combina el estilo tradicional africano con la comodidad moderna, ideal para salidas, fiestas o sesiones fotogr\u00e1ficas.<\/p>\n<p>El conjunto se compone de una blusa blanca de algod\u00f3n suave combinada con una falda pantal\u00f3n de tela wax con motivos geom\u00e9tricos rojos, azules y amarillos. Los tirantes con botones decorativos a\u00f1aden un toque elegante y divertido, mientras que el corte acampanado ofrece una libertad de movimiento perfecta para los ni\u00f1os.<\/p>\n","protected":false},"excerpt":{"rendered":"<p data-start=\"812\" data-end=\"861\">\u2714\ufe0f Tipo de prenda: Conjunto de peto para ni\u00f1a<br \/>\n\u2714\ufe0f Composici\u00f3n: Parte superior 100 % algod\u00f3n \/ Falda de tela wax africana<br \/>\n\u2714\ufe0f Colores principales: Rojo, azul, amarillo y blanco<br \/>\n\u2714\ufe0f Caracter\u00edsticas: Tirantes con botones, cintura el\u00e1stica, falda acampanada<br \/>\n\u2714\ufe0f Estilo: Moderno y cultural<br \/>\n\u2714\ufe0f Ocasiones: Salidas, ceremonias, cumplea\u00f1os, eventos escolares<\/p>\n","protected":false},"featured_media":4732,"template":"","meta":[],"product_brand":[],"product_cat":[223,294,243,244],"product_tag":[],"class_list":{"0":"post-4731","1":"product","2":"type-product","3":"status-publish","4":"has-post-thumbnail","6":"product_cat-coleccion-2026","7":"product_cat-conjuntos","8":"product_cat-nino","9":"product_cat-vestidos-para-ninas","11":"first","12":"instock","13":"shipping-taxable","14":"purchasable","15":"product-type-variable"},"yoast_head":"<!-- This site is optimized with the Yoast SEO plugin v27.5 - https:\/\/yoast.com\/product\/yoast-seo-wordpress\/ -->\n<title>Conjunto de peto Sucre d&#039;Or | Woezon by Essi<\/title>\n<meta name=\"description\" content=\"Conjunto de falda pantal\u00f3n para ni\u00f1a con estampado geom\u00e9trico rojo, azul y amarillo, con top blanco de algod\u00f3n suave y tirantes con botones elegantes. Estilo africano tradicional moderno.\" \/>\n<meta name=\"robots\" content=\"index, follow, max-snippet:-1, max-image-preview:large, max-video-preview:-1\" \/>\n<link rel=\"canonical\" href=\"https:\/\/www.woezonbyessi.com\/es\/shop\/nino\/vestidos-para-ninas\/conjunto-de-peto-sucre-d-or\/\" \/>\n<meta property=\"og:locale\" content=\"es_ES\" \/>\n<meta property=\"og:type\" content=\"article\" \/>\n<meta property=\"og:title\" content=\"Conjunto de peto Sucre d&#039;Or | Woezon by Essi\" \/>\n<meta property=\"og:description\" content=\"Conjunto de falda pantal\u00f3n para ni\u00f1a con estampado geom\u00e9trico rojo, azul y amarillo, con top blanco de algod\u00f3n suave y tirantes con botones elegantes. Estilo africano tradicional moderno.\" \/>\n<meta property=\"og:url\" content=\"https:\/\/www.woezonbyessi.com\/es\/shop\/nino\/vestidos-para-ninas\/conjunto-de-peto-sucre-d-or\/\" \/>\n<meta property=\"og:site_name\" content=\"Woezon by Essi\" \/>\n<meta property=\"article:publisher\" content=\"https:\/\/www.facebook.com\/profile.php?id=61583006293803\" \/>\n<meta property=\"article:modified_time\" content=\"2026-02-27T11:57:00+00:00\" \/>\n<meta property=\"og:image\" content=\"https:\/\/www.woezonbyessi.com\/wp-content\/uploads\/2025\/11\/enssemble-salopette-fille-sucre-d-or.jpg\" \/>\n\t<meta property=\"og:image:width\" content=\"960\" \/>\n\t<meta property=\"og:image:height\" content=\"1200\" \/>\n\t<meta property=\"og:image:type\" content=\"image\/jpeg\" \/>\n<meta name=\"twitter:card\" content=\"summary_large_image\" \/>\n<script type=\"application\/ld+json\" class=\"yoast-schema-graph\">{\"@context\":\"https:\\\/\\\/schema.org\",\"@graph\":[{\"@type\":\"WebPage\",\"@id\":\"https:\\\/\\\/www.woezonbyessi.com\\\/es\\\/shop\\\/nino\\\/vestidos-para-ninas\\\/conjunto-de-peto-sucre-d-or\\\/\",\"url\":\"https:\\\/\\\/www.woezonbyessi.com\\\/es\\\/shop\\\/nino\\\/vestidos-para-ninas\\\/conjunto-de-peto-sucre-d-or\\\/\",\"name\":\"Conjunto de peto Sucre d'Or | Woezon by Essi\",\"isPartOf\":{\"@id\":\"https:\\\/\\\/www.woezonbyessi.com\\\/es\\\/#website\"},\"primaryImageOfPage\":{\"@id\":\"https:\\\/\\\/www.woezonbyessi.com\\\/es\\\/shop\\\/nino\\\/vestidos-para-ninas\\\/conjunto-de-peto-sucre-d-or\\\/#primaryimage\"},\"image\":{\"@id\":\"https:\\\/\\\/www.woezonbyessi.com\\\/es\\\/shop\\\/nino\\\/vestidos-para-ninas\\\/conjunto-de-peto-sucre-d-or\\\/#primaryimage\"},\"thumbnailUrl\":\"https:\\\/\\\/www.woezonbyessi.com\\\/wp-content\\\/uploads\\\/2025\\\/11\\\/enssemble-salopette-fille-sucre-d-or.jpg\",\"datePublished\":\"2025-11-10T16:07:05+00:00\",\"dateModified\":\"2026-02-27T11:57:00+00:00\",\"description\":\"Conjunto de falda pantal\u00f3n para ni\u00f1a con estampado geom\u00e9trico rojo, azul y amarillo, con top blanco de algod\u00f3n suave y tirantes con botones elegantes. Estilo africano tradicional moderno.\",\"breadcrumb\":{\"@id\":\"https:\\\/\\\/www.woezonbyessi.com\\\/es\\\/shop\\\/nino\\\/vestidos-para-ninas\\\/conjunto-de-peto-sucre-d-or\\\/#breadcrumb\"},\"inLanguage\":\"es\",\"potentialAction\":[{\"@type\":\"ReadAction\",\"target\":[\"https:\\\/\\\/www.woezonbyessi.com\\\/es\\\/shop\\\/nino\\\/vestidos-para-ninas\\\/conjunto-de-peto-sucre-d-or\\\/\"]}]},{\"@type\":\"ImageObject\",\"inLanguage\":\"es\",\"@id\":\"https:\\\/\\\/www.woezonbyessi.com\\\/es\\\/shop\\\/nino\\\/vestidos-para-ninas\\\/conjunto-de-peto-sucre-d-or\\\/#primaryimage\",\"url\":\"https:\\\/\\\/www.woezonbyessi.com\\\/wp-content\\\/uploads\\\/2025\\\/11\\\/enssemble-salopette-fille-sucre-d-or.jpg\",\"contentUrl\":\"https:\\\/\\\/www.woezonbyessi.com\\\/wp-content\\\/uploads\\\/2025\\\/11\\\/enssemble-salopette-fille-sucre-d-or.jpg\",\"width\":960,\"height\":1200,\"caption\":\"conjunto-de-peto Sucre- d-or\"},{\"@type\":\"BreadcrumbList\",\"@id\":\"https:\\\/\\\/www.woezonbyessi.com\\\/es\\\/shop\\\/nino\\\/vestidos-para-ninas\\\/conjunto-de-peto-sucre-d-or\\\/#breadcrumb\",\"itemListElement\":[{\"@type\":\"ListItem\",\"position\":1,\"name\":\"Inicio\",\"item\":\"https:\\\/\\\/www.woezonbyessi.com\\\/es\\\/\"},{\"@type\":\"ListItem\",\"position\":2,\"name\":\"Tienda\",\"item\":\"https:\\\/\\\/www.woezonbyessi.com\\\/es\\\/tienda\\\/\"},{\"@type\":\"ListItem\",\"position\":3,\"name\":\"Ni\u00f1o\",\"item\":\"https:\\\/\\\/www.woezonbyessi.com\\\/es\\\/categoria-producto\\\/nino\\\/\"},{\"@type\":\"ListItem\",\"position\":4,\"name\":\"Conjuntos\",\"item\":\"https:\\\/\\\/www.woezonbyessi.com\\\/es\\\/categoria-producto\\\/nino\\\/conjuntos\\\/\"},{\"@type\":\"ListItem\",\"position\":5,\"name\":\"Conjunto de peto Sucre d&rsquo;Or\"}]},{\"@type\":\"WebSite\",\"@id\":\"https:\\\/\\\/www.woezonbyessi.com\\\/es\\\/#website\",\"url\":\"https:\\\/\\\/www.woezonbyessi.com\\\/es\\\/\",\"name\":\"Woezon by Essi\",\"description\":\"\",\"publisher\":{\"@id\":\"https:\\\/\\\/www.woezonbyessi.com\\\/es\\\/#organization\"},\"potentialAction\":[{\"@type\":\"SearchAction\",\"target\":{\"@type\":\"EntryPoint\",\"urlTemplate\":\"https:\\\/\\\/www.woezonbyessi.com\\\/es\\\/?s={search_term_string}\"},\"query-input\":{\"@type\":\"PropertyValueSpecification\",\"valueRequired\":true,\"valueName\":\"search_term_string\"}}],\"inLanguage\":\"es\"},{\"@type\":\"Organization\",\"@id\":\"https:\\\/\\\/www.woezonbyessi.com\\\/es\\\/#organization\",\"name\":\"Woezon by Essi\",\"url\":\"https:\\\/\\\/www.woezonbyessi.com\\\/es\\\/\",\"logo\":{\"@type\":\"ImageObject\",\"inLanguage\":\"es\",\"@id\":\"https:\\\/\\\/www.woezonbyessi.com\\\/es\\\/#\\\/schema\\\/logo\\\/image\\\/\",\"url\":\"https:\\\/\\\/www.woezonbyessi.com\\\/wp-content\\\/uploads\\\/2025\\\/11\\\/logo-blackpng.png\",\"contentUrl\":\"https:\\\/\\\/www.woezonbyessi.com\\\/wp-content\\\/uploads\\\/2025\\\/11\\\/logo-blackpng.png\",\"width\":600,\"height\":576,\"caption\":\"Woezon by Essi\"},\"image\":{\"@id\":\"https:\\\/\\\/www.woezonbyessi.com\\\/es\\\/#\\\/schema\\\/logo\\\/image\\\/\"},\"sameAs\":[\"https:\\\/\\\/www.facebook.com\\\/profile.php?id=61583006293803\",\"https:\\\/\\\/www.instagram.com\\\/woezon_by_essi\\\/\",\"https:\\\/\\\/www.tiktok.com\\\/@woezon.by.essi\"]}]}<\/script>\n<!-- \/ Yoast SEO plugin. -->","yoast_head_json":{"title":"Conjunto de peto Sucre d'Or | Woezon by Essi","description":"Conjunto de falda pantal\u00f3n para ni\u00f1a con estampado geom\u00e9trico rojo, azul y amarillo, con top blanco de algod\u00f3n suave y tirantes con botones elegantes. Estilo africano tradicional moderno.","robots":{"index":"index","follow":"follow","max-snippet":"max-snippet:-1","max-image-preview":"max-image-preview:large","max-video-preview":"max-video-preview:-1"},"canonical":"https:\/\/www.woezonbyessi.com\/es\/shop\/nino\/vestidos-para-ninas\/conjunto-de-peto-sucre-d-or\/","og_locale":"es_ES","og_type":"article","og_title":"Conjunto de peto Sucre d'Or | Woezon by Essi","og_description":"Conjunto de falda pantal\u00f3n para ni\u00f1a con estampado geom\u00e9trico rojo, azul y amarillo, con top blanco de algod\u00f3n suave y tirantes con botones elegantes. Estilo africano tradicional moderno.","og_url":"https:\/\/www.woezonbyessi.com\/es\/shop\/nino\/vestidos-para-ninas\/conjunto-de-peto-sucre-d-or\/","og_site_name":"Woezon by Essi","article_publisher":"https:\/\/www.facebook.com\/profile.php?id=61583006293803","article_modified_time":"2026-02-27T11:57:00+00:00","og_image":[{"width":960,"height":1200,"url":"https:\/\/www.woezonbyessi.com\/wp-content\/uploads\/2025\/11\/enssemble-salopette-fille-sucre-d-or.jpg","type":"image\/jpeg"}],"twitter_card":"summary_large_image","schema":{"@context":"https:\/\/schema.org","@graph":[{"@type":"WebPage","@id":"https:\/\/www.woezonbyessi.com\/es\/shop\/nino\/vestidos-para-ninas\/conjunto-de-peto-sucre-d-or\/","url":"https:\/\/www.woezonbyessi.com\/es\/shop\/nino\/vestidos-para-ninas\/conjunto-de-peto-sucre-d-or\/","name":"Conjunto de peto Sucre d'Or | Woezon by Essi","isPartOf":{"@id":"https:\/\/www.woezonbyessi.com\/es\/#website"},"primaryImageOfPage":{"@id":"https:\/\/www.woezonbyessi.com\/es\/shop\/nino\/vestidos-para-ninas\/conjunto-de-peto-sucre-d-or\/#primaryimage"},"image":{"@id":"https:\/\/www.woezonbyessi.com\/es\/shop\/nino\/vestidos-para-ninas\/conjunto-de-peto-sucre-d-or\/#primaryimage"},"thumbnailUrl":"https:\/\/www.woezonbyessi.com\/wp-content\/uploads\/2025\/11\/enssemble-salopette-fille-sucre-d-or.jpg","datePublished":"2025-11-10T16:07:05+00:00","dateModified":"2026-02-27T11:57:00+00:00","description":"Conjunto de falda pantal\u00f3n para ni\u00f1a con estampado geom\u00e9trico rojo, azul y amarillo, con top blanco de algod\u00f3n suave y tirantes con botones elegantes. Estilo africano tradicional moderno.","breadcrumb":{"@id":"https:\/\/www.woezonbyessi.com\/es\/shop\/nino\/vestidos-para-ninas\/conjunto-de-peto-sucre-d-or\/#breadcrumb"},"inLanguage":"es","potentialAction":[{"@type":"ReadAction","target":["https:\/\/www.woezonbyessi.com\/es\/shop\/nino\/vestidos-para-ninas\/conjunto-de-peto-sucre-d-or\/"]}]},{"@type":"ImageObject","inLanguage":"es","@id":"https:\/\/www.woezonbyessi.com\/es\/shop\/nino\/vestidos-para-ninas\/conjunto-de-peto-sucre-d-or\/#primaryimage","url":"https:\/\/www.woezonbyessi.com\/wp-content\/uploads\/2025\/11\/enssemble-salopette-fille-sucre-d-or.jpg","contentUrl":"https:\/\/www.woezonbyessi.com\/wp-content\/uploads\/2025\/11\/enssemble-salopette-fille-sucre-d-or.jpg","width":960,"height":1200,"caption":"conjunto-de-peto Sucre- d-or"},{"@type":"BreadcrumbList","@id":"https:\/\/www.woezonbyessi.com\/es\/shop\/nino\/vestidos-para-ninas\/conjunto-de-peto-sucre-d-or\/#breadcrumb","itemListElement":[{"@type":"ListItem","position":1,"name":"Inicio","item":"https:\/\/www.woezonbyessi.com\/es\/"},{"@type":"ListItem","position":2,"name":"Tienda","item":"https:\/\/www.woezonbyessi.com\/es\/tienda\/"},{"@type":"ListItem","position":3,"name":"Ni\u00f1o","item":"https:\/\/www.woezonbyessi.com\/es\/categoria-producto\/nino\/"},{"@type":"ListItem","position":4,"name":"Conjuntos","item":"https:\/\/www.woezonbyessi.com\/es\/categoria-producto\/nino\/conjuntos\/"},{"@type":"ListItem","position":5,"name":"Conjunto de peto Sucre d&rsquo;Or"}]},{"@type":"WebSite","@id":"https:\/\/www.woezonbyessi.com\/es\/#website","url":"https:\/\/www.woezonbyessi.com\/es\/","name":"Woezon by Essi","description":"","publisher":{"@id":"https:\/\/www.woezonbyessi.com\/es\/#organization"},"potentialAction":[{"@type":"SearchAction","target":{"@type":"EntryPoint","urlTemplate":"https:\/\/www.woezonbyessi.com\/es\/?s={search_term_string}"},"query-input":{"@type":"PropertyValueSpecification","valueRequired":true,"valueName":"search_term_string"}}],"inLanguage":"es"},{"@type":"Organization","@id":"https:\/\/www.woezonbyessi.com\/es\/#organization","name":"Woezon by Essi","url":"https:\/\/www.woezonbyessi.com\/es\/","logo":{"@type":"ImageObject","inLanguage":"es","@id":"https:\/\/www.woezonbyessi.com\/es\/#\/schema\/logo\/image\/","url":"https:\/\/www.woezonbyessi.com\/wp-content\/uploads\/2025\/11\/logo-blackpng.png","contentUrl":"https:\/\/www.woezonbyessi.com\/wp-content\/uploads\/2025\/11\/logo-blackpng.png","width":600,"height":576,"caption":"Woezon by Essi"},"image":{"@id":"https:\/\/www.woezonbyessi.com\/es\/#\/schema\/logo\/image\/"},"sameAs":["https:\/\/www.facebook.com\/profile.php?id=61583006293803","https:\/\/www.instagram.com\/woezon_by_essi\/","https:\/\/www.tiktok.com\/@woezon.by.essi"]}]}},"_links":{"self":[{"href":"https:\/\/www.woezonbyessi.com\/es\/wp-json\/wp\/v2\/product\/4731","targetHints":{"allow":["GET"]}}],"collection":[{"href":"https:\/\/www.woezonbyessi.com\/es\/wp-json\/wp\/v2\/product"}],"about":[{"href":"https:\/\/www.woezonbyessi.com\/es\/wp-json\/wp\/v2\/types\/product"}],"wp:featuredmedia":[{"embeddable":true,"href":"https:\/\/www.woezonbyessi.com\/es\/wp-json\/wp\/v2\/media\/4732"}],"wp:attachment":[{"href":"https:\/\/www.woezonbyessi.com\/es\/wp-json\/wp\/v2\/media?parent=4731"}],"wp:term":[{"taxonomy":"product_brand","embeddable":true,"href":"https:\/\/www.woezonbyessi.com\/es\/wp-json\/wp\/v2\/product_brand?post=4731"},{"taxonomy":"product_cat","embeddable":true,"href":"https:\/\/www.woezonbyessi.com\/es\/wp-json\/wp\/v2\/product_cat?post=4731"},{"taxonomy":"product_tag","embeddable":true,"href":"https:\/\/www.woezonbyessi.com\/es\/wp-json\/wp\/v2\/product_tag?post=4731"}],"curies":[{"name":"wp","href":"https:\/\/api.w.org\/{rel}","templated":true}]}}