{"id":4787,"date":"2025-11-09T17:35:59","date_gmt":"2025-11-09T16:35:59","guid":{"rendered":"https:\/\/www.woezonbyessi.com\/boutique\/sin%20categor\u00eda\/veste-bombers-corail\/"},"modified":"2026-02-27T14:17:45","modified_gmt":"2026-02-27T13:17:45","slug":"chaqueta-bomber-coral","status":"publish","type":"product","link":"https:\/\/www.woezonbyessi.com\/es\/shop\/hombre\/chaqueta-2\/chaqueta-bomber-coral\/","title":{"rendered":"Chaqueta bomber coral"},"content":{"rendered":"<p>Afirma tu estilo con la bomber \u00abCorail\u00bb, una prenda vibrante y contempor\u00e1nea que encarna la fusi\u00f3n perfecta entre la cultura africana y la tendencia urbana. Confeccionada en un tejido de primera calidad con motivos abstractos inspirados en el tie and dye, esta chaqueta seduce por sus din\u00e1micos tonos azul, naranja coral y toques de blanco, que evocan la vitalidad y la creatividad de los estilos afro modernos.<\/p>\n<p>Su corte unisex y sus cuidados acabados garantizan comodidad y elegancia, mientras que los bordes acanalados en el cuello, los pu\u00f1os y la cintura aseguran un ajuste perfecto. Ligera y elegante, la bomber Corail se puede llevar f\u00e1cilmente en cualquier estaci\u00f3n del a\u00f1o, con vaqueros, pantalones de vestir o faldas, para un look atrevido y contempor\u00e1neo.<\/p>\n","protected":false},"excerpt":{"rendered":"<p>Bombers \u00abCorail\u00bb<\/p>\n<p>\u2714\ufe0f Tipo de prenda: Chaqueta unisex.<br \/>\n\u2714\ufe0f Material: Algod\u00f3n.<br \/>\n\u2714\ufe0f Motivos: Abstractos, estilo tie and dye africano.<br \/>\n\u2714\ufe0f Colores predominantes: Azul, naranja coral, blanco y negro.<br \/>\n\u2714\ufe0f Cierre: Cremallera central.<br \/>\n\u2714\ufe0f Bolsillos: Dos pr\u00e1cticos bolsillos laterales<br \/>\n\u2714\ufe0f Acabados: Bordes acanalados (cuello, pu\u00f1os, cintura)<br \/>\n\u2714\ufe0f Corte: Moderno y c\u00f3modo<br \/>\n\u2714\ufe0f Estilo: Urbano chic, afro-streetwear, tendencia informal<\/p>\n<p>&nbsp;<\/p>\n","protected":false},"featured_media":4788,"template":"","meta":[],"product_brand":[],"product_cat":[306,314,223,308,225],"product_tag":[],"class_list":{"0":"post-4787","1":"product","2":"type-product","3":"status-publish","4":"has-post-thumbnail","6":"product_cat-chaqueta","7":"product_cat-chaqueta-2","8":"product_cat-coleccion-2026","9":"product_cat-hombre","10":"product_cat-mujer","12":"first","13":"instock","14":"shipping-taxable","15":"purchasable","16":"product-type-variable"},"yoast_head":"<!-- This site is optimized with the Yoast SEO plugin v27.5 - https:\/\/yoast.com\/product\/yoast-seo-wordpress\/ -->\n<title>Chaqueta bomber coral | Woezon by Essi<\/title>\n<meta name=\"description\" content=\"Chaqueta bomber \u00abCorail\u00bb unisex de tejido premium con motivos abstractos tie and dye en azul, naranja coral y blanco. Corte africano contempor\u00e1neo.\" \/>\n<meta name=\"robots\" content=\"index, follow, max-snippet:-1, max-image-preview:large, max-video-preview:-1\" \/>\n<link rel=\"canonical\" href=\"https:\/\/www.woezonbyessi.com\/es\/shop\/hombre\/chaqueta-2\/chaqueta-bomber-coral\/\" \/>\n<meta property=\"og:locale\" content=\"es_ES\" \/>\n<meta property=\"og:type\" content=\"article\" \/>\n<meta property=\"og:title\" content=\"Chaqueta bomber coral | Woezon by Essi\" \/>\n<meta property=\"og:description\" content=\"Chaqueta bomber \u00abCorail\u00bb unisex de tejido premium con motivos abstractos tie and dye en azul, naranja coral y blanco. Corte africano contempor\u00e1neo.\" \/>\n<meta property=\"og:url\" content=\"https:\/\/www.woezonbyessi.com\/es\/shop\/hombre\/chaqueta-2\/chaqueta-bomber-coral\/\" \/>\n<meta property=\"og:site_name\" content=\"Woezon by Essi\" \/>\n<meta property=\"article:publisher\" content=\"https:\/\/www.facebook.com\/profile.php?id=61583006293803\" \/>\n<meta property=\"article:modified_time\" content=\"2026-02-27T13:17:45+00:00\" \/>\n<meta property=\"og:image\" content=\"https:\/\/www.woezonbyessi.com\/wp-content\/uploads\/2025\/11\/bombers-corail-1.jpg\" \/>\n\t<meta property=\"og:image:width\" content=\"960\" \/>\n\t<meta property=\"og:image:height\" content=\"1200\" \/>\n\t<meta property=\"og:image:type\" content=\"image\/jpeg\" \/>\n<meta name=\"twitter:card\" content=\"summary_large_image\" \/>\n<script type=\"application\/ld+json\" class=\"yoast-schema-graph\">{\"@context\":\"https:\\\/\\\/schema.org\",\"@graph\":[{\"@type\":\"WebPage\",\"@id\":\"https:\\\/\\\/www.woezonbyessi.com\\\/es\\\/shop\\\/hombre\\\/chaqueta-2\\\/chaqueta-bomber-coral\\\/\",\"url\":\"https:\\\/\\\/www.woezonbyessi.com\\\/es\\\/shop\\\/hombre\\\/chaqueta-2\\\/chaqueta-bomber-coral\\\/\",\"name\":\"Chaqueta bomber coral | Woezon by Essi\",\"isPartOf\":{\"@id\":\"https:\\\/\\\/www.woezonbyessi.com\\\/es\\\/#website\"},\"primaryImageOfPage\":{\"@id\":\"https:\\\/\\\/www.woezonbyessi.com\\\/es\\\/shop\\\/hombre\\\/chaqueta-2\\\/chaqueta-bomber-coral\\\/#primaryimage\"},\"image\":{\"@id\":\"https:\\\/\\\/www.woezonbyessi.com\\\/es\\\/shop\\\/hombre\\\/chaqueta-2\\\/chaqueta-bomber-coral\\\/#primaryimage\"},\"thumbnailUrl\":\"https:\\\/\\\/www.woezonbyessi.com\\\/wp-content\\\/uploads\\\/2025\\\/11\\\/bombers-corail-1.jpg\",\"datePublished\":\"2025-11-09T16:35:59+00:00\",\"dateModified\":\"2026-02-27T13:17:45+00:00\",\"description\":\"Chaqueta bomber \u00abCorail\u00bb unisex de tejido premium con motivos abstractos tie and dye en azul, naranja coral y blanco. Corte africano contempor\u00e1neo.\",\"breadcrumb\":{\"@id\":\"https:\\\/\\\/www.woezonbyessi.com\\\/es\\\/shop\\\/hombre\\\/chaqueta-2\\\/chaqueta-bomber-coral\\\/#breadcrumb\"},\"inLanguage\":\"es\",\"potentialAction\":[{\"@type\":\"ReadAction\",\"target\":[\"https:\\\/\\\/www.woezonbyessi.com\\\/es\\\/shop\\\/hombre\\\/chaqueta-2\\\/chaqueta-bomber-coral\\\/\"]}]},{\"@type\":\"ImageObject\",\"inLanguage\":\"es\",\"@id\":\"https:\\\/\\\/www.woezonbyessi.com\\\/es\\\/shop\\\/hombre\\\/chaqueta-2\\\/chaqueta-bomber-coral\\\/#primaryimage\",\"url\":\"https:\\\/\\\/www.woezonbyessi.com\\\/wp-content\\\/uploads\\\/2025\\\/11\\\/bombers-corail-1.jpg\",\"contentUrl\":\"https:\\\/\\\/www.woezonbyessi.com\\\/wp-content\\\/uploads\\\/2025\\\/11\\\/bombers-corail-1.jpg\",\"width\":960,\"height\":1200,\"caption\":\"chaqueta-bomber-coral\"},{\"@type\":\"BreadcrumbList\",\"@id\":\"https:\\\/\\\/www.woezonbyessi.com\\\/es\\\/shop\\\/hombre\\\/chaqueta-2\\\/chaqueta-bomber-coral\\\/#breadcrumb\",\"itemListElement\":[{\"@type\":\"ListItem\",\"position\":1,\"name\":\"Inicio\",\"item\":\"https:\\\/\\\/www.woezonbyessi.com\\\/es\\\/\"},{\"@type\":\"ListItem\",\"position\":2,\"name\":\"Tienda\",\"item\":\"https:\\\/\\\/www.woezonbyessi.com\\\/es\\\/tienda\\\/\"},{\"@type\":\"ListItem\",\"position\":3,\"name\":\"Colecci\u00f3n 2026\",\"item\":\"https:\\\/\\\/www.woezonbyessi.com\\\/es\\\/categoria-producto\\\/coleccion-2026\\\/\"},{\"@type\":\"ListItem\",\"position\":4,\"name\":\"Chaqueta bomber coral\"}]},{\"@type\":\"WebSite\",\"@id\":\"https:\\\/\\\/www.woezonbyessi.com\\\/es\\\/#website\",\"url\":\"https:\\\/\\\/www.woezonbyessi.com\\\/es\\\/\",\"name\":\"Woezon by Essi\",\"description\":\"\",\"publisher\":{\"@id\":\"https:\\\/\\\/www.woezonbyessi.com\\\/es\\\/#organization\"},\"potentialAction\":[{\"@type\":\"SearchAction\",\"target\":{\"@type\":\"EntryPoint\",\"urlTemplate\":\"https:\\\/\\\/www.woezonbyessi.com\\\/es\\\/?s={search_term_string}\"},\"query-input\":{\"@type\":\"PropertyValueSpecification\",\"valueRequired\":true,\"valueName\":\"search_term_string\"}}],\"inLanguage\":\"es\"},{\"@type\":\"Organization\",\"@id\":\"https:\\\/\\\/www.woezonbyessi.com\\\/es\\\/#organization\",\"name\":\"Woezon by Essi\",\"url\":\"https:\\\/\\\/www.woezonbyessi.com\\\/es\\\/\",\"logo\":{\"@type\":\"ImageObject\",\"inLanguage\":\"es\",\"@id\":\"https:\\\/\\\/www.woezonbyessi.com\\\/es\\\/#\\\/schema\\\/logo\\\/image\\\/\",\"url\":\"https:\\\/\\\/www.woezonbyessi.com\\\/wp-content\\\/uploads\\\/2025\\\/11\\\/logo-blackpng.png\",\"contentUrl\":\"https:\\\/\\\/www.woezonbyessi.com\\\/wp-content\\\/uploads\\\/2025\\\/11\\\/logo-blackpng.png\",\"width\":600,\"height\":576,\"caption\":\"Woezon by Essi\"},\"image\":{\"@id\":\"https:\\\/\\\/www.woezonbyessi.com\\\/es\\\/#\\\/schema\\\/logo\\\/image\\\/\"},\"sameAs\":[\"https:\\\/\\\/www.facebook.com\\\/profile.php?id=61583006293803\",\"https:\\\/\\\/www.instagram.com\\\/woezon_by_essi\\\/\",\"https:\\\/\\\/www.tiktok.com\\\/@woezon.by.essi\"]}]}<\/script>\n<!-- \/ Yoast SEO plugin. -->","yoast_head_json":{"title":"Chaqueta bomber coral | Woezon by Essi","description":"Chaqueta bomber \u00abCorail\u00bb unisex de tejido premium con motivos abstractos tie and dye en azul, naranja coral y blanco. Corte africano contempor\u00e1neo.","robots":{"index":"index","follow":"follow","max-snippet":"max-snippet:-1","max-image-preview":"max-image-preview:large","max-video-preview":"max-video-preview:-1"},"canonical":"https:\/\/www.woezonbyessi.com\/es\/shop\/hombre\/chaqueta-2\/chaqueta-bomber-coral\/","og_locale":"es_ES","og_type":"article","og_title":"Chaqueta bomber coral | Woezon by Essi","og_description":"Chaqueta bomber \u00abCorail\u00bb unisex de tejido premium con motivos abstractos tie and dye en azul, naranja coral y blanco. Corte africano contempor\u00e1neo.","og_url":"https:\/\/www.woezonbyessi.com\/es\/shop\/hombre\/chaqueta-2\/chaqueta-bomber-coral\/","og_site_name":"Woezon by Essi","article_publisher":"https:\/\/www.facebook.com\/profile.php?id=61583006293803","article_modified_time":"2026-02-27T13:17:45+00:00","og_image":[{"width":960,"height":1200,"url":"https:\/\/www.woezonbyessi.com\/wp-content\/uploads\/2025\/11\/bombers-corail-1.jpg","type":"image\/jpeg"}],"twitter_card":"summary_large_image","schema":{"@context":"https:\/\/schema.org","@graph":[{"@type":"WebPage","@id":"https:\/\/www.woezonbyessi.com\/es\/shop\/hombre\/chaqueta-2\/chaqueta-bomber-coral\/","url":"https:\/\/www.woezonbyessi.com\/es\/shop\/hombre\/chaqueta-2\/chaqueta-bomber-coral\/","name":"Chaqueta bomber coral | Woezon by Essi","isPartOf":{"@id":"https:\/\/www.woezonbyessi.com\/es\/#website"},"primaryImageOfPage":{"@id":"https:\/\/www.woezonbyessi.com\/es\/shop\/hombre\/chaqueta-2\/chaqueta-bomber-coral\/#primaryimage"},"image":{"@id":"https:\/\/www.woezonbyessi.com\/es\/shop\/hombre\/chaqueta-2\/chaqueta-bomber-coral\/#primaryimage"},"thumbnailUrl":"https:\/\/www.woezonbyessi.com\/wp-content\/uploads\/2025\/11\/bombers-corail-1.jpg","datePublished":"2025-11-09T16:35:59+00:00","dateModified":"2026-02-27T13:17:45+00:00","description":"Chaqueta bomber \u00abCorail\u00bb unisex de tejido premium con motivos abstractos tie and dye en azul, naranja coral y blanco. Corte africano contempor\u00e1neo.","breadcrumb":{"@id":"https:\/\/www.woezonbyessi.com\/es\/shop\/hombre\/chaqueta-2\/chaqueta-bomber-coral\/#breadcrumb"},"inLanguage":"es","potentialAction":[{"@type":"ReadAction","target":["https:\/\/www.woezonbyessi.com\/es\/shop\/hombre\/chaqueta-2\/chaqueta-bomber-coral\/"]}]},{"@type":"ImageObject","inLanguage":"es","@id":"https:\/\/www.woezonbyessi.com\/es\/shop\/hombre\/chaqueta-2\/chaqueta-bomber-coral\/#primaryimage","url":"https:\/\/www.woezonbyessi.com\/wp-content\/uploads\/2025\/11\/bombers-corail-1.jpg","contentUrl":"https:\/\/www.woezonbyessi.com\/wp-content\/uploads\/2025\/11\/bombers-corail-1.jpg","width":960,"height":1200,"caption":"chaqueta-bomber-coral"},{"@type":"BreadcrumbList","@id":"https:\/\/www.woezonbyessi.com\/es\/shop\/hombre\/chaqueta-2\/chaqueta-bomber-coral\/#breadcrumb","itemListElement":[{"@type":"ListItem","position":1,"name":"Inicio","item":"https:\/\/www.woezonbyessi.com\/es\/"},{"@type":"ListItem","position":2,"name":"Tienda","item":"https:\/\/www.woezonbyessi.com\/es\/tienda\/"},{"@type":"ListItem","position":3,"name":"Colecci\u00f3n 2026","item":"https:\/\/www.woezonbyessi.com\/es\/categoria-producto\/coleccion-2026\/"},{"@type":"ListItem","position":4,"name":"Chaqueta bomber coral"}]},{"@type":"WebSite","@id":"https:\/\/www.woezonbyessi.com\/es\/#website","url":"https:\/\/www.woezonbyessi.com\/es\/","name":"Woezon by Essi","description":"","publisher":{"@id":"https:\/\/www.woezonbyessi.com\/es\/#organization"},"potentialAction":[{"@type":"SearchAction","target":{"@type":"EntryPoint","urlTemplate":"https:\/\/www.woezonbyessi.com\/es\/?s={search_term_string}"},"query-input":{"@type":"PropertyValueSpecification","valueRequired":true,"valueName":"search_term_string"}}],"inLanguage":"es"},{"@type":"Organization","@id":"https:\/\/www.woezonbyessi.com\/es\/#organization","name":"Woezon by Essi","url":"https:\/\/www.woezonbyessi.com\/es\/","logo":{"@type":"ImageObject","inLanguage":"es","@id":"https:\/\/www.woezonbyessi.com\/es\/#\/schema\/logo\/image\/","url":"https:\/\/www.woezonbyessi.com\/wp-content\/uploads\/2025\/11\/logo-blackpng.png","contentUrl":"https:\/\/www.woezonbyessi.com\/wp-content\/uploads\/2025\/11\/logo-blackpng.png","width":600,"height":576,"caption":"Woezon by Essi"},"image":{"@id":"https:\/\/www.woezonbyessi.com\/es\/#\/schema\/logo\/image\/"},"sameAs":["https:\/\/www.facebook.com\/profile.php?id=61583006293803","https:\/\/www.instagram.com\/woezon_by_essi\/","https:\/\/www.tiktok.com\/@woezon.by.essi"]}]}},"_links":{"self":[{"href":"https:\/\/www.woezonbyessi.com\/es\/wp-json\/wp\/v2\/product\/4787","targetHints":{"allow":["GET"]}}],"collection":[{"href":"https:\/\/www.woezonbyessi.com\/es\/wp-json\/wp\/v2\/product"}],"about":[{"href":"https:\/\/www.woezonbyessi.com\/es\/wp-json\/wp\/v2\/types\/product"}],"wp:featuredmedia":[{"embeddable":true,"href":"https:\/\/www.woezonbyessi.com\/es\/wp-json\/wp\/v2\/media\/4788"}],"wp:attachment":[{"href":"https:\/\/www.woezonbyessi.com\/es\/wp-json\/wp\/v2\/media?parent=4787"}],"wp:term":[{"taxonomy":"product_brand","embeddable":true,"href":"https:\/\/www.woezonbyessi.com\/es\/wp-json\/wp\/v2\/product_brand?post=4787"},{"taxonomy":"product_cat","embeddable":true,"href":"https:\/\/www.woezonbyessi.com\/es\/wp-json\/wp\/v2\/product_cat?post=4787"},{"taxonomy":"product_tag","embeddable":true,"href":"https:\/\/www.woezonbyessi.com\/es\/wp-json\/wp\/v2\/product_tag?post=4787"}],"curies":[{"name":"wp","href":"https:\/\/api.w.org\/{rel}","templated":true}]}}