{"id":4801,"date":"2025-11-09T17:00:50","date_gmt":"2025-11-09T16:00:50","guid":{"rendered":"https:\/\/www.woezonbyessi.com\/boutique\/sin%20categor\u00eda\/veste-bombers-lumiere-jaune\/"},"modified":"2026-02-27T14:43:40","modified_gmt":"2026-02-27T13:43:40","slug":"chaqueta-bomber-amarillo-brillante","status":"publish","type":"product","link":"https:\/\/www.woezonbyessi.com\/es\/shop\/hombre\/chaqueta-2\/chaqueta-bomber-amarillo-brillante\/","title":{"rendered":"Chaqueta bomber amarillo brillante"},"content":{"rendered":"<p>Afirma tu carisma con la bomber \u00abLumi\u00e8res Jaune\u00bb, una prenda \u00fanica que combina el estilo urbano y la artesan\u00eda africana. Dise\u00f1ada para hombres modernos que buscan originalidad, esta chaqueta destaca por su estampado geom\u00e9trico inspirado en la tela wax africana y sus colores vivos.<\/p>\n<p>El amarillo brillante dominante, realzado con sutiles detalles en negro, aporta una energ\u00eda solar y segura a tu atuendo. Su corte ajustado y c\u00f3modo realza la silueta y garantiza la libertad de movimiento. Perfecta para los d\u00edas frescos o las salidas con estilo, esta bomber encarna la combinaci\u00f3n perfecta entre la tradici\u00f3n africana y la modernidad urbana.<\/p>\n<p>Los acabados acanalados en el cuello, los pu\u00f1os y la cintura garantizan un ajuste impecable, mientras que la cremallera y los pr\u00e1cticos bolsillos laterales la convierten en una prenda tan funcional como elegante.<\/p>\n<p>&nbsp;<\/p>\n","protected":false},"excerpt":{"rendered":"<article class=\"text-token-text-primary w-full focus:outline-none [--shadow-height:45px] has-data-writing-block:pointer-events-none has-data-writing-block:-mt-(--shadow-height) has-data-writing-block:pt-(--shadow-height) [&amp;:has([data-writing-block])&gt;*]:pointer-events-auto [content-visibility:auto] supports-[content-visibility:auto]:[contain-intrinsic-size:auto_100lvh] scroll-mt-[calc(var(--header-height)+min(200px,max(70px,20svh)))]\" dir=\"auto\" data-turn-id=\"request-WEB:580b7298-c178-40dc-a4d3-3c1cdea37dd5-12\" data-testid=\"conversation-turn-26\" data-scroll-anchor=\"true\" data-turn=\"assistant\">\n<div class=\"text-base my-auto mx-auto pb-10 [--thread-content-margin:--spacing(4)] thread-sm:[--thread-content-margin:--spacing(6)] thread-lg:[--thread-content-margin:--spacing(16)] px-(--thread-content-margin)\">\n<div class=\"[--thread-content-max-width:40rem] thread-lg:[--thread-content-max-width:48rem] mx-auto max-w-(--thread-content-max-width) flex-1 group\/turn-messages focus-visible:outline-hidden relative flex w-full min-w-0 flex-col agent-turn\">\n<div class=\"flex max-w-full flex-col grow\">\n<div class=\"min-h-8 text-message relative flex w-full flex-col items-end gap-2 text-start break-words whitespace-normal [.text-message+&amp;]:mt-1\" dir=\"auto\" data-message-author-role=\"assistant\" data-message-id=\"739d2a73-4802-49ef-8722-012845921a39\" data-message-model-slug=\"gpt-5\">\n<div class=\"flex w-full flex-col gap-1 empty:hidden first:pt-[1px]\">\n<div class=\"markdown prose dark:prose-invert w-full break-words light markdown-new-styling\">\n<p>Bombers \u00abLumi\u00e8res Jaune\u00bb<\/p>\n<p>\u2714\ufe0f Tipo de prenda: Chaqueta para hombre.<br \/>\n\u2714\ufe0f Material: Algod\u00f3n.<br \/>\n\u2714\ufe0f Motivos: Inspirados en el wax africano, geom\u00e9tricos y abstractos.<br \/>\n\u2714\ufe0f Colores predominantes: Amarillo y negro.<br \/>\n\u2714\ufe0f Cierre: Cremallera central.<br \/>\n\u2714\ufe0f Bolsillos: Dos bolsillos laterales<br \/>\n\u2714\ufe0f Acabados: Bordes acanalados (cuello, pu\u00f1os, cintura)<br \/>\n\u2714\ufe0f Corte: Regular fit<br \/>\n\u2714\ufe0f Estilo: Urbano chic, afro-streetwear, contempor\u00e1neo<br \/>\n\u2714\ufe0f Temporada: Entretiempo (primavera, oto\u00f1o)<\/p>\n<\/div>\n<\/div>\n<\/div>\n<\/div>\n<\/div>\n<\/div>\n<\/article>\n<div class=\"pointer-events-none h-px w-px\" aria-hidden=\"true\" data-edge=\"true\"><\/div>\n","protected":false},"featured_media":4802,"template":"","meta":[],"product_brand":[],"product_cat":[300,306,314,223,308,225],"product_tag":[],"class_list":{"0":"post-4801","1":"product","2":"type-product","3":"status-publish","4":"has-post-thumbnail","6":"product_cat-chaqueta-para-ninos","7":"product_cat-chaqueta","8":"product_cat-chaqueta-2","9":"product_cat-coleccion-2026","10":"product_cat-hombre","11":"product_cat-mujer","13":"first","14":"instock","15":"shipping-taxable","16":"purchasable","17":"product-type-variable"},"yoast_head":"<!-- This site is optimized with the Yoast SEO plugin v27.5 - https:\/\/yoast.com\/product\/yoast-seo-wordpress\/ -->\n<title>Chaqueta bomber amarillo brillante | Woezon by Essi<\/title>\n<meta name=\"description\" content=\"La Bombers \u00abLumi\u00e8res Jaune\u00bb es una chaqueta unisex confeccionada en tejido de primera calidad con un estampado geom\u00e9trico africano wax en llamativos tonos amarillo brillante y negro.\" \/>\n<meta name=\"robots\" content=\"index, follow, max-snippet:-1, max-image-preview:large, max-video-preview:-1\" \/>\n<link rel=\"canonical\" href=\"https:\/\/www.woezonbyessi.com\/es\/shop\/hombre\/chaqueta-2\/chaqueta-bomber-amarillo-brillante\/\" \/>\n<meta property=\"og:locale\" content=\"es_ES\" \/>\n<meta property=\"og:type\" content=\"article\" \/>\n<meta property=\"og:title\" content=\"Chaqueta bomber amarillo brillante | Woezon by Essi\" \/>\n<meta property=\"og:description\" content=\"La Bombers \u00abLumi\u00e8res Jaune\u00bb es una chaqueta unisex confeccionada en tejido de primera calidad con un estampado geom\u00e9trico africano wax en llamativos tonos amarillo brillante y negro.\" \/>\n<meta property=\"og:url\" content=\"https:\/\/www.woezonbyessi.com\/es\/shop\/hombre\/chaqueta-2\/chaqueta-bomber-amarillo-brillante\/\" \/>\n<meta property=\"og:site_name\" content=\"Woezon by Essi\" \/>\n<meta property=\"article:publisher\" content=\"https:\/\/www.facebook.com\/profile.php?id=61583006293803\" \/>\n<meta property=\"article:modified_time\" content=\"2026-02-27T13:43:40+00:00\" \/>\n<meta property=\"og:image\" content=\"https:\/\/www.woezonbyessi.com\/wp-content\/uploads\/2025\/11\/bombers-lumieres-jaune-3.jpg\" \/>\n\t<meta property=\"og:image:width\" content=\"960\" \/>\n\t<meta property=\"og:image:height\" content=\"1200\" \/>\n\t<meta property=\"og:image:type\" content=\"image\/jpeg\" \/>\n<meta name=\"twitter:card\" content=\"summary_large_image\" \/>\n<script type=\"application\/ld+json\" class=\"yoast-schema-graph\">{\"@context\":\"https:\\\/\\\/schema.org\",\"@graph\":[{\"@type\":\"WebPage\",\"@id\":\"https:\\\/\\\/www.woezonbyessi.com\\\/es\\\/shop\\\/hombre\\\/chaqueta-2\\\/chaqueta-bomber-amarillo-brillante\\\/\",\"url\":\"https:\\\/\\\/www.woezonbyessi.com\\\/es\\\/shop\\\/hombre\\\/chaqueta-2\\\/chaqueta-bomber-amarillo-brillante\\\/\",\"name\":\"Chaqueta bomber amarillo brillante | Woezon by Essi\",\"isPartOf\":{\"@id\":\"https:\\\/\\\/www.woezonbyessi.com\\\/es\\\/#website\"},\"primaryImageOfPage\":{\"@id\":\"https:\\\/\\\/www.woezonbyessi.com\\\/es\\\/shop\\\/hombre\\\/chaqueta-2\\\/chaqueta-bomber-amarillo-brillante\\\/#primaryimage\"},\"image\":{\"@id\":\"https:\\\/\\\/www.woezonbyessi.com\\\/es\\\/shop\\\/hombre\\\/chaqueta-2\\\/chaqueta-bomber-amarillo-brillante\\\/#primaryimage\"},\"thumbnailUrl\":\"https:\\\/\\\/www.woezonbyessi.com\\\/wp-content\\\/uploads\\\/2025\\\/11\\\/bombers-lumieres-jaune-3.jpg\",\"datePublished\":\"2025-11-09T16:00:50+00:00\",\"dateModified\":\"2026-02-27T13:43:40+00:00\",\"description\":\"La Bombers \u00abLumi\u00e8res Jaune\u00bb es una chaqueta unisex confeccionada en tejido de primera calidad con un estampado geom\u00e9trico africano wax en llamativos tonos amarillo brillante y negro.\",\"breadcrumb\":{\"@id\":\"https:\\\/\\\/www.woezonbyessi.com\\\/es\\\/shop\\\/hombre\\\/chaqueta-2\\\/chaqueta-bomber-amarillo-brillante\\\/#breadcrumb\"},\"inLanguage\":\"es\",\"potentialAction\":[{\"@type\":\"ReadAction\",\"target\":[\"https:\\\/\\\/www.woezonbyessi.com\\\/es\\\/shop\\\/hombre\\\/chaqueta-2\\\/chaqueta-bomber-amarillo-brillante\\\/\"]}]},{\"@type\":\"ImageObject\",\"inLanguage\":\"es\",\"@id\":\"https:\\\/\\\/www.woezonbyessi.com\\\/es\\\/shop\\\/hombre\\\/chaqueta-2\\\/chaqueta-bomber-amarillo-brillante\\\/#primaryimage\",\"url\":\"https:\\\/\\\/www.woezonbyessi.com\\\/wp-content\\\/uploads\\\/2025\\\/11\\\/bombers-lumieres-jaune-3.jpg\",\"contentUrl\":\"https:\\\/\\\/www.woezonbyessi.com\\\/wp-content\\\/uploads\\\/2025\\\/11\\\/bombers-lumieres-jaune-3.jpg\",\"width\":960,\"height\":1200,\"caption\":\"chaqueta-bomber- amarillo-brillante\"},{\"@type\":\"BreadcrumbList\",\"@id\":\"https:\\\/\\\/www.woezonbyessi.com\\\/es\\\/shop\\\/hombre\\\/chaqueta-2\\\/chaqueta-bomber-amarillo-brillante\\\/#breadcrumb\",\"itemListElement\":[{\"@type\":\"ListItem\",\"position\":1,\"name\":\"Inicio\",\"item\":\"https:\\\/\\\/www.woezonbyessi.com\\\/es\\\/\"},{\"@type\":\"ListItem\",\"position\":2,\"name\":\"Tienda\",\"item\":\"https:\\\/\\\/www.woezonbyessi.com\\\/es\\\/tienda\\\/\"},{\"@type\":\"ListItem\",\"position\":3,\"name\":\"Colecci\u00f3n 2026\",\"item\":\"https:\\\/\\\/www.woezonbyessi.com\\\/es\\\/categoria-producto\\\/coleccion-2026\\\/\"},{\"@type\":\"ListItem\",\"position\":4,\"name\":\"Chaqueta bomber amarillo brillante\"}]},{\"@type\":\"WebSite\",\"@id\":\"https:\\\/\\\/www.woezonbyessi.com\\\/es\\\/#website\",\"url\":\"https:\\\/\\\/www.woezonbyessi.com\\\/es\\\/\",\"name\":\"Woezon by Essi\",\"description\":\"\",\"publisher\":{\"@id\":\"https:\\\/\\\/www.woezonbyessi.com\\\/es\\\/#organization\"},\"potentialAction\":[{\"@type\":\"SearchAction\",\"target\":{\"@type\":\"EntryPoint\",\"urlTemplate\":\"https:\\\/\\\/www.woezonbyessi.com\\\/es\\\/?s={search_term_string}\"},\"query-input\":{\"@type\":\"PropertyValueSpecification\",\"valueRequired\":true,\"valueName\":\"search_term_string\"}}],\"inLanguage\":\"es\"},{\"@type\":\"Organization\",\"@id\":\"https:\\\/\\\/www.woezonbyessi.com\\\/es\\\/#organization\",\"name\":\"Woezon by Essi\",\"url\":\"https:\\\/\\\/www.woezonbyessi.com\\\/es\\\/\",\"logo\":{\"@type\":\"ImageObject\",\"inLanguage\":\"es\",\"@id\":\"https:\\\/\\\/www.woezonbyessi.com\\\/es\\\/#\\\/schema\\\/logo\\\/image\\\/\",\"url\":\"https:\\\/\\\/www.woezonbyessi.com\\\/wp-content\\\/uploads\\\/2025\\\/11\\\/logo-blackpng.png\",\"contentUrl\":\"https:\\\/\\\/www.woezonbyessi.com\\\/wp-content\\\/uploads\\\/2025\\\/11\\\/logo-blackpng.png\",\"width\":600,\"height\":576,\"caption\":\"Woezon by Essi\"},\"image\":{\"@id\":\"https:\\\/\\\/www.woezonbyessi.com\\\/es\\\/#\\\/schema\\\/logo\\\/image\\\/\"},\"sameAs\":[\"https:\\\/\\\/www.facebook.com\\\/profile.php?id=61583006293803\",\"https:\\\/\\\/www.instagram.com\\\/woezon_by_essi\\\/\",\"https:\\\/\\\/www.tiktok.com\\\/@woezon.by.essi\"]}]}<\/script>\n<!-- \/ Yoast SEO plugin. -->","yoast_head_json":{"title":"Chaqueta bomber amarillo brillante | Woezon by Essi","description":"La Bombers \u00abLumi\u00e8res Jaune\u00bb es una chaqueta unisex confeccionada en tejido de primera calidad con un estampado geom\u00e9trico africano wax en llamativos tonos amarillo brillante y negro.","robots":{"index":"index","follow":"follow","max-snippet":"max-snippet:-1","max-image-preview":"max-image-preview:large","max-video-preview":"max-video-preview:-1"},"canonical":"https:\/\/www.woezonbyessi.com\/es\/shop\/hombre\/chaqueta-2\/chaqueta-bomber-amarillo-brillante\/","og_locale":"es_ES","og_type":"article","og_title":"Chaqueta bomber amarillo brillante | Woezon by Essi","og_description":"La Bombers \u00abLumi\u00e8res Jaune\u00bb es una chaqueta unisex confeccionada en tejido de primera calidad con un estampado geom\u00e9trico africano wax en llamativos tonos amarillo brillante y negro.","og_url":"https:\/\/www.woezonbyessi.com\/es\/shop\/hombre\/chaqueta-2\/chaqueta-bomber-amarillo-brillante\/","og_site_name":"Woezon by Essi","article_publisher":"https:\/\/www.facebook.com\/profile.php?id=61583006293803","article_modified_time":"2026-02-27T13:43:40+00:00","og_image":[{"width":960,"height":1200,"url":"https:\/\/www.woezonbyessi.com\/wp-content\/uploads\/2025\/11\/bombers-lumieres-jaune-3.jpg","type":"image\/jpeg"}],"twitter_card":"summary_large_image","schema":{"@context":"https:\/\/schema.org","@graph":[{"@type":"WebPage","@id":"https:\/\/www.woezonbyessi.com\/es\/shop\/hombre\/chaqueta-2\/chaqueta-bomber-amarillo-brillante\/","url":"https:\/\/www.woezonbyessi.com\/es\/shop\/hombre\/chaqueta-2\/chaqueta-bomber-amarillo-brillante\/","name":"Chaqueta bomber amarillo brillante | Woezon by Essi","isPartOf":{"@id":"https:\/\/www.woezonbyessi.com\/es\/#website"},"primaryImageOfPage":{"@id":"https:\/\/www.woezonbyessi.com\/es\/shop\/hombre\/chaqueta-2\/chaqueta-bomber-amarillo-brillante\/#primaryimage"},"image":{"@id":"https:\/\/www.woezonbyessi.com\/es\/shop\/hombre\/chaqueta-2\/chaqueta-bomber-amarillo-brillante\/#primaryimage"},"thumbnailUrl":"https:\/\/www.woezonbyessi.com\/wp-content\/uploads\/2025\/11\/bombers-lumieres-jaune-3.jpg","datePublished":"2025-11-09T16:00:50+00:00","dateModified":"2026-02-27T13:43:40+00:00","description":"La Bombers \u00abLumi\u00e8res Jaune\u00bb es una chaqueta unisex confeccionada en tejido de primera calidad con un estampado geom\u00e9trico africano wax en llamativos tonos amarillo brillante y negro.","breadcrumb":{"@id":"https:\/\/www.woezonbyessi.com\/es\/shop\/hombre\/chaqueta-2\/chaqueta-bomber-amarillo-brillante\/#breadcrumb"},"inLanguage":"es","potentialAction":[{"@type":"ReadAction","target":["https:\/\/www.woezonbyessi.com\/es\/shop\/hombre\/chaqueta-2\/chaqueta-bomber-amarillo-brillante\/"]}]},{"@type":"ImageObject","inLanguage":"es","@id":"https:\/\/www.woezonbyessi.com\/es\/shop\/hombre\/chaqueta-2\/chaqueta-bomber-amarillo-brillante\/#primaryimage","url":"https:\/\/www.woezonbyessi.com\/wp-content\/uploads\/2025\/11\/bombers-lumieres-jaune-3.jpg","contentUrl":"https:\/\/www.woezonbyessi.com\/wp-content\/uploads\/2025\/11\/bombers-lumieres-jaune-3.jpg","width":960,"height":1200,"caption":"chaqueta-bomber- amarillo-brillante"},{"@type":"BreadcrumbList","@id":"https:\/\/www.woezonbyessi.com\/es\/shop\/hombre\/chaqueta-2\/chaqueta-bomber-amarillo-brillante\/#breadcrumb","itemListElement":[{"@type":"ListItem","position":1,"name":"Inicio","item":"https:\/\/www.woezonbyessi.com\/es\/"},{"@type":"ListItem","position":2,"name":"Tienda","item":"https:\/\/www.woezonbyessi.com\/es\/tienda\/"},{"@type":"ListItem","position":3,"name":"Colecci\u00f3n 2026","item":"https:\/\/www.woezonbyessi.com\/es\/categoria-producto\/coleccion-2026\/"},{"@type":"ListItem","position":4,"name":"Chaqueta bomber amarillo brillante"}]},{"@type":"WebSite","@id":"https:\/\/www.woezonbyessi.com\/es\/#website","url":"https:\/\/www.woezonbyessi.com\/es\/","name":"Woezon by Essi","description":"","publisher":{"@id":"https:\/\/www.woezonbyessi.com\/es\/#organization"},"potentialAction":[{"@type":"SearchAction","target":{"@type":"EntryPoint","urlTemplate":"https:\/\/www.woezonbyessi.com\/es\/?s={search_term_string}"},"query-input":{"@type":"PropertyValueSpecification","valueRequired":true,"valueName":"search_term_string"}}],"inLanguage":"es"},{"@type":"Organization","@id":"https:\/\/www.woezonbyessi.com\/es\/#organization","name":"Woezon by Essi","url":"https:\/\/www.woezonbyessi.com\/es\/","logo":{"@type":"ImageObject","inLanguage":"es","@id":"https:\/\/www.woezonbyessi.com\/es\/#\/schema\/logo\/image\/","url":"https:\/\/www.woezonbyessi.com\/wp-content\/uploads\/2025\/11\/logo-blackpng.png","contentUrl":"https:\/\/www.woezonbyessi.com\/wp-content\/uploads\/2025\/11\/logo-blackpng.png","width":600,"height":576,"caption":"Woezon by Essi"},"image":{"@id":"https:\/\/www.woezonbyessi.com\/es\/#\/schema\/logo\/image\/"},"sameAs":["https:\/\/www.facebook.com\/profile.php?id=61583006293803","https:\/\/www.instagram.com\/woezon_by_essi\/","https:\/\/www.tiktok.com\/@woezon.by.essi"]}]}},"_links":{"self":[{"href":"https:\/\/www.woezonbyessi.com\/es\/wp-json\/wp\/v2\/product\/4801","targetHints":{"allow":["GET"]}}],"collection":[{"href":"https:\/\/www.woezonbyessi.com\/es\/wp-json\/wp\/v2\/product"}],"about":[{"href":"https:\/\/www.woezonbyessi.com\/es\/wp-json\/wp\/v2\/types\/product"}],"wp:featuredmedia":[{"embeddable":true,"href":"https:\/\/www.woezonbyessi.com\/es\/wp-json\/wp\/v2\/media\/4802"}],"wp:attachment":[{"href":"https:\/\/www.woezonbyessi.com\/es\/wp-json\/wp\/v2\/media?parent=4801"}],"wp:term":[{"taxonomy":"product_brand","embeddable":true,"href":"https:\/\/www.woezonbyessi.com\/es\/wp-json\/wp\/v2\/product_brand?post=4801"},{"taxonomy":"product_cat","embeddable":true,"href":"https:\/\/www.woezonbyessi.com\/es\/wp-json\/wp\/v2\/product_cat?post=4801"},{"taxonomy":"product_tag","embeddable":true,"href":"https:\/\/www.woezonbyessi.com\/es\/wp-json\/wp\/v2\/product_tag?post=4801"}],"curies":[{"name":"wp","href":"https:\/\/api.w.org\/{rel}","templated":true}]}}