{"id":4955,"date":"2025-11-08T19:14:55","date_gmt":"2025-11-08T18:14:55","guid":{"rendered":"https:\/\/www.woezonbyessi.com\/boutique\/sin%20categor\u00eda\/manteau-tie-and-die-bordeaux\/"},"modified":"2026-03-01T15:10:16","modified_gmt":"2026-03-01T14:10:16","slug":"abrigo-tie-and-dye-burdeos","status":"publish","type":"product","link":"https:\/\/www.woezonbyessi.com\/es\/shop\/mujer\/abrigo\/abrigo-tie-and-dye-burdeos\/","title":{"rendered":"Abrigo tie and dye Burdeos"},"content":{"rendered":"<p>Combina refinamiento y autenticidad con el abrigo largo Bordeaux \u00c9l\u00e9gance, una prenda atemporal dise\u00f1ada para mujeres que aman afirmar su estilo con originalidad. Confeccionado en tejido batik 100 % algod\u00f3n, este abrigo destaca por su estampado tie and dye en burdeos y blanco, un motivo vibrante que evoca tanto la calidez africana como la elegancia contempor\u00e1nea.<\/p>\n<p>Su corte recto y estructurado se adapta perfectamente a la silueta, mientras que su cuello cl\u00e1sico y sus botones a juego aportan un toque de sofisticaci\u00f3n. Ideal para entretiempo, este abrigo se puede llevar tanto con un vestido como con pantalones, para un look chic y decidido.<\/p>\n<p>Una creaci\u00f3n artesanal, sostenible y decididamente moderna, firmada por el saber hacer africano.<\/p>\n","protected":false},"excerpt":{"rendered":"<p>Bordeaux Elegancia<\/p>\n<p>\u2714\ufe0f Tipo: Abrigo largo para mujer.<br \/>\n\u2714\ufe0f Material: 100 % algod\u00f3n batik artesanal.<br \/>\n\u2714\ufe0f Estampado: Tie and dye burdeos y blanco<br \/>\n\u2714\ufe0f Corte: Recto y elegante<br \/>\n\u2714\ufe0f Cuello: Cl\u00e1sico de sastre<br \/>\n\u2714\ufe0f Cierre: Botones centrados en la parte delantera<br \/>\n\u2714\ufe0f Bolsillos: Dos bolsillos laterales con solapa<br \/>\n\u2714\ufe0f Estilo: Chic, \u00e9tnico moderno, casual elegante<br \/>\n\u2714\ufe0f Ocasiones: Salidas, trabajo, eventos, moda urbana<\/p>\n","protected":false},"featured_media":4956,"template":"","meta":[],"product_brand":[],"product_cat":[304,223,225],"product_tag":[],"class_list":{"0":"post-4955","1":"product","2":"type-product","3":"status-publish","4":"has-post-thumbnail","6":"product_cat-abrigo","7":"product_cat-coleccion-2026","8":"product_cat-mujer","10":"first","11":"instock","12":"purchasable","13":"product-type-variable"},"yoast_head":"<!-- This site is optimized with the Yoast SEO plugin v27.5 - https:\/\/yoast.com\/product\/yoast-seo-wordpress\/ -->\n<title>Abrigo tie and dye Burdeos | Woezon by Essi<\/title>\n<meta name=\"description\" content=\"Abrigo largo Burdeos Elegancia en tejido batik 100 % algod\u00f3n te\u00f1ido con nudos en color burdeos y blanco. Corte recto estructurado, cuello cl\u00e1sico de sastre, botones a juego.\" \/>\n<meta name=\"robots\" content=\"index, follow, max-snippet:-1, max-image-preview:large, max-video-preview:-1\" \/>\n<link rel=\"canonical\" href=\"https:\/\/www.woezonbyessi.com\/es\/shop\/mujer\/abrigo\/abrigo-tie-and-dye-burdeos\/\" \/>\n<meta property=\"og:locale\" content=\"es_ES\" \/>\n<meta property=\"og:type\" content=\"article\" \/>\n<meta property=\"og:title\" content=\"Abrigo tie and dye Burdeos | Woezon by Essi\" \/>\n<meta property=\"og:description\" content=\"Abrigo largo Burdeos Elegancia en tejido batik 100 % algod\u00f3n te\u00f1ido con nudos en color burdeos y blanco. Corte recto estructurado, cuello cl\u00e1sico de sastre, botones a juego.\" \/>\n<meta property=\"og:url\" content=\"https:\/\/www.woezonbyessi.com\/es\/shop\/mujer\/abrigo\/abrigo-tie-and-dye-burdeos\/\" \/>\n<meta property=\"og:site_name\" content=\"Woezon by Essi\" \/>\n<meta property=\"article:publisher\" content=\"https:\/\/www.facebook.com\/profile.php?id=61583006293803\" \/>\n<meta property=\"article:modified_time\" content=\"2026-03-01T14:10:16+00:00\" \/>\n<meta property=\"og:image\" content=\"https:\/\/www.woezonbyessi.com\/wp-content\/uploads\/2025\/11\/manteau-tied-and-die-bordeau.jpg\" \/>\n\t<meta property=\"og:image:width\" content=\"960\" \/>\n\t<meta property=\"og:image:height\" content=\"1200\" \/>\n\t<meta property=\"og:image:type\" content=\"image\/jpeg\" \/>\n<meta name=\"twitter:card\" content=\"summary_large_image\" \/>\n<script type=\"application\/ld+json\" class=\"yoast-schema-graph\">{\"@context\":\"https:\\\/\\\/schema.org\",\"@graph\":[{\"@type\":\"WebPage\",\"@id\":\"https:\\\/\\\/www.woezonbyessi.com\\\/es\\\/shop\\\/mujer\\\/abrigo\\\/abrigo-tie-and-dye-burdeos\\\/\",\"url\":\"https:\\\/\\\/www.woezonbyessi.com\\\/es\\\/shop\\\/mujer\\\/abrigo\\\/abrigo-tie-and-dye-burdeos\\\/\",\"name\":\"Abrigo tie and dye Burdeos | Woezon by Essi\",\"isPartOf\":{\"@id\":\"https:\\\/\\\/www.woezonbyessi.com\\\/es\\\/#website\"},\"primaryImageOfPage\":{\"@id\":\"https:\\\/\\\/www.woezonbyessi.com\\\/es\\\/shop\\\/mujer\\\/abrigo\\\/abrigo-tie-and-dye-burdeos\\\/#primaryimage\"},\"image\":{\"@id\":\"https:\\\/\\\/www.woezonbyessi.com\\\/es\\\/shop\\\/mujer\\\/abrigo\\\/abrigo-tie-and-dye-burdeos\\\/#primaryimage\"},\"thumbnailUrl\":\"https:\\\/\\\/www.woezonbyessi.com\\\/wp-content\\\/uploads\\\/2025\\\/11\\\/manteau-tied-and-die-bordeau.jpg\",\"datePublished\":\"2025-11-08T18:14:55+00:00\",\"dateModified\":\"2026-03-01T14:10:16+00:00\",\"description\":\"Abrigo largo Burdeos Elegancia en tejido batik 100 % algod\u00f3n te\u00f1ido con nudos en color burdeos y blanco. Corte recto estructurado, cuello cl\u00e1sico de sastre, botones a juego.\",\"breadcrumb\":{\"@id\":\"https:\\\/\\\/www.woezonbyessi.com\\\/es\\\/shop\\\/mujer\\\/abrigo\\\/abrigo-tie-and-dye-burdeos\\\/#breadcrumb\"},\"inLanguage\":\"es\",\"potentialAction\":[{\"@type\":\"ReadAction\",\"target\":[\"https:\\\/\\\/www.woezonbyessi.com\\\/es\\\/shop\\\/mujer\\\/abrigo\\\/abrigo-tie-and-dye-burdeos\\\/\"]}]},{\"@type\":\"ImageObject\",\"inLanguage\":\"es\",\"@id\":\"https:\\\/\\\/www.woezonbyessi.com\\\/es\\\/shop\\\/mujer\\\/abrigo\\\/abrigo-tie-and-dye-burdeos\\\/#primaryimage\",\"url\":\"https:\\\/\\\/www.woezonbyessi.com\\\/wp-content\\\/uploads\\\/2025\\\/11\\\/manteau-tied-and-die-bordeau.jpg\",\"contentUrl\":\"https:\\\/\\\/www.woezonbyessi.com\\\/wp-content\\\/uploads\\\/2025\\\/11\\\/manteau-tied-and-die-bordeau.jpg\",\"width\":960,\"height\":1200,\"caption\":\"abrigo-tie-and-dye- burdeos\"},{\"@type\":\"BreadcrumbList\",\"@id\":\"https:\\\/\\\/www.woezonbyessi.com\\\/es\\\/shop\\\/mujer\\\/abrigo\\\/abrigo-tie-and-dye-burdeos\\\/#breadcrumb\",\"itemListElement\":[{\"@type\":\"ListItem\",\"position\":1,\"name\":\"Inicio\",\"item\":\"https:\\\/\\\/www.woezonbyessi.com\\\/es\\\/\"},{\"@type\":\"ListItem\",\"position\":2,\"name\":\"Tienda\",\"item\":\"https:\\\/\\\/www.woezonbyessi.com\\\/es\\\/tienda\\\/\"},{\"@type\":\"ListItem\",\"position\":3,\"name\":\"Mujer\",\"item\":\"https:\\\/\\\/www.woezonbyessi.com\\\/es\\\/categoria-producto\\\/mujer\\\/\"},{\"@type\":\"ListItem\",\"position\":4,\"name\":\"Abrigo\",\"item\":\"https:\\\/\\\/www.woezonbyessi.com\\\/es\\\/categoria-producto\\\/mujer\\\/abrigo\\\/\"},{\"@type\":\"ListItem\",\"position\":5,\"name\":\"Abrigo tie and dye Burdeos\"}]},{\"@type\":\"WebSite\",\"@id\":\"https:\\\/\\\/www.woezonbyessi.com\\\/es\\\/#website\",\"url\":\"https:\\\/\\\/www.woezonbyessi.com\\\/es\\\/\",\"name\":\"Woezon by Essi\",\"description\":\"\",\"publisher\":{\"@id\":\"https:\\\/\\\/www.woezonbyessi.com\\\/es\\\/#organization\"},\"potentialAction\":[{\"@type\":\"SearchAction\",\"target\":{\"@type\":\"EntryPoint\",\"urlTemplate\":\"https:\\\/\\\/www.woezonbyessi.com\\\/es\\\/?s={search_term_string}\"},\"query-input\":{\"@type\":\"PropertyValueSpecification\",\"valueRequired\":true,\"valueName\":\"search_term_string\"}}],\"inLanguage\":\"es\"},{\"@type\":\"Organization\",\"@id\":\"https:\\\/\\\/www.woezonbyessi.com\\\/es\\\/#organization\",\"name\":\"Woezon by Essi\",\"url\":\"https:\\\/\\\/www.woezonbyessi.com\\\/es\\\/\",\"logo\":{\"@type\":\"ImageObject\",\"inLanguage\":\"es\",\"@id\":\"https:\\\/\\\/www.woezonbyessi.com\\\/es\\\/#\\\/schema\\\/logo\\\/image\\\/\",\"url\":\"https:\\\/\\\/www.woezonbyessi.com\\\/wp-content\\\/uploads\\\/2025\\\/11\\\/logo-blackpng.png\",\"contentUrl\":\"https:\\\/\\\/www.woezonbyessi.com\\\/wp-content\\\/uploads\\\/2025\\\/11\\\/logo-blackpng.png\",\"width\":600,\"height\":576,\"caption\":\"Woezon by Essi\"},\"image\":{\"@id\":\"https:\\\/\\\/www.woezonbyessi.com\\\/es\\\/#\\\/schema\\\/logo\\\/image\\\/\"},\"sameAs\":[\"https:\\\/\\\/www.facebook.com\\\/profile.php?id=61583006293803\",\"https:\\\/\\\/www.instagram.com\\\/woezon_by_essi\\\/\",\"https:\\\/\\\/www.tiktok.com\\\/@woezon.by.essi\"]}]}<\/script>\n<!-- \/ Yoast SEO plugin. -->","yoast_head_json":{"title":"Abrigo tie and dye Burdeos | Woezon by Essi","description":"Abrigo largo Burdeos Elegancia en tejido batik 100 % algod\u00f3n te\u00f1ido con nudos en color burdeos y blanco. Corte recto estructurado, cuello cl\u00e1sico de sastre, botones a juego.","robots":{"index":"index","follow":"follow","max-snippet":"max-snippet:-1","max-image-preview":"max-image-preview:large","max-video-preview":"max-video-preview:-1"},"canonical":"https:\/\/www.woezonbyessi.com\/es\/shop\/mujer\/abrigo\/abrigo-tie-and-dye-burdeos\/","og_locale":"es_ES","og_type":"article","og_title":"Abrigo tie and dye Burdeos | Woezon by Essi","og_description":"Abrigo largo Burdeos Elegancia en tejido batik 100 % algod\u00f3n te\u00f1ido con nudos en color burdeos y blanco. Corte recto estructurado, cuello cl\u00e1sico de sastre, botones a juego.","og_url":"https:\/\/www.woezonbyessi.com\/es\/shop\/mujer\/abrigo\/abrigo-tie-and-dye-burdeos\/","og_site_name":"Woezon by Essi","article_publisher":"https:\/\/www.facebook.com\/profile.php?id=61583006293803","article_modified_time":"2026-03-01T14:10:16+00:00","og_image":[{"width":960,"height":1200,"url":"https:\/\/www.woezonbyessi.com\/wp-content\/uploads\/2025\/11\/manteau-tied-and-die-bordeau.jpg","type":"image\/jpeg"}],"twitter_card":"summary_large_image","schema":{"@context":"https:\/\/schema.org","@graph":[{"@type":"WebPage","@id":"https:\/\/www.woezonbyessi.com\/es\/shop\/mujer\/abrigo\/abrigo-tie-and-dye-burdeos\/","url":"https:\/\/www.woezonbyessi.com\/es\/shop\/mujer\/abrigo\/abrigo-tie-and-dye-burdeos\/","name":"Abrigo tie and dye Burdeos | Woezon by Essi","isPartOf":{"@id":"https:\/\/www.woezonbyessi.com\/es\/#website"},"primaryImageOfPage":{"@id":"https:\/\/www.woezonbyessi.com\/es\/shop\/mujer\/abrigo\/abrigo-tie-and-dye-burdeos\/#primaryimage"},"image":{"@id":"https:\/\/www.woezonbyessi.com\/es\/shop\/mujer\/abrigo\/abrigo-tie-and-dye-burdeos\/#primaryimage"},"thumbnailUrl":"https:\/\/www.woezonbyessi.com\/wp-content\/uploads\/2025\/11\/manteau-tied-and-die-bordeau.jpg","datePublished":"2025-11-08T18:14:55+00:00","dateModified":"2026-03-01T14:10:16+00:00","description":"Abrigo largo Burdeos Elegancia en tejido batik 100 % algod\u00f3n te\u00f1ido con nudos en color burdeos y blanco. Corte recto estructurado, cuello cl\u00e1sico de sastre, botones a juego.","breadcrumb":{"@id":"https:\/\/www.woezonbyessi.com\/es\/shop\/mujer\/abrigo\/abrigo-tie-and-dye-burdeos\/#breadcrumb"},"inLanguage":"es","potentialAction":[{"@type":"ReadAction","target":["https:\/\/www.woezonbyessi.com\/es\/shop\/mujer\/abrigo\/abrigo-tie-and-dye-burdeos\/"]}]},{"@type":"ImageObject","inLanguage":"es","@id":"https:\/\/www.woezonbyessi.com\/es\/shop\/mujer\/abrigo\/abrigo-tie-and-dye-burdeos\/#primaryimage","url":"https:\/\/www.woezonbyessi.com\/wp-content\/uploads\/2025\/11\/manteau-tied-and-die-bordeau.jpg","contentUrl":"https:\/\/www.woezonbyessi.com\/wp-content\/uploads\/2025\/11\/manteau-tied-and-die-bordeau.jpg","width":960,"height":1200,"caption":"abrigo-tie-and-dye- burdeos"},{"@type":"BreadcrumbList","@id":"https:\/\/www.woezonbyessi.com\/es\/shop\/mujer\/abrigo\/abrigo-tie-and-dye-burdeos\/#breadcrumb","itemListElement":[{"@type":"ListItem","position":1,"name":"Inicio","item":"https:\/\/www.woezonbyessi.com\/es\/"},{"@type":"ListItem","position":2,"name":"Tienda","item":"https:\/\/www.woezonbyessi.com\/es\/tienda\/"},{"@type":"ListItem","position":3,"name":"Mujer","item":"https:\/\/www.woezonbyessi.com\/es\/categoria-producto\/mujer\/"},{"@type":"ListItem","position":4,"name":"Abrigo","item":"https:\/\/www.woezonbyessi.com\/es\/categoria-producto\/mujer\/abrigo\/"},{"@type":"ListItem","position":5,"name":"Abrigo tie and dye Burdeos"}]},{"@type":"WebSite","@id":"https:\/\/www.woezonbyessi.com\/es\/#website","url":"https:\/\/www.woezonbyessi.com\/es\/","name":"Woezon by Essi","description":"","publisher":{"@id":"https:\/\/www.woezonbyessi.com\/es\/#organization"},"potentialAction":[{"@type":"SearchAction","target":{"@type":"EntryPoint","urlTemplate":"https:\/\/www.woezonbyessi.com\/es\/?s={search_term_string}"},"query-input":{"@type":"PropertyValueSpecification","valueRequired":true,"valueName":"search_term_string"}}],"inLanguage":"es"},{"@type":"Organization","@id":"https:\/\/www.woezonbyessi.com\/es\/#organization","name":"Woezon by Essi","url":"https:\/\/www.woezonbyessi.com\/es\/","logo":{"@type":"ImageObject","inLanguage":"es","@id":"https:\/\/www.woezonbyessi.com\/es\/#\/schema\/logo\/image\/","url":"https:\/\/www.woezonbyessi.com\/wp-content\/uploads\/2025\/11\/logo-blackpng.png","contentUrl":"https:\/\/www.woezonbyessi.com\/wp-content\/uploads\/2025\/11\/logo-blackpng.png","width":600,"height":576,"caption":"Woezon by Essi"},"image":{"@id":"https:\/\/www.woezonbyessi.com\/es\/#\/schema\/logo\/image\/"},"sameAs":["https:\/\/www.facebook.com\/profile.php?id=61583006293803","https:\/\/www.instagram.com\/woezon_by_essi\/","https:\/\/www.tiktok.com\/@woezon.by.essi"]}]}},"_links":{"self":[{"href":"https:\/\/www.woezonbyessi.com\/es\/wp-json\/wp\/v2\/product\/4955","targetHints":{"allow":["GET"]}}],"collection":[{"href":"https:\/\/www.woezonbyessi.com\/es\/wp-json\/wp\/v2\/product"}],"about":[{"href":"https:\/\/www.woezonbyessi.com\/es\/wp-json\/wp\/v2\/types\/product"}],"wp:featuredmedia":[{"embeddable":true,"href":"https:\/\/www.woezonbyessi.com\/es\/wp-json\/wp\/v2\/media\/4956"}],"wp:attachment":[{"href":"https:\/\/www.woezonbyessi.com\/es\/wp-json\/wp\/v2\/media?parent=4955"}],"wp:term":[{"taxonomy":"product_brand","embeddable":true,"href":"https:\/\/www.woezonbyessi.com\/es\/wp-json\/wp\/v2\/product_brand?post=4955"},{"taxonomy":"product_cat","embeddable":true,"href":"https:\/\/www.woezonbyessi.com\/es\/wp-json\/wp\/v2\/product_cat?post=4955"},{"taxonomy":"product_tag","embeddable":true,"href":"https:\/\/www.woezonbyessi.com\/es\/wp-json\/wp\/v2\/product_tag?post=4955"}],"curies":[{"name":"wp","href":"https:\/\/api.w.org\/{rel}","templated":true}]}}