{"id":5055,"date":"2025-11-05T17:25:53","date_gmt":"2025-11-05T16:25:53","guid":{"rendered":"https:\/\/www.woezonbyessi.com\/boutique\/sin%20categor\u00eda\/scarla-dress\/"},"modified":"2026-03-02T18:33:36","modified_gmt":"2026-03-02T17:33:36","slug":"vestido-scarla","status":"publish","type":"product","link":"https:\/\/www.woezonbyessi.com\/es\/shop\/nino\/vestidos-para-ninas\/vestido-scarla\/","title":{"rendered":"Vestido Scarla"},"content":{"rendered":"<p>Elegante y lleno de vida, este impresionante vestido africano para ni\u00f1as combina a la perfecci\u00f3n la tradicional tela wax con una capa de tul amarillo brillante. Su colorida parte superior, adornada con motivos geom\u00e9tricos africanos rojos, verdes y amarillos, combina armoniosamente con una falda de tul fluida para crear un irresistible efecto princesa.<\/p>\n<p>Dise\u00f1ado para ocasiones especiales, ceremonias o sesiones fotogr\u00e1ficas, este vestido combina autenticidad y modernidad. Su cintur\u00f3n de cuentas brillantes acent\u00faa la cintura y a\u00f1ade un toque de refinamiento.<\/p>\n","protected":false},"excerpt":{"rendered":"<p>\u2714\ufe0f Vestido africano para ni\u00f1a, fabricaci\u00f3n artesanal\u2714\ufe0f Parte superior de tela wax multicolor (verde, rojo, amarillo)\u2714\ufe0f Falda voluminosa de tul amarillo brillante\u2714\ufe0f Cintur\u00f3n decorativo con cuentas\u2714\ufe0f Cierre discreto en la espalda\u2714\ufe0f C\u00f3modo, ligero y transpirable\u2714\ufe0f Ideal para fiestas, bodas, cumplea\u00f1os o eventos culturales<\/p>\n","protected":false},"featured_media":5056,"template":"","meta":[],"product_brand":[],"product_cat":[223,243,244],"product_tag":[],"class_list":{"0":"post-5055","1":"product","2":"type-product","3":"status-publish","4":"has-post-thumbnail","6":"product_cat-coleccion-2026","7":"product_cat-nino","8":"product_cat-vestidos-para-ninas","10":"first","11":"instock","12":"purchasable","13":"product-type-variable"},"yoast_head":"<!-- This site is optimized with the Yoast SEO plugin v27.5 - https:\/\/yoast.com\/product\/yoast-seo-wordpress\/ -->\n<title>Vestido Scarla | Woezon by Essi<\/title>\n<meta name=\"description\" content=\"Vestido infantil de alta gama confeccionado en tela wax africana, con falda voluminosa de tul amarillo y top estampado.Ideal para cumplea\u00f1os y celebraciones.\" \/>\n<meta name=\"robots\" content=\"index, follow, max-snippet:-1, max-image-preview:large, max-video-preview:-1\" \/>\n<link rel=\"canonical\" href=\"https:\/\/www.woezonbyessi.com\/es\/shop\/nino\/vestidos-para-ninas\/vestido-scarla\/\" \/>\n<meta property=\"og:locale\" content=\"es_ES\" \/>\n<meta property=\"og:type\" content=\"article\" \/>\n<meta property=\"og:title\" content=\"Vestido Scarla | Woezon by Essi\" \/>\n<meta property=\"og:description\" content=\"Vestido infantil de alta gama confeccionado en tela wax africana, con falda voluminosa de tul amarillo y top estampado.Ideal para cumplea\u00f1os y celebraciones.\" \/>\n<meta property=\"og:url\" content=\"https:\/\/www.woezonbyessi.com\/es\/shop\/nino\/vestidos-para-ninas\/vestido-scarla\/\" \/>\n<meta property=\"og:site_name\" content=\"Woezon by Essi\" \/>\n<meta property=\"article:publisher\" content=\"https:\/\/www.facebook.com\/profile.php?id=61583006293803\" \/>\n<meta property=\"article:modified_time\" content=\"2026-03-02T17:33:36+00:00\" \/>\n<meta property=\"og:image\" content=\"https:\/\/www.woezonbyessi.com\/wp-content\/uploads\/2025\/11\/robe-file-scarla-1.jpg\" \/>\n\t<meta property=\"og:image:width\" content=\"960\" \/>\n\t<meta property=\"og:image:height\" content=\"1200\" \/>\n\t<meta property=\"og:image:type\" content=\"image\/jpeg\" \/>\n<meta name=\"twitter:card\" content=\"summary_large_image\" \/>\n<script type=\"application\/ld+json\" class=\"yoast-schema-graph\">{\"@context\":\"https:\\\/\\\/schema.org\",\"@graph\":[{\"@type\":\"WebPage\",\"@id\":\"https:\\\/\\\/www.woezonbyessi.com\\\/es\\\/shop\\\/nino\\\/vestidos-para-ninas\\\/vestido-scarla\\\/\",\"url\":\"https:\\\/\\\/www.woezonbyessi.com\\\/es\\\/shop\\\/nino\\\/vestidos-para-ninas\\\/vestido-scarla\\\/\",\"name\":\"Vestido Scarla | Woezon by Essi\",\"isPartOf\":{\"@id\":\"https:\\\/\\\/www.woezonbyessi.com\\\/es\\\/#website\"},\"primaryImageOfPage\":{\"@id\":\"https:\\\/\\\/www.woezonbyessi.com\\\/es\\\/shop\\\/nino\\\/vestidos-para-ninas\\\/vestido-scarla\\\/#primaryimage\"},\"image\":{\"@id\":\"https:\\\/\\\/www.woezonbyessi.com\\\/es\\\/shop\\\/nino\\\/vestidos-para-ninas\\\/vestido-scarla\\\/#primaryimage\"},\"thumbnailUrl\":\"https:\\\/\\\/www.woezonbyessi.com\\\/wp-content\\\/uploads\\\/2025\\\/11\\\/robe-file-scarla-1.jpg\",\"datePublished\":\"2025-11-05T16:25:53+00:00\",\"dateModified\":\"2026-03-02T17:33:36+00:00\",\"description\":\"Vestido infantil de alta gama confeccionado en tela wax africana, con falda voluminosa de tul amarillo y top estampado.Ideal para cumplea\u00f1os y celebraciones.\",\"breadcrumb\":{\"@id\":\"https:\\\/\\\/www.woezonbyessi.com\\\/es\\\/shop\\\/nino\\\/vestidos-para-ninas\\\/vestido-scarla\\\/#breadcrumb\"},\"inLanguage\":\"es\",\"potentialAction\":[{\"@type\":\"ReadAction\",\"target\":[\"https:\\\/\\\/www.woezonbyessi.com\\\/es\\\/shop\\\/nino\\\/vestidos-para-ninas\\\/vestido-scarla\\\/\"]}]},{\"@type\":\"ImageObject\",\"inLanguage\":\"es\",\"@id\":\"https:\\\/\\\/www.woezonbyessi.com\\\/es\\\/shop\\\/nino\\\/vestidos-para-ninas\\\/vestido-scarla\\\/#primaryimage\",\"url\":\"https:\\\/\\\/www.woezonbyessi.com\\\/wp-content\\\/uploads\\\/2025\\\/11\\\/robe-file-scarla-1.jpg\",\"contentUrl\":\"https:\\\/\\\/www.woezonbyessi.com\\\/wp-content\\\/uploads\\\/2025\\\/11\\\/robe-file-scarla-1.jpg\",\"width\":960,\"height\":1200,\"caption\":\"vestido-scarla\"},{\"@type\":\"BreadcrumbList\",\"@id\":\"https:\\\/\\\/www.woezonbyessi.com\\\/es\\\/shop\\\/nino\\\/vestidos-para-ninas\\\/vestido-scarla\\\/#breadcrumb\",\"itemListElement\":[{\"@type\":\"ListItem\",\"position\":1,\"name\":\"Inicio\",\"item\":\"https:\\\/\\\/www.woezonbyessi.com\\\/es\\\/\"},{\"@type\":\"ListItem\",\"position\":2,\"name\":\"Tienda\",\"item\":\"https:\\\/\\\/www.woezonbyessi.com\\\/es\\\/tienda\\\/\"},{\"@type\":\"ListItem\",\"position\":3,\"name\":\"Ni\u00f1o\",\"item\":\"https:\\\/\\\/www.woezonbyessi.com\\\/es\\\/categoria-producto\\\/nino\\\/\"},{\"@type\":\"ListItem\",\"position\":4,\"name\":\"Vestidos\",\"item\":\"https:\\\/\\\/www.woezonbyessi.com\\\/es\\\/categoria-producto\\\/nino\\\/vestidos-para-ninas\\\/\"},{\"@type\":\"ListItem\",\"position\":5,\"name\":\"Vestido Scarla\"}]},{\"@type\":\"WebSite\",\"@id\":\"https:\\\/\\\/www.woezonbyessi.com\\\/es\\\/#website\",\"url\":\"https:\\\/\\\/www.woezonbyessi.com\\\/es\\\/\",\"name\":\"Woezon by Essi\",\"description\":\"\",\"publisher\":{\"@id\":\"https:\\\/\\\/www.woezonbyessi.com\\\/es\\\/#organization\"},\"potentialAction\":[{\"@type\":\"SearchAction\",\"target\":{\"@type\":\"EntryPoint\",\"urlTemplate\":\"https:\\\/\\\/www.woezonbyessi.com\\\/es\\\/?s={search_term_string}\"},\"query-input\":{\"@type\":\"PropertyValueSpecification\",\"valueRequired\":true,\"valueName\":\"search_term_string\"}}],\"inLanguage\":\"es\"},{\"@type\":\"Organization\",\"@id\":\"https:\\\/\\\/www.woezonbyessi.com\\\/es\\\/#organization\",\"name\":\"Woezon by Essi\",\"url\":\"https:\\\/\\\/www.woezonbyessi.com\\\/es\\\/\",\"logo\":{\"@type\":\"ImageObject\",\"inLanguage\":\"es\",\"@id\":\"https:\\\/\\\/www.woezonbyessi.com\\\/es\\\/#\\\/schema\\\/logo\\\/image\\\/\",\"url\":\"https:\\\/\\\/www.woezonbyessi.com\\\/wp-content\\\/uploads\\\/2025\\\/11\\\/logo-blackpng.png\",\"contentUrl\":\"https:\\\/\\\/www.woezonbyessi.com\\\/wp-content\\\/uploads\\\/2025\\\/11\\\/logo-blackpng.png\",\"width\":600,\"height\":576,\"caption\":\"Woezon by Essi\"},\"image\":{\"@id\":\"https:\\\/\\\/www.woezonbyessi.com\\\/es\\\/#\\\/schema\\\/logo\\\/image\\\/\"},\"sameAs\":[\"https:\\\/\\\/www.facebook.com\\\/profile.php?id=61583006293803\",\"https:\\\/\\\/www.instagram.com\\\/woezon_by_essi\\\/\",\"https:\\\/\\\/www.tiktok.com\\\/@woezon.by.essi\"]}]}<\/script>\n<!-- \/ Yoast SEO plugin. -->","yoast_head_json":{"title":"Vestido Scarla | Woezon by Essi","description":"Vestido infantil de alta gama confeccionado en tela wax africana, con falda voluminosa de tul amarillo y top estampado.Ideal para cumplea\u00f1os y celebraciones.","robots":{"index":"index","follow":"follow","max-snippet":"max-snippet:-1","max-image-preview":"max-image-preview:large","max-video-preview":"max-video-preview:-1"},"canonical":"https:\/\/www.woezonbyessi.com\/es\/shop\/nino\/vestidos-para-ninas\/vestido-scarla\/","og_locale":"es_ES","og_type":"article","og_title":"Vestido Scarla | Woezon by Essi","og_description":"Vestido infantil de alta gama confeccionado en tela wax africana, con falda voluminosa de tul amarillo y top estampado.Ideal para cumplea\u00f1os y celebraciones.","og_url":"https:\/\/www.woezonbyessi.com\/es\/shop\/nino\/vestidos-para-ninas\/vestido-scarla\/","og_site_name":"Woezon by Essi","article_publisher":"https:\/\/www.facebook.com\/profile.php?id=61583006293803","article_modified_time":"2026-03-02T17:33:36+00:00","og_image":[{"width":960,"height":1200,"url":"https:\/\/www.woezonbyessi.com\/wp-content\/uploads\/2025\/11\/robe-file-scarla-1.jpg","type":"image\/jpeg"}],"twitter_card":"summary_large_image","schema":{"@context":"https:\/\/schema.org","@graph":[{"@type":"WebPage","@id":"https:\/\/www.woezonbyessi.com\/es\/shop\/nino\/vestidos-para-ninas\/vestido-scarla\/","url":"https:\/\/www.woezonbyessi.com\/es\/shop\/nino\/vestidos-para-ninas\/vestido-scarla\/","name":"Vestido Scarla | Woezon by Essi","isPartOf":{"@id":"https:\/\/www.woezonbyessi.com\/es\/#website"},"primaryImageOfPage":{"@id":"https:\/\/www.woezonbyessi.com\/es\/shop\/nino\/vestidos-para-ninas\/vestido-scarla\/#primaryimage"},"image":{"@id":"https:\/\/www.woezonbyessi.com\/es\/shop\/nino\/vestidos-para-ninas\/vestido-scarla\/#primaryimage"},"thumbnailUrl":"https:\/\/www.woezonbyessi.com\/wp-content\/uploads\/2025\/11\/robe-file-scarla-1.jpg","datePublished":"2025-11-05T16:25:53+00:00","dateModified":"2026-03-02T17:33:36+00:00","description":"Vestido infantil de alta gama confeccionado en tela wax africana, con falda voluminosa de tul amarillo y top estampado.Ideal para cumplea\u00f1os y celebraciones.","breadcrumb":{"@id":"https:\/\/www.woezonbyessi.com\/es\/shop\/nino\/vestidos-para-ninas\/vestido-scarla\/#breadcrumb"},"inLanguage":"es","potentialAction":[{"@type":"ReadAction","target":["https:\/\/www.woezonbyessi.com\/es\/shop\/nino\/vestidos-para-ninas\/vestido-scarla\/"]}]},{"@type":"ImageObject","inLanguage":"es","@id":"https:\/\/www.woezonbyessi.com\/es\/shop\/nino\/vestidos-para-ninas\/vestido-scarla\/#primaryimage","url":"https:\/\/www.woezonbyessi.com\/wp-content\/uploads\/2025\/11\/robe-file-scarla-1.jpg","contentUrl":"https:\/\/www.woezonbyessi.com\/wp-content\/uploads\/2025\/11\/robe-file-scarla-1.jpg","width":960,"height":1200,"caption":"vestido-scarla"},{"@type":"BreadcrumbList","@id":"https:\/\/www.woezonbyessi.com\/es\/shop\/nino\/vestidos-para-ninas\/vestido-scarla\/#breadcrumb","itemListElement":[{"@type":"ListItem","position":1,"name":"Inicio","item":"https:\/\/www.woezonbyessi.com\/es\/"},{"@type":"ListItem","position":2,"name":"Tienda","item":"https:\/\/www.woezonbyessi.com\/es\/tienda\/"},{"@type":"ListItem","position":3,"name":"Ni\u00f1o","item":"https:\/\/www.woezonbyessi.com\/es\/categoria-producto\/nino\/"},{"@type":"ListItem","position":4,"name":"Vestidos","item":"https:\/\/www.woezonbyessi.com\/es\/categoria-producto\/nino\/vestidos-para-ninas\/"},{"@type":"ListItem","position":5,"name":"Vestido Scarla"}]},{"@type":"WebSite","@id":"https:\/\/www.woezonbyessi.com\/es\/#website","url":"https:\/\/www.woezonbyessi.com\/es\/","name":"Woezon by Essi","description":"","publisher":{"@id":"https:\/\/www.woezonbyessi.com\/es\/#organization"},"potentialAction":[{"@type":"SearchAction","target":{"@type":"EntryPoint","urlTemplate":"https:\/\/www.woezonbyessi.com\/es\/?s={search_term_string}"},"query-input":{"@type":"PropertyValueSpecification","valueRequired":true,"valueName":"search_term_string"}}],"inLanguage":"es"},{"@type":"Organization","@id":"https:\/\/www.woezonbyessi.com\/es\/#organization","name":"Woezon by Essi","url":"https:\/\/www.woezonbyessi.com\/es\/","logo":{"@type":"ImageObject","inLanguage":"es","@id":"https:\/\/www.woezonbyessi.com\/es\/#\/schema\/logo\/image\/","url":"https:\/\/www.woezonbyessi.com\/wp-content\/uploads\/2025\/11\/logo-blackpng.png","contentUrl":"https:\/\/www.woezonbyessi.com\/wp-content\/uploads\/2025\/11\/logo-blackpng.png","width":600,"height":576,"caption":"Woezon by Essi"},"image":{"@id":"https:\/\/www.woezonbyessi.com\/es\/#\/schema\/logo\/image\/"},"sameAs":["https:\/\/www.facebook.com\/profile.php?id=61583006293803","https:\/\/www.instagram.com\/woezon_by_essi\/","https:\/\/www.tiktok.com\/@woezon.by.essi"]}]}},"_links":{"self":[{"href":"https:\/\/www.woezonbyessi.com\/es\/wp-json\/wp\/v2\/product\/5055","targetHints":{"allow":["GET"]}}],"collection":[{"href":"https:\/\/www.woezonbyessi.com\/es\/wp-json\/wp\/v2\/product"}],"about":[{"href":"https:\/\/www.woezonbyessi.com\/es\/wp-json\/wp\/v2\/types\/product"}],"wp:featuredmedia":[{"embeddable":true,"href":"https:\/\/www.woezonbyessi.com\/es\/wp-json\/wp\/v2\/media\/5056"}],"wp:attachment":[{"href":"https:\/\/www.woezonbyessi.com\/es\/wp-json\/wp\/v2\/media?parent=5055"}],"wp:term":[{"taxonomy":"product_brand","embeddable":true,"href":"https:\/\/www.woezonbyessi.com\/es\/wp-json\/wp\/v2\/product_brand?post=5055"},{"taxonomy":"product_cat","embeddable":true,"href":"https:\/\/www.woezonbyessi.com\/es\/wp-json\/wp\/v2\/product_cat?post=5055"},{"taxonomy":"product_tag","embeddable":true,"href":"https:\/\/www.woezonbyessi.com\/es\/wp-json\/wp\/v2\/product_tag?post=5055"}],"curies":[{"name":"wp","href":"https:\/\/api.w.org\/{rel}","templated":true}]}}