{"id":5069,"date":"2025-11-08T18:44:26","date_gmt":"2025-11-08T17:44:26","guid":{"rendered":"https:\/\/www.woezonbyessi.com\/boutique\/sin%20categor\u00eda\/manteau-tie-and-dye-africforest\/"},"modified":"2026-03-02T18:52:23","modified_gmt":"2026-03-02T17:52:23","slug":"abrigo-tie-and-dye-africforest","status":"publish","type":"product","link":"https:\/\/www.woezonbyessi.com\/es\/shop\/mujer\/abrigo\/abrigo-tie-and-dye-africforest\/","title":{"rendered":"Abrigo tie and dye Africforest"},"content":{"rendered":"<p>D\u00e9jese seducir por la elegancia natural del abrigo largo Afric Forest, una prenda excepcional que combina la artesan\u00eda africana con el estilo contempor\u00e1neo. Confeccionado con tejido batik 100 % algod\u00f3n, este abrigo destaca por su estampado tie and dye en verde bosque y negro, que recuerda la riqueza y la profundidad de la naturaleza tropical.<\/p>\n<p>Su corte recto y estructurado realza la silueta y ofrece una comodidad impecable. El refinado cuello sastre y los pr\u00e1cticos bolsillos laterales aportan un toque de elegancia y funcionalidad. Ligero y vers\u00e1til, este abrigo se puede llevar f\u00e1cilmente en cualquier estaci\u00f3n del a\u00f1o, con un atuendo elegante o informal.<\/p>\n<p>Una creaci\u00f3n original para mujeres atrevidas, elegantes y orgullosas de su identidad.<\/p>\n","protected":false},"excerpt":{"rendered":"<p>Afric Forest<\/p>\n<p>\u2714\ufe0f Tipo: Abrigo largo para mujer<br \/>\n\u2714\ufe0f Material: 100 % algod\u00f3n batik artesanal<br \/>\n\u2714\ufe0f Estampado: Tie and dye verde, negro y blanco<br \/>\n\u2714\ufe0f Corte: Recto, estructurado<br \/>\n\u2714\ufe0f Cuello: Cl\u00e1sico de sastre<br \/>\n\u2714\ufe0f Cierre: Botones simples en la parte delantera<br \/>\n\u2714\ufe0f Detalles: Bolsillos laterales<br \/>\n\u2714\ufe0f Estilo: Elegante, \u00e9tnico moderno, casual chic<br \/>\n\u2714\ufe0f Ocasiones: Salidas, trabajo, eventos, moda urbana<\/p>\n","protected":false},"featured_media":5070,"template":"","meta":[],"product_brand":[],"product_cat":[304,223,225],"product_tag":[],"class_list":{"0":"post-5069","1":"product","2":"type-product","3":"status-publish","4":"has-post-thumbnail","6":"product_cat-abrigo","7":"product_cat-coleccion-2026","8":"product_cat-mujer","10":"first","11":"instock","12":"purchasable","13":"product-type-variable"},"yoast_head":"<!-- This site is optimized with the Yoast SEO plugin v27.5 - https:\/\/yoast.com\/product\/yoast-seo-wordpress\/ -->\n<title>Abrigo tie and dye Africforest | Woezon by Essi<\/title>\n<meta name=\"description\" content=\"Abrigo largo Afric Forest en batik 100 % algod\u00f3n te\u00f1ido con la t\u00e9cnica tie and dye en verde bosque y negro. Corte recto estructurado, cuello sastre refinado, pr\u00e1cticos bolsillos laterales.\" \/>\n<meta name=\"robots\" content=\"index, follow, max-snippet:-1, max-image-preview:large, max-video-preview:-1\" \/>\n<link rel=\"canonical\" href=\"https:\/\/www.woezonbyessi.com\/es\/shop\/mujer\/abrigo\/abrigo-tie-and-dye-africforest\/\" \/>\n<meta property=\"og:locale\" content=\"es_ES\" \/>\n<meta property=\"og:type\" content=\"article\" \/>\n<meta property=\"og:title\" content=\"Abrigo tie and dye Africforest | Woezon by Essi\" \/>\n<meta property=\"og:description\" content=\"Abrigo largo Afric Forest en batik 100 % algod\u00f3n te\u00f1ido con la t\u00e9cnica tie and dye en verde bosque y negro. Corte recto estructurado, cuello sastre refinado, pr\u00e1cticos bolsillos laterales.\" \/>\n<meta property=\"og:url\" content=\"https:\/\/www.woezonbyessi.com\/es\/shop\/mujer\/abrigo\/abrigo-tie-and-dye-africforest\/\" \/>\n<meta property=\"og:site_name\" content=\"Woezon by Essi\" \/>\n<meta property=\"article:publisher\" content=\"https:\/\/www.facebook.com\/profile.php?id=61583006293803\" \/>\n<meta property=\"article:modified_time\" content=\"2026-03-02T17:52:23+00:00\" \/>\n<meta property=\"og:image\" content=\"https:\/\/www.woezonbyessi.com\/wp-content\/uploads\/2025\/11\/africforest-1.jpg\" \/>\n\t<meta property=\"og:image:width\" content=\"960\" \/>\n\t<meta property=\"og:image:height\" content=\"1200\" \/>\n\t<meta property=\"og:image:type\" content=\"image\/jpeg\" \/>\n<meta name=\"twitter:card\" content=\"summary_large_image\" \/>\n<script type=\"application\/ld+json\" class=\"yoast-schema-graph\">{\"@context\":\"https:\\\/\\\/schema.org\",\"@graph\":[{\"@type\":\"WebPage\",\"@id\":\"https:\\\/\\\/www.woezonbyessi.com\\\/es\\\/shop\\\/mujer\\\/abrigo\\\/abrigo-tie-and-dye-africforest\\\/\",\"url\":\"https:\\\/\\\/www.woezonbyessi.com\\\/es\\\/shop\\\/mujer\\\/abrigo\\\/abrigo-tie-and-dye-africforest\\\/\",\"name\":\"Abrigo tie and dye Africforest | Woezon by Essi\",\"isPartOf\":{\"@id\":\"https:\\\/\\\/www.woezonbyessi.com\\\/es\\\/#website\"},\"primaryImageOfPage\":{\"@id\":\"https:\\\/\\\/www.woezonbyessi.com\\\/es\\\/shop\\\/mujer\\\/abrigo\\\/abrigo-tie-and-dye-africforest\\\/#primaryimage\"},\"image\":{\"@id\":\"https:\\\/\\\/www.woezonbyessi.com\\\/es\\\/shop\\\/mujer\\\/abrigo\\\/abrigo-tie-and-dye-africforest\\\/#primaryimage\"},\"thumbnailUrl\":\"https:\\\/\\\/www.woezonbyessi.com\\\/wp-content\\\/uploads\\\/2025\\\/11\\\/africforest-1.jpg\",\"datePublished\":\"2025-11-08T17:44:26+00:00\",\"dateModified\":\"2026-03-02T17:52:23+00:00\",\"description\":\"Abrigo largo Afric Forest en batik 100 % algod\u00f3n te\u00f1ido con la t\u00e9cnica tie and dye en verde bosque y negro. Corte recto estructurado, cuello sastre refinado, pr\u00e1cticos bolsillos laterales.\",\"breadcrumb\":{\"@id\":\"https:\\\/\\\/www.woezonbyessi.com\\\/es\\\/shop\\\/mujer\\\/abrigo\\\/abrigo-tie-and-dye-africforest\\\/#breadcrumb\"},\"inLanguage\":\"es\",\"potentialAction\":[{\"@type\":\"ReadAction\",\"target\":[\"https:\\\/\\\/www.woezonbyessi.com\\\/es\\\/shop\\\/mujer\\\/abrigo\\\/abrigo-tie-and-dye-africforest\\\/\"]}]},{\"@type\":\"ImageObject\",\"inLanguage\":\"es\",\"@id\":\"https:\\\/\\\/www.woezonbyessi.com\\\/es\\\/shop\\\/mujer\\\/abrigo\\\/abrigo-tie-and-dye-africforest\\\/#primaryimage\",\"url\":\"https:\\\/\\\/www.woezonbyessi.com\\\/wp-content\\\/uploads\\\/2025\\\/11\\\/africforest-1.jpg\",\"contentUrl\":\"https:\\\/\\\/www.woezonbyessi.com\\\/wp-content\\\/uploads\\\/2025\\\/11\\\/africforest-1.jpg\",\"width\":960,\"height\":1200,\"caption\":\"abrigo-tie-and-dye africforest\"},{\"@type\":\"BreadcrumbList\",\"@id\":\"https:\\\/\\\/www.woezonbyessi.com\\\/es\\\/shop\\\/mujer\\\/abrigo\\\/abrigo-tie-and-dye-africforest\\\/#breadcrumb\",\"itemListElement\":[{\"@type\":\"ListItem\",\"position\":1,\"name\":\"Inicio\",\"item\":\"https:\\\/\\\/www.woezonbyessi.com\\\/es\\\/\"},{\"@type\":\"ListItem\",\"position\":2,\"name\":\"Tienda\",\"item\":\"https:\\\/\\\/www.woezonbyessi.com\\\/es\\\/tienda\\\/\"},{\"@type\":\"ListItem\",\"position\":3,\"name\":\"Mujer\",\"item\":\"https:\\\/\\\/www.woezonbyessi.com\\\/es\\\/categoria-producto\\\/mujer\\\/\"},{\"@type\":\"ListItem\",\"position\":4,\"name\":\"Abrigo\",\"item\":\"https:\\\/\\\/www.woezonbyessi.com\\\/es\\\/categoria-producto\\\/mujer\\\/abrigo\\\/\"},{\"@type\":\"ListItem\",\"position\":5,\"name\":\"Abrigo tie and dye Africforest\"}]},{\"@type\":\"WebSite\",\"@id\":\"https:\\\/\\\/www.woezonbyessi.com\\\/es\\\/#website\",\"url\":\"https:\\\/\\\/www.woezonbyessi.com\\\/es\\\/\",\"name\":\"Woezon by Essi\",\"description\":\"\",\"publisher\":{\"@id\":\"https:\\\/\\\/www.woezonbyessi.com\\\/es\\\/#organization\"},\"potentialAction\":[{\"@type\":\"SearchAction\",\"target\":{\"@type\":\"EntryPoint\",\"urlTemplate\":\"https:\\\/\\\/www.woezonbyessi.com\\\/es\\\/?s={search_term_string}\"},\"query-input\":{\"@type\":\"PropertyValueSpecification\",\"valueRequired\":true,\"valueName\":\"search_term_string\"}}],\"inLanguage\":\"es\"},{\"@type\":\"Organization\",\"@id\":\"https:\\\/\\\/www.woezonbyessi.com\\\/es\\\/#organization\",\"name\":\"Woezon by Essi\",\"url\":\"https:\\\/\\\/www.woezonbyessi.com\\\/es\\\/\",\"logo\":{\"@type\":\"ImageObject\",\"inLanguage\":\"es\",\"@id\":\"https:\\\/\\\/www.woezonbyessi.com\\\/es\\\/#\\\/schema\\\/logo\\\/image\\\/\",\"url\":\"https:\\\/\\\/www.woezonbyessi.com\\\/wp-content\\\/uploads\\\/2025\\\/11\\\/logo-blackpng.png\",\"contentUrl\":\"https:\\\/\\\/www.woezonbyessi.com\\\/wp-content\\\/uploads\\\/2025\\\/11\\\/logo-blackpng.png\",\"width\":600,\"height\":576,\"caption\":\"Woezon by Essi\"},\"image\":{\"@id\":\"https:\\\/\\\/www.woezonbyessi.com\\\/es\\\/#\\\/schema\\\/logo\\\/image\\\/\"},\"sameAs\":[\"https:\\\/\\\/www.facebook.com\\\/profile.php?id=61583006293803\",\"https:\\\/\\\/www.instagram.com\\\/woezon_by_essi\\\/\",\"https:\\\/\\\/www.tiktok.com\\\/@woezon.by.essi\"]}]}<\/script>\n<!-- \/ Yoast SEO plugin. -->","yoast_head_json":{"title":"Abrigo tie and dye Africforest | Woezon by Essi","description":"Abrigo largo Afric Forest en batik 100 % algod\u00f3n te\u00f1ido con la t\u00e9cnica tie and dye en verde bosque y negro. Corte recto estructurado, cuello sastre refinado, pr\u00e1cticos bolsillos laterales.","robots":{"index":"index","follow":"follow","max-snippet":"max-snippet:-1","max-image-preview":"max-image-preview:large","max-video-preview":"max-video-preview:-1"},"canonical":"https:\/\/www.woezonbyessi.com\/es\/shop\/mujer\/abrigo\/abrigo-tie-and-dye-africforest\/","og_locale":"es_ES","og_type":"article","og_title":"Abrigo tie and dye Africforest | Woezon by Essi","og_description":"Abrigo largo Afric Forest en batik 100 % algod\u00f3n te\u00f1ido con la t\u00e9cnica tie and dye en verde bosque y negro. Corte recto estructurado, cuello sastre refinado, pr\u00e1cticos bolsillos laterales.","og_url":"https:\/\/www.woezonbyessi.com\/es\/shop\/mujer\/abrigo\/abrigo-tie-and-dye-africforest\/","og_site_name":"Woezon by Essi","article_publisher":"https:\/\/www.facebook.com\/profile.php?id=61583006293803","article_modified_time":"2026-03-02T17:52:23+00:00","og_image":[{"width":960,"height":1200,"url":"https:\/\/www.woezonbyessi.com\/wp-content\/uploads\/2025\/11\/africforest-1.jpg","type":"image\/jpeg"}],"twitter_card":"summary_large_image","schema":{"@context":"https:\/\/schema.org","@graph":[{"@type":"WebPage","@id":"https:\/\/www.woezonbyessi.com\/es\/shop\/mujer\/abrigo\/abrigo-tie-and-dye-africforest\/","url":"https:\/\/www.woezonbyessi.com\/es\/shop\/mujer\/abrigo\/abrigo-tie-and-dye-africforest\/","name":"Abrigo tie and dye Africforest | Woezon by Essi","isPartOf":{"@id":"https:\/\/www.woezonbyessi.com\/es\/#website"},"primaryImageOfPage":{"@id":"https:\/\/www.woezonbyessi.com\/es\/shop\/mujer\/abrigo\/abrigo-tie-and-dye-africforest\/#primaryimage"},"image":{"@id":"https:\/\/www.woezonbyessi.com\/es\/shop\/mujer\/abrigo\/abrigo-tie-and-dye-africforest\/#primaryimage"},"thumbnailUrl":"https:\/\/www.woezonbyessi.com\/wp-content\/uploads\/2025\/11\/africforest-1.jpg","datePublished":"2025-11-08T17:44:26+00:00","dateModified":"2026-03-02T17:52:23+00:00","description":"Abrigo largo Afric Forest en batik 100 % algod\u00f3n te\u00f1ido con la t\u00e9cnica tie and dye en verde bosque y negro. Corte recto estructurado, cuello sastre refinado, pr\u00e1cticos bolsillos laterales.","breadcrumb":{"@id":"https:\/\/www.woezonbyessi.com\/es\/shop\/mujer\/abrigo\/abrigo-tie-and-dye-africforest\/#breadcrumb"},"inLanguage":"es","potentialAction":[{"@type":"ReadAction","target":["https:\/\/www.woezonbyessi.com\/es\/shop\/mujer\/abrigo\/abrigo-tie-and-dye-africforest\/"]}]},{"@type":"ImageObject","inLanguage":"es","@id":"https:\/\/www.woezonbyessi.com\/es\/shop\/mujer\/abrigo\/abrigo-tie-and-dye-africforest\/#primaryimage","url":"https:\/\/www.woezonbyessi.com\/wp-content\/uploads\/2025\/11\/africforest-1.jpg","contentUrl":"https:\/\/www.woezonbyessi.com\/wp-content\/uploads\/2025\/11\/africforest-1.jpg","width":960,"height":1200,"caption":"abrigo-tie-and-dye africforest"},{"@type":"BreadcrumbList","@id":"https:\/\/www.woezonbyessi.com\/es\/shop\/mujer\/abrigo\/abrigo-tie-and-dye-africforest\/#breadcrumb","itemListElement":[{"@type":"ListItem","position":1,"name":"Inicio","item":"https:\/\/www.woezonbyessi.com\/es\/"},{"@type":"ListItem","position":2,"name":"Tienda","item":"https:\/\/www.woezonbyessi.com\/es\/tienda\/"},{"@type":"ListItem","position":3,"name":"Mujer","item":"https:\/\/www.woezonbyessi.com\/es\/categoria-producto\/mujer\/"},{"@type":"ListItem","position":4,"name":"Abrigo","item":"https:\/\/www.woezonbyessi.com\/es\/categoria-producto\/mujer\/abrigo\/"},{"@type":"ListItem","position":5,"name":"Abrigo tie and dye Africforest"}]},{"@type":"WebSite","@id":"https:\/\/www.woezonbyessi.com\/es\/#website","url":"https:\/\/www.woezonbyessi.com\/es\/","name":"Woezon by Essi","description":"","publisher":{"@id":"https:\/\/www.woezonbyessi.com\/es\/#organization"},"potentialAction":[{"@type":"SearchAction","target":{"@type":"EntryPoint","urlTemplate":"https:\/\/www.woezonbyessi.com\/es\/?s={search_term_string}"},"query-input":{"@type":"PropertyValueSpecification","valueRequired":true,"valueName":"search_term_string"}}],"inLanguage":"es"},{"@type":"Organization","@id":"https:\/\/www.woezonbyessi.com\/es\/#organization","name":"Woezon by Essi","url":"https:\/\/www.woezonbyessi.com\/es\/","logo":{"@type":"ImageObject","inLanguage":"es","@id":"https:\/\/www.woezonbyessi.com\/es\/#\/schema\/logo\/image\/","url":"https:\/\/www.woezonbyessi.com\/wp-content\/uploads\/2025\/11\/logo-blackpng.png","contentUrl":"https:\/\/www.woezonbyessi.com\/wp-content\/uploads\/2025\/11\/logo-blackpng.png","width":600,"height":576,"caption":"Woezon by Essi"},"image":{"@id":"https:\/\/www.woezonbyessi.com\/es\/#\/schema\/logo\/image\/"},"sameAs":["https:\/\/www.facebook.com\/profile.php?id=61583006293803","https:\/\/www.instagram.com\/woezon_by_essi\/","https:\/\/www.tiktok.com\/@woezon.by.essi"]}]}},"_links":{"self":[{"href":"https:\/\/www.woezonbyessi.com\/es\/wp-json\/wp\/v2\/product\/5069","targetHints":{"allow":["GET"]}}],"collection":[{"href":"https:\/\/www.woezonbyessi.com\/es\/wp-json\/wp\/v2\/product"}],"about":[{"href":"https:\/\/www.woezonbyessi.com\/es\/wp-json\/wp\/v2\/types\/product"}],"wp:featuredmedia":[{"embeddable":true,"href":"https:\/\/www.woezonbyessi.com\/es\/wp-json\/wp\/v2\/media\/5070"}],"wp:attachment":[{"href":"https:\/\/www.woezonbyessi.com\/es\/wp-json\/wp\/v2\/media?parent=5069"}],"wp:term":[{"taxonomy":"product_brand","embeddable":true,"href":"https:\/\/www.woezonbyessi.com\/es\/wp-json\/wp\/v2\/product_brand?post=5069"},{"taxonomy":"product_cat","embeddable":true,"href":"https:\/\/www.woezonbyessi.com\/es\/wp-json\/wp\/v2\/product_cat?post=5069"},{"taxonomy":"product_tag","embeddable":true,"href":"https:\/\/www.woezonbyessi.com\/es\/wp-json\/wp\/v2\/product_tag?post=5069"}],"curies":[{"name":"wp","href":"https:\/\/api.w.org\/{rel}","templated":true}]}}