{"id":5176,"date":"2025-11-04T20:45:09","date_gmt":"2025-11-04T19:45:09","guid":{"rendered":"https:\/\/www.woezonbyessi.com\/boutique\/sin%20categor\u00eda\/veste-jada-a-frange\/"},"modified":"2026-03-03T11:25:38","modified_gmt":"2026-03-03T10:25:38","slug":"veste-jada-a-frange","status":"publish","type":"product","link":"https:\/\/www.woezonbyessi.com\/es\/shop\/mujer\/chaqueta\/veste-jada-a-frange\/","title":{"rendered":"Chaqueta Jada con flecos"},"content":{"rendered":"<p>Afirma tu estilo con esta chaqueta africana para mujer, elegante, atrevida y contempor\u00e1nea a la vez. Confeccionada en tejido de algod\u00f3n estampado wax, seduce por su motivo vegetal bicolor verde y negro que realza la silueta y refleja la riqueza de la moda africana moderna.<\/p>\n<p>Su corte estructurado y su cuello de sastre le dan un toque chic, mientras que el borde con flecos en la base a\u00f1ade una nota original y refinada. Vers\u00e1til, esta chaqueta se puede llevar tanto con unos vaqueros informales como con una falda o unos pantalones de vestir para un look m\u00e1s sofisticado.<\/p>\n<p>Ideal para tus salidas, eventos o veladas, encarna a la perfecci\u00f3n la uni\u00f3n entre la tradici\u00f3n africana y la elegancia contempor\u00e1nea.<\/p>\n","protected":false},"excerpt":{"rendered":"<p>\u2714\ufe0f Dise\u00f1o original y moderno inspirado en la tela africana wax<br \/>\n\u2714\ufe0f Corte femenino que realza la silueta<br \/>\n\u2714\ufe0f Acabados con flecos para un look \u00fanico<br \/>\n\u2714\ufe0f Perfecta para un estilo elegante, chic y decidido<\/p>\n<p>Consejo de estilo:<\/p>\n<p>Combina esta chaqueta con unos vaqueros slim y unos zapatos de tac\u00f3n para un look urbano-chic, o con unos pantalones de cintura alta para un look m\u00e1s elegante. Un accesorio dorado o verde realzar\u00e1 el conjunto.<\/p>\n","protected":false},"featured_media":5177,"template":"","meta":[],"product_brand":[],"product_cat":[306,223,225],"product_tag":[],"class_list":{"0":"post-5176","1":"product","2":"type-product","3":"status-publish","4":"has-post-thumbnail","6":"product_cat-chaqueta","7":"product_cat-coleccion-2026","8":"product_cat-mujer","10":"first","11":"instock","12":"purchasable","13":"product-type-variable"},"yoast_head":"<!-- This site is optimized with the Yoast SEO plugin v27.5 - https:\/\/yoast.com\/product\/yoast-seo-wordpress\/ -->\n<title>Chaqueta Jada con flecos | Woezon by Essi<\/title>\n<meta name=\"description\" content=\"Chaqueta africana para mujer de algod\u00f3n wax con estampado vegetal verde y negro, corte estructurado con cuello sastre y flecos refinados. Elegante y vers\u00e1til, ideal para combinar con vaqueros.\" \/>\n<meta name=\"robots\" content=\"index, follow, max-snippet:-1, max-image-preview:large, max-video-preview:-1\" \/>\n<link rel=\"canonical\" href=\"https:\/\/www.woezonbyessi.com\/es\/shop\/mujer\/chaqueta\/veste-jada-a-frange\/\" \/>\n<meta property=\"og:locale\" content=\"es_ES\" \/>\n<meta property=\"og:type\" content=\"article\" \/>\n<meta property=\"og:title\" content=\"Chaqueta Jada con flecos | Woezon by Essi\" \/>\n<meta property=\"og:description\" content=\"Chaqueta africana para mujer de algod\u00f3n wax con estampado vegetal verde y negro, corte estructurado con cuello sastre y flecos refinados. Elegante y vers\u00e1til, ideal para combinar con vaqueros.\" \/>\n<meta property=\"og:url\" content=\"https:\/\/www.woezonbyessi.com\/es\/shop\/mujer\/chaqueta\/veste-jada-a-frange\/\" \/>\n<meta property=\"og:site_name\" content=\"Woezon by Essi\" \/>\n<meta property=\"article:publisher\" content=\"https:\/\/www.facebook.com\/profile.php?id=61583006293803\" \/>\n<meta property=\"article:modified_time\" content=\"2026-03-03T10:25:38+00:00\" \/>\n<meta property=\"og:image\" content=\"https:\/\/www.woezonbyessi.com\/wp-content\/uploads\/2025\/10\/veste-costa-a-frange-2.jpg\" \/>\n\t<meta property=\"og:image:width\" content=\"960\" \/>\n\t<meta property=\"og:image:height\" content=\"1200\" \/>\n\t<meta property=\"og:image:type\" content=\"image\/jpeg\" \/>\n<meta name=\"twitter:card\" content=\"summary_large_image\" \/>\n<script type=\"application\/ld+json\" class=\"yoast-schema-graph\">{\"@context\":\"https:\\\/\\\/schema.org\",\"@graph\":[{\"@type\":\"WebPage\",\"@id\":\"https:\\\/\\\/www.woezonbyessi.com\\\/es\\\/shop\\\/mujer\\\/chaqueta\\\/veste-jada-a-frange\\\/\",\"url\":\"https:\\\/\\\/www.woezonbyessi.com\\\/es\\\/shop\\\/mujer\\\/chaqueta\\\/veste-jada-a-frange\\\/\",\"name\":\"Chaqueta Jada con flecos | Woezon by Essi\",\"isPartOf\":{\"@id\":\"https:\\\/\\\/www.woezonbyessi.com\\\/es\\\/#website\"},\"primaryImageOfPage\":{\"@id\":\"https:\\\/\\\/www.woezonbyessi.com\\\/es\\\/shop\\\/mujer\\\/chaqueta\\\/veste-jada-a-frange\\\/#primaryimage\"},\"image\":{\"@id\":\"https:\\\/\\\/www.woezonbyessi.com\\\/es\\\/shop\\\/mujer\\\/chaqueta\\\/veste-jada-a-frange\\\/#primaryimage\"},\"thumbnailUrl\":\"https:\\\/\\\/www.woezonbyessi.com\\\/wp-content\\\/uploads\\\/2025\\\/10\\\/veste-costa-a-frange-2.jpg\",\"datePublished\":\"2025-11-04T19:45:09+00:00\",\"dateModified\":\"2026-03-03T10:25:38+00:00\",\"description\":\"Chaqueta africana para mujer de algod\u00f3n wax con estampado vegetal verde y negro, corte estructurado con cuello sastre y flecos refinados. Elegante y vers\u00e1til, ideal para combinar con vaqueros.\",\"breadcrumb\":{\"@id\":\"https:\\\/\\\/www.woezonbyessi.com\\\/es\\\/shop\\\/mujer\\\/chaqueta\\\/veste-jada-a-frange\\\/#breadcrumb\"},\"inLanguage\":\"es\",\"potentialAction\":[{\"@type\":\"ReadAction\",\"target\":[\"https:\\\/\\\/www.woezonbyessi.com\\\/es\\\/shop\\\/mujer\\\/chaqueta\\\/veste-jada-a-frange\\\/\"]}]},{\"@type\":\"ImageObject\",\"inLanguage\":\"es\",\"@id\":\"https:\\\/\\\/www.woezonbyessi.com\\\/es\\\/shop\\\/mujer\\\/chaqueta\\\/veste-jada-a-frange\\\/#primaryimage\",\"url\":\"https:\\\/\\\/www.woezonbyessi.com\\\/wp-content\\\/uploads\\\/2025\\\/10\\\/veste-costa-a-frange-2.jpg\",\"contentUrl\":\"https:\\\/\\\/www.woezonbyessi.com\\\/wp-content\\\/uploads\\\/2025\\\/10\\\/veste-costa-a-frange-2.jpg\",\"width\":960,\"height\":1200,\"caption\":\"chaqueta-Jada-con- flecos\"},{\"@type\":\"BreadcrumbList\",\"@id\":\"https:\\\/\\\/www.woezonbyessi.com\\\/es\\\/shop\\\/mujer\\\/chaqueta\\\/veste-jada-a-frange\\\/#breadcrumb\",\"itemListElement\":[{\"@type\":\"ListItem\",\"position\":1,\"name\":\"Inicio\",\"item\":\"https:\\\/\\\/www.woezonbyessi.com\\\/es\\\/\"},{\"@type\":\"ListItem\",\"position\":2,\"name\":\"Tienda\",\"item\":\"https:\\\/\\\/www.woezonbyessi.com\\\/es\\\/tienda\\\/\"},{\"@type\":\"ListItem\",\"position\":3,\"name\":\"Mujer\",\"item\":\"https:\\\/\\\/www.woezonbyessi.com\\\/es\\\/categoria-producto\\\/mujer\\\/\"},{\"@type\":\"ListItem\",\"position\":4,\"name\":\"Chaqueta\",\"item\":\"https:\\\/\\\/www.woezonbyessi.com\\\/es\\\/categoria-producto\\\/mujer\\\/chaqueta\\\/\"},{\"@type\":\"ListItem\",\"position\":5,\"name\":\"Chaqueta Jada con flecos\"}]},{\"@type\":\"WebSite\",\"@id\":\"https:\\\/\\\/www.woezonbyessi.com\\\/es\\\/#website\",\"url\":\"https:\\\/\\\/www.woezonbyessi.com\\\/es\\\/\",\"name\":\"Woezon by Essi\",\"description\":\"\",\"publisher\":{\"@id\":\"https:\\\/\\\/www.woezonbyessi.com\\\/es\\\/#organization\"},\"potentialAction\":[{\"@type\":\"SearchAction\",\"target\":{\"@type\":\"EntryPoint\",\"urlTemplate\":\"https:\\\/\\\/www.woezonbyessi.com\\\/es\\\/?s={search_term_string}\"},\"query-input\":{\"@type\":\"PropertyValueSpecification\",\"valueRequired\":true,\"valueName\":\"search_term_string\"}}],\"inLanguage\":\"es\"},{\"@type\":\"Organization\",\"@id\":\"https:\\\/\\\/www.woezonbyessi.com\\\/es\\\/#organization\",\"name\":\"Woezon by Essi\",\"url\":\"https:\\\/\\\/www.woezonbyessi.com\\\/es\\\/\",\"logo\":{\"@type\":\"ImageObject\",\"inLanguage\":\"es\",\"@id\":\"https:\\\/\\\/www.woezonbyessi.com\\\/es\\\/#\\\/schema\\\/logo\\\/image\\\/\",\"url\":\"https:\\\/\\\/www.woezonbyessi.com\\\/wp-content\\\/uploads\\\/2025\\\/11\\\/logo-blackpng.png\",\"contentUrl\":\"https:\\\/\\\/www.woezonbyessi.com\\\/wp-content\\\/uploads\\\/2025\\\/11\\\/logo-blackpng.png\",\"width\":600,\"height\":576,\"caption\":\"Woezon by Essi\"},\"image\":{\"@id\":\"https:\\\/\\\/www.woezonbyessi.com\\\/es\\\/#\\\/schema\\\/logo\\\/image\\\/\"},\"sameAs\":[\"https:\\\/\\\/www.facebook.com\\\/profile.php?id=61583006293803\",\"https:\\\/\\\/www.instagram.com\\\/woezon_by_essi\\\/\",\"https:\\\/\\\/www.tiktok.com\\\/@woezon.by.essi\"]}]}<\/script>\n<!-- \/ Yoast SEO plugin. -->","yoast_head_json":{"title":"Chaqueta Jada con flecos | Woezon by Essi","description":"Chaqueta africana para mujer de algod\u00f3n wax con estampado vegetal verde y negro, corte estructurado con cuello sastre y flecos refinados. Elegante y vers\u00e1til, ideal para combinar con vaqueros.","robots":{"index":"index","follow":"follow","max-snippet":"max-snippet:-1","max-image-preview":"max-image-preview:large","max-video-preview":"max-video-preview:-1"},"canonical":"https:\/\/www.woezonbyessi.com\/es\/shop\/mujer\/chaqueta\/veste-jada-a-frange\/","og_locale":"es_ES","og_type":"article","og_title":"Chaqueta Jada con flecos | Woezon by Essi","og_description":"Chaqueta africana para mujer de algod\u00f3n wax con estampado vegetal verde y negro, corte estructurado con cuello sastre y flecos refinados. Elegante y vers\u00e1til, ideal para combinar con vaqueros.","og_url":"https:\/\/www.woezonbyessi.com\/es\/shop\/mujer\/chaqueta\/veste-jada-a-frange\/","og_site_name":"Woezon by Essi","article_publisher":"https:\/\/www.facebook.com\/profile.php?id=61583006293803","article_modified_time":"2026-03-03T10:25:38+00:00","og_image":[{"width":960,"height":1200,"url":"https:\/\/www.woezonbyessi.com\/wp-content\/uploads\/2025\/10\/veste-costa-a-frange-2.jpg","type":"image\/jpeg"}],"twitter_card":"summary_large_image","schema":{"@context":"https:\/\/schema.org","@graph":[{"@type":"WebPage","@id":"https:\/\/www.woezonbyessi.com\/es\/shop\/mujer\/chaqueta\/veste-jada-a-frange\/","url":"https:\/\/www.woezonbyessi.com\/es\/shop\/mujer\/chaqueta\/veste-jada-a-frange\/","name":"Chaqueta Jada con flecos | Woezon by Essi","isPartOf":{"@id":"https:\/\/www.woezonbyessi.com\/es\/#website"},"primaryImageOfPage":{"@id":"https:\/\/www.woezonbyessi.com\/es\/shop\/mujer\/chaqueta\/veste-jada-a-frange\/#primaryimage"},"image":{"@id":"https:\/\/www.woezonbyessi.com\/es\/shop\/mujer\/chaqueta\/veste-jada-a-frange\/#primaryimage"},"thumbnailUrl":"https:\/\/www.woezonbyessi.com\/wp-content\/uploads\/2025\/10\/veste-costa-a-frange-2.jpg","datePublished":"2025-11-04T19:45:09+00:00","dateModified":"2026-03-03T10:25:38+00:00","description":"Chaqueta africana para mujer de algod\u00f3n wax con estampado vegetal verde y negro, corte estructurado con cuello sastre y flecos refinados. Elegante y vers\u00e1til, ideal para combinar con vaqueros.","breadcrumb":{"@id":"https:\/\/www.woezonbyessi.com\/es\/shop\/mujer\/chaqueta\/veste-jada-a-frange\/#breadcrumb"},"inLanguage":"es","potentialAction":[{"@type":"ReadAction","target":["https:\/\/www.woezonbyessi.com\/es\/shop\/mujer\/chaqueta\/veste-jada-a-frange\/"]}]},{"@type":"ImageObject","inLanguage":"es","@id":"https:\/\/www.woezonbyessi.com\/es\/shop\/mujer\/chaqueta\/veste-jada-a-frange\/#primaryimage","url":"https:\/\/www.woezonbyessi.com\/wp-content\/uploads\/2025\/10\/veste-costa-a-frange-2.jpg","contentUrl":"https:\/\/www.woezonbyessi.com\/wp-content\/uploads\/2025\/10\/veste-costa-a-frange-2.jpg","width":960,"height":1200,"caption":"chaqueta-Jada-con- flecos"},{"@type":"BreadcrumbList","@id":"https:\/\/www.woezonbyessi.com\/es\/shop\/mujer\/chaqueta\/veste-jada-a-frange\/#breadcrumb","itemListElement":[{"@type":"ListItem","position":1,"name":"Inicio","item":"https:\/\/www.woezonbyessi.com\/es\/"},{"@type":"ListItem","position":2,"name":"Tienda","item":"https:\/\/www.woezonbyessi.com\/es\/tienda\/"},{"@type":"ListItem","position":3,"name":"Mujer","item":"https:\/\/www.woezonbyessi.com\/es\/categoria-producto\/mujer\/"},{"@type":"ListItem","position":4,"name":"Chaqueta","item":"https:\/\/www.woezonbyessi.com\/es\/categoria-producto\/mujer\/chaqueta\/"},{"@type":"ListItem","position":5,"name":"Chaqueta Jada con flecos"}]},{"@type":"WebSite","@id":"https:\/\/www.woezonbyessi.com\/es\/#website","url":"https:\/\/www.woezonbyessi.com\/es\/","name":"Woezon by Essi","description":"","publisher":{"@id":"https:\/\/www.woezonbyessi.com\/es\/#organization"},"potentialAction":[{"@type":"SearchAction","target":{"@type":"EntryPoint","urlTemplate":"https:\/\/www.woezonbyessi.com\/es\/?s={search_term_string}"},"query-input":{"@type":"PropertyValueSpecification","valueRequired":true,"valueName":"search_term_string"}}],"inLanguage":"es"},{"@type":"Organization","@id":"https:\/\/www.woezonbyessi.com\/es\/#organization","name":"Woezon by Essi","url":"https:\/\/www.woezonbyessi.com\/es\/","logo":{"@type":"ImageObject","inLanguage":"es","@id":"https:\/\/www.woezonbyessi.com\/es\/#\/schema\/logo\/image\/","url":"https:\/\/www.woezonbyessi.com\/wp-content\/uploads\/2025\/11\/logo-blackpng.png","contentUrl":"https:\/\/www.woezonbyessi.com\/wp-content\/uploads\/2025\/11\/logo-blackpng.png","width":600,"height":576,"caption":"Woezon by Essi"},"image":{"@id":"https:\/\/www.woezonbyessi.com\/es\/#\/schema\/logo\/image\/"},"sameAs":["https:\/\/www.facebook.com\/profile.php?id=61583006293803","https:\/\/www.instagram.com\/woezon_by_essi\/","https:\/\/www.tiktok.com\/@woezon.by.essi"]}]}},"_links":{"self":[{"href":"https:\/\/www.woezonbyessi.com\/es\/wp-json\/wp\/v2\/product\/5176","targetHints":{"allow":["GET"]}}],"collection":[{"href":"https:\/\/www.woezonbyessi.com\/es\/wp-json\/wp\/v2\/product"}],"about":[{"href":"https:\/\/www.woezonbyessi.com\/es\/wp-json\/wp\/v2\/types\/product"}],"wp:featuredmedia":[{"embeddable":true,"href":"https:\/\/www.woezonbyessi.com\/es\/wp-json\/wp\/v2\/media\/5177"}],"wp:attachment":[{"href":"https:\/\/www.woezonbyessi.com\/es\/wp-json\/wp\/v2\/media?parent=5176"}],"wp:term":[{"taxonomy":"product_brand","embeddable":true,"href":"https:\/\/www.woezonbyessi.com\/es\/wp-json\/wp\/v2\/product_brand?post=5176"},{"taxonomy":"product_cat","embeddable":true,"href":"https:\/\/www.woezonbyessi.com\/es\/wp-json\/wp\/v2\/product_cat?post=5176"},{"taxonomy":"product_tag","embeddable":true,"href":"https:\/\/www.woezonbyessi.com\/es\/wp-json\/wp\/v2\/product_tag?post=5176"}],"curies":[{"name":"wp","href":"https:\/\/api.w.org\/{rel}","templated":true}]}}