{"id":5280,"date":"2025-10-30T15:16:21","date_gmt":"2025-10-30T14:16:21","guid":{"rendered":"https:\/\/www.woezonbyessi.com\/boutique\/sin%20categor\u00eda\/chemise-le-coris-simple\/"},"modified":"2026-03-03T12:56:31","modified_gmt":"2026-03-03T11:56:31","slug":"camisa-le-coris-sencilla","status":"publish","type":"product","link":"https:\/\/www.woezonbyessi.com\/es\/shop\/hombre\/camisas\/camisa-le-coris-sencilla\/","title":{"rendered":"Camisa Le Coris sencilla"},"content":{"rendered":"<p>\u00a1Esta camisa para hombre es realmente imprescindible para el verano! Su tejido ligero y transpirable garantiza una comodidad \u00f3ptima incluso en los d\u00edas m\u00e1s calurosos. El estampado africano Coris le da un toque original y elegante, sin perder un \u00e1pice de estilo. Ya sea para una salida informal con amigos o para un evento un poco m\u00e1s formal, se adapta perfectamente a cualquier ocasi\u00f3n. Comb\u00ednala con unos pantalones o unos shorts elegantes y estar\u00e1s listo para causar sensaci\u00f3n.<\/p>\n","protected":false},"excerpt":{"rendered":"<p>\u2714\ufe0f Tejido fluido y ligero: ideal para d\u00edas c\u00e1lidos y templados.<br \/>\n\u2714\ufe0f Color blanco\/caqui: elegante y f\u00e1cil de combinar.<br \/>\n\u2714\ufe0f Estampado africano Coris: sutil y moderno.<br \/>\n\u2714\ufe0f Corte recto: comodidad y libertad de movimiento.<br \/>\n\u2714\ufe0f Acabados cuidados: cuello cl\u00e1sico, discreta tapeta.<\/p>\n","protected":false},"featured_media":5281,"template":"","meta":[],"product_brand":[],"product_cat":[310,223,308],"product_tag":[],"class_list":{"0":"post-5280","1":"product","2":"type-product","3":"status-publish","4":"has-post-thumbnail","6":"product_cat-camisas","7":"product_cat-coleccion-2026","8":"product_cat-hombre","10":"first","11":"instock","12":"purchasable","13":"product-type-variable"},"yoast_head":"<!-- This site is optimized with the Yoast SEO plugin v27.5 - https:\/\/yoast.com\/product\/yoast-seo-wordpress\/ -->\n<title>Camisa Le Coris sencilla | Woezon by Essi<\/title>\n<meta name=\"description\" content=\"Camisa de verano para hombre confeccionada en tejido ligero y transpirable con un original estampado africano Coris. Elegante y con estilo, ideal tanto para salidas informales como para eventos m\u00e1s formales.\" \/>\n<meta name=\"robots\" content=\"index, follow, max-snippet:-1, max-image-preview:large, max-video-preview:-1\" \/>\n<link rel=\"canonical\" href=\"https:\/\/www.woezonbyessi.com\/es\/shop\/hombre\/camisas\/camisa-le-coris-sencilla\/\" \/>\n<meta property=\"og:locale\" content=\"es_ES\" \/>\n<meta property=\"og:type\" content=\"article\" \/>\n<meta property=\"og:title\" content=\"Camisa Le Coris sencilla | Woezon by Essi\" \/>\n<meta property=\"og:description\" content=\"Camisa de verano para hombre confeccionada en tejido ligero y transpirable con un original estampado africano Coris. Elegante y con estilo, ideal tanto para salidas informales como para eventos m\u00e1s formales.\" \/>\n<meta property=\"og:url\" content=\"https:\/\/www.woezonbyessi.com\/es\/shop\/hombre\/camisas\/camisa-le-coris-sencilla\/\" \/>\n<meta property=\"og:site_name\" content=\"Woezon by Essi\" \/>\n<meta property=\"article:publisher\" content=\"https:\/\/www.facebook.com\/profile.php?id=61583006293803\" \/>\n<meta property=\"article:modified_time\" content=\"2026-03-03T11:56:31+00:00\" \/>\n<meta property=\"og:image\" content=\"https:\/\/www.woezonbyessi.com\/wp-content\/uploads\/2025\/10\/chemise-manche-courte-le-coris1.jpg\" \/>\n\t<meta property=\"og:image:width\" content=\"903\" \/>\n\t<meta property=\"og:image:height\" content=\"1200\" \/>\n\t<meta property=\"og:image:type\" content=\"image\/jpeg\" \/>\n<meta name=\"twitter:card\" content=\"summary_large_image\" \/>\n<script type=\"application\/ld+json\" class=\"yoast-schema-graph\">{\"@context\":\"https:\\\/\\\/schema.org\",\"@graph\":[{\"@type\":\"WebPage\",\"@id\":\"https:\\\/\\\/www.woezonbyessi.com\\\/es\\\/shop\\\/hombre\\\/camisas\\\/camisa-le-coris-sencilla\\\/\",\"url\":\"https:\\\/\\\/www.woezonbyessi.com\\\/es\\\/shop\\\/hombre\\\/camisas\\\/camisa-le-coris-sencilla\\\/\",\"name\":\"Camisa Le Coris sencilla | Woezon by Essi\",\"isPartOf\":{\"@id\":\"https:\\\/\\\/www.woezonbyessi.com\\\/es\\\/#website\"},\"primaryImageOfPage\":{\"@id\":\"https:\\\/\\\/www.woezonbyessi.com\\\/es\\\/shop\\\/hombre\\\/camisas\\\/camisa-le-coris-sencilla\\\/#primaryimage\"},\"image\":{\"@id\":\"https:\\\/\\\/www.woezonbyessi.com\\\/es\\\/shop\\\/hombre\\\/camisas\\\/camisa-le-coris-sencilla\\\/#primaryimage\"},\"thumbnailUrl\":\"https:\\\/\\\/www.woezonbyessi.com\\\/wp-content\\\/uploads\\\/2025\\\/10\\\/chemise-manche-courte-le-coris1.jpg\",\"datePublished\":\"2025-10-30T14:16:21+00:00\",\"dateModified\":\"2026-03-03T11:56:31+00:00\",\"description\":\"Camisa de verano para hombre confeccionada en tejido ligero y transpirable con un original estampado africano Coris. Elegante y con estilo, ideal tanto para salidas informales como para eventos m\u00e1s formales.\",\"breadcrumb\":{\"@id\":\"https:\\\/\\\/www.woezonbyessi.com\\\/es\\\/shop\\\/hombre\\\/camisas\\\/camisa-le-coris-sencilla\\\/#breadcrumb\"},\"inLanguage\":\"es\",\"potentialAction\":[{\"@type\":\"ReadAction\",\"target\":[\"https:\\\/\\\/www.woezonbyessi.com\\\/es\\\/shop\\\/hombre\\\/camisas\\\/camisa-le-coris-sencilla\\\/\"]}]},{\"@type\":\"ImageObject\",\"inLanguage\":\"es\",\"@id\":\"https:\\\/\\\/www.woezonbyessi.com\\\/es\\\/shop\\\/hombre\\\/camisas\\\/camisa-le-coris-sencilla\\\/#primaryimage\",\"url\":\"https:\\\/\\\/www.woezonbyessi.com\\\/wp-content\\\/uploads\\\/2025\\\/10\\\/chemise-manche-courte-le-coris1.jpg\",\"contentUrl\":\"https:\\\/\\\/www.woezonbyessi.com\\\/wp-content\\\/uploads\\\/2025\\\/10\\\/chemise-manche-courte-le-coris1.jpg\",\"width\":903,\"height\":1200,\"caption\":\"camisa-le Coris\"},{\"@type\":\"BreadcrumbList\",\"@id\":\"https:\\\/\\\/www.woezonbyessi.com\\\/es\\\/shop\\\/hombre\\\/camisas\\\/camisa-le-coris-sencilla\\\/#breadcrumb\",\"itemListElement\":[{\"@type\":\"ListItem\",\"position\":1,\"name\":\"Inicio\",\"item\":\"https:\\\/\\\/www.woezonbyessi.com\\\/es\\\/\"},{\"@type\":\"ListItem\",\"position\":2,\"name\":\"Tienda\",\"item\":\"https:\\\/\\\/www.woezonbyessi.com\\\/es\\\/tienda\\\/\"},{\"@type\":\"ListItem\",\"position\":3,\"name\":\"Hombre\",\"item\":\"https:\\\/\\\/www.woezonbyessi.com\\\/es\\\/categoria-producto\\\/hombre\\\/\"},{\"@type\":\"ListItem\",\"position\":4,\"name\":\"Camisas\",\"item\":\"https:\\\/\\\/www.woezonbyessi.com\\\/es\\\/categoria-producto\\\/hombre\\\/camisas\\\/\"},{\"@type\":\"ListItem\",\"position\":5,\"name\":\"Camisa Le Coris sencilla\"}]},{\"@type\":\"WebSite\",\"@id\":\"https:\\\/\\\/www.woezonbyessi.com\\\/es\\\/#website\",\"url\":\"https:\\\/\\\/www.woezonbyessi.com\\\/es\\\/\",\"name\":\"Woezon by Essi\",\"description\":\"\",\"publisher\":{\"@id\":\"https:\\\/\\\/www.woezonbyessi.com\\\/es\\\/#organization\"},\"potentialAction\":[{\"@type\":\"SearchAction\",\"target\":{\"@type\":\"EntryPoint\",\"urlTemplate\":\"https:\\\/\\\/www.woezonbyessi.com\\\/es\\\/?s={search_term_string}\"},\"query-input\":{\"@type\":\"PropertyValueSpecification\",\"valueRequired\":true,\"valueName\":\"search_term_string\"}}],\"inLanguage\":\"es\"},{\"@type\":\"Organization\",\"@id\":\"https:\\\/\\\/www.woezonbyessi.com\\\/es\\\/#organization\",\"name\":\"Woezon by Essi\",\"url\":\"https:\\\/\\\/www.woezonbyessi.com\\\/es\\\/\",\"logo\":{\"@type\":\"ImageObject\",\"inLanguage\":\"es\",\"@id\":\"https:\\\/\\\/www.woezonbyessi.com\\\/es\\\/#\\\/schema\\\/logo\\\/image\\\/\",\"url\":\"https:\\\/\\\/www.woezonbyessi.com\\\/wp-content\\\/uploads\\\/2025\\\/11\\\/logo-blackpng.png\",\"contentUrl\":\"https:\\\/\\\/www.woezonbyessi.com\\\/wp-content\\\/uploads\\\/2025\\\/11\\\/logo-blackpng.png\",\"width\":600,\"height\":576,\"caption\":\"Woezon by Essi\"},\"image\":{\"@id\":\"https:\\\/\\\/www.woezonbyessi.com\\\/es\\\/#\\\/schema\\\/logo\\\/image\\\/\"},\"sameAs\":[\"https:\\\/\\\/www.facebook.com\\\/profile.php?id=61583006293803\",\"https:\\\/\\\/www.instagram.com\\\/woezon_by_essi\\\/\",\"https:\\\/\\\/www.tiktok.com\\\/@woezon.by.essi\"]}]}<\/script>\n<!-- \/ Yoast SEO plugin. -->","yoast_head_json":{"title":"Camisa Le Coris sencilla | Woezon by Essi","description":"Camisa de verano para hombre confeccionada en tejido ligero y transpirable con un original estampado africano Coris. Elegante y con estilo, ideal tanto para salidas informales como para eventos m\u00e1s formales.","robots":{"index":"index","follow":"follow","max-snippet":"max-snippet:-1","max-image-preview":"max-image-preview:large","max-video-preview":"max-video-preview:-1"},"canonical":"https:\/\/www.woezonbyessi.com\/es\/shop\/hombre\/camisas\/camisa-le-coris-sencilla\/","og_locale":"es_ES","og_type":"article","og_title":"Camisa Le Coris sencilla | Woezon by Essi","og_description":"Camisa de verano para hombre confeccionada en tejido ligero y transpirable con un original estampado africano Coris. Elegante y con estilo, ideal tanto para salidas informales como para eventos m\u00e1s formales.","og_url":"https:\/\/www.woezonbyessi.com\/es\/shop\/hombre\/camisas\/camisa-le-coris-sencilla\/","og_site_name":"Woezon by Essi","article_publisher":"https:\/\/www.facebook.com\/profile.php?id=61583006293803","article_modified_time":"2026-03-03T11:56:31+00:00","og_image":[{"width":903,"height":1200,"url":"https:\/\/www.woezonbyessi.com\/wp-content\/uploads\/2025\/10\/chemise-manche-courte-le-coris1.jpg","type":"image\/jpeg"}],"twitter_card":"summary_large_image","schema":{"@context":"https:\/\/schema.org","@graph":[{"@type":"WebPage","@id":"https:\/\/www.woezonbyessi.com\/es\/shop\/hombre\/camisas\/camisa-le-coris-sencilla\/","url":"https:\/\/www.woezonbyessi.com\/es\/shop\/hombre\/camisas\/camisa-le-coris-sencilla\/","name":"Camisa Le Coris sencilla | Woezon by Essi","isPartOf":{"@id":"https:\/\/www.woezonbyessi.com\/es\/#website"},"primaryImageOfPage":{"@id":"https:\/\/www.woezonbyessi.com\/es\/shop\/hombre\/camisas\/camisa-le-coris-sencilla\/#primaryimage"},"image":{"@id":"https:\/\/www.woezonbyessi.com\/es\/shop\/hombre\/camisas\/camisa-le-coris-sencilla\/#primaryimage"},"thumbnailUrl":"https:\/\/www.woezonbyessi.com\/wp-content\/uploads\/2025\/10\/chemise-manche-courte-le-coris1.jpg","datePublished":"2025-10-30T14:16:21+00:00","dateModified":"2026-03-03T11:56:31+00:00","description":"Camisa de verano para hombre confeccionada en tejido ligero y transpirable con un original estampado africano Coris. Elegante y con estilo, ideal tanto para salidas informales como para eventos m\u00e1s formales.","breadcrumb":{"@id":"https:\/\/www.woezonbyessi.com\/es\/shop\/hombre\/camisas\/camisa-le-coris-sencilla\/#breadcrumb"},"inLanguage":"es","potentialAction":[{"@type":"ReadAction","target":["https:\/\/www.woezonbyessi.com\/es\/shop\/hombre\/camisas\/camisa-le-coris-sencilla\/"]}]},{"@type":"ImageObject","inLanguage":"es","@id":"https:\/\/www.woezonbyessi.com\/es\/shop\/hombre\/camisas\/camisa-le-coris-sencilla\/#primaryimage","url":"https:\/\/www.woezonbyessi.com\/wp-content\/uploads\/2025\/10\/chemise-manche-courte-le-coris1.jpg","contentUrl":"https:\/\/www.woezonbyessi.com\/wp-content\/uploads\/2025\/10\/chemise-manche-courte-le-coris1.jpg","width":903,"height":1200,"caption":"camisa-le Coris"},{"@type":"BreadcrumbList","@id":"https:\/\/www.woezonbyessi.com\/es\/shop\/hombre\/camisas\/camisa-le-coris-sencilla\/#breadcrumb","itemListElement":[{"@type":"ListItem","position":1,"name":"Inicio","item":"https:\/\/www.woezonbyessi.com\/es\/"},{"@type":"ListItem","position":2,"name":"Tienda","item":"https:\/\/www.woezonbyessi.com\/es\/tienda\/"},{"@type":"ListItem","position":3,"name":"Hombre","item":"https:\/\/www.woezonbyessi.com\/es\/categoria-producto\/hombre\/"},{"@type":"ListItem","position":4,"name":"Camisas","item":"https:\/\/www.woezonbyessi.com\/es\/categoria-producto\/hombre\/camisas\/"},{"@type":"ListItem","position":5,"name":"Camisa Le Coris sencilla"}]},{"@type":"WebSite","@id":"https:\/\/www.woezonbyessi.com\/es\/#website","url":"https:\/\/www.woezonbyessi.com\/es\/","name":"Woezon by Essi","description":"","publisher":{"@id":"https:\/\/www.woezonbyessi.com\/es\/#organization"},"potentialAction":[{"@type":"SearchAction","target":{"@type":"EntryPoint","urlTemplate":"https:\/\/www.woezonbyessi.com\/es\/?s={search_term_string}"},"query-input":{"@type":"PropertyValueSpecification","valueRequired":true,"valueName":"search_term_string"}}],"inLanguage":"es"},{"@type":"Organization","@id":"https:\/\/www.woezonbyessi.com\/es\/#organization","name":"Woezon by Essi","url":"https:\/\/www.woezonbyessi.com\/es\/","logo":{"@type":"ImageObject","inLanguage":"es","@id":"https:\/\/www.woezonbyessi.com\/es\/#\/schema\/logo\/image\/","url":"https:\/\/www.woezonbyessi.com\/wp-content\/uploads\/2025\/11\/logo-blackpng.png","contentUrl":"https:\/\/www.woezonbyessi.com\/wp-content\/uploads\/2025\/11\/logo-blackpng.png","width":600,"height":576,"caption":"Woezon by Essi"},"image":{"@id":"https:\/\/www.woezonbyessi.com\/es\/#\/schema\/logo\/image\/"},"sameAs":["https:\/\/www.facebook.com\/profile.php?id=61583006293803","https:\/\/www.instagram.com\/woezon_by_essi\/","https:\/\/www.tiktok.com\/@woezon.by.essi"]}]}},"_links":{"self":[{"href":"https:\/\/www.woezonbyessi.com\/es\/wp-json\/wp\/v2\/product\/5280","targetHints":{"allow":["GET"]}}],"collection":[{"href":"https:\/\/www.woezonbyessi.com\/es\/wp-json\/wp\/v2\/product"}],"about":[{"href":"https:\/\/www.woezonbyessi.com\/es\/wp-json\/wp\/v2\/types\/product"}],"wp:featuredmedia":[{"embeddable":true,"href":"https:\/\/www.woezonbyessi.com\/es\/wp-json\/wp\/v2\/media\/5281"}],"wp:attachment":[{"href":"https:\/\/www.woezonbyessi.com\/es\/wp-json\/wp\/v2\/media?parent=5280"}],"wp:term":[{"taxonomy":"product_brand","embeddable":true,"href":"https:\/\/www.woezonbyessi.com\/es\/wp-json\/wp\/v2\/product_brand?post=5280"},{"taxonomy":"product_cat","embeddable":true,"href":"https:\/\/www.woezonbyessi.com\/es\/wp-json\/wp\/v2\/product_cat?post=5280"},{"taxonomy":"product_tag","embeddable":true,"href":"https:\/\/www.woezonbyessi.com\/es\/wp-json\/wp\/v2\/product_tag?post=5280"}],"curies":[{"name":"wp","href":"https:\/\/api.w.org\/{rel}","templated":true}]}}