{"id":5299,"date":"2025-10-30T15:08:41","date_gmt":"2025-10-30T14:08:41","guid":{"rendered":"https:\/\/www.woezonbyessi.com\/boutique\/sin%20categor\u00eda\/chemise-manches-longues-terre-de-nos-aieux\/"},"modified":"2026-03-03T14:31:36","modified_gmt":"2026-03-03T13:31:36","slug":"camisa-de-manga-larga-tierra-de-nuestros-antepasado","status":"publish","type":"product","link":"https:\/\/www.woezonbyessi.com\/es\/shop\/hombre\/camisas\/camisa-de-manga-larga-tierra-de-nuestros-antepasado\/","title":{"rendered":"Camisa de manga larga Tierra de nuestros antepasados"},"content":{"rendered":"<p>Descubre esta magn\u00edfica camisa africana de manga larga para hombre, confeccionada con tejido wax de primera calidad. Su dise\u00f1o moderno combina con elegancia motivos geom\u00e9tricos azules, morados y negros, s\u00edmbolos de autenticidad y creatividad.<\/p>\n<p>El lado izquierdo y el bolsillo delantero presentan un panel azul liso, que contrasta armoniosamente con los estampados tradicionales. Esta composici\u00f3n equilibrada confiere a la camisa un estilo contempor\u00e1neo y refinado, perfecto para la oficina, reuniones profesionales u ocasiones especiales.<\/p>\n","protected":false},"excerpt":{"rendered":"<p data-start=\"923\" data-end=\"982\">\u2714\ufe0f Tipo: Camisa africana de manga larga para hombre<br \/>\n\u2714\ufe0f Material: 100 % algod\u00f3n wax de alta calidad<br \/>\n\u2714\ufe0f Colores principales: Azul, morado y negro<br \/>\n\u2714\ufe0f Bolsillos: Dos bolsillos delanteros con solapa en contraste<br \/>\n\u2714\ufe0f Cierre: Botones cl\u00e1sicos a tono<br \/>\n\u2714\ufe0f Estilo: Elegante, profesional y moderno<br \/>\n\u2714\ufe0f Corte: Ajustado y c\u00f3modo<\/p>\n","protected":false},"featured_media":5301,"template":"","meta":[],"product_brand":[],"product_cat":[310,223,308],"product_tag":[],"class_list":{"0":"post-5299","1":"product","2":"type-product","3":"status-publish","4":"has-post-thumbnail","6":"product_cat-camisas","7":"product_cat-coleccion-2026","8":"product_cat-hombre","10":"first","11":"instock","12":"shipping-taxable","13":"purchasable","14":"product-type-variable"},"yoast_head":"<!-- This site is optimized with the Yoast SEO plugin v27.5 - https:\/\/yoast.com\/product\/yoast-seo-wordpress\/ -->\n<title>Camisa de manga larga Tierra de nuestros antepasados | Woezon by Essi<\/title>\n<meta name=\"description\" content=\"Camisa africana para hombre en wax premium: motivos geom\u00e9tricos azules, morados y negros. Dise\u00f1o moderno y refinado, perfecto para la oficina y ocasiones especiales.\" \/>\n<meta name=\"robots\" content=\"index, follow, max-snippet:-1, max-image-preview:large, max-video-preview:-1\" \/>\n<link rel=\"canonical\" href=\"https:\/\/www.woezonbyessi.com\/es\/shop\/hombre\/camisas\/camisa-de-manga-larga-tierra-de-nuestros-antepasado\/\" \/>\n<meta property=\"og:locale\" content=\"es_ES\" \/>\n<meta property=\"og:type\" content=\"article\" \/>\n<meta property=\"og:title\" content=\"Camisa de manga larga Tierra de nuestros antepasados | Woezon by Essi\" \/>\n<meta property=\"og:description\" content=\"Camisa africana para hombre en wax premium: motivos geom\u00e9tricos azules, morados y negros. Dise\u00f1o moderno y refinado, perfecto para la oficina y ocasiones especiales.\" \/>\n<meta property=\"og:url\" content=\"https:\/\/www.woezonbyessi.com\/es\/shop\/hombre\/camisas\/camisa-de-manga-larga-tierra-de-nuestros-antepasado\/\" \/>\n<meta property=\"og:site_name\" content=\"Woezon by Essi\" \/>\n<meta property=\"article:publisher\" content=\"https:\/\/www.facebook.com\/profile.php?id=61583006293803\" \/>\n<meta property=\"article:modified_time\" content=\"2026-03-03T13:31:36+00:00\" \/>\n<meta property=\"og:image\" content=\"https:\/\/www.woezonbyessi.com\/wp-content\/uploads\/2025\/10\/chemise-manches-longues-teres-de-nos-aieux-1.jpg\" \/>\n\t<meta property=\"og:image:width\" content=\"960\" \/>\n\t<meta property=\"og:image:height\" content=\"1200\" \/>\n\t<meta property=\"og:image:type\" content=\"image\/jpeg\" \/>\n<meta name=\"twitter:card\" content=\"summary_large_image\" \/>\n<script type=\"application\/ld+json\" class=\"yoast-schema-graph\">{\"@context\":\"https:\\\/\\\/schema.org\",\"@graph\":[{\"@type\":\"WebPage\",\"@id\":\"https:\\\/\\\/www.woezonbyessi.com\\\/es\\\/shop\\\/hombre\\\/camisas\\\/camisa-de-manga-larga-tierra-de-nuestros-antepasado\\\/\",\"url\":\"https:\\\/\\\/www.woezonbyessi.com\\\/es\\\/shop\\\/hombre\\\/camisas\\\/camisa-de-manga-larga-tierra-de-nuestros-antepasado\\\/\",\"name\":\"Camisa de manga larga Tierra de nuestros antepasados | Woezon by Essi\",\"isPartOf\":{\"@id\":\"https:\\\/\\\/www.woezonbyessi.com\\\/es\\\/#website\"},\"primaryImageOfPage\":{\"@id\":\"https:\\\/\\\/www.woezonbyessi.com\\\/es\\\/shop\\\/hombre\\\/camisas\\\/camisa-de-manga-larga-tierra-de-nuestros-antepasado\\\/#primaryimage\"},\"image\":{\"@id\":\"https:\\\/\\\/www.woezonbyessi.com\\\/es\\\/shop\\\/hombre\\\/camisas\\\/camisa-de-manga-larga-tierra-de-nuestros-antepasado\\\/#primaryimage\"},\"thumbnailUrl\":\"https:\\\/\\\/www.woezonbyessi.com\\\/wp-content\\\/uploads\\\/2025\\\/10\\\/chemise-manches-longues-teres-de-nos-aieux-1.jpg\",\"datePublished\":\"2025-10-30T14:08:41+00:00\",\"dateModified\":\"2026-03-03T13:31:36+00:00\",\"description\":\"Camisa africana para hombre en wax premium: motivos geom\u00e9tricos azules, morados y negros. Dise\u00f1o moderno y refinado, perfecto para la oficina y ocasiones especiales.\",\"breadcrumb\":{\"@id\":\"https:\\\/\\\/www.woezonbyessi.com\\\/es\\\/shop\\\/hombre\\\/camisas\\\/camisa-de-manga-larga-tierra-de-nuestros-antepasado\\\/#breadcrumb\"},\"inLanguage\":\"es\",\"potentialAction\":[{\"@type\":\"ReadAction\",\"target\":[\"https:\\\/\\\/www.woezonbyessi.com\\\/es\\\/shop\\\/hombre\\\/camisas\\\/camisa-de-manga-larga-tierra-de-nuestros-antepasado\\\/\"]}]},{\"@type\":\"ImageObject\",\"inLanguage\":\"es\",\"@id\":\"https:\\\/\\\/www.woezonbyessi.com\\\/es\\\/shop\\\/hombre\\\/camisas\\\/camisa-de-manga-larga-tierra-de-nuestros-antepasado\\\/#primaryimage\",\"url\":\"https:\\\/\\\/www.woezonbyessi.com\\\/wp-content\\\/uploads\\\/2025\\\/10\\\/chemise-manches-longues-teres-de-nos-aieux-1.jpg\",\"contentUrl\":\"https:\\\/\\\/www.woezonbyessi.com\\\/wp-content\\\/uploads\\\/2025\\\/10\\\/chemise-manches-longues-teres-de-nos-aieux-1.jpg\",\"width\":960,\"height\":1200,\"caption\":\"camisa-tierra-de-nuestros-antepasados\"},{\"@type\":\"BreadcrumbList\",\"@id\":\"https:\\\/\\\/www.woezonbyessi.com\\\/es\\\/shop\\\/hombre\\\/camisas\\\/camisa-de-manga-larga-tierra-de-nuestros-antepasado\\\/#breadcrumb\",\"itemListElement\":[{\"@type\":\"ListItem\",\"position\":1,\"name\":\"Inicio\",\"item\":\"https:\\\/\\\/www.woezonbyessi.com\\\/es\\\/\"},{\"@type\":\"ListItem\",\"position\":2,\"name\":\"Tienda\",\"item\":\"https:\\\/\\\/www.woezonbyessi.com\\\/es\\\/tienda\\\/\"},{\"@type\":\"ListItem\",\"position\":3,\"name\":\"Hombre\",\"item\":\"https:\\\/\\\/www.woezonbyessi.com\\\/es\\\/categoria-producto\\\/hombre\\\/\"},{\"@type\":\"ListItem\",\"position\":4,\"name\":\"Camisas\",\"item\":\"https:\\\/\\\/www.woezonbyessi.com\\\/es\\\/categoria-producto\\\/hombre\\\/camisas\\\/\"},{\"@type\":\"ListItem\",\"position\":5,\"name\":\"Camisa de manga larga Tierra de nuestros antepasados\"}]},{\"@type\":\"WebSite\",\"@id\":\"https:\\\/\\\/www.woezonbyessi.com\\\/es\\\/#website\",\"url\":\"https:\\\/\\\/www.woezonbyessi.com\\\/es\\\/\",\"name\":\"Woezon by Essi\",\"description\":\"\",\"publisher\":{\"@id\":\"https:\\\/\\\/www.woezonbyessi.com\\\/es\\\/#organization\"},\"potentialAction\":[{\"@type\":\"SearchAction\",\"target\":{\"@type\":\"EntryPoint\",\"urlTemplate\":\"https:\\\/\\\/www.woezonbyessi.com\\\/es\\\/?s={search_term_string}\"},\"query-input\":{\"@type\":\"PropertyValueSpecification\",\"valueRequired\":true,\"valueName\":\"search_term_string\"}}],\"inLanguage\":\"es\"},{\"@type\":\"Organization\",\"@id\":\"https:\\\/\\\/www.woezonbyessi.com\\\/es\\\/#organization\",\"name\":\"Woezon by Essi\",\"url\":\"https:\\\/\\\/www.woezonbyessi.com\\\/es\\\/\",\"logo\":{\"@type\":\"ImageObject\",\"inLanguage\":\"es\",\"@id\":\"https:\\\/\\\/www.woezonbyessi.com\\\/es\\\/#\\\/schema\\\/logo\\\/image\\\/\",\"url\":\"https:\\\/\\\/www.woezonbyessi.com\\\/wp-content\\\/uploads\\\/2025\\\/11\\\/logo-blackpng.png\",\"contentUrl\":\"https:\\\/\\\/www.woezonbyessi.com\\\/wp-content\\\/uploads\\\/2025\\\/11\\\/logo-blackpng.png\",\"width\":600,\"height\":576,\"caption\":\"Woezon by Essi\"},\"image\":{\"@id\":\"https:\\\/\\\/www.woezonbyessi.com\\\/es\\\/#\\\/schema\\\/logo\\\/image\\\/\"},\"sameAs\":[\"https:\\\/\\\/www.facebook.com\\\/profile.php?id=61583006293803\",\"https:\\\/\\\/www.instagram.com\\\/woezon_by_essi\\\/\",\"https:\\\/\\\/www.tiktok.com\\\/@woezon.by.essi\"]}]}<\/script>\n<!-- \/ Yoast SEO plugin. -->","yoast_head_json":{"title":"Camisa de manga larga Tierra de nuestros antepasados | Woezon by Essi","description":"Camisa africana para hombre en wax premium: motivos geom\u00e9tricos azules, morados y negros. Dise\u00f1o moderno y refinado, perfecto para la oficina y ocasiones especiales.","robots":{"index":"index","follow":"follow","max-snippet":"max-snippet:-1","max-image-preview":"max-image-preview:large","max-video-preview":"max-video-preview:-1"},"canonical":"https:\/\/www.woezonbyessi.com\/es\/shop\/hombre\/camisas\/camisa-de-manga-larga-tierra-de-nuestros-antepasado\/","og_locale":"es_ES","og_type":"article","og_title":"Camisa de manga larga Tierra de nuestros antepasados | Woezon by Essi","og_description":"Camisa africana para hombre en wax premium: motivos geom\u00e9tricos azules, morados y negros. Dise\u00f1o moderno y refinado, perfecto para la oficina y ocasiones especiales.","og_url":"https:\/\/www.woezonbyessi.com\/es\/shop\/hombre\/camisas\/camisa-de-manga-larga-tierra-de-nuestros-antepasado\/","og_site_name":"Woezon by Essi","article_publisher":"https:\/\/www.facebook.com\/profile.php?id=61583006293803","article_modified_time":"2026-03-03T13:31:36+00:00","og_image":[{"width":960,"height":1200,"url":"https:\/\/www.woezonbyessi.com\/wp-content\/uploads\/2025\/10\/chemise-manches-longues-teres-de-nos-aieux-1.jpg","type":"image\/jpeg"}],"twitter_card":"summary_large_image","schema":{"@context":"https:\/\/schema.org","@graph":[{"@type":"WebPage","@id":"https:\/\/www.woezonbyessi.com\/es\/shop\/hombre\/camisas\/camisa-de-manga-larga-tierra-de-nuestros-antepasado\/","url":"https:\/\/www.woezonbyessi.com\/es\/shop\/hombre\/camisas\/camisa-de-manga-larga-tierra-de-nuestros-antepasado\/","name":"Camisa de manga larga Tierra de nuestros antepasados | Woezon by Essi","isPartOf":{"@id":"https:\/\/www.woezonbyessi.com\/es\/#website"},"primaryImageOfPage":{"@id":"https:\/\/www.woezonbyessi.com\/es\/shop\/hombre\/camisas\/camisa-de-manga-larga-tierra-de-nuestros-antepasado\/#primaryimage"},"image":{"@id":"https:\/\/www.woezonbyessi.com\/es\/shop\/hombre\/camisas\/camisa-de-manga-larga-tierra-de-nuestros-antepasado\/#primaryimage"},"thumbnailUrl":"https:\/\/www.woezonbyessi.com\/wp-content\/uploads\/2025\/10\/chemise-manches-longues-teres-de-nos-aieux-1.jpg","datePublished":"2025-10-30T14:08:41+00:00","dateModified":"2026-03-03T13:31:36+00:00","description":"Camisa africana para hombre en wax premium: motivos geom\u00e9tricos azules, morados y negros. Dise\u00f1o moderno y refinado, perfecto para la oficina y ocasiones especiales.","breadcrumb":{"@id":"https:\/\/www.woezonbyessi.com\/es\/shop\/hombre\/camisas\/camisa-de-manga-larga-tierra-de-nuestros-antepasado\/#breadcrumb"},"inLanguage":"es","potentialAction":[{"@type":"ReadAction","target":["https:\/\/www.woezonbyessi.com\/es\/shop\/hombre\/camisas\/camisa-de-manga-larga-tierra-de-nuestros-antepasado\/"]}]},{"@type":"ImageObject","inLanguage":"es","@id":"https:\/\/www.woezonbyessi.com\/es\/shop\/hombre\/camisas\/camisa-de-manga-larga-tierra-de-nuestros-antepasado\/#primaryimage","url":"https:\/\/www.woezonbyessi.com\/wp-content\/uploads\/2025\/10\/chemise-manches-longues-teres-de-nos-aieux-1.jpg","contentUrl":"https:\/\/www.woezonbyessi.com\/wp-content\/uploads\/2025\/10\/chemise-manches-longues-teres-de-nos-aieux-1.jpg","width":960,"height":1200,"caption":"camisa-tierra-de-nuestros-antepasados"},{"@type":"BreadcrumbList","@id":"https:\/\/www.woezonbyessi.com\/es\/shop\/hombre\/camisas\/camisa-de-manga-larga-tierra-de-nuestros-antepasado\/#breadcrumb","itemListElement":[{"@type":"ListItem","position":1,"name":"Inicio","item":"https:\/\/www.woezonbyessi.com\/es\/"},{"@type":"ListItem","position":2,"name":"Tienda","item":"https:\/\/www.woezonbyessi.com\/es\/tienda\/"},{"@type":"ListItem","position":3,"name":"Hombre","item":"https:\/\/www.woezonbyessi.com\/es\/categoria-producto\/hombre\/"},{"@type":"ListItem","position":4,"name":"Camisas","item":"https:\/\/www.woezonbyessi.com\/es\/categoria-producto\/hombre\/camisas\/"},{"@type":"ListItem","position":5,"name":"Camisa de manga larga Tierra de nuestros antepasados"}]},{"@type":"WebSite","@id":"https:\/\/www.woezonbyessi.com\/es\/#website","url":"https:\/\/www.woezonbyessi.com\/es\/","name":"Woezon by Essi","description":"","publisher":{"@id":"https:\/\/www.woezonbyessi.com\/es\/#organization"},"potentialAction":[{"@type":"SearchAction","target":{"@type":"EntryPoint","urlTemplate":"https:\/\/www.woezonbyessi.com\/es\/?s={search_term_string}"},"query-input":{"@type":"PropertyValueSpecification","valueRequired":true,"valueName":"search_term_string"}}],"inLanguage":"es"},{"@type":"Organization","@id":"https:\/\/www.woezonbyessi.com\/es\/#organization","name":"Woezon by Essi","url":"https:\/\/www.woezonbyessi.com\/es\/","logo":{"@type":"ImageObject","inLanguage":"es","@id":"https:\/\/www.woezonbyessi.com\/es\/#\/schema\/logo\/image\/","url":"https:\/\/www.woezonbyessi.com\/wp-content\/uploads\/2025\/11\/logo-blackpng.png","contentUrl":"https:\/\/www.woezonbyessi.com\/wp-content\/uploads\/2025\/11\/logo-blackpng.png","width":600,"height":576,"caption":"Woezon by Essi"},"image":{"@id":"https:\/\/www.woezonbyessi.com\/es\/#\/schema\/logo\/image\/"},"sameAs":["https:\/\/www.facebook.com\/profile.php?id=61583006293803","https:\/\/www.instagram.com\/woezon_by_essi\/","https:\/\/www.tiktok.com\/@woezon.by.essi"]}]}},"_links":{"self":[{"href":"https:\/\/www.woezonbyessi.com\/es\/wp-json\/wp\/v2\/product\/5299","targetHints":{"allow":["GET"]}}],"collection":[{"href":"https:\/\/www.woezonbyessi.com\/es\/wp-json\/wp\/v2\/product"}],"about":[{"href":"https:\/\/www.woezonbyessi.com\/es\/wp-json\/wp\/v2\/types\/product"}],"wp:featuredmedia":[{"embeddable":true,"href":"https:\/\/www.woezonbyessi.com\/es\/wp-json\/wp\/v2\/media\/5301"}],"wp:attachment":[{"href":"https:\/\/www.woezonbyessi.com\/es\/wp-json\/wp\/v2\/media?parent=5299"}],"wp:term":[{"taxonomy":"product_brand","embeddable":true,"href":"https:\/\/www.woezonbyessi.com\/es\/wp-json\/wp\/v2\/product_brand?post=5299"},{"taxonomy":"product_cat","embeddable":true,"href":"https:\/\/www.woezonbyessi.com\/es\/wp-json\/wp\/v2\/product_cat?post=5299"},{"taxonomy":"product_tag","embeddable":true,"href":"https:\/\/www.woezonbyessi.com\/es\/wp-json\/wp\/v2\/product_tag?post=5299"}],"curies":[{"name":"wp","href":"https:\/\/api.w.org\/{rel}","templated":true}]}}