{"id":5938,"date":"2026-03-04T11:27:00","date_gmt":"2026-03-04T10:27:00","guid":{"rendered":"https:\/\/www.woezonbyessi.com\/boutique\/sin%20categor\u00eda\/dualite-elegance\/"},"modified":"2026-03-27T14:17:30","modified_gmt":"2026-03-27T13:17:30","slug":"dualidad-y-elegancia","status":"publish","type":"product","link":"https:\/\/www.woezonbyessi.com\/es\/shop\/hombre\/camisas\/dualidad-y-elegancia\/","title":{"rendered":"Dualidad y elegancia"},"content":{"rendered":"<h3 data-start=\"87\" data-end=\"155\"><\/h3>\n<p>Marca tu estilo con esta camisa de hombre confeccionada en tela africana estampada, que combina modernidad y autenticidad. Esta prenda \u00fanica destaca por su atrevido dise\u00f1o bicolor: una mitad en elegante tejido liso beige y otra mitad en tela wax africana con vibrantes motivos geom\u00e9tricos en tonos naranja, verde y azul.<\/p>\n<p>Dise\u00f1ada para el hombre moderno que busca originalidad y elegancia, esta camisa ofrece un corte entallado que realza la silueta a la vez que garantiza una comodidad \u00f3ptima. El cuello estructurado, el bolsillo de pecho a juego y los cuidados acabados aportan un toque sofisticado ideal para diversas ocasiones: eventos, salidas, ceremonias, atuendos semiformales o casual chic.<\/p>\n<p>&nbsp;<\/p>\n","protected":false},"excerpt":{"rendered":"<p>Caracter\u00edsticas:<br \/>\n\u2714\ufe0f Camisa de hombre de manga corta<br \/>\n\u2714\ufe0f Dise\u00f1o asim\u00e9trico de \u00faltima tendencia<br \/>\n\u2714\ufe0f Tejido africano wax con motivos geom\u00e9tricos<br \/>\n\u2714\ufe0f Combinaci\u00f3n de tejido liso y estampado<br \/>\n\u2714\ufe0f Corte moderno y elegante<br \/>\n\u2714\ufe0f Comodidad y transpirabilidad<\/p>\n<p>Vers\u00e1til y con estilo, esta camisa se puede combinar con pantalones negros, chinos o vaqueros para lograr un look urbano y chic. Est\u00e1 dirigida a los amantes de la moda africana contempor\u00e1nea, de la ropa \u00e9tnica renovada y de las prendas originales con una fuerte identidad visual.<\/p>\n","protected":false},"featured_media":5410,"template":"","meta":[],"product_brand":[],"product_cat":[310,223,308],"product_tag":[],"class_list":{"0":"post-5938","1":"product","2":"type-product","3":"status-publish","4":"has-post-thumbnail","6":"product_cat-camisas","7":"product_cat-coleccion-2026","8":"product_cat-hombre","10":"first","11":"instock","12":"shipping-taxable","13":"purchasable","14":"product-type-variable"},"yoast_head":"<!-- This site is optimized with the Yoast SEO plugin v27.5 - https:\/\/yoast.com\/product\/yoast-seo-wordpress\/ -->\n<title>Dualidad y elegancia | Woezon by Essi<\/title>\n<meta name=\"description\" content=\"Camisa de hombre de alta gama con corte asim\u00e9trico, que combina tejido liso y tela wax africana con motivos refinados. Una prenda elegante con un dise\u00f1o atrevido para un look distinguido.\" \/>\n<meta name=\"robots\" content=\"index, follow, max-snippet:-1, max-image-preview:large, max-video-preview:-1\" \/>\n<link rel=\"canonical\" href=\"https:\/\/www.woezonbyessi.com\/es\/shop\/hombre\/camisas\/dualidad-y-elegancia\/\" \/>\n<meta property=\"og:locale\" content=\"es_ES\" \/>\n<meta property=\"og:type\" content=\"article\" \/>\n<meta property=\"og:title\" content=\"Dualidad y elegancia | Woezon by Essi\" \/>\n<meta property=\"og:description\" content=\"Camisa de hombre de alta gama con corte asim\u00e9trico, que combina tejido liso y tela wax africana con motivos refinados. Una prenda elegante con un dise\u00f1o atrevido para un look distinguido.\" \/>\n<meta property=\"og:url\" content=\"https:\/\/www.woezonbyessi.com\/es\/shop\/hombre\/camisas\/dualidad-y-elegancia\/\" \/>\n<meta property=\"og:site_name\" content=\"Woezon by Essi\" \/>\n<meta property=\"article:publisher\" content=\"https:\/\/www.facebook.com\/profile.php?id=61583006293803\" \/>\n<meta property=\"article:modified_time\" content=\"2026-03-27T13:17:30+00:00\" \/>\n<meta property=\"og:image\" content=\"https:\/\/www.woezonbyessi.com\/wp-content\/uploads\/2026\/03\/chemise-manches-courtes-jakard-c-1.jpg\" \/>\n\t<meta property=\"og:image:width\" content=\"960\" \/>\n\t<meta property=\"og:image:height\" content=\"1200\" \/>\n\t<meta property=\"og:image:type\" content=\"image\/jpeg\" \/>\n<meta name=\"twitter:card\" content=\"summary_large_image\" \/>\n<script type=\"application\/ld+json\" class=\"yoast-schema-graph\">{\"@context\":\"https:\\\/\\\/schema.org\",\"@graph\":[{\"@type\":\"WebPage\",\"@id\":\"https:\\\/\\\/www.woezonbyessi.com\\\/es\\\/shop\\\/hombre\\\/camisas\\\/dualidad-y-elegancia\\\/\",\"url\":\"https:\\\/\\\/www.woezonbyessi.com\\\/es\\\/shop\\\/hombre\\\/camisas\\\/dualidad-y-elegancia\\\/\",\"name\":\"Dualidad y elegancia | Woezon by Essi\",\"isPartOf\":{\"@id\":\"https:\\\/\\\/www.woezonbyessi.com\\\/es\\\/#website\"},\"primaryImageOfPage\":{\"@id\":\"https:\\\/\\\/www.woezonbyessi.com\\\/es\\\/shop\\\/hombre\\\/camisas\\\/dualidad-y-elegancia\\\/#primaryimage\"},\"image\":{\"@id\":\"https:\\\/\\\/www.woezonbyessi.com\\\/es\\\/shop\\\/hombre\\\/camisas\\\/dualidad-y-elegancia\\\/#primaryimage\"},\"thumbnailUrl\":\"https:\\\/\\\/www.woezonbyessi.com\\\/wp-content\\\/uploads\\\/2026\\\/03\\\/chemise-manches-courtes-jakard-c-1.jpg\",\"datePublished\":\"2026-03-04T10:27:00+00:00\",\"dateModified\":\"2026-03-27T13:17:30+00:00\",\"description\":\"Camisa de hombre de alta gama con corte asim\u00e9trico, que combina tejido liso y tela wax africana con motivos refinados. Una prenda elegante con un dise\u00f1o atrevido para un look distinguido.\",\"breadcrumb\":{\"@id\":\"https:\\\/\\\/www.woezonbyessi.com\\\/es\\\/shop\\\/hombre\\\/camisas\\\/dualidad-y-elegancia\\\/#breadcrumb\"},\"inLanguage\":\"es\",\"potentialAction\":[{\"@type\":\"ReadAction\",\"target\":[\"https:\\\/\\\/www.woezonbyessi.com\\\/es\\\/shop\\\/hombre\\\/camisas\\\/dualidad-y-elegancia\\\/\"]}]},{\"@type\":\"ImageObject\",\"inLanguage\":\"es\",\"@id\":\"https:\\\/\\\/www.woezonbyessi.com\\\/es\\\/shop\\\/hombre\\\/camisas\\\/dualidad-y-elegancia\\\/#primaryimage\",\"url\":\"https:\\\/\\\/www.woezonbyessi.com\\\/wp-content\\\/uploads\\\/2026\\\/03\\\/chemise-manches-courtes-jakard-c-1.jpg\",\"contentUrl\":\"https:\\\/\\\/www.woezonbyessi.com\\\/wp-content\\\/uploads\\\/2026\\\/03\\\/chemise-manches-courtes-jakard-c-1.jpg\",\"width\":960,\"height\":1200,\"caption\":\"dualidad-elegancia\"},{\"@type\":\"BreadcrumbList\",\"@id\":\"https:\\\/\\\/www.woezonbyessi.com\\\/es\\\/shop\\\/hombre\\\/camisas\\\/dualidad-y-elegancia\\\/#breadcrumb\",\"itemListElement\":[{\"@type\":\"ListItem\",\"position\":1,\"name\":\"Inicio\",\"item\":\"https:\\\/\\\/www.woezonbyessi.com\\\/es\\\/\"},{\"@type\":\"ListItem\",\"position\":2,\"name\":\"Tienda\",\"item\":\"https:\\\/\\\/www.woezonbyessi.com\\\/es\\\/tienda\\\/\"},{\"@type\":\"ListItem\",\"position\":3,\"name\":\"Hombre\",\"item\":\"https:\\\/\\\/www.woezonbyessi.com\\\/es\\\/categoria-producto\\\/hombre\\\/\"},{\"@type\":\"ListItem\",\"position\":4,\"name\":\"Camisas\",\"item\":\"https:\\\/\\\/www.woezonbyessi.com\\\/es\\\/categoria-producto\\\/hombre\\\/camisas\\\/\"},{\"@type\":\"ListItem\",\"position\":5,\"name\":\"Dualidad y elegancia\"}]},{\"@type\":\"WebSite\",\"@id\":\"https:\\\/\\\/www.woezonbyessi.com\\\/es\\\/#website\",\"url\":\"https:\\\/\\\/www.woezonbyessi.com\\\/es\\\/\",\"name\":\"Woezon by Essi\",\"description\":\"\",\"publisher\":{\"@id\":\"https:\\\/\\\/www.woezonbyessi.com\\\/es\\\/#organization\"},\"potentialAction\":[{\"@type\":\"SearchAction\",\"target\":{\"@type\":\"EntryPoint\",\"urlTemplate\":\"https:\\\/\\\/www.woezonbyessi.com\\\/es\\\/?s={search_term_string}\"},\"query-input\":{\"@type\":\"PropertyValueSpecification\",\"valueRequired\":true,\"valueName\":\"search_term_string\"}}],\"inLanguage\":\"es\"},{\"@type\":\"Organization\",\"@id\":\"https:\\\/\\\/www.woezonbyessi.com\\\/es\\\/#organization\",\"name\":\"Woezon by Essi\",\"url\":\"https:\\\/\\\/www.woezonbyessi.com\\\/es\\\/\",\"logo\":{\"@type\":\"ImageObject\",\"inLanguage\":\"es\",\"@id\":\"https:\\\/\\\/www.woezonbyessi.com\\\/es\\\/#\\\/schema\\\/logo\\\/image\\\/\",\"url\":\"https:\\\/\\\/www.woezonbyessi.com\\\/wp-content\\\/uploads\\\/2025\\\/11\\\/logo-blackpng.png\",\"contentUrl\":\"https:\\\/\\\/www.woezonbyessi.com\\\/wp-content\\\/uploads\\\/2025\\\/11\\\/logo-blackpng.png\",\"width\":600,\"height\":576,\"caption\":\"Woezon by Essi\"},\"image\":{\"@id\":\"https:\\\/\\\/www.woezonbyessi.com\\\/es\\\/#\\\/schema\\\/logo\\\/image\\\/\"},\"sameAs\":[\"https:\\\/\\\/www.facebook.com\\\/profile.php?id=61583006293803\",\"https:\\\/\\\/www.instagram.com\\\/woezon_by_essi\\\/\",\"https:\\\/\\\/www.tiktok.com\\\/@woezon.by.essi\"]}]}<\/script>\n<!-- \/ Yoast SEO plugin. -->","yoast_head_json":{"title":"Dualidad y elegancia | Woezon by Essi","description":"Camisa de hombre de alta gama con corte asim\u00e9trico, que combina tejido liso y tela wax africana con motivos refinados. Una prenda elegante con un dise\u00f1o atrevido para un look distinguido.","robots":{"index":"index","follow":"follow","max-snippet":"max-snippet:-1","max-image-preview":"max-image-preview:large","max-video-preview":"max-video-preview:-1"},"canonical":"https:\/\/www.woezonbyessi.com\/es\/shop\/hombre\/camisas\/dualidad-y-elegancia\/","og_locale":"es_ES","og_type":"article","og_title":"Dualidad y elegancia | Woezon by Essi","og_description":"Camisa de hombre de alta gama con corte asim\u00e9trico, que combina tejido liso y tela wax africana con motivos refinados. Una prenda elegante con un dise\u00f1o atrevido para un look distinguido.","og_url":"https:\/\/www.woezonbyessi.com\/es\/shop\/hombre\/camisas\/dualidad-y-elegancia\/","og_site_name":"Woezon by Essi","article_publisher":"https:\/\/www.facebook.com\/profile.php?id=61583006293803","article_modified_time":"2026-03-27T13:17:30+00:00","og_image":[{"width":960,"height":1200,"url":"https:\/\/www.woezonbyessi.com\/wp-content\/uploads\/2026\/03\/chemise-manches-courtes-jakard-c-1.jpg","type":"image\/jpeg"}],"twitter_card":"summary_large_image","schema":{"@context":"https:\/\/schema.org","@graph":[{"@type":"WebPage","@id":"https:\/\/www.woezonbyessi.com\/es\/shop\/hombre\/camisas\/dualidad-y-elegancia\/","url":"https:\/\/www.woezonbyessi.com\/es\/shop\/hombre\/camisas\/dualidad-y-elegancia\/","name":"Dualidad y elegancia | Woezon by Essi","isPartOf":{"@id":"https:\/\/www.woezonbyessi.com\/es\/#website"},"primaryImageOfPage":{"@id":"https:\/\/www.woezonbyessi.com\/es\/shop\/hombre\/camisas\/dualidad-y-elegancia\/#primaryimage"},"image":{"@id":"https:\/\/www.woezonbyessi.com\/es\/shop\/hombre\/camisas\/dualidad-y-elegancia\/#primaryimage"},"thumbnailUrl":"https:\/\/www.woezonbyessi.com\/wp-content\/uploads\/2026\/03\/chemise-manches-courtes-jakard-c-1.jpg","datePublished":"2026-03-04T10:27:00+00:00","dateModified":"2026-03-27T13:17:30+00:00","description":"Camisa de hombre de alta gama con corte asim\u00e9trico, que combina tejido liso y tela wax africana con motivos refinados. Una prenda elegante con un dise\u00f1o atrevido para un look distinguido.","breadcrumb":{"@id":"https:\/\/www.woezonbyessi.com\/es\/shop\/hombre\/camisas\/dualidad-y-elegancia\/#breadcrumb"},"inLanguage":"es","potentialAction":[{"@type":"ReadAction","target":["https:\/\/www.woezonbyessi.com\/es\/shop\/hombre\/camisas\/dualidad-y-elegancia\/"]}]},{"@type":"ImageObject","inLanguage":"es","@id":"https:\/\/www.woezonbyessi.com\/es\/shop\/hombre\/camisas\/dualidad-y-elegancia\/#primaryimage","url":"https:\/\/www.woezonbyessi.com\/wp-content\/uploads\/2026\/03\/chemise-manches-courtes-jakard-c-1.jpg","contentUrl":"https:\/\/www.woezonbyessi.com\/wp-content\/uploads\/2026\/03\/chemise-manches-courtes-jakard-c-1.jpg","width":960,"height":1200,"caption":"dualidad-elegancia"},{"@type":"BreadcrumbList","@id":"https:\/\/www.woezonbyessi.com\/es\/shop\/hombre\/camisas\/dualidad-y-elegancia\/#breadcrumb","itemListElement":[{"@type":"ListItem","position":1,"name":"Inicio","item":"https:\/\/www.woezonbyessi.com\/es\/"},{"@type":"ListItem","position":2,"name":"Tienda","item":"https:\/\/www.woezonbyessi.com\/es\/tienda\/"},{"@type":"ListItem","position":3,"name":"Hombre","item":"https:\/\/www.woezonbyessi.com\/es\/categoria-producto\/hombre\/"},{"@type":"ListItem","position":4,"name":"Camisas","item":"https:\/\/www.woezonbyessi.com\/es\/categoria-producto\/hombre\/camisas\/"},{"@type":"ListItem","position":5,"name":"Dualidad y elegancia"}]},{"@type":"WebSite","@id":"https:\/\/www.woezonbyessi.com\/es\/#website","url":"https:\/\/www.woezonbyessi.com\/es\/","name":"Woezon by Essi","description":"","publisher":{"@id":"https:\/\/www.woezonbyessi.com\/es\/#organization"},"potentialAction":[{"@type":"SearchAction","target":{"@type":"EntryPoint","urlTemplate":"https:\/\/www.woezonbyessi.com\/es\/?s={search_term_string}"},"query-input":{"@type":"PropertyValueSpecification","valueRequired":true,"valueName":"search_term_string"}}],"inLanguage":"es"},{"@type":"Organization","@id":"https:\/\/www.woezonbyessi.com\/es\/#organization","name":"Woezon by Essi","url":"https:\/\/www.woezonbyessi.com\/es\/","logo":{"@type":"ImageObject","inLanguage":"es","@id":"https:\/\/www.woezonbyessi.com\/es\/#\/schema\/logo\/image\/","url":"https:\/\/www.woezonbyessi.com\/wp-content\/uploads\/2025\/11\/logo-blackpng.png","contentUrl":"https:\/\/www.woezonbyessi.com\/wp-content\/uploads\/2025\/11\/logo-blackpng.png","width":600,"height":576,"caption":"Woezon by Essi"},"image":{"@id":"https:\/\/www.woezonbyessi.com\/es\/#\/schema\/logo\/image\/"},"sameAs":["https:\/\/www.facebook.com\/profile.php?id=61583006293803","https:\/\/www.instagram.com\/woezon_by_essi\/","https:\/\/www.tiktok.com\/@woezon.by.essi"]}]}},"_links":{"self":[{"href":"https:\/\/www.woezonbyessi.com\/es\/wp-json\/wp\/v2\/product\/5938","targetHints":{"allow":["GET"]}}],"collection":[{"href":"https:\/\/www.woezonbyessi.com\/es\/wp-json\/wp\/v2\/product"}],"about":[{"href":"https:\/\/www.woezonbyessi.com\/es\/wp-json\/wp\/v2\/types\/product"}],"wp:featuredmedia":[{"embeddable":true,"href":"https:\/\/www.woezonbyessi.com\/es\/wp-json\/wp\/v2\/media\/5410"}],"wp:attachment":[{"href":"https:\/\/www.woezonbyessi.com\/es\/wp-json\/wp\/v2\/media?parent=5938"}],"wp:term":[{"taxonomy":"product_brand","embeddable":true,"href":"https:\/\/www.woezonbyessi.com\/es\/wp-json\/wp\/v2\/product_brand?post=5938"},{"taxonomy":"product_cat","embeddable":true,"href":"https:\/\/www.woezonbyessi.com\/es\/wp-json\/wp\/v2\/product_cat?post=5938"},{"taxonomy":"product_tag","embeddable":true,"href":"https:\/\/www.woezonbyessi.com\/es\/wp-json\/wp\/v2\/product_tag?post=5938"}],"curies":[{"name":"wp","href":"https:\/\/api.w.org\/{rel}","templated":true}]}}